{"id":13037,"date":"2023-12-13T09:36:18","date_gmt":"2023-12-13T09:36:18","guid":{"rendered":"https:\/\/recal-se.tbwebsite.com\/?post_type=product&#038;p=13037"},"modified":"2024-02-13T10:51:48","modified_gmt":"2024-02-13T10:51:48","slug":"baenk-recal","status":"publish","type":"product","link":"https:\/\/recal-se.tbwebsite.com\/dk\/terrasse\/baenk-recal\/","title":{"rendered":"B\u00e6nk Recal"},"content":{"rendered":"<p>Oplev alsidigheden og det stilfulde design af vores innovative b\u00e6nk, perfekt tilpasset til b\u00e5de udend\u00f8rs og indend\u00f8rs brug. Vores b\u00e6nk er skabt til at tilbyde komfort og funktionalitet i forskellige milj\u00f8er, fra terrasser til gange og offentlige steder som lufthavne, togstationer og indk\u00f8bscentre.<\/p>\n<p><strong>Funktionelt design<\/strong><\/p>\n<ul>\n<li>B\u00e4nk enkel: H\u00f6jd 49cm Djup 45cm Bredd 119,5cm<\/li>\n<li>B\u00e4nk med armst\u00f6d: H\u00f6jd 74,5cm Djup 45cm Bredd 119,5cm<\/li>\n<li>B\u00e4nk med sk\u00e4rmv\u00e4gg: H\u00f6jd 150cm Djup 45cm Bredd 119,5cm<\/li>\n<\/ul>\n<p><strong>H\u00e5llbart materialval<\/strong><\/p>\n<p>S\u00e6deenheden er skabt med Durasense tr\u00e6, som ikke kun giver en naturlig og \u00e6stetisk tiltalende overflade, men ogs\u00e5 sikrer, at b\u00e6nken er helt vedligeholdelsesfri. Durasense tr\u00e6 er kendt for sin holdbarhed og modstand mod p\u00e5virkninger fra vejr, insekter og andre ydre p\u00e5virkninger.<\/p>\n<p><strong>Alsidig brug<\/strong><\/p>\n<p>Uanset om du skaber en afslappende g\u00e5rdhave, forbedrer gangens atmosf\u00e6re eller skaber en indbydende atmosf\u00e6re i offentlige rum, er vores b\u00e6nk den perfekte l\u00f8sning. Dens elegante design supplerer forskellige arkitektoniske stilarter og skaber et indbydende og behageligt sted for brugerne.<\/p>\n<p><strong>Nem installation og tilpasning<\/strong><\/p>\n<p>B\u00e6nken er designet med brugervenlighed i tankerne, hvilket g\u00f8r installationen glat og nem. Derudover er der forskellige muligheder for at tilpasse b\u00e6nken til specifikke krav og \u00f8nsker.<\/p>\n","protected":false},"excerpt":{"rendered":"<p>Udforsk et nyt niveau af komfort og stil med vores alsidige b\u00e6nk, der er skabt til at opfylde de h\u00f8jeste standarder for holdbarhed og design. Uanset om det er til afslappede \u00f8jeblikke udend\u00f8rs eller for at forbedre offentlige rum, er vores b\u00e6nk det perfekte valg til at skabe en indbydende og funktionel atmosf\u00e6re.<\/p>\n","protected":false},"featured_media":14913,"comment_status":"open","ping_status":"closed","template":"","meta":{"_acf_changed":false},"product_cat":[244],"product_tag":[311,312,313,251],"composite_virtual":false,"composite_layout":"","composite_add_to_cart_form_location":"","composite_editable_in_cart":false,"composite_sold_individually_context":"","composite_shop_price_calc":"","composite_components":[],"composite_scenarios":[],"acf":[],"yoast_head":"<!-- This site is optimized with the Yoast SEO plugin v22.2 - https:\/\/yoast.com\/wordpress\/plugins\/seo\/ -->\n<title>B\u00e6nk Recal Staketstolpe - Recal Danmark<\/title>\n<meta name=\"description\" content=\"Udforsk et nyt niveau af komfort og stil med vores alsidige b\u00e6nk, der er skabt til at opfylde de h\u00f8jeste standarder for holdbarhed og design.\" \/>\n<meta name=\"robots\" content=\"index, follow, max-snippet:-1, max-image-preview:large, max-video-preview:-1\" \/>\n<link rel=\"canonical\" href=\"https:\/\/recal-se.tbwebsite.com\/dk\/terrasse\/baenk-recal\/\" \/>\n<meta property=\"og:locale\" content=\"da_DK\" \/>\n<meta property=\"og:type\" content=\"article\" \/>\n<meta property=\"og:title\" content=\"B\u00e6nk Recal Staketstolpe - Recal Danmark\" \/>\n<meta property=\"og:description\" content=\"Udforsk et nyt niveau af komfort og stil med vores alsidige b\u00e6nk, der er skabt til at opfylde de h\u00f8jeste standarder for holdbarhed og design.\" \/>\n<meta property=\"og:url\" content=\"https:\/\/recal-se.tbwebsite.com\/dk\/terrasse\/baenk-recal\/\" \/>\n<meta property=\"og:site_name\" content=\"Recal Danmark\" \/>\n<meta property=\"article:modified_time\" content=\"2024-02-13T10:51:48+00:00\" \/>\n<meta property=\"og:image\" content=\"https:\/\/recal-se.tbwebsite.com\/dk\/wp-content\/uploads\/sites\/2\/2023\/12\/IMG_3310_edited-scaled-1-1.jpg\" \/>\n\t<meta property=\"og:image:width\" content=\"1920\" \/>\n\t<meta property=\"og:image:height\" content=\"1920\" \/>\n\t<meta property=\"og:image:type\" content=\"image\/jpeg\" \/>\n<meta name=\"twitter:card\" content=\"summary_large_image\" \/>\n<meta name=\"twitter:label1\" content=\"Estimeret l\u00e6setid\" \/>\n\t<meta name=\"twitter:data1\" content=\"2 minutter\" \/>\n<script type=\"application\/ld+json\" class=\"yoast-schema-graph\">{\"@context\":\"https:\/\/schema.org\",\"@graph\":[{\"@type\":\"WebPage\",\"@id\":\"https:\/\/recal-se.tbwebsite.com\/dk\/terrasse\/baenk-recal\/\",\"url\":\"https:\/\/recal-se.tbwebsite.com\/dk\/terrasse\/baenk-recal\/\",\"name\":\"B\u00e6nk Recal Staketstolpe - Recal Danmark\",\"isPartOf\":{\"@id\":\"https:\/\/recal-se.tbwebsite.com\/dk\/#website\"},\"primaryImageOfPage\":{\"@id\":\"https:\/\/recal-se.tbwebsite.com\/dk\/terrasse\/baenk-recal\/#primaryimage\"},\"image\":{\"@id\":\"https:\/\/recal-se.tbwebsite.com\/dk\/terrasse\/baenk-recal\/#primaryimage\"},\"thumbnailUrl\":\"https:\/\/recal-se.tbwebsite.com\/dk\/wp-content\/uploads\/sites\/2\/2023\/12\/IMG_3310_edited-scaled-1-1.jpg\",\"datePublished\":\"2023-12-13T09:36:18+00:00\",\"dateModified\":\"2024-02-13T10:51:48+00:00\",\"description\":\"Udforsk et nyt niveau af komfort og stil med vores alsidige b\u00e6nk, der er skabt til at opfylde de h\u00f8jeste standarder for holdbarhed og design.\",\"breadcrumb\":{\"@id\":\"https:\/\/recal-se.tbwebsite.com\/dk\/terrasse\/baenk-recal\/#breadcrumb\"},\"inLanguage\":\"da-DK\",\"potentialAction\":[{\"@type\":\"ReadAction\",\"target\":[\"https:\/\/recal-se.tbwebsite.com\/dk\/terrasse\/baenk-recal\/\"]}]},{\"@type\":\"ImageObject\",\"inLanguage\":\"da-DK\",\"@id\":\"https:\/\/recal-se.tbwebsite.com\/dk\/terrasse\/baenk-recal\/#primaryimage\",\"url\":\"https:\/\/recal-se.tbwebsite.com\/dk\/wp-content\/uploads\/sites\/2\/2023\/12\/IMG_3310_edited-scaled-1-1.jpg\",\"contentUrl\":\"https:\/\/recal-se.tbwebsite.com\/dk\/wp-content\/uploads\/sites\/2\/2023\/12\/IMG_3310_edited-scaled-1-1.jpg\",\"width\":1920,\"height\":1920},{\"@type\":\"BreadcrumbList\",\"@id\":\"https:\/\/recal-se.tbwebsite.com\/dk\/terrasse\/baenk-recal\/#breadcrumb\",\"itemListElement\":[{\"@type\":\"ListItem\",\"position\":1,\"name\":\"Home\",\"item\":\"https:\/\/recal-se.tbwebsite.com\/dk\/\"},{\"@type\":\"ListItem\",\"position\":2,\"name\":\"Shop\",\"item\":\"https:\/\/recal-se.tbwebsite.com\/dk\/shop\/\"},{\"@type\":\"ListItem\",\"position\":3,\"name\":\"B\u00e6nk Recal\"}]},{\"@type\":\"WebSite\",\"@id\":\"https:\/\/recal-se.tbwebsite.com\/dk\/#website\",\"url\":\"https:\/\/recal-se.tbwebsite.com\/dk\/\",\"name\":\"Recal Danmark\",\"description\":\"Tr\u00e4dg\u00e5rdsprodukter tillverkade i aluminium fr\u00e5n Sm\u00e5land\",\"publisher\":{\"@id\":\"https:\/\/recal-se.tbwebsite.com\/dk\/#organization\"},\"potentialAction\":[{\"@type\":\"SearchAction\",\"target\":{\"@type\":\"EntryPoint\",\"urlTemplate\":\"https:\/\/recal-se.tbwebsite.com\/dk\/?s={search_term_string}\"},\"query-input\":\"required name=search_term_string\"}],\"inLanguage\":\"da-DK\"},{\"@type\":\"Organization\",\"@id\":\"https:\/\/recal-se.tbwebsite.com\/dk\/#organization\",\"name\":\"Recal Danmark\",\"url\":\"https:\/\/recal-se.tbwebsite.com\/dk\/\",\"logo\":{\"@type\":\"ImageObject\",\"inLanguage\":\"da-DK\",\"@id\":\"https:\/\/recal-se.tbwebsite.com\/dk\/#\/schema\/logo\/image\/\",\"url\":\"https:\/\/recal-se.tbwebsite.com\/dk\/wp-content\/uploads\/sites\/2\/2020\/06\/recal-logotype_svart_1.png\",\"contentUrl\":\"https:\/\/recal-se.tbwebsite.com\/dk\/wp-content\/uploads\/sites\/2\/2020\/06\/recal-logotype_svart_1.png\",\"width\":260,\"height\":52,\"caption\":\"Recal Danmark\"},\"image\":{\"@id\":\"https:\/\/recal-se.tbwebsite.com\/dk\/#\/schema\/logo\/image\/\"}}]}<\/script>\n<!-- \/ Yoast SEO plugin. -->","yoast_head_json":{"title":"B\u00e6nk Recal Staketstolpe - Recal Danmark","description":"Udforsk et nyt niveau af komfort og stil med vores alsidige b\u00e6nk, der er skabt til at opfylde de h\u00f8jeste standarder for holdbarhed og design.","robots":{"index":"index","follow":"follow","max-snippet":"max-snippet:-1","max-image-preview":"max-image-preview:large","max-video-preview":"max-video-preview:-1"},"canonical":"https:\/\/recal-se.tbwebsite.com\/dk\/terrasse\/baenk-recal\/","og_locale":"da_DK","og_type":"article","og_title":"B\u00e6nk Recal Staketstolpe - Recal Danmark","og_description":"Udforsk et nyt niveau af komfort og stil med vores alsidige b\u00e6nk, der er skabt til at opfylde de h\u00f8jeste standarder for holdbarhed og design.","og_url":"https:\/\/recal-se.tbwebsite.com\/dk\/terrasse\/baenk-recal\/","og_site_name":"Recal Danmark","article_modified_time":"2024-02-13T10:51:48+00:00","og_image":[{"width":1920,"height":1920,"url":"https:\/\/recal-se.tbwebsite.com\/dk\/wp-content\/uploads\/sites\/2\/2023\/12\/IMG_3310_edited-scaled-1-1.jpg","type":"image\/jpeg"}],"twitter_card":"summary_large_image","twitter_misc":{"Estimeret l\u00e6setid":"2 minutter"},"schema":{"@context":"https:\/\/schema.org","@graph":[{"@type":"WebPage","@id":"https:\/\/recal-se.tbwebsite.com\/dk\/terrasse\/baenk-recal\/","url":"https:\/\/recal-se.tbwebsite.com\/dk\/terrasse\/baenk-recal\/","name":"B\u00e6nk Recal Staketstolpe - Recal Danmark","isPartOf":{"@id":"https:\/\/recal-se.tbwebsite.com\/dk\/#website"},"primaryImageOfPage":{"@id":"https:\/\/recal-se.tbwebsite.com\/dk\/terrasse\/baenk-recal\/#primaryimage"},"image":{"@id":"https:\/\/recal-se.tbwebsite.com\/dk\/terrasse\/baenk-recal\/#primaryimage"},"thumbnailUrl":"https:\/\/recal-se.tbwebsite.com\/dk\/wp-content\/uploads\/sites\/2\/2023\/12\/IMG_3310_edited-scaled-1-1.jpg","datePublished":"2023-12-13T09:36:18+00:00","dateModified":"2024-02-13T10:51:48+00:00","description":"Udforsk et nyt niveau af komfort og stil med vores alsidige b\u00e6nk, der er skabt til at opfylde de h\u00f8jeste standarder for holdbarhed og design.","breadcrumb":{"@id":"https:\/\/recal-se.tbwebsite.com\/dk\/terrasse\/baenk-recal\/#breadcrumb"},"inLanguage":"da-DK","potentialAction":[{"@type":"ReadAction","target":["https:\/\/recal-se.tbwebsite.com\/dk\/terrasse\/baenk-recal\/"]}]},{"@type":"ImageObject","inLanguage":"da-DK","@id":"https:\/\/recal-se.tbwebsite.com\/dk\/terrasse\/baenk-recal\/#primaryimage","url":"https:\/\/recal-se.tbwebsite.com\/dk\/wp-content\/uploads\/sites\/2\/2023\/12\/IMG_3310_edited-scaled-1-1.jpg","contentUrl":"https:\/\/recal-se.tbwebsite.com\/dk\/wp-content\/uploads\/sites\/2\/2023\/12\/IMG_3310_edited-scaled-1-1.jpg","width":1920,"height":1920},{"@type":"BreadcrumbList","@id":"https:\/\/recal-se.tbwebsite.com\/dk\/terrasse\/baenk-recal\/#breadcrumb","itemListElement":[{"@type":"ListItem","position":1,"name":"Home","item":"https:\/\/recal-se.tbwebsite.com\/dk\/"},{"@type":"ListItem","position":2,"name":"Shop","item":"https:\/\/recal-se.tbwebsite.com\/dk\/shop\/"},{"@type":"ListItem","position":3,"name":"B\u00e6nk Recal"}]},{"@type":"WebSite","@id":"https:\/\/recal-se.tbwebsite.com\/dk\/#website","url":"https:\/\/recal-se.tbwebsite.com\/dk\/","name":"Recal Danmark","description":"Tr\u00e4dg\u00e5rdsprodukter tillverkade i aluminium fr\u00e5n Sm\u00e5land","publisher":{"@id":"https:\/\/recal-se.tbwebsite.com\/dk\/#organization"},"potentialAction":[{"@type":"SearchAction","target":{"@type":"EntryPoint","urlTemplate":"https:\/\/recal-se.tbwebsite.com\/dk\/?s={search_term_string}"},"query-input":"required name=search_term_string"}],"inLanguage":"da-DK"},{"@type":"Organization","@id":"https:\/\/recal-se.tbwebsite.com\/dk\/#organization","name":"Recal Danmark","url":"https:\/\/recal-se.tbwebsite.com\/dk\/","logo":{"@type":"ImageObject","inLanguage":"da-DK","@id":"https:\/\/recal-se.tbwebsite.com\/dk\/#\/schema\/logo\/image\/","url":"https:\/\/recal-se.tbwebsite.com\/dk\/wp-content\/uploads\/sites\/2\/2020\/06\/recal-logotype_svart_1.png","contentUrl":"https:\/\/recal-se.tbwebsite.com\/dk\/wp-content\/uploads\/sites\/2\/2020\/06\/recal-logotype_svart_1.png","width":260,"height":52,"caption":"Recal Danmark"},"image":{"@id":"https:\/\/recal-se.tbwebsite.com\/dk\/#\/schema\/logo\/image\/"}}]}},"_links":{"self":[{"href":"https:\/\/recal-se.tbwebsite.com\/dk\/wp-json\/wp\/v2\/product\/13037"}],"collection":[{"href":"https:\/\/recal-se.tbwebsite.com\/dk\/wp-json\/wp\/v2\/product"}],"about":[{"href":"https:\/\/recal-se.tbwebsite.com\/dk\/wp-json\/wp\/v2\/types\/product"}],"replies":[{"embeddable":true,"href":"https:\/\/recal-se.tbwebsite.com\/dk\/wp-json\/wp\/v2\/comments?post=13037"}],"version-history":[{"count":2,"href":"https:\/\/recal-se.tbwebsite.com\/dk\/wp-json\/wp\/v2\/product\/13037\/revisions"}],"predecessor-version":[{"id":15305,"href":"https:\/\/recal-se.tbwebsite.com\/dk\/wp-json\/wp\/v2\/product\/13037\/revisions\/15305"}],"wp:featuredmedia":[{"embeddable":true,"href":"https:\/\/recal-se.tbwebsite.com\/dk\/wp-json\/wp\/v2\/media\/14913"}],"wp:attachment":[{"href":"https:\/\/recal-se.tbwebsite.com\/dk\/wp-json\/wp\/v2\/media?parent=13037"}],"wp:term":[{"taxonomy":"product_cat","embeddable":true,"href":"https:\/\/recal-se.tbwebsite.com\/dk\/wp-json\/wp\/v2\/product_cat?post=13037"},{"taxonomy":"product_tag","embeddable":true,"href":"https:\/\/recal-se.tbwebsite.com\/dk\/wp-json\/wp\/v2\/product_tag?post=13037"}],"curies":[{"name":"wp","href":"https:\/\/api.w.org\/{rel}","templated":true}]}}