{"id":13034,"date":"2023-12-13T09:36:15","date_gmt":"2023-12-13T09:36:15","guid":{"rendered":"https:\/\/recal-se.tbwebsite.com\/?post_type=product&#038;p=13034"},"modified":"2024-02-13T10:40:06","modified_gmt":"2024-02-13T10:40:06","slug":"montageskruv-till-staketstolpe-200st","status":"publish","type":"product","link":"https:\/\/recal-se.tbwebsite.com\/dk\/tillbehor\/montageskruv-till-staketstolpe-200st\/","title":{"rendered":"Monteringsskruer til hegnsp\u00e6l &#8211; 200stk"},"content":{"rendered":"<p>Monteringsskruer til tr\u00e6knopper HECO PROTECT4 TFT 4.0 x 40<\/p>\n<p>Denne skrue bruges til at montere tr\u00e6knopper i beslaget p\u00e5 alle vores stangmodeller.<\/p>\n<p>200stk\/pakke<\/p>\n<p><strong>Beskrivelse<\/strong><br \/>\nTr\u00e6skruer, fors\u00e6nket. Fremstillet af legeret specialst\u00e5l, belagt med overfladebehandling af Protect4 (typegodkendt korrosionsbeskyttende bel\u00e6gning i korrosionsklasse C4).<br \/>\nSportype: Torx T20<br \/>\n\u2022 Forboring af fr\u00e6sespor i spidsen<br \/>\n\u2022 Savt\u00e6nder p\u00e5 gevind for at reducere drivmomentet<br \/>\n\u2022 Testet til at modst\u00e5 en b\u00f8jningsvinkel p\u00e5 80\u00b0 (standard: 25\u00b0<\/p>\n<p>&nbsp;<\/p>\n<p><strong>Hvorfor v\u00e6lge PROTECT4 TFT 4.0 x 40 skrue?<\/strong><br \/>\nDenne skrue tilbyder en kombination af h\u00f8j kvalitet, nem installation og p\u00e5lidelig ydeevne. Det er perfekt til en r\u00e6kke forskellige projekter og applikationer. Uanset om du er en professionel h\u00e5ndv\u00e6rker eller en ambiti\u00f8s g\u00f8r-det-selv-mand, kan du stole p\u00e5 PROTECT4 TFT 4.0 x 40 skrue til dine fastg\u00f8relsesbehov.<\/p>\n","protected":false},"excerpt":{"rendered":"<p>Monteringsskrue 4&#215;40 RF til montering i tr\u00e6knopper p\u00e5 vores hegnsp\u00e6le-200stk<\/p>\n","protected":false},"featured_media":14915,"comment_status":"closed","ping_status":"closed","template":"","meta":{"_acf_changed":false},"product_cat":[32],"product_tag":[],"composite_virtual":false,"composite_layout":"","composite_add_to_cart_form_location":"","composite_editable_in_cart":false,"composite_sold_individually_context":"","composite_shop_price_calc":"","composite_components":[],"composite_scenarios":[],"acf":[],"yoast_head":"<!-- This site is optimized with the Yoast SEO plugin v22.2 - https:\/\/yoast.com\/wordpress\/plugins\/seo\/ -->\n<title>Monteringsskruer til hegnsp\u00e6l - 200stk - Recal Danmark<\/title>\n<meta name=\"description\" content=\"Monteringsskruer til tr\u00e6knopper HECO PROTECT4 TFT 4.0 x 40Denne skrue bruges til at montere tr\u00e6knopper i beslaget p\u00e5 alle vores stangmodeller.\" \/>\n<meta name=\"robots\" content=\"index, follow, max-snippet:-1, max-image-preview:large, max-video-preview:-1\" \/>\n<link rel=\"canonical\" href=\"https:\/\/recal-se.tbwebsite.com\/dk\/tillbehor\/montageskruv-till-staketstolpe-200st\/\" \/>\n<meta property=\"og:locale\" content=\"da_DK\" \/>\n<meta property=\"og:type\" content=\"article\" \/>\n<meta property=\"og:title\" content=\"Monteringsskruer til hegnsp\u00e6l - 200stk - Recal Danmark\" \/>\n<meta property=\"og:description\" content=\"Monteringsskruer til tr\u00e6knopper HECO PROTECT4 TFT 4.0 x 40Denne skrue bruges til at montere tr\u00e6knopper i beslaget p\u00e5 alle vores stangmodeller.\" \/>\n<meta property=\"og:url\" content=\"https:\/\/recal-se.tbwebsite.com\/dk\/tillbehor\/montageskruv-till-staketstolpe-200st\/\" \/>\n<meta property=\"og:site_name\" content=\"Recal Danmark\" \/>\n<meta property=\"article:modified_time\" content=\"2024-02-13T10:40:06+00:00\" \/>\n<meta property=\"og:image\" content=\"https:\/\/recal-se.tbwebsite.com\/dk\/wp-content\/uploads\/sites\/2\/2023\/12\/108-2-1536x2048-1.png\" \/>\n\t<meta property=\"og:image:width\" content=\"1536\" \/>\n\t<meta property=\"og:image:height\" content=\"1536\" \/>\n\t<meta property=\"og:image:type\" content=\"image\/png\" \/>\n<meta name=\"twitter:card\" content=\"summary_large_image\" \/>\n<meta name=\"twitter:label1\" content=\"Estimeret l\u00e6setid\" \/>\n\t<meta name=\"twitter:data1\" content=\"1 minut\" \/>\n<script type=\"application\/ld+json\" class=\"yoast-schema-graph\">{\"@context\":\"https:\/\/schema.org\",\"@graph\":[{\"@type\":\"WebPage\",\"@id\":\"https:\/\/recal-se.tbwebsite.com\/dk\/tillbehor\/montageskruv-till-staketstolpe-200st\/\",\"url\":\"https:\/\/recal-se.tbwebsite.com\/dk\/tillbehor\/montageskruv-till-staketstolpe-200st\/\",\"name\":\"Monteringsskruer til hegnsp\u00e6l - 200stk - Recal Danmark\",\"isPartOf\":{\"@id\":\"https:\/\/recal-se.tbwebsite.com\/dk\/#website\"},\"primaryImageOfPage\":{\"@id\":\"https:\/\/recal-se.tbwebsite.com\/dk\/tillbehor\/montageskruv-till-staketstolpe-200st\/#primaryimage\"},\"image\":{\"@id\":\"https:\/\/recal-se.tbwebsite.com\/dk\/tillbehor\/montageskruv-till-staketstolpe-200st\/#primaryimage\"},\"thumbnailUrl\":\"https:\/\/recal-se.tbwebsite.com\/dk\/wp-content\/uploads\/sites\/2\/2023\/12\/108-2-1536x2048-1.png\",\"datePublished\":\"2023-12-13T09:36:15+00:00\",\"dateModified\":\"2024-02-13T10:40:06+00:00\",\"description\":\"Monteringsskruer til tr\u00e6knopper HECO PROTECT4 TFT 4.0 x 40Denne skrue bruges til at montere tr\u00e6knopper i beslaget p\u00e5 alle vores stangmodeller.\",\"breadcrumb\":{\"@id\":\"https:\/\/recal-se.tbwebsite.com\/dk\/tillbehor\/montageskruv-till-staketstolpe-200st\/#breadcrumb\"},\"inLanguage\":\"da-DK\",\"potentialAction\":[{\"@type\":\"ReadAction\",\"target\":[\"https:\/\/recal-se.tbwebsite.com\/dk\/tillbehor\/montageskruv-till-staketstolpe-200st\/\"]}]},{\"@type\":\"ImageObject\",\"inLanguage\":\"da-DK\",\"@id\":\"https:\/\/recal-se.tbwebsite.com\/dk\/tillbehor\/montageskruv-till-staketstolpe-200st\/#primaryimage\",\"url\":\"https:\/\/recal-se.tbwebsite.com\/dk\/wp-content\/uploads\/sites\/2\/2023\/12\/108-2-1536x2048-1.png\",\"contentUrl\":\"https:\/\/recal-se.tbwebsite.com\/dk\/wp-content\/uploads\/sites\/2\/2023\/12\/108-2-1536x2048-1.png\",\"width\":1536,\"height\":1536},{\"@type\":\"BreadcrumbList\",\"@id\":\"https:\/\/recal-se.tbwebsite.com\/dk\/tillbehor\/montageskruv-till-staketstolpe-200st\/#breadcrumb\",\"itemListElement\":[{\"@type\":\"ListItem\",\"position\":1,\"name\":\"Home\",\"item\":\"https:\/\/recal-se.tbwebsite.com\/dk\/\"},{\"@type\":\"ListItem\",\"position\":2,\"name\":\"Shop\",\"item\":\"https:\/\/recal-se.tbwebsite.com\/dk\/shop\/\"},{\"@type\":\"ListItem\",\"position\":3,\"name\":\"Monteringsskruer til hegnsp\u00e6l &#8211; 200stk\"}]},{\"@type\":\"WebSite\",\"@id\":\"https:\/\/recal-se.tbwebsite.com\/dk\/#website\",\"url\":\"https:\/\/recal-se.tbwebsite.com\/dk\/\",\"name\":\"Recal Danmark\",\"description\":\"Tr\u00e4dg\u00e5rdsprodukter tillverkade i aluminium fr\u00e5n Sm\u00e5land\",\"publisher\":{\"@id\":\"https:\/\/recal-se.tbwebsite.com\/dk\/#organization\"},\"potentialAction\":[{\"@type\":\"SearchAction\",\"target\":{\"@type\":\"EntryPoint\",\"urlTemplate\":\"https:\/\/recal-se.tbwebsite.com\/dk\/?s={search_term_string}\"},\"query-input\":\"required name=search_term_string\"}],\"inLanguage\":\"da-DK\"},{\"@type\":\"Organization\",\"@id\":\"https:\/\/recal-se.tbwebsite.com\/dk\/#organization\",\"name\":\"Recal Danmark\",\"url\":\"https:\/\/recal-se.tbwebsite.com\/dk\/\",\"logo\":{\"@type\":\"ImageObject\",\"inLanguage\":\"da-DK\",\"@id\":\"https:\/\/recal-se.tbwebsite.com\/dk\/#\/schema\/logo\/image\/\",\"url\":\"https:\/\/recal-se.tbwebsite.com\/dk\/wp-content\/uploads\/sites\/2\/2020\/06\/recal-logotype_svart_1.png\",\"contentUrl\":\"https:\/\/recal-se.tbwebsite.com\/dk\/wp-content\/uploads\/sites\/2\/2020\/06\/recal-logotype_svart_1.png\",\"width\":260,\"height\":52,\"caption\":\"Recal Danmark\"},\"image\":{\"@id\":\"https:\/\/recal-se.tbwebsite.com\/dk\/#\/schema\/logo\/image\/\"}}]}<\/script>\n<!-- \/ Yoast SEO plugin. -->","yoast_head_json":{"title":"Monteringsskruer til hegnsp\u00e6l - 200stk - Recal Danmark","description":"Monteringsskruer til tr\u00e6knopper HECO PROTECT4 TFT 4.0 x 40Denne skrue bruges til at montere tr\u00e6knopper i beslaget p\u00e5 alle vores stangmodeller.","robots":{"index":"index","follow":"follow","max-snippet":"max-snippet:-1","max-image-preview":"max-image-preview:large","max-video-preview":"max-video-preview:-1"},"canonical":"https:\/\/recal-se.tbwebsite.com\/dk\/tillbehor\/montageskruv-till-staketstolpe-200st\/","og_locale":"da_DK","og_type":"article","og_title":"Monteringsskruer til hegnsp\u00e6l - 200stk - Recal Danmark","og_description":"Monteringsskruer til tr\u00e6knopper HECO PROTECT4 TFT 4.0 x 40Denne skrue bruges til at montere tr\u00e6knopper i beslaget p\u00e5 alle vores stangmodeller.","og_url":"https:\/\/recal-se.tbwebsite.com\/dk\/tillbehor\/montageskruv-till-staketstolpe-200st\/","og_site_name":"Recal Danmark","article_modified_time":"2024-02-13T10:40:06+00:00","og_image":[{"width":1536,"height":1536,"url":"https:\/\/recal-se.tbwebsite.com\/dk\/wp-content\/uploads\/sites\/2\/2023\/12\/108-2-1536x2048-1.png","type":"image\/png"}],"twitter_card":"summary_large_image","twitter_misc":{"Estimeret l\u00e6setid":"1 minut"},"schema":{"@context":"https:\/\/schema.org","@graph":[{"@type":"WebPage","@id":"https:\/\/recal-se.tbwebsite.com\/dk\/tillbehor\/montageskruv-till-staketstolpe-200st\/","url":"https:\/\/recal-se.tbwebsite.com\/dk\/tillbehor\/montageskruv-till-staketstolpe-200st\/","name":"Monteringsskruer til hegnsp\u00e6l - 200stk - Recal Danmark","isPartOf":{"@id":"https:\/\/recal-se.tbwebsite.com\/dk\/#website"},"primaryImageOfPage":{"@id":"https:\/\/recal-se.tbwebsite.com\/dk\/tillbehor\/montageskruv-till-staketstolpe-200st\/#primaryimage"},"image":{"@id":"https:\/\/recal-se.tbwebsite.com\/dk\/tillbehor\/montageskruv-till-staketstolpe-200st\/#primaryimage"},"thumbnailUrl":"https:\/\/recal-se.tbwebsite.com\/dk\/wp-content\/uploads\/sites\/2\/2023\/12\/108-2-1536x2048-1.png","datePublished":"2023-12-13T09:36:15+00:00","dateModified":"2024-02-13T10:40:06+00:00","description":"Monteringsskruer til tr\u00e6knopper HECO PROTECT4 TFT 4.0 x 40Denne skrue bruges til at montere tr\u00e6knopper i beslaget p\u00e5 alle vores stangmodeller.","breadcrumb":{"@id":"https:\/\/recal-se.tbwebsite.com\/dk\/tillbehor\/montageskruv-till-staketstolpe-200st\/#breadcrumb"},"inLanguage":"da-DK","potentialAction":[{"@type":"ReadAction","target":["https:\/\/recal-se.tbwebsite.com\/dk\/tillbehor\/montageskruv-till-staketstolpe-200st\/"]}]},{"@type":"ImageObject","inLanguage":"da-DK","@id":"https:\/\/recal-se.tbwebsite.com\/dk\/tillbehor\/montageskruv-till-staketstolpe-200st\/#primaryimage","url":"https:\/\/recal-se.tbwebsite.com\/dk\/wp-content\/uploads\/sites\/2\/2023\/12\/108-2-1536x2048-1.png","contentUrl":"https:\/\/recal-se.tbwebsite.com\/dk\/wp-content\/uploads\/sites\/2\/2023\/12\/108-2-1536x2048-1.png","width":1536,"height":1536},{"@type":"BreadcrumbList","@id":"https:\/\/recal-se.tbwebsite.com\/dk\/tillbehor\/montageskruv-till-staketstolpe-200st\/#breadcrumb","itemListElement":[{"@type":"ListItem","position":1,"name":"Home","item":"https:\/\/recal-se.tbwebsite.com\/dk\/"},{"@type":"ListItem","position":2,"name":"Shop","item":"https:\/\/recal-se.tbwebsite.com\/dk\/shop\/"},{"@type":"ListItem","position":3,"name":"Monteringsskruer til hegnsp\u00e6l &#8211; 200stk"}]},{"@type":"WebSite","@id":"https:\/\/recal-se.tbwebsite.com\/dk\/#website","url":"https:\/\/recal-se.tbwebsite.com\/dk\/","name":"Recal Danmark","description":"Tr\u00e4dg\u00e5rdsprodukter tillverkade i aluminium fr\u00e5n Sm\u00e5land","publisher":{"@id":"https:\/\/recal-se.tbwebsite.com\/dk\/#organization"},"potentialAction":[{"@type":"SearchAction","target":{"@type":"EntryPoint","urlTemplate":"https:\/\/recal-se.tbwebsite.com\/dk\/?s={search_term_string}"},"query-input":"required name=search_term_string"}],"inLanguage":"da-DK"},{"@type":"Organization","@id":"https:\/\/recal-se.tbwebsite.com\/dk\/#organization","name":"Recal Danmark","url":"https:\/\/recal-se.tbwebsite.com\/dk\/","logo":{"@type":"ImageObject","inLanguage":"da-DK","@id":"https:\/\/recal-se.tbwebsite.com\/dk\/#\/schema\/logo\/image\/","url":"https:\/\/recal-se.tbwebsite.com\/dk\/wp-content\/uploads\/sites\/2\/2020\/06\/recal-logotype_svart_1.png","contentUrl":"https:\/\/recal-se.tbwebsite.com\/dk\/wp-content\/uploads\/sites\/2\/2020\/06\/recal-logotype_svart_1.png","width":260,"height":52,"caption":"Recal Danmark"},"image":{"@id":"https:\/\/recal-se.tbwebsite.com\/dk\/#\/schema\/logo\/image\/"}}]}},"_links":{"self":[{"href":"https:\/\/recal-se.tbwebsite.com\/dk\/wp-json\/wp\/v2\/product\/13034"}],"collection":[{"href":"https:\/\/recal-se.tbwebsite.com\/dk\/wp-json\/wp\/v2\/product"}],"about":[{"href":"https:\/\/recal-se.tbwebsite.com\/dk\/wp-json\/wp\/v2\/types\/product"}],"replies":[{"embeddable":true,"href":"https:\/\/recal-se.tbwebsite.com\/dk\/wp-json\/wp\/v2\/comments?post=13034"}],"version-history":[{"count":3,"href":"https:\/\/recal-se.tbwebsite.com\/dk\/wp-json\/wp\/v2\/product\/13034\/revisions"}],"predecessor-version":[{"id":15301,"href":"https:\/\/recal-se.tbwebsite.com\/dk\/wp-json\/wp\/v2\/product\/13034\/revisions\/15301"}],"wp:featuredmedia":[{"embeddable":true,"href":"https:\/\/recal-se.tbwebsite.com\/dk\/wp-json\/wp\/v2\/media\/14915"}],"wp:attachment":[{"href":"https:\/\/recal-se.tbwebsite.com\/dk\/wp-json\/wp\/v2\/media?parent=13034"}],"wp:term":[{"taxonomy":"product_cat","embeddable":true,"href":"https:\/\/recal-se.tbwebsite.com\/dk\/wp-json\/wp\/v2\/product_cat?post=13034"},{"taxonomy":"product_tag","embeddable":true,"href":"https:\/\/recal-se.tbwebsite.com\/dk\/wp-json\/wp\/v2\/product_tag?post=13034"}],"curies":[{"name":"wp","href":"https:\/\/api.w.org\/{rel}","templated":true}]}}