{"id":12773,"date":"2023-12-13T09:30:44","date_gmt":"2023-12-13T09:30:44","guid":{"rendered":"https:\/\/recal-se.tbwebsite.com\/?post_type=product&#038;p=12773"},"modified":"2024-02-13T08:18:45","modified_gmt":"2024-02-13T08:18:45","slug":"hegnsstolpen-haeren","status":"publish","type":"product","link":"https:\/\/recal-se.tbwebsite.com\/dk\/hegn\/hegnsstolpen-haeren\/","title":{"rendered":"Hegnsstolpen H\u00e6ren"},"content":{"rendered":"<h1>H\u00e6ren<\/h1>\n<p>H\u00e6ren er en hegnsstolpe, der fungerer lige s\u00e5 godt som altanr\u00e6kv\u00e6rk eller afsk\u00e6rmning i din have. Dette er en hegnsstolpe lavet af aluminium og giver en lang levetid takket v\u00e6re, at materialet er rustfrit.<\/p>\n<p><strong>Beskrivelse<\/strong><\/p>\n<p>Stolperne har en dimension p\u00e5 70 x 70 mm, med en tykkelse p\u00e5 2 mm. Det g\u00f8r det til en stabil og solid hegnsstolpe, som du ogs\u00e5 kan v\u00e6lge farve p\u00e5. Stolperne f\u00e5s i tre farver: naturanodiseret, hvidlakeret (RAL 9010) eller mat sort (RAL 9005).<\/p>\n<p>Med flere valgbare h\u00f8jder holder H\u00e6ren hegnsstolpe haven \u00e5ben og indrammer huset, mens den s\u00e6tter klare gr\u00e6nser for din grund. Brug hj\u00f8rne-, midter- og endestolper til at bygge det hegn, der passer til din situation. Hegnsstolpen H\u00e6ren er et solidt hegn, der virkelig vil forbedre din have og g\u00f8re terrassen mere hyggelig og privat med den \u00f8nskede afsk\u00e6rmning.<\/p>\n<p>&nbsp;<\/p>\n<p><strong>Reglar<\/strong><strong><br \/>\n<\/strong>Antallet af reglar varierer afh\u00e6ngigt af stolpeh\u00f8jden:<\/p>\n<p>745 mm \u00a0\u00a0\u00a0\u00a0\u00a0\u00a0\u00a0 6 Huller<\/p>\n<p>106 mm \u00a0\u00a0\u00a0\u00a0\u00a0\u00a0\u00a0 9 Huller<\/p>\n<p>1475 mm \u00a0\u00a0\u00a0\u00a0\u00a0 13 Huller<\/p>\n<p>1795 mm\u00a0 \u00a0 \u00a0 \u00a016 Huller<\/p>\n<p>Afstanden mellem jorden og den f\u00f8rste reglaren er 10 cm. Afstanden mellem reglarne er 1,5 cm. Hullerne er 21&#215;120 etc.<\/p>\n<p><strong>Montering<\/strong><\/p>\n<p>K\u00f8b valgfrit trykimpr\u00e6gneret tr\u00e6 <a href=\"https:\/\/www.bauhaus.dk\/froslev-hegnsbraedder-ru-2400x100x19-mm\">19 X 100<\/a> mm hos din lokale byggeforhandler.<\/p>\n<p>https:\/\/www.bauhaus.dk\/froslev-hegnsbraedder-ru-2400x100x19-mm<\/p>\n<p>&nbsp;<\/p>\n<p>S\u00f8rg for at tr\u00e6et ikke har svulmet for meget (det besv\u00e6rligg\u00f8r montering) S\u00e5 skal du ogs\u00e5 bruge f\u00f8lgende v\u00e6rkt\u00f8jer:<\/p>\n<ul>\n<li>M\u00e5leb\u00e5nd<\/li>\n<li>Skruemaskine med bit og bor<\/li>\n<li>Gummihammer (til at montere foden p\u00e5 stolpen)<\/li>\n<\/ul>\n<p>Monter reglarne ved hj\u00e6lp af beslaget p\u00e5 bagsiden af \u200b\u200bstolperne og monter altid hegnet s\u00e5 det st\u00e5r stabilt &#8211; anbefalingen er max 150 cm mellem stolperne og at du altid placerer stolperne inden du skruer fast reglarne for at sikre at din bestilling var korrekt.<\/p>\n<p>&nbsp;<\/p>\n<p><a href=\"https:\/\/recal.se\/wp-content\/uploads\/2021\/06\/recal-forklaring_stolpvarianter-scaled.jpg\" target=\"_blank\" rel=\"noopener\">Monteringsprincip<\/a><\/p>\n","protected":false},"excerpt":{"rendered":"<p>H\u00e6ren er en hegnsstolpe, der fungerer lige s\u00e5 godt som altanr\u00e6kv\u00e6rk eller afsk\u00e6rmning i din have. Dette er en hegnsstolpe lavet af aluminium og giver en lang levetid takket v\u00e6re, at materialet er rustfrit.<\/p>\n","protected":false},"featured_media":13310,"comment_status":"open","ping_status":"closed","template":"","meta":{"_acf_changed":false},"product_cat":[333,16],"product_tag":[],"composite_virtual":false,"composite_layout":"","composite_add_to_cart_form_location":"","composite_editable_in_cart":false,"composite_sold_individually_context":"","composite_shop_price_calc":"","composite_components":[],"composite_scenarios":[],"acf":[],"yoast_head":"<!-- This site is optimized with the Yoast SEO plugin v22.2 - https:\/\/yoast.com\/wordpress\/plugins\/seo\/ -->\n<title>Hegnsstolpen H\u00e6ren - Recal Danmark<\/title>\n<meta name=\"description\" content=\"H\u00e6ren er en hegnsstolpe, der fungerer lige s\u00e5 godt som altanr\u00e6kv\u00e6rk eller afsk\u00e6rmning i din have. Dette er en hegnsstolpe lavet af aluminium og giver en lang levetid takket v\u00e6re, at materialet er rustfrit.\" \/>\n<meta name=\"robots\" content=\"index, follow, max-snippet:-1, max-image-preview:large, max-video-preview:-1\" \/>\n<link rel=\"canonical\" href=\"https:\/\/recal-se.tbwebsite.com\/dk\/hegn\/hegnsstolpen-haeren\/\" \/>\n<meta property=\"og:locale\" content=\"da_DK\" \/>\n<meta property=\"og:type\" content=\"article\" \/>\n<meta property=\"og:title\" content=\"Hegnsstolpen H\u00e6ren - Recal Danmark\" \/>\n<meta property=\"og:description\" content=\"H\u00e6ren er en hegnsstolpe, der fungerer lige s\u00e5 godt som altanr\u00e6kv\u00e6rk eller afsk\u00e6rmning i din have. Dette er en hegnsstolpe lavet af aluminium og giver en lang levetid takket v\u00e6re, at materialet er rustfrit.\" \/>\n<meta property=\"og:url\" content=\"https:\/\/recal-se.tbwebsite.com\/dk\/hegn\/hegnsstolpen-haeren\/\" \/>\n<meta property=\"og:site_name\" content=\"Recal Danmark\" \/>\n<meta property=\"article:modified_time\" content=\"2024-02-13T08:18:45+00:00\" \/>\n<meta property=\"og:image\" content=\"https:\/\/recal-se.tbwebsite.com\/dk\/wp-content\/uploads\/sites\/2\/2023\/12\/Haren-inspirationsbild-1-2-scaled-e1707122032891.jpg\" \/>\n\t<meta property=\"og:image:width\" content=\"1405\" \/>\n\t<meta property=\"og:image:height\" content=\"878\" \/>\n\t<meta property=\"og:image:type\" content=\"image\/jpeg\" \/>\n<meta name=\"twitter:card\" content=\"summary_large_image\" \/>\n<meta name=\"twitter:label1\" content=\"Estimeret l\u00e6setid\" \/>\n\t<meta name=\"twitter:data1\" content=\"2 minutter\" \/>\n<script type=\"application\/ld+json\" class=\"yoast-schema-graph\">{\"@context\":\"https:\/\/schema.org\",\"@graph\":[{\"@type\":\"WebPage\",\"@id\":\"https:\/\/recal-se.tbwebsite.com\/dk\/hegn\/hegnsstolpen-haeren\/\",\"url\":\"https:\/\/recal-se.tbwebsite.com\/dk\/hegn\/hegnsstolpen-haeren\/\",\"name\":\"Hegnsstolpen H\u00e6ren - Recal Danmark\",\"isPartOf\":{\"@id\":\"https:\/\/recal-se.tbwebsite.com\/dk\/#website\"},\"primaryImageOfPage\":{\"@id\":\"https:\/\/recal-se.tbwebsite.com\/dk\/hegn\/hegnsstolpen-haeren\/#primaryimage\"},\"image\":{\"@id\":\"https:\/\/recal-se.tbwebsite.com\/dk\/hegn\/hegnsstolpen-haeren\/#primaryimage\"},\"thumbnailUrl\":\"https:\/\/recal-se.tbwebsite.com\/dk\/wp-content\/uploads\/sites\/2\/2023\/12\/Haren-inspirationsbild-1-2-scaled-e1707122032891.jpg\",\"datePublished\":\"2023-12-13T09:30:44+00:00\",\"dateModified\":\"2024-02-13T08:18:45+00:00\",\"description\":\"H\u00e6ren er en hegnsstolpe, der fungerer lige s\u00e5 godt som altanr\u00e6kv\u00e6rk eller afsk\u00e6rmning i din have. Dette er en hegnsstolpe lavet af aluminium og giver en lang levetid takket v\u00e6re, at materialet er rustfrit.\",\"breadcrumb\":{\"@id\":\"https:\/\/recal-se.tbwebsite.com\/dk\/hegn\/hegnsstolpen-haeren\/#breadcrumb\"},\"inLanguage\":\"da-DK\",\"potentialAction\":[{\"@type\":\"ReadAction\",\"target\":[\"https:\/\/recal-se.tbwebsite.com\/dk\/hegn\/hegnsstolpen-haeren\/\"]}]},{\"@type\":\"ImageObject\",\"inLanguage\":\"da-DK\",\"@id\":\"https:\/\/recal-se.tbwebsite.com\/dk\/hegn\/hegnsstolpen-haeren\/#primaryimage\",\"url\":\"https:\/\/recal-se.tbwebsite.com\/dk\/wp-content\/uploads\/sites\/2\/2023\/12\/Haren-inspirationsbild-1-2-scaled-e1707122032891.jpg\",\"contentUrl\":\"https:\/\/recal-se.tbwebsite.com\/dk\/wp-content\/uploads\/sites\/2\/2023\/12\/Haren-inspirationsbild-1-2-scaled-e1707122032891.jpg\",\"width\":1405,\"height\":878},{\"@type\":\"BreadcrumbList\",\"@id\":\"https:\/\/recal-se.tbwebsite.com\/dk\/hegn\/hegnsstolpen-haeren\/#breadcrumb\",\"itemListElement\":[{\"@type\":\"ListItem\",\"position\":1,\"name\":\"Home\",\"item\":\"https:\/\/recal-se.tbwebsite.com\/dk\/\"},{\"@type\":\"ListItem\",\"position\":2,\"name\":\"Shop\",\"item\":\"https:\/\/recal-se.tbwebsite.com\/dk\/shop\/\"},{\"@type\":\"ListItem\",\"position\":3,\"name\":\"Hegnsstolpen H\u00e6ren\"}]},{\"@type\":\"WebSite\",\"@id\":\"https:\/\/recal-se.tbwebsite.com\/dk\/#website\",\"url\":\"https:\/\/recal-se.tbwebsite.com\/dk\/\",\"name\":\"Recal Danmark\",\"description\":\"Tr\u00e4dg\u00e5rdsprodukter tillverkade i aluminium fr\u00e5n Sm\u00e5land\",\"publisher\":{\"@id\":\"https:\/\/recal-se.tbwebsite.com\/dk\/#organization\"},\"potentialAction\":[{\"@type\":\"SearchAction\",\"target\":{\"@type\":\"EntryPoint\",\"urlTemplate\":\"https:\/\/recal-se.tbwebsite.com\/dk\/?s={search_term_string}\"},\"query-input\":\"required name=search_term_string\"}],\"inLanguage\":\"da-DK\"},{\"@type\":\"Organization\",\"@id\":\"https:\/\/recal-se.tbwebsite.com\/dk\/#organization\",\"name\":\"Recal Danmark\",\"url\":\"https:\/\/recal-se.tbwebsite.com\/dk\/\",\"logo\":{\"@type\":\"ImageObject\",\"inLanguage\":\"da-DK\",\"@id\":\"https:\/\/recal-se.tbwebsite.com\/dk\/#\/schema\/logo\/image\/\",\"url\":\"https:\/\/recal-se.tbwebsite.com\/dk\/wp-content\/uploads\/sites\/2\/2020\/06\/recal-logotype_svart_1.png\",\"contentUrl\":\"https:\/\/recal-se.tbwebsite.com\/dk\/wp-content\/uploads\/sites\/2\/2020\/06\/recal-logotype_svart_1.png\",\"width\":260,\"height\":52,\"caption\":\"Recal Danmark\"},\"image\":{\"@id\":\"https:\/\/recal-se.tbwebsite.com\/dk\/#\/schema\/logo\/image\/\"}}]}<\/script>\n<!-- \/ Yoast SEO plugin. -->","yoast_head_json":{"title":"Hegnsstolpen H\u00e6ren - Recal Danmark","description":"H\u00e6ren er en hegnsstolpe, der fungerer lige s\u00e5 godt som altanr\u00e6kv\u00e6rk eller afsk\u00e6rmning i din have. Dette er en hegnsstolpe lavet af aluminium og giver en lang levetid takket v\u00e6re, at materialet er rustfrit.","robots":{"index":"index","follow":"follow","max-snippet":"max-snippet:-1","max-image-preview":"max-image-preview:large","max-video-preview":"max-video-preview:-1"},"canonical":"https:\/\/recal-se.tbwebsite.com\/dk\/hegn\/hegnsstolpen-haeren\/","og_locale":"da_DK","og_type":"article","og_title":"Hegnsstolpen H\u00e6ren - Recal Danmark","og_description":"H\u00e6ren er en hegnsstolpe, der fungerer lige s\u00e5 godt som altanr\u00e6kv\u00e6rk eller afsk\u00e6rmning i din have. Dette er en hegnsstolpe lavet af aluminium og giver en lang levetid takket v\u00e6re, at materialet er rustfrit.","og_url":"https:\/\/recal-se.tbwebsite.com\/dk\/hegn\/hegnsstolpen-haeren\/","og_site_name":"Recal Danmark","article_modified_time":"2024-02-13T08:18:45+00:00","og_image":[{"width":1405,"height":878,"url":"https:\/\/recal-se.tbwebsite.com\/dk\/wp-content\/uploads\/sites\/2\/2023\/12\/Haren-inspirationsbild-1-2-scaled-e1707122032891.jpg","type":"image\/jpeg"}],"twitter_card":"summary_large_image","twitter_misc":{"Estimeret l\u00e6setid":"2 minutter"},"schema":{"@context":"https:\/\/schema.org","@graph":[{"@type":"WebPage","@id":"https:\/\/recal-se.tbwebsite.com\/dk\/hegn\/hegnsstolpen-haeren\/","url":"https:\/\/recal-se.tbwebsite.com\/dk\/hegn\/hegnsstolpen-haeren\/","name":"Hegnsstolpen H\u00e6ren - Recal Danmark","isPartOf":{"@id":"https:\/\/recal-se.tbwebsite.com\/dk\/#website"},"primaryImageOfPage":{"@id":"https:\/\/recal-se.tbwebsite.com\/dk\/hegn\/hegnsstolpen-haeren\/#primaryimage"},"image":{"@id":"https:\/\/recal-se.tbwebsite.com\/dk\/hegn\/hegnsstolpen-haeren\/#primaryimage"},"thumbnailUrl":"https:\/\/recal-se.tbwebsite.com\/dk\/wp-content\/uploads\/sites\/2\/2023\/12\/Haren-inspirationsbild-1-2-scaled-e1707122032891.jpg","datePublished":"2023-12-13T09:30:44+00:00","dateModified":"2024-02-13T08:18:45+00:00","description":"H\u00e6ren er en hegnsstolpe, der fungerer lige s\u00e5 godt som altanr\u00e6kv\u00e6rk eller afsk\u00e6rmning i din have. Dette er en hegnsstolpe lavet af aluminium og giver en lang levetid takket v\u00e6re, at materialet er rustfrit.","breadcrumb":{"@id":"https:\/\/recal-se.tbwebsite.com\/dk\/hegn\/hegnsstolpen-haeren\/#breadcrumb"},"inLanguage":"da-DK","potentialAction":[{"@type":"ReadAction","target":["https:\/\/recal-se.tbwebsite.com\/dk\/hegn\/hegnsstolpen-haeren\/"]}]},{"@type":"ImageObject","inLanguage":"da-DK","@id":"https:\/\/recal-se.tbwebsite.com\/dk\/hegn\/hegnsstolpen-haeren\/#primaryimage","url":"https:\/\/recal-se.tbwebsite.com\/dk\/wp-content\/uploads\/sites\/2\/2023\/12\/Haren-inspirationsbild-1-2-scaled-e1707122032891.jpg","contentUrl":"https:\/\/recal-se.tbwebsite.com\/dk\/wp-content\/uploads\/sites\/2\/2023\/12\/Haren-inspirationsbild-1-2-scaled-e1707122032891.jpg","width":1405,"height":878},{"@type":"BreadcrumbList","@id":"https:\/\/recal-se.tbwebsite.com\/dk\/hegn\/hegnsstolpen-haeren\/#breadcrumb","itemListElement":[{"@type":"ListItem","position":1,"name":"Home","item":"https:\/\/recal-se.tbwebsite.com\/dk\/"},{"@type":"ListItem","position":2,"name":"Shop","item":"https:\/\/recal-se.tbwebsite.com\/dk\/shop\/"},{"@type":"ListItem","position":3,"name":"Hegnsstolpen H\u00e6ren"}]},{"@type":"WebSite","@id":"https:\/\/recal-se.tbwebsite.com\/dk\/#website","url":"https:\/\/recal-se.tbwebsite.com\/dk\/","name":"Recal Danmark","description":"Tr\u00e4dg\u00e5rdsprodukter tillverkade i aluminium fr\u00e5n Sm\u00e5land","publisher":{"@id":"https:\/\/recal-se.tbwebsite.com\/dk\/#organization"},"potentialAction":[{"@type":"SearchAction","target":{"@type":"EntryPoint","urlTemplate":"https:\/\/recal-se.tbwebsite.com\/dk\/?s={search_term_string}"},"query-input":"required name=search_term_string"}],"inLanguage":"da-DK"},{"@type":"Organization","@id":"https:\/\/recal-se.tbwebsite.com\/dk\/#organization","name":"Recal Danmark","url":"https:\/\/recal-se.tbwebsite.com\/dk\/","logo":{"@type":"ImageObject","inLanguage":"da-DK","@id":"https:\/\/recal-se.tbwebsite.com\/dk\/#\/schema\/logo\/image\/","url":"https:\/\/recal-se.tbwebsite.com\/dk\/wp-content\/uploads\/sites\/2\/2020\/06\/recal-logotype_svart_1.png","contentUrl":"https:\/\/recal-se.tbwebsite.com\/dk\/wp-content\/uploads\/sites\/2\/2020\/06\/recal-logotype_svart_1.png","width":260,"height":52,"caption":"Recal Danmark"},"image":{"@id":"https:\/\/recal-se.tbwebsite.com\/dk\/#\/schema\/logo\/image\/"}}]}},"_links":{"self":[{"href":"https:\/\/recal-se.tbwebsite.com\/dk\/wp-json\/wp\/v2\/product\/12773"}],"collection":[{"href":"https:\/\/recal-se.tbwebsite.com\/dk\/wp-json\/wp\/v2\/product"}],"about":[{"href":"https:\/\/recal-se.tbwebsite.com\/dk\/wp-json\/wp\/v2\/types\/product"}],"replies":[{"embeddable":true,"href":"https:\/\/recal-se.tbwebsite.com\/dk\/wp-json\/wp\/v2\/comments?post=12773"}],"version-history":[{"count":7,"href":"https:\/\/recal-se.tbwebsite.com\/dk\/wp-json\/wp\/v2\/product\/12773\/revisions"}],"predecessor-version":[{"id":15099,"href":"https:\/\/recal-se.tbwebsite.com\/dk\/wp-json\/wp\/v2\/product\/12773\/revisions\/15099"}],"wp:featuredmedia":[{"embeddable":true,"href":"https:\/\/recal-se.tbwebsite.com\/dk\/wp-json\/wp\/v2\/media\/13310"}],"wp:attachment":[{"href":"https:\/\/recal-se.tbwebsite.com\/dk\/wp-json\/wp\/v2\/media?parent=12773"}],"wp:term":[{"taxonomy":"product_cat","embeddable":true,"href":"https:\/\/recal-se.tbwebsite.com\/dk\/wp-json\/wp\/v2\/product_cat?post=12773"},{"taxonomy":"product_tag","embeddable":true,"href":"https:\/\/recal-se.tbwebsite.com\/dk\/wp-json\/wp\/v2\/product_tag?post=12773"}],"curies":[{"name":"wp","href":"https:\/\/api.w.org\/{rel}","templated":true}]}}