{"id":3,"date":"2020-05-13T09:31:47","date_gmt":"2020-05-13T09:31:47","guid":{"rendered":"https:\/\/recal-se.tbwebsite.com\/?page_id=3"},"modified":"2024-01-18T13:12:51","modified_gmt":"2024-01-18T13:12:51","slug":"privacy-policy","status":"publish","type":"page","link":"https:\/\/recal-se.tbwebsite.com\/dk\/privacy-policy\/","title":{"rendered":"Privacy Policy \/ Vilk\u00e5r og betingelser"},"content":{"rendered":"\t\t<div data-elementor-type=\"wp-page\" data-elementor-id=\"3\" class=\"elementor elementor-3\" data-elementor-post-type=\"page\">\n\t\t\t\t<div class=\"elementor-element elementor-element-9424415 e-flex e-con-boxed e-con e-parent\" data-id=\"9424415\" data-element_type=\"container\" data-settings=\"{&quot;background_background&quot;:&quot;classic&quot;,&quot;container_type&quot;:&quot;flex&quot;,&quot;content_width&quot;:&quot;boxed&quot;}\" data-core-v316-plus=\"true\">\n\t\t\t\t\t<div class=\"e-con-inner\">\n\t\t\t\t<div class=\"elementor-element elementor-element-d78c43a elementor-widget elementor-widget-heading\" data-id=\"d78c43a\" data-element_type=\"widget\" data-widget_type=\"heading.default\">\n\t\t\t\t<div class=\"elementor-widget-container\">\n\t\t\t<style>\/*! elementor - v3.19.0 - 28-02-2024 *\/\n.elementor-heading-title{padding:0;margin:0;line-height:1}.elementor-widget-heading .elementor-heading-title[class*=elementor-size-]>a{color:inherit;font-size:inherit;line-height:inherit}.elementor-widget-heading .elementor-heading-title.elementor-size-small{font-size:15px}.elementor-widget-heading .elementor-heading-title.elementor-size-medium{font-size:19px}.elementor-widget-heading .elementor-heading-title.elementor-size-large{font-size:29px}.elementor-widget-heading .elementor-heading-title.elementor-size-xl{font-size:39px}.elementor-widget-heading .elementor-heading-title.elementor-size-xxl{font-size:59px}<\/style><h2 class=\"elementor-heading-title elementor-size-default\">Allm\u00e4nna villkor<\/h2>\t\t<\/div>\n\t\t\t\t<\/div>\n\t\t\t\t<div class=\"elementor-element elementor-element-fe8dc2a elementor-widget elementor-widget-heading\" data-id=\"fe8dc2a\" data-element_type=\"widget\" data-widget_type=\"heading.default\">\n\t\t\t\t<div class=\"elementor-widget-container\">\n\t\t\t<h2 class=\"elementor-heading-title elementor-size-default\">- Recal (\u00c5minne Tr\u00e4dg\u00e5rdsprodukter AB)<\/h2>\t\t<\/div>\n\t\t\t\t<\/div>\n\t\t\t\t<div class=\"elementor-element elementor-element-3d5705df elementor-widget__width-inherit elementor-widget elementor-widget-text-editor\" data-id=\"3d5705df\" data-element_type=\"widget\" data-widget_type=\"text-editor.default\">\n\t\t\t\t<div class=\"elementor-widget-container\">\n\t\t\t<style>\/*! elementor - v3.19.0 - 28-02-2024 *\/\n.elementor-widget-text-editor.elementor-drop-cap-view-stacked .elementor-drop-cap{background-color:#69727d;color:#fff}.elementor-widget-text-editor.elementor-drop-cap-view-framed .elementor-drop-cap{color:#69727d;border:3px solid;background-color:transparent}.elementor-widget-text-editor:not(.elementor-drop-cap-view-default) .elementor-drop-cap{margin-top:8px}.elementor-widget-text-editor:not(.elementor-drop-cap-view-default) .elementor-drop-cap-letter{width:1em;height:1em}.elementor-widget-text-editor .elementor-drop-cap{float:left;text-align:center;line-height:1;font-size:50px}.elementor-widget-text-editor .elementor-drop-cap-letter{display:inline-block}<\/style>\t\t\t\t<p>Dessa allm\u00e4nna villkor g\u00e4ller n\u00e4r du som konsument g\u00f6r best\u00e4llningar i v\u00e5r webbshop p\u00e5 recal.se och dess underdom\u00e4ner. D\u00e5 dessa villkor kan komma att uppdateras utan f\u00f6reg\u00e5ende avisering s\u00e5 rekommenderar vi att du l\u00e4ser dessa vid varje ordertillf\u00e4lle. En bindande order tillika avtal om k\u00f6p intr\u00e4ffar n\u00e4r vi har bekr\u00e4ftat din order. En orderbekr\u00e4ftelse skickas till den e-mailadress du fyllde i vid ordertillf\u00e4llet.<\/p><p>Avtal ing\u00e5s mellan dig och \u00c5minne Tr\u00e4dg\u00e5rdsprodukter AB: organisationsnummer: 559259-7685<br \/>Firmatecknare: Philip Hurtig Andersen<\/p><h3>Reservation<\/h3><p>Vi reserverar oss f\u00f6r eventuella felaktigheter i lagersaldo som g\u00f6r att vi inte kan fullf\u00f6lja din order. Skulle den vara du best\u00e4llt mot f\u00f6rmodan inte vara tillg\u00e4nglig kommer vi att kontakta dig och se till att \u00e5terbetalning sker utan dr\u00f6jsm\u00e5l eller att vi informerar dig om uppdaterad leveranstid p\u00e5 varan.<\/p><h3>Priser<\/h3><p>De priser som visas p\u00e5 v\u00e5r hemsida och webbshop \u00e4r inklusive merv\u00e4rdesskatt (moms) och exklusive frakt om inte annat s\u00e4rskilt anges. G\u00e4llande pris \u00e4r det som anges f\u00f6r den aktuella produkten vid ordertillf\u00e4llet. Priser kan komma att \u00e4ndras fr\u00e5n en tid till en annan utan f\u00f6reg\u00e5ende avisering och vi reserverar oss f\u00f6r eventuella felaktigheter.<\/p><h3>Betalning<\/h3><p>Vi anv\u00e4nder Svea Ekonomi som betalningsl\u00f6sning. Tillg\u00e4ngliga betalningss\u00e4tt \u00e4r de som tillhandah\u00e5lls via Svea Ekonomi. Genom att l\u00e4mna information i kassan godk\u00e4nner du villkoren fr\u00e5n Svea Ekonomi. Villkoren f\u00f6r Svea Ekonomi \u00e5terfinns i kassan i samband med att du genomf\u00f6r ditt k\u00f6p. Om du har n\u00e5gra fr\u00e5gor om din betalning, \u00e5terbetalning eller om din faktura v\u00e4nligen kontakta Svea Ekonomi direkt, svea.com. Inga kontouppgifter eller kortuppgifter s\u00e5som kortnummer och CVC-kod sparas i aff\u00e4rssystem eller motsvarande som tillh\u00f6r Recal AB.<\/p><h3>Minder\u00e5riga<\/h3><p>Om du \u00e4r under 18 \u00e5r beh\u00f6ver du m\u00e5lsmans tillst\u00e5nd f\u00f6r att g\u00f6ra en best\u00e4llning.<\/p><h3>Force Majeure<\/h3><p>Force majeure ska anses f\u00f6religga n\u00e4r en extern omst\u00e4ndighet v\u00e4sentligen hindrar fullg\u00f6rande av f\u00f6rpliktelser enligt avtalet. S\u00e5dana omst\u00e4ndigheter ska utg\u00f6ra befrielsegrund som medf\u00f6r befrielse fr\u00e5n skadest\u00e5nd och andra p\u00e5f\u00f6ljder. Som exempel p\u00e5 s\u00e5dan befriande omst\u00e4ndighet skall anses bl.a. krig, naturkatastrof, st\u00f6rre olycksh\u00e4ndelse, nytillkommen eller \u00e4ndrad lagstiftning, terrorism, brand, blockad, myndighets\u00e5tg\u00e4rd eller motsvarande som ligger utom f\u00f6retagets kontroll. Recal AB f\u00f6rbeh\u00e5ller sig r\u00e4tten att skjuta upp sin f\u00f6rpliktelse att fullg\u00f6ra avtalet s\u00e5 l\u00e4nge s\u00e5dan omst\u00e4ndighet f\u00f6religger.<\/p><h3>Frakt &amp; leverans<\/h3><p>Vi s\u00e4ljer och levererar enbart till privatpersoner via v\u00e5r webbplats. Du kan inte handla som f\u00f6retagskund via v\u00e5r webbplats. Om du \u00e4r f\u00f6retagskund ber vi dig kontakta <a href=\"mailto:hej@localhost\">hej@localhost<\/a> f\u00f6r mer information.<\/p><p><strong>Vi levererar till f\u00f6ljande l\u00e4nder:<\/strong><\/p><ul><li>Sverige<\/li><li>Norge<\/li><li>Danmark<\/li><\/ul><p><strong><br \/>Leveranskostnader<br \/><\/strong>Fraktkostnaden \u00e4r f\u00f6r n\u00e4rvarande 249kr i Sverige.<\/p><p><strong>Leveranstider<br \/><\/strong>Varorna skickas normalt inom 10-15 arbetsdagar fr\u00e5n genomf\u00f6rd best\u00e4llning d\u00e5 mycket av v\u00e5ra best\u00e4llningar tillverkas efter lagd order. Leveranstiden \u00e4r normalt 1-3 arbetsdagar inom Sverige. Vi erbjuder inte expressleverans f\u00f6r n\u00e4rvarande. Vi skickar inte n\u00e5gra best\u00e4llningar fr\u00e5n v\u00e5rt lager under svenska helgdagar. Best\u00e4llningar gjorda p\u00e5 en svensk helgdag kommer hanteras enligt ovan n\u00e4stkommande helgfri vardag. V\u00e5ra spedit\u00f6rer levererar inte n\u00e5gra paket p\u00e5 svenska helger eller helgdagar som faller in p\u00e5 vardagar. V\u00e4nligen kontrollera den \u00e5rliga kalendern f\u00f6r exakta datum. Vid leveransf\u00f6rsening \u00f6verstigande 14 dagar har du som kund r\u00e4tt att h\u00e4va k\u00f6pet och erh\u00e5lla full ers\u00e4ttning.<\/p><h2>Returpolicy<\/h2><p><strong>Privatperson<br \/><\/strong>Vid retur, storleksbyte eller reklamation, maila ditt \u00e4rende till hej@localhost. Du registrerar med ditt <strong>ordernummer <\/strong>och den<strong> e-mailadress <\/strong>du anv\u00e4nde vid k\u00f6pet<strong>. <\/strong>V\u00e5rat retursystem skapar d\u00e4refter ett retur\u00e4rende hos oss. Kunden st\u00e5r f\u00f6r returfrakten vid retur. Vill du byta till annan modell, g\u00f6r en ren retur enligt ovan och sedan en ny best\u00e4llning i v\u00e5r butik av den produkt du \u00f6nskar. Recal mailar en fraktsedel till en kostnad av 200 kr exkl. moms, vilket regleras p\u00e5 slutligt belopp. \u00c5terbetalning av varuv\u00e4rdet sker n\u00e4r vi mottagit och godk\u00e4nt inskickade varor. Enligt huvudregeln i distans- och hemf\u00f6rs\u00e4ljningslagen \u00e4ger konsument r\u00e4tt att \u00e5ngra k\u00f6p av en vara eller tj\u00e4nst inom 14 dagar fr\u00e5n k\u00f6pdagen. \u00c5ngerr\u00e4tten g\u00e4ller inte en specialtillverkad vara med en tydlig personlig pr\u00e4gel. Till exempel speciall\u00e4ngder eller specialritning. Det \u00e4r sj\u00e4lvklart m\u00f6jligt att reklamera en vara med ett uppenbart fel trots att den \u00e4r specialtillverkad. Som konsument \u00e4ger du r\u00e4tt att reklamera en vara om produktegenskaperna avviker fr\u00e5n produktbeskrivningen. Vid ofullst\u00e4ndig retur, dvs om produkten inte \u00e4r i originalskick, \u00e4r smutsig eller ankommer oss efter mer \u00e4n 14 dagar fr\u00e5n k\u00f6pdagen f\u00f6rbeh\u00e5ller vi oss r\u00e4tten att inte godk\u00e4nna returen och kommer d\u00e5 ta ut ytterligare en returavgift p\u00e5 25% utav orderv\u00e4rdet \u2013 frakter ej inr\u00e4knat.\u00a0 Adresslapp f\u00e5r inte heller f\u00e4stas direkt p\u00e5 produkt.<\/p><h2>Dataskyddspolicy \/ GDPR<\/h2><p>Denna policy beskriver hur vi samlar in, hanterar och skyddar dina personuppgifter samt hur vi s\u00e4kerst\u00e4ller att vi f\u00f6ljer g\u00e4llande lagstiftning. Ditt f\u00f6rtroende \u00e4r h\u00f6gt v\u00e4rderat av oss och d\u00e4rf\u00f6r v\u00e4rnar vi om att du ska k\u00e4nna dig trygg n\u00e4r du bes\u00f6ker och handlar via v\u00e5r webbplats. Senast uppdaterad: 2022-03-22<\/p><p><strong>N\u00e4r du l\u00e4gger en order samlar vi in f\u00f6ljande uppgifter f\u00f6r att fullg\u00f6ra din order:<\/strong><\/p><ul><li>Namn<\/li><li>E-postadress<\/li><li>Adress<\/li><li>Postnummer<\/li><li>Land<\/li><li>Telefonnummer<\/li><\/ul><p><br \/>Dina personuppgifter sparas i syfte att fullf\u00f6lja avtalet med dig och leverera dina varor. Vi, \u00c5minne Tr\u00e4dg\u00e5rdsprodukter, sparar ej kortuppgifter eller uppgift om personnummer. Vi handhar dina personuppgifter med f\u00f6rsiktighet och l\u00e4mnar inte ut dessa till tredje part. Enligt personuppgiftslagen (PUL 1998:204) har du r\u00e4tt att f\u00e5 ta del av den information vi har sparad om dig samt beg\u00e4ra \u00e4ndring eller att de raderas. Kontakta d\u00e5 v\u00e5r kundtj\u00e4nst.<\/p><p><strong>Kontaktuppgifter<br \/><\/strong>V\u00e4nligen kontakta v\u00e5r kundtj\u00e4nst om du inte hittar svaret p\u00e5 din fr\u00e5ga i v\u00e5r FAQ.<\/p><p><strong>Kundtj\u00e4nst<br \/><\/strong>Telefon: <a href=\"tel:0370 \u2013 35 07 73\">0370 \u2013 129 00<\/a><br \/>E-post: <a href=\"mailto:hej@localhost\">hej@localhost<\/a><br \/>\u00d6ppettider vardagar: 08.00-16.30<\/p><p><strong>Huvudkontor<br \/><\/strong>\u00c5minne Tr\u00e4dg\u00e5rdsprodukter AB, Lekelundsv\u00e4gen, 331 53 V\u00e4rnamo.<br \/>P.O. Box 1129<br \/>331 21 V\u00e4rnamo, Sverige<\/p>\t\t\t\t\t\t<\/div>\n\t\t\t\t<\/div>\n\t\t\t\t\t<\/div>\n\t\t\t\t<\/div>\n\t\t\t\t<\/div>\n\t\t","protected":false},"excerpt":{"rendered":"<p>Allm\u00e4nna villkor &#8211; Recal (\u00c5minne Tr\u00e4dg\u00e5rdsprodukter AB) Dessa allm\u00e4nna villkor g\u00e4ller n\u00e4r du som konsument g\u00f6r best\u00e4llningar i v\u00e5r webbshop p\u00e5 recal.se och dess underdom\u00e4ner. D\u00e5 dessa villkor kan komma att uppdateras utan f\u00f6reg\u00e5ende avisering s\u00e5 rekommenderar vi att du l\u00e4ser dessa vid varje ordertillf\u00e4lle. En bindande order tillika avtal om k\u00f6p intr\u00e4ffar n\u00e4r vi [&hellip;]<\/p>\n","protected":false},"author":2,"featured_media":0,"parent":0,"menu_order":0,"comment_status":"closed","ping_status":"closed","template":"","meta":{"_acf_changed":false,"footnotes":""},"acf":[],"yoast_head":"<!-- This site is optimized with the Yoast SEO plugin v22.2 - https:\/\/yoast.com\/wordpress\/plugins\/seo\/ -->\n<title>Privacy Policy \/ Vilk\u00e5r og betingelser - Recal Danmark<\/title>\n<meta name=\"robots\" content=\"index, follow, max-snippet:-1, max-image-preview:large, max-video-preview:-1\" \/>\n<link rel=\"canonical\" href=\"https:\/\/recal-se.tbwebsite.com\/dk\/privacy-policy\/\" \/>\n<meta property=\"og:locale\" content=\"da_DK\" \/>\n<meta property=\"og:type\" content=\"article\" \/>\n<meta property=\"og:title\" content=\"Privacy Policy \/ Vilk\u00e5r og betingelser - Recal Danmark\" \/>\n<meta property=\"og:description\" content=\"Allm\u00e4nna villkor &#8211; Recal (\u00c5minne Tr\u00e4dg\u00e5rdsprodukter AB) Dessa allm\u00e4nna villkor g\u00e4ller n\u00e4r du som konsument g\u00f6r best\u00e4llningar i v\u00e5r webbshop p\u00e5 recal.se och dess underdom\u00e4ner. D\u00e5 dessa villkor kan komma att uppdateras utan f\u00f6reg\u00e5ende avisering s\u00e5 rekommenderar vi att du l\u00e4ser dessa vid varje ordertillf\u00e4lle. En bindande order tillika avtal om k\u00f6p intr\u00e4ffar n\u00e4r vi [&hellip;]\" \/>\n<meta property=\"og:url\" content=\"https:\/\/recal-se.tbwebsite.com\/dk\/privacy-policy\/\" \/>\n<meta property=\"og:site_name\" content=\"Recal Danmark\" \/>\n<meta property=\"article:modified_time\" content=\"2024-01-18T13:12:51+00:00\" \/>\n<meta name=\"twitter:card\" content=\"summary_large_image\" \/>\n<meta name=\"twitter:label1\" content=\"Estimeret l\u00e6setid\" \/>\n\t<meta name=\"twitter:data1\" content=\"4 minutter\" \/>\n<script type=\"application\/ld+json\" class=\"yoast-schema-graph\">{\"@context\":\"https:\/\/schema.org\",\"@graph\":[{\"@type\":\"WebPage\",\"@id\":\"https:\/\/recal-se.tbwebsite.com\/dk\/privacy-policy\/\",\"url\":\"https:\/\/recal-se.tbwebsite.com\/dk\/privacy-policy\/\",\"name\":\"Privacy Policy \/ Vilk\u00e5r og betingelser - Recal Danmark\",\"isPartOf\":{\"@id\":\"https:\/\/recal-se.tbwebsite.com\/dk\/#website\"},\"datePublished\":\"2020-05-13T09:31:47+00:00\",\"dateModified\":\"2024-01-18T13:12:51+00:00\",\"breadcrumb\":{\"@id\":\"https:\/\/recal-se.tbwebsite.com\/dk\/privacy-policy\/#breadcrumb\"},\"inLanguage\":\"da-DK\",\"potentialAction\":[{\"@type\":\"ReadAction\",\"target\":[\"https:\/\/recal-se.tbwebsite.com\/dk\/privacy-policy\/\"]}]},{\"@type\":\"BreadcrumbList\",\"@id\":\"https:\/\/recal-se.tbwebsite.com\/dk\/privacy-policy\/#breadcrumb\",\"itemListElement\":[{\"@type\":\"ListItem\",\"position\":1,\"name\":\"Home\",\"item\":\"https:\/\/recal-se.tbwebsite.com\/dk\/\"},{\"@type\":\"ListItem\",\"position\":2,\"name\":\"Privacy Policy \/ Vilk\u00e5r og betingelser\"}]},{\"@type\":\"WebSite\",\"@id\":\"https:\/\/recal-se.tbwebsite.com\/dk\/#website\",\"url\":\"https:\/\/recal-se.tbwebsite.com\/dk\/\",\"name\":\"Recal Danmark\",\"description\":\"Tr\u00e4dg\u00e5rdsprodukter tillverkade i aluminium fr\u00e5n Sm\u00e5land\",\"publisher\":{\"@id\":\"https:\/\/recal-se.tbwebsite.com\/dk\/#organization\"},\"potentialAction\":[{\"@type\":\"SearchAction\",\"target\":{\"@type\":\"EntryPoint\",\"urlTemplate\":\"https:\/\/recal-se.tbwebsite.com\/dk\/?s={search_term_string}\"},\"query-input\":\"required name=search_term_string\"}],\"inLanguage\":\"da-DK\"},{\"@type\":\"Organization\",\"@id\":\"https:\/\/recal-se.tbwebsite.com\/dk\/#organization\",\"name\":\"Recal Danmark\",\"url\":\"https:\/\/recal-se.tbwebsite.com\/dk\/\",\"logo\":{\"@type\":\"ImageObject\",\"inLanguage\":\"da-DK\",\"@id\":\"https:\/\/recal-se.tbwebsite.com\/dk\/#\/schema\/logo\/image\/\",\"url\":\"https:\/\/recal-se.tbwebsite.com\/dk\/wp-content\/uploads\/sites\/2\/2020\/06\/recal-logotype_svart_1.png\",\"contentUrl\":\"https:\/\/recal-se.tbwebsite.com\/dk\/wp-content\/uploads\/sites\/2\/2020\/06\/recal-logotype_svart_1.png\",\"width\":260,\"height\":52,\"caption\":\"Recal Danmark\"},\"image\":{\"@id\":\"https:\/\/recal-se.tbwebsite.com\/dk\/#\/schema\/logo\/image\/\"}}]}<\/script>\n<!-- \/ Yoast SEO plugin. -->","yoast_head_json":{"title":"Privacy Policy \/ Vilk\u00e5r og betingelser - Recal Danmark","robots":{"index":"index","follow":"follow","max-snippet":"max-snippet:-1","max-image-preview":"max-image-preview:large","max-video-preview":"max-video-preview:-1"},"canonical":"https:\/\/recal-se.tbwebsite.com\/dk\/privacy-policy\/","og_locale":"da_DK","og_type":"article","og_title":"Privacy Policy \/ Vilk\u00e5r og betingelser - Recal Danmark","og_description":"Allm\u00e4nna villkor &#8211; Recal (\u00c5minne Tr\u00e4dg\u00e5rdsprodukter AB) Dessa allm\u00e4nna villkor g\u00e4ller n\u00e4r du som konsument g\u00f6r best\u00e4llningar i v\u00e5r webbshop p\u00e5 recal.se och dess underdom\u00e4ner. D\u00e5 dessa villkor kan komma att uppdateras utan f\u00f6reg\u00e5ende avisering s\u00e5 rekommenderar vi att du l\u00e4ser dessa vid varje ordertillf\u00e4lle. En bindande order tillika avtal om k\u00f6p intr\u00e4ffar n\u00e4r vi [&hellip;]","og_url":"https:\/\/recal-se.tbwebsite.com\/dk\/privacy-policy\/","og_site_name":"Recal Danmark","article_modified_time":"2024-01-18T13:12:51+00:00","twitter_card":"summary_large_image","twitter_misc":{"Estimeret l\u00e6setid":"4 minutter"},"schema":{"@context":"https:\/\/schema.org","@graph":[{"@type":"WebPage","@id":"https:\/\/recal-se.tbwebsite.com\/dk\/privacy-policy\/","url":"https:\/\/recal-se.tbwebsite.com\/dk\/privacy-policy\/","name":"Privacy Policy \/ Vilk\u00e5r og betingelser - Recal Danmark","isPartOf":{"@id":"https:\/\/recal-se.tbwebsite.com\/dk\/#website"},"datePublished":"2020-05-13T09:31:47+00:00","dateModified":"2024-01-18T13:12:51+00:00","breadcrumb":{"@id":"https:\/\/recal-se.tbwebsite.com\/dk\/privacy-policy\/#breadcrumb"},"inLanguage":"da-DK","potentialAction":[{"@type":"ReadAction","target":["https:\/\/recal-se.tbwebsite.com\/dk\/privacy-policy\/"]}]},{"@type":"BreadcrumbList","@id":"https:\/\/recal-se.tbwebsite.com\/dk\/privacy-policy\/#breadcrumb","itemListElement":[{"@type":"ListItem","position":1,"name":"Home","item":"https:\/\/recal-se.tbwebsite.com\/dk\/"},{"@type":"ListItem","position":2,"name":"Privacy Policy \/ Vilk\u00e5r og betingelser"}]},{"@type":"WebSite","@id":"https:\/\/recal-se.tbwebsite.com\/dk\/#website","url":"https:\/\/recal-se.tbwebsite.com\/dk\/","name":"Recal Danmark","description":"Tr\u00e4dg\u00e5rdsprodukter tillverkade i aluminium fr\u00e5n Sm\u00e5land","publisher":{"@id":"https:\/\/recal-se.tbwebsite.com\/dk\/#organization"},"potentialAction":[{"@type":"SearchAction","target":{"@type":"EntryPoint","urlTemplate":"https:\/\/recal-se.tbwebsite.com\/dk\/?s={search_term_string}"},"query-input":"required name=search_term_string"}],"inLanguage":"da-DK"},{"@type":"Organization","@id":"https:\/\/recal-se.tbwebsite.com\/dk\/#organization","name":"Recal Danmark","url":"https:\/\/recal-se.tbwebsite.com\/dk\/","logo":{"@type":"ImageObject","inLanguage":"da-DK","@id":"https:\/\/recal-se.tbwebsite.com\/dk\/#\/schema\/logo\/image\/","url":"https:\/\/recal-se.tbwebsite.com\/dk\/wp-content\/uploads\/sites\/2\/2020\/06\/recal-logotype_svart_1.png","contentUrl":"https:\/\/recal-se.tbwebsite.com\/dk\/wp-content\/uploads\/sites\/2\/2020\/06\/recal-logotype_svart_1.png","width":260,"height":52,"caption":"Recal Danmark"},"image":{"@id":"https:\/\/recal-se.tbwebsite.com\/dk\/#\/schema\/logo\/image\/"}}]}},"_links":{"self":[{"href":"https:\/\/recal-se.tbwebsite.com\/dk\/wp-json\/wp\/v2\/pages\/3"}],"collection":[{"href":"https:\/\/recal-se.tbwebsite.com\/dk\/wp-json\/wp\/v2\/pages"}],"about":[{"href":"https:\/\/recal-se.tbwebsite.com\/dk\/wp-json\/wp\/v2\/types\/page"}],"author":[{"embeddable":true,"href":"https:\/\/recal-se.tbwebsite.com\/dk\/wp-json\/wp\/v2\/users\/2"}],"replies":[{"embeddable":true,"href":"https:\/\/recal-se.tbwebsite.com\/dk\/wp-json\/wp\/v2\/comments?post=3"}],"version-history":[{"count":19,"href":"https:\/\/recal-se.tbwebsite.com\/dk\/wp-json\/wp\/v2\/pages\/3\/revisions"}],"predecessor-version":[{"id":14970,"href":"https:\/\/recal-se.tbwebsite.com\/dk\/wp-json\/wp\/v2\/pages\/3\/revisions\/14970"}],"wp:attachment":[{"href":"https:\/\/recal-se.tbwebsite.com\/dk\/wp-json\/wp\/v2\/media?parent=3"}],"curies":[{"name":"wp","href":"https:\/\/api.w.org\/{rel}","templated":true}]}}