{"id":935,"date":"2021-04-18T17:30:57","date_gmt":"2021-04-18T17:30:57","guid":{"rendered":"https:\/\/recal-se.tbwebsite.com\/?post_type=product&#038;p=935"},"modified":"2024-03-01T07:17:32","modified_gmt":"2024-03-01T07:17:32","slug":"hochbeet-cortenstahl","status":"publish","type":"product","link":"https:\/\/recal-se.tbwebsite.com\/de\/pflanzkuebel\/hochbeet-cortenstahl\/","title":{"rendered":"Hochbeet Cortenblech \/ Pflanzkasten"},"content":{"rendered":"<p>Der Pflanzrahmen von Recal aus Cortenblech besteht aus 1,5 mm dickem Cortensthal. Der Pflanzrahmen passt perfekt in den Garten f\u00fcr die Anzucht von Pflanzen oder f\u00fcr Ihren Kr\u00e4uteranbau!<\/p>\n<p>Cortenrahmen bieten verschiedene Vorteile in einem Garten. Es ist sehr \u00fcblich, Mulch zu verwenden, um das Land und die Pflanzen sch\u00f6n aussehen zu lassen, aber es kann auch schwierig sein, es sauber zu halten. Mit einem Pflanzrahmen k\u00f6nnen Sie Gras und Mulch leicht voneinander trennen. Sie k\u00f6nnen auch als normale Palettenrahmen verwendet werden, was die Aufteilung von Pflanzen und Gem\u00fcse erleichtert und gleichzeitig den Garten versch\u00f6nert.<\/p>\n<p>Unser Pflanzrahmen in rechteckiger Ausf\u00fchrung mit den Ma\u00dfen 120X75X19 wird komplett mit Schrauben und gefalteten Kanten geliefert, um dem Produkt eine weiche Form zu verleihen. Das Produkt ist eine gro\u00dfartige Erg\u00e4nzung zum klassischen Palettenrahmen f\u00fcr den Anbau Ihrer Pflanzen.<\/p>\n<p>Nach einigen Wochen im Freien erscheint die rostige Oberfl\u00e4che der Cortenoberfl\u00e4che auf dem Kulturrahmen. Da der Pflanzrahmen bei der Lieferung behandelt wird, empfehlen wir Ihnen, das Cortenprodukt mit Wasser und Seife zu waschen, um die rostige Oberfl\u00e4che der Cortenplatte schneller zu erhalten.<\/p>\n<p><strong><br \/>\nProduktbeschreibung:<\/strong><\/p>\n<p>Ma\u00dfe: 120X75X19 (LXBXH)<\/p>\n<p>Dicke des Cortenblechs: 1,5 mm<\/p>\n<p>Wird komplett mit Schrauben geliefert.<\/p>\n<p>&nbsp;<\/p>\n<p><strong>Tipps f\u00fcr Ihre Bepflanzung:<\/strong><\/p>\n<p>1. Bis zum Rand des Pflanzrahmens mit Erde auff\u00fcllen<\/p>\n<p>2. Sorgen Sie f\u00fcr eine ordnungsgem\u00e4\u00dfe Entw\u00e4sserung<\/p>\n<p>3. Verwenden Sie nat\u00fcrlichen D\u00fcnger, z. B. Hocherde, Kompost.<\/p>\n<p>&nbsp;<\/p>\n<p>Dieser Pflanzrahmen ist auch als Kasten mit h\u00f6herem Rand erh\u00e4ltlich. <a href=\"https:\/\/recal-se.tbwebsite.com\/de\/pflanzkuebel\/blomlador-planteringskarl-corten-2\/\">Pflanzgef\u00e4\u00df Corten<\/a><\/p>\n<p>&nbsp;<\/p>\n","protected":false},"excerpt":{"rendered":"<p>Unser Pflanzrahmen in quadratischer Ausf\u00fchrung wird komplett mit Bodenplatte und Schrauben sowie gefalteten Kanten ohne Fugen geliefert und macht einen soliden Eindruck.<\/p>\n<p>H\u00f6he: 190 mm<\/p>\n<p>L\u00e4nge: 1200 mm oder 750 mm<\/p>\n<p>Breite: 750 mm<\/p>\n","protected":false},"featured_media":5476,"comment_status":"closed","ping_status":"closed","template":"","meta":{"_acf_changed":false},"product_cat":[196,115],"product_tag":[101,102,100],"composite_virtual":false,"composite_layout":"","composite_add_to_cart_form_location":"","composite_editable_in_cart":false,"composite_sold_individually_context":"","composite_shop_price_calc":"","composite_components":[],"composite_scenarios":[],"acf":[],"yoast_head":"<!-- This site is optimized with the Yoast SEO plugin v22.2 - https:\/\/yoast.com\/wordpress\/plugins\/seo\/ -->\n<title>Hochbeet Cortenblech \/ Pflanzkasten - Recal Deutschland<\/title>\n<meta name=\"description\" content=\"Der Cortenblatt-Pflanzrahmen von Recal eignet sich perfekt f\u00fcr den Anbau von Pflanzen oder den Anbau von Kr\u00e4utern. Hergestellt und entworfen in Schweden.\" \/>\n<meta name=\"robots\" content=\"index, follow, max-snippet:-1, max-image-preview:large, max-video-preview:-1\" \/>\n<link rel=\"canonical\" href=\"https:\/\/recal-se.tbwebsite.com\/de\/pflanzkuebel\/hochbeet-cortenstahl\/\" \/>\n<meta property=\"og:locale\" content=\"de_DE\" \/>\n<meta property=\"og:type\" content=\"article\" \/>\n<meta property=\"og:title\" content=\"Hochbeet Cortenblech \/ Pflanzkasten - Recal Deutschland\" \/>\n<meta property=\"og:description\" content=\"Der Cortenblatt-Pflanzrahmen von Recal eignet sich perfekt f\u00fcr den Anbau von Pflanzen oder den Anbau von Kr\u00e4utern. Hergestellt und entworfen in Schweden.\" \/>\n<meta property=\"og:url\" content=\"https:\/\/recal-se.tbwebsite.com\/de\/pflanzkuebel\/hochbeet-cortenstahl\/\" \/>\n<meta property=\"og:site_name\" content=\"Recal Deutschland\" \/>\n<meta property=\"article:modified_time\" content=\"2024-03-01T07:17:32+00:00\" \/>\n<meta property=\"og:image\" content=\"https:\/\/recal-se.tbwebsite.com\/de\/wp-content\/uploads\/sites\/4\/2021\/04\/recal-blomlada_corten_75x125x19-1.png\" \/>\n\t<meta property=\"og:image:width\" content=\"1400\" \/>\n\t<meta property=\"og:image:height\" content=\"1401\" \/>\n\t<meta property=\"og:image:type\" content=\"image\/png\" \/>\n<meta name=\"twitter:card\" content=\"summary_large_image\" \/>\n<meta name=\"twitter:label1\" content=\"Gesch\u00e4tzte Lesezeit\" \/>\n\t<meta name=\"twitter:data1\" content=\"2 Minuten\" \/>\n<script type=\"application\/ld+json\" class=\"yoast-schema-graph\">{\"@context\":\"https:\/\/schema.org\",\"@graph\":[{\"@type\":\"WebPage\",\"@id\":\"https:\/\/recal-se.tbwebsite.com\/de\/pflanzkuebel\/hochbeet-cortenstahl\/\",\"url\":\"https:\/\/recal-se.tbwebsite.com\/de\/pflanzkuebel\/hochbeet-cortenstahl\/\",\"name\":\"Hochbeet Cortenblech \/ Pflanzkasten - Recal Deutschland\",\"isPartOf\":{\"@id\":\"https:\/\/recal-se.tbwebsite.com\/de\/#website\"},\"primaryImageOfPage\":{\"@id\":\"https:\/\/recal-se.tbwebsite.com\/de\/pflanzkuebel\/hochbeet-cortenstahl\/#primaryimage\"},\"image\":{\"@id\":\"https:\/\/recal-se.tbwebsite.com\/de\/pflanzkuebel\/hochbeet-cortenstahl\/#primaryimage\"},\"thumbnailUrl\":\"https:\/\/recal-se.tbwebsite.com\/de\/wp-content\/uploads\/sites\/4\/2021\/04\/recal-blomlada_corten_75x125x19-1.png\",\"datePublished\":\"2021-04-18T17:30:57+00:00\",\"dateModified\":\"2024-03-01T07:17:32+00:00\",\"description\":\"Der Cortenblatt-Pflanzrahmen von Recal eignet sich perfekt f\u00fcr den Anbau von Pflanzen oder den Anbau von Kr\u00e4utern. Hergestellt und entworfen in Schweden.\",\"breadcrumb\":{\"@id\":\"https:\/\/recal-se.tbwebsite.com\/de\/pflanzkuebel\/hochbeet-cortenstahl\/#breadcrumb\"},\"inLanguage\":\"de-DE\",\"potentialAction\":[{\"@type\":\"ReadAction\",\"target\":[\"https:\/\/recal-se.tbwebsite.com\/de\/pflanzkuebel\/hochbeet-cortenstahl\/\"]}]},{\"@type\":\"ImageObject\",\"inLanguage\":\"de-DE\",\"@id\":\"https:\/\/recal-se.tbwebsite.com\/de\/pflanzkuebel\/hochbeet-cortenstahl\/#primaryimage\",\"url\":\"https:\/\/recal-se.tbwebsite.com\/de\/wp-content\/uploads\/sites\/4\/2021\/04\/recal-blomlada_corten_75x125x19-1.png\",\"contentUrl\":\"https:\/\/recal-se.tbwebsite.com\/de\/wp-content\/uploads\/sites\/4\/2021\/04\/recal-blomlada_corten_75x125x19-1.png\",\"width\":1400,\"height\":1401},{\"@type\":\"BreadcrumbList\",\"@id\":\"https:\/\/recal-se.tbwebsite.com\/de\/pflanzkuebel\/hochbeet-cortenstahl\/#breadcrumb\",\"itemListElement\":[{\"@type\":\"ListItem\",\"position\":1,\"name\":\"Home\",\"item\":\"https:\/\/recal-se.tbwebsite.com\/de\/\"},{\"@type\":\"ListItem\",\"position\":2,\"name\":\"Shop\",\"item\":\"https:\/\/recal-se.tbwebsite.com\/de\/shop\/\"},{\"@type\":\"ListItem\",\"position\":3,\"name\":\"Hochbeet Cortenblech \/ Pflanzkasten\"}]},{\"@type\":\"WebSite\",\"@id\":\"https:\/\/recal-se.tbwebsite.com\/de\/#website\",\"url\":\"https:\/\/recal-se.tbwebsite.com\/de\/\",\"name\":\"Recal Deutschland\",\"description\":\"Tr\u00e4dg\u00e5rdsprodukter tillverkade i aluminium fr\u00e5n Sm\u00e5land\",\"publisher\":{\"@id\":\"https:\/\/recal-se.tbwebsite.com\/de\/#organization\"},\"potentialAction\":[{\"@type\":\"SearchAction\",\"target\":{\"@type\":\"EntryPoint\",\"urlTemplate\":\"https:\/\/recal-se.tbwebsite.com\/de\/?s={search_term_string}\"},\"query-input\":\"required name=search_term_string\"}],\"inLanguage\":\"de-DE\"},{\"@type\":\"Organization\",\"@id\":\"https:\/\/recal-se.tbwebsite.com\/de\/#organization\",\"name\":\"Recal Deutschland\",\"url\":\"https:\/\/recal-se.tbwebsite.com\/de\/\",\"logo\":{\"@type\":\"ImageObject\",\"inLanguage\":\"de-DE\",\"@id\":\"https:\/\/recal-se.tbwebsite.com\/de\/#\/schema\/logo\/image\/\",\"url\":\"https:\/\/recal-se.tbwebsite.com\/de\/wp-content\/uploads\/sites\/4\/2020\/06\/recal-logotype_svart_1.png\",\"contentUrl\":\"https:\/\/recal-se.tbwebsite.com\/de\/wp-content\/uploads\/sites\/4\/2020\/06\/recal-logotype_svart_1.png\",\"width\":260,\"height\":52,\"caption\":\"Recal Deutschland\"},\"image\":{\"@id\":\"https:\/\/recal-se.tbwebsite.com\/de\/#\/schema\/logo\/image\/\"}}]}<\/script>\n<!-- \/ Yoast SEO plugin. -->","yoast_head_json":{"title":"Hochbeet Cortenblech \/ Pflanzkasten - Recal Deutschland","description":"Der Cortenblatt-Pflanzrahmen von Recal eignet sich perfekt f\u00fcr den Anbau von Pflanzen oder den Anbau von Kr\u00e4utern. Hergestellt und entworfen in Schweden.","robots":{"index":"index","follow":"follow","max-snippet":"max-snippet:-1","max-image-preview":"max-image-preview:large","max-video-preview":"max-video-preview:-1"},"canonical":"https:\/\/recal-se.tbwebsite.com\/de\/pflanzkuebel\/hochbeet-cortenstahl\/","og_locale":"de_DE","og_type":"article","og_title":"Hochbeet Cortenblech \/ Pflanzkasten - Recal Deutschland","og_description":"Der Cortenblatt-Pflanzrahmen von Recal eignet sich perfekt f\u00fcr den Anbau von Pflanzen oder den Anbau von Kr\u00e4utern. Hergestellt und entworfen in Schweden.","og_url":"https:\/\/recal-se.tbwebsite.com\/de\/pflanzkuebel\/hochbeet-cortenstahl\/","og_site_name":"Recal Deutschland","article_modified_time":"2024-03-01T07:17:32+00:00","og_image":[{"width":1400,"height":1401,"url":"https:\/\/recal-se.tbwebsite.com\/de\/wp-content\/uploads\/sites\/4\/2021\/04\/recal-blomlada_corten_75x125x19-1.png","type":"image\/png"}],"twitter_card":"summary_large_image","twitter_misc":{"Gesch\u00e4tzte Lesezeit":"2 Minuten"},"schema":{"@context":"https:\/\/schema.org","@graph":[{"@type":"WebPage","@id":"https:\/\/recal-se.tbwebsite.com\/de\/pflanzkuebel\/hochbeet-cortenstahl\/","url":"https:\/\/recal-se.tbwebsite.com\/de\/pflanzkuebel\/hochbeet-cortenstahl\/","name":"Hochbeet Cortenblech \/ Pflanzkasten - Recal Deutschland","isPartOf":{"@id":"https:\/\/recal-se.tbwebsite.com\/de\/#website"},"primaryImageOfPage":{"@id":"https:\/\/recal-se.tbwebsite.com\/de\/pflanzkuebel\/hochbeet-cortenstahl\/#primaryimage"},"image":{"@id":"https:\/\/recal-se.tbwebsite.com\/de\/pflanzkuebel\/hochbeet-cortenstahl\/#primaryimage"},"thumbnailUrl":"https:\/\/recal-se.tbwebsite.com\/de\/wp-content\/uploads\/sites\/4\/2021\/04\/recal-blomlada_corten_75x125x19-1.png","datePublished":"2021-04-18T17:30:57+00:00","dateModified":"2024-03-01T07:17:32+00:00","description":"Der Cortenblatt-Pflanzrahmen von Recal eignet sich perfekt f\u00fcr den Anbau von Pflanzen oder den Anbau von Kr\u00e4utern. Hergestellt und entworfen in Schweden.","breadcrumb":{"@id":"https:\/\/recal-se.tbwebsite.com\/de\/pflanzkuebel\/hochbeet-cortenstahl\/#breadcrumb"},"inLanguage":"de-DE","potentialAction":[{"@type":"ReadAction","target":["https:\/\/recal-se.tbwebsite.com\/de\/pflanzkuebel\/hochbeet-cortenstahl\/"]}]},{"@type":"ImageObject","inLanguage":"de-DE","@id":"https:\/\/recal-se.tbwebsite.com\/de\/pflanzkuebel\/hochbeet-cortenstahl\/#primaryimage","url":"https:\/\/recal-se.tbwebsite.com\/de\/wp-content\/uploads\/sites\/4\/2021\/04\/recal-blomlada_corten_75x125x19-1.png","contentUrl":"https:\/\/recal-se.tbwebsite.com\/de\/wp-content\/uploads\/sites\/4\/2021\/04\/recal-blomlada_corten_75x125x19-1.png","width":1400,"height":1401},{"@type":"BreadcrumbList","@id":"https:\/\/recal-se.tbwebsite.com\/de\/pflanzkuebel\/hochbeet-cortenstahl\/#breadcrumb","itemListElement":[{"@type":"ListItem","position":1,"name":"Home","item":"https:\/\/recal-se.tbwebsite.com\/de\/"},{"@type":"ListItem","position":2,"name":"Shop","item":"https:\/\/recal-se.tbwebsite.com\/de\/shop\/"},{"@type":"ListItem","position":3,"name":"Hochbeet Cortenblech \/ Pflanzkasten"}]},{"@type":"WebSite","@id":"https:\/\/recal-se.tbwebsite.com\/de\/#website","url":"https:\/\/recal-se.tbwebsite.com\/de\/","name":"Recal Deutschland","description":"Tr\u00e4dg\u00e5rdsprodukter tillverkade i aluminium fr\u00e5n Sm\u00e5land","publisher":{"@id":"https:\/\/recal-se.tbwebsite.com\/de\/#organization"},"potentialAction":[{"@type":"SearchAction","target":{"@type":"EntryPoint","urlTemplate":"https:\/\/recal-se.tbwebsite.com\/de\/?s={search_term_string}"},"query-input":"required name=search_term_string"}],"inLanguage":"de-DE"},{"@type":"Organization","@id":"https:\/\/recal-se.tbwebsite.com\/de\/#organization","name":"Recal Deutschland","url":"https:\/\/recal-se.tbwebsite.com\/de\/","logo":{"@type":"ImageObject","inLanguage":"de-DE","@id":"https:\/\/recal-se.tbwebsite.com\/de\/#\/schema\/logo\/image\/","url":"https:\/\/recal-se.tbwebsite.com\/de\/wp-content\/uploads\/sites\/4\/2020\/06\/recal-logotype_svart_1.png","contentUrl":"https:\/\/recal-se.tbwebsite.com\/de\/wp-content\/uploads\/sites\/4\/2020\/06\/recal-logotype_svart_1.png","width":260,"height":52,"caption":"Recal Deutschland"},"image":{"@id":"https:\/\/recal-se.tbwebsite.com\/de\/#\/schema\/logo\/image\/"}}]}},"_links":{"self":[{"href":"https:\/\/recal-se.tbwebsite.com\/de\/wp-json\/wp\/v2\/product\/935"}],"collection":[{"href":"https:\/\/recal-se.tbwebsite.com\/de\/wp-json\/wp\/v2\/product"}],"about":[{"href":"https:\/\/recal-se.tbwebsite.com\/de\/wp-json\/wp\/v2\/types\/product"}],"replies":[{"embeddable":true,"href":"https:\/\/recal-se.tbwebsite.com\/de\/wp-json\/wp\/v2\/comments?post=935"}],"version-history":[{"count":7,"href":"https:\/\/recal-se.tbwebsite.com\/de\/wp-json\/wp\/v2\/product\/935\/revisions"}],"predecessor-version":[{"id":15166,"href":"https:\/\/recal-se.tbwebsite.com\/de\/wp-json\/wp\/v2\/product\/935\/revisions\/15166"}],"wp:featuredmedia":[{"embeddable":true,"href":"https:\/\/recal-se.tbwebsite.com\/de\/wp-json\/wp\/v2\/media\/5476"}],"wp:attachment":[{"href":"https:\/\/recal-se.tbwebsite.com\/de\/wp-json\/wp\/v2\/media?parent=935"}],"wp:term":[{"taxonomy":"product_cat","embeddable":true,"href":"https:\/\/recal-se.tbwebsite.com\/de\/wp-json\/wp\/v2\/product_cat?post=935"},{"taxonomy":"product_tag","embeddable":true,"href":"https:\/\/recal-se.tbwebsite.com\/de\/wp-json\/wp\/v2\/product_tag?post=935"}],"curies":[{"name":"wp","href":"https:\/\/api.w.org\/{rel}","templated":true}]}}