{"id":920,"date":"2021-04-12T11:44:21","date_gmt":"2021-04-12T11:44:21","guid":{"rendered":"https:\/\/recal-se.tbwebsite.com\/?post_type=product&#038;p=920"},"modified":"2023-10-26T07:48:18","modified_gmt":"2023-10-26T07:48:18","slug":"rabattkant-aluminium-hog-160mm","status":"publish","type":"product","link":"https:\/\/recal-se.tbwebsite.com\/de\/rasenkante\/rabattkant-aluminium-hog-160mm\/","title":{"rendered":"Rabattkant i aluminium"},"content":{"rendered":"<p>V\u00e5ra rabattkanter i annodiserad aluminium utstr\u00e5lar en elegant k\u00e4nsla i hela tr\u00e4dg\u00e5rden. Produkten \u00e4r helt underh\u00e5llsfri och rostar inte och \u00e4r ett bra komplement till er som letar efter n\u00e5got annat \u00e4n Corten!<\/p>\n<p>Rabattkanten fungerar utm\u00e4rkt som avgr\u00e4nsning mellan gr\u00e4smatta och rabatter eller g\u00e5ngar. Kanterna \u00e4r tillverkade av 1,6 mm. L\u00e4ngd 1120mm och en h\u00f6jd p\u00e5 160mm.<\/p>\n<p>Aluminiumprofilen som \u00e4r avrundad f\u00f6r att den inte skall vara vass att stiga p\u00e5. Profilen \u00e4r \u00e4r helt underh\u00e5llsfri och sammanfogas enkelt med skruv och mutter som medf\u00f6ljer i paketet.<\/p>\n<p>&nbsp;<\/p>\n<p>Beh\u00f6ver ni specialm\u00e5tt s\u00e5 maila oss s\u00e5 l\u00f6ser vi det.<\/p>\n<p>&nbsp;<\/p>\n","protected":false},"excerpt":{"rendered":"<p>Rabattkant i anodiserat aluminium som \u00e4r underh\u00e5lls- och rostfri. Rabattkanten fungerar som avgr\u00e4nsning mellan gr\u00e4smatta och planteringar eller g\u00e5ngar. Levereras med rundad kant f\u00f6r att undvika skador. Profilen \u00e4r \u00e4r helt underh\u00e5llsfri och sammanfogas enkelt med skruv och mutter som medf\u00f6ljer i paketet.<\/p>\n<ul>\n<li><strong>H\u00f6jd: <\/strong><em>100 mm och 160 mm<\/em><\/li>\n<li><strong>L\u00e4ngd:\u00a0<\/strong><em>1100 mm<\/em><\/li>\n<li><strong>Vikt:<\/strong><em>\u00a01,5 kg<\/em><\/li>\n<\/ul>\n<p>L\u00e4ngden 1100 mm g\u00e4ller n\u00e4r den \u00e4r monterad. Totall\u00e4ngd \u00e4r 1120 mm omonterad. Vid montering \u00f6verlappar aluminiumprofilen med 20 mm.<\/p>\n","protected":false},"featured_media":5479,"comment_status":"closed","ping_status":"closed","template":"","meta":{"_acf_changed":false},"product_cat":[115,93],"product_tag":[96],"composite_virtual":false,"composite_layout":"","composite_add_to_cart_form_location":"","composite_editable_in_cart":false,"composite_sold_individually_context":"","composite_shop_price_calc":"","composite_components":[],"composite_scenarios":[],"acf":[],"yoast_head":"<!-- This site is optimized with the Yoast SEO plugin v22.2 - https:\/\/yoast.com\/wordpress\/plugins\/seo\/ -->\n<title>Rabattkant i aluminium Rak - Recal Deutschland<\/title>\n<meta name=\"description\" content=\"Rabattkanten fungerar som avgr\u00e4nsning mellan gr\u00e4smatta och planteringar eller g\u00e5ngar och f\u00f6rh\u00f6jer din tr\u00e4dg\u00e5rd.\" \/>\n<meta name=\"robots\" content=\"index, follow, max-snippet:-1, max-image-preview:large, max-video-preview:-1\" \/>\n<link rel=\"canonical\" href=\"https:\/\/recal-se.tbwebsite.com\/de\/rasenkante\/rabattkant-aluminium-hog-160mm\/\" \/>\n<meta property=\"og:locale\" content=\"de_DE\" \/>\n<meta property=\"og:type\" content=\"article\" \/>\n<meta property=\"og:title\" content=\"Rabattkant i aluminium Rak - Recal Deutschland\" \/>\n<meta property=\"og:description\" content=\"Rabattkanten fungerar som avgr\u00e4nsning mellan gr\u00e4smatta och planteringar eller g\u00e5ngar och f\u00f6rh\u00f6jer din tr\u00e4dg\u00e5rd.\" \/>\n<meta property=\"og:url\" content=\"https:\/\/recal-se.tbwebsite.com\/de\/rasenkante\/rabattkant-aluminium-hog-160mm\/\" \/>\n<meta property=\"og:site_name\" content=\"Recal Deutschland\" \/>\n<meta property=\"article:modified_time\" content=\"2023-10-26T07:48:18+00:00\" \/>\n<meta property=\"og:image\" content=\"https:\/\/recal-se.tbwebsite.com\/de\/wp-content\/uploads\/sites\/4\/2021\/04\/rabattkant_1-1.png\" \/>\n\t<meta property=\"og:image:width\" content=\"1400\" \/>\n\t<meta property=\"og:image:height\" content=\"1400\" \/>\n\t<meta property=\"og:image:type\" content=\"image\/png\" \/>\n<meta name=\"twitter:card\" content=\"summary_large_image\" \/>\n<meta name=\"twitter:label1\" content=\"Gesch\u00e4tzte Lesezeit\" \/>\n\t<meta name=\"twitter:data1\" content=\"1 Minute\" \/>\n<script type=\"application\/ld+json\" class=\"yoast-schema-graph\">{\"@context\":\"https:\/\/schema.org\",\"@graph\":[{\"@type\":\"WebPage\",\"@id\":\"https:\/\/recal-se.tbwebsite.com\/de\/rasenkante\/rabattkant-aluminium-hog-160mm\/\",\"url\":\"https:\/\/recal-se.tbwebsite.com\/de\/rasenkante\/rabattkant-aluminium-hog-160mm\/\",\"name\":\"Rabattkant i aluminium Rak - Recal Deutschland\",\"isPartOf\":{\"@id\":\"https:\/\/recal-se.tbwebsite.com\/de\/#website\"},\"primaryImageOfPage\":{\"@id\":\"https:\/\/recal-se.tbwebsite.com\/de\/rasenkante\/rabattkant-aluminium-hog-160mm\/#primaryimage\"},\"image\":{\"@id\":\"https:\/\/recal-se.tbwebsite.com\/de\/rasenkante\/rabattkant-aluminium-hog-160mm\/#primaryimage\"},\"thumbnailUrl\":\"https:\/\/recal-se.tbwebsite.com\/de\/wp-content\/uploads\/sites\/4\/2021\/04\/rabattkant_1-1.png\",\"datePublished\":\"2021-04-12T11:44:21+00:00\",\"dateModified\":\"2023-10-26T07:48:18+00:00\",\"description\":\"Rabattkanten fungerar som avgr\u00e4nsning mellan gr\u00e4smatta och planteringar eller g\u00e5ngar och f\u00f6rh\u00f6jer din tr\u00e4dg\u00e5rd.\",\"breadcrumb\":{\"@id\":\"https:\/\/recal-se.tbwebsite.com\/de\/rasenkante\/rabattkant-aluminium-hog-160mm\/#breadcrumb\"},\"inLanguage\":\"de-DE\",\"potentialAction\":[{\"@type\":\"ReadAction\",\"target\":[\"https:\/\/recal-se.tbwebsite.com\/de\/rasenkante\/rabattkant-aluminium-hog-160mm\/\"]}]},{\"@type\":\"ImageObject\",\"inLanguage\":\"de-DE\",\"@id\":\"https:\/\/recal-se.tbwebsite.com\/de\/rasenkante\/rabattkant-aluminium-hog-160mm\/#primaryimage\",\"url\":\"https:\/\/recal-se.tbwebsite.com\/de\/wp-content\/uploads\/sites\/4\/2021\/04\/rabattkant_1-1.png\",\"contentUrl\":\"https:\/\/recal-se.tbwebsite.com\/de\/wp-content\/uploads\/sites\/4\/2021\/04\/rabattkant_1-1.png\",\"width\":1400,\"height\":1400},{\"@type\":\"BreadcrumbList\",\"@id\":\"https:\/\/recal-se.tbwebsite.com\/de\/rasenkante\/rabattkant-aluminium-hog-160mm\/#breadcrumb\",\"itemListElement\":[{\"@type\":\"ListItem\",\"position\":1,\"name\":\"Home\",\"item\":\"https:\/\/recal-se.tbwebsite.com\/de\/\"},{\"@type\":\"ListItem\",\"position\":2,\"name\":\"Shop\",\"item\":\"https:\/\/recal-se.tbwebsite.com\/de\/shop\/\"},{\"@type\":\"ListItem\",\"position\":3,\"name\":\"Rabattkant i aluminium\"}]},{\"@type\":\"WebSite\",\"@id\":\"https:\/\/recal-se.tbwebsite.com\/de\/#website\",\"url\":\"https:\/\/recal-se.tbwebsite.com\/de\/\",\"name\":\"Recal Deutschland\",\"description\":\"Tr\u00e4dg\u00e5rdsprodukter tillverkade i aluminium fr\u00e5n Sm\u00e5land\",\"publisher\":{\"@id\":\"https:\/\/recal-se.tbwebsite.com\/de\/#organization\"},\"potentialAction\":[{\"@type\":\"SearchAction\",\"target\":{\"@type\":\"EntryPoint\",\"urlTemplate\":\"https:\/\/recal-se.tbwebsite.com\/de\/?s={search_term_string}\"},\"query-input\":\"required name=search_term_string\"}],\"inLanguage\":\"de-DE\"},{\"@type\":\"Organization\",\"@id\":\"https:\/\/recal-se.tbwebsite.com\/de\/#organization\",\"name\":\"Recal Deutschland\",\"url\":\"https:\/\/recal-se.tbwebsite.com\/de\/\",\"logo\":{\"@type\":\"ImageObject\",\"inLanguage\":\"de-DE\",\"@id\":\"https:\/\/recal-se.tbwebsite.com\/de\/#\/schema\/logo\/image\/\",\"url\":\"https:\/\/recal-se.tbwebsite.com\/de\/wp-content\/uploads\/sites\/4\/2020\/06\/recal-logotype_svart_1.png\",\"contentUrl\":\"https:\/\/recal-se.tbwebsite.com\/de\/wp-content\/uploads\/sites\/4\/2020\/06\/recal-logotype_svart_1.png\",\"width\":260,\"height\":52,\"caption\":\"Recal Deutschland\"},\"image\":{\"@id\":\"https:\/\/recal-se.tbwebsite.com\/de\/#\/schema\/logo\/image\/\"}}]}<\/script>\n<!-- \/ Yoast SEO plugin. -->","yoast_head_json":{"title":"Rabattkant i aluminium Rak - Recal Deutschland","description":"Rabattkanten fungerar som avgr\u00e4nsning mellan gr\u00e4smatta och planteringar eller g\u00e5ngar och f\u00f6rh\u00f6jer din tr\u00e4dg\u00e5rd.","robots":{"index":"index","follow":"follow","max-snippet":"max-snippet:-1","max-image-preview":"max-image-preview:large","max-video-preview":"max-video-preview:-1"},"canonical":"https:\/\/recal-se.tbwebsite.com\/de\/rasenkante\/rabattkant-aluminium-hog-160mm\/","og_locale":"de_DE","og_type":"article","og_title":"Rabattkant i aluminium Rak - Recal Deutschland","og_description":"Rabattkanten fungerar som avgr\u00e4nsning mellan gr\u00e4smatta och planteringar eller g\u00e5ngar och f\u00f6rh\u00f6jer din tr\u00e4dg\u00e5rd.","og_url":"https:\/\/recal-se.tbwebsite.com\/de\/rasenkante\/rabattkant-aluminium-hog-160mm\/","og_site_name":"Recal Deutschland","article_modified_time":"2023-10-26T07:48:18+00:00","og_image":[{"width":1400,"height":1400,"url":"https:\/\/recal-se.tbwebsite.com\/de\/wp-content\/uploads\/sites\/4\/2021\/04\/rabattkant_1-1.png","type":"image\/png"}],"twitter_card":"summary_large_image","twitter_misc":{"Gesch\u00e4tzte Lesezeit":"1 Minute"},"schema":{"@context":"https:\/\/schema.org","@graph":[{"@type":"WebPage","@id":"https:\/\/recal-se.tbwebsite.com\/de\/rasenkante\/rabattkant-aluminium-hog-160mm\/","url":"https:\/\/recal-se.tbwebsite.com\/de\/rasenkante\/rabattkant-aluminium-hog-160mm\/","name":"Rabattkant i aluminium Rak - Recal Deutschland","isPartOf":{"@id":"https:\/\/recal-se.tbwebsite.com\/de\/#website"},"primaryImageOfPage":{"@id":"https:\/\/recal-se.tbwebsite.com\/de\/rasenkante\/rabattkant-aluminium-hog-160mm\/#primaryimage"},"image":{"@id":"https:\/\/recal-se.tbwebsite.com\/de\/rasenkante\/rabattkant-aluminium-hog-160mm\/#primaryimage"},"thumbnailUrl":"https:\/\/recal-se.tbwebsite.com\/de\/wp-content\/uploads\/sites\/4\/2021\/04\/rabattkant_1-1.png","datePublished":"2021-04-12T11:44:21+00:00","dateModified":"2023-10-26T07:48:18+00:00","description":"Rabattkanten fungerar som avgr\u00e4nsning mellan gr\u00e4smatta och planteringar eller g\u00e5ngar och f\u00f6rh\u00f6jer din tr\u00e4dg\u00e5rd.","breadcrumb":{"@id":"https:\/\/recal-se.tbwebsite.com\/de\/rasenkante\/rabattkant-aluminium-hog-160mm\/#breadcrumb"},"inLanguage":"de-DE","potentialAction":[{"@type":"ReadAction","target":["https:\/\/recal-se.tbwebsite.com\/de\/rasenkante\/rabattkant-aluminium-hog-160mm\/"]}]},{"@type":"ImageObject","inLanguage":"de-DE","@id":"https:\/\/recal-se.tbwebsite.com\/de\/rasenkante\/rabattkant-aluminium-hog-160mm\/#primaryimage","url":"https:\/\/recal-se.tbwebsite.com\/de\/wp-content\/uploads\/sites\/4\/2021\/04\/rabattkant_1-1.png","contentUrl":"https:\/\/recal-se.tbwebsite.com\/de\/wp-content\/uploads\/sites\/4\/2021\/04\/rabattkant_1-1.png","width":1400,"height":1400},{"@type":"BreadcrumbList","@id":"https:\/\/recal-se.tbwebsite.com\/de\/rasenkante\/rabattkant-aluminium-hog-160mm\/#breadcrumb","itemListElement":[{"@type":"ListItem","position":1,"name":"Home","item":"https:\/\/recal-se.tbwebsite.com\/de\/"},{"@type":"ListItem","position":2,"name":"Shop","item":"https:\/\/recal-se.tbwebsite.com\/de\/shop\/"},{"@type":"ListItem","position":3,"name":"Rabattkant i aluminium"}]},{"@type":"WebSite","@id":"https:\/\/recal-se.tbwebsite.com\/de\/#website","url":"https:\/\/recal-se.tbwebsite.com\/de\/","name":"Recal Deutschland","description":"Tr\u00e4dg\u00e5rdsprodukter tillverkade i aluminium fr\u00e5n Sm\u00e5land","publisher":{"@id":"https:\/\/recal-se.tbwebsite.com\/de\/#organization"},"potentialAction":[{"@type":"SearchAction","target":{"@type":"EntryPoint","urlTemplate":"https:\/\/recal-se.tbwebsite.com\/de\/?s={search_term_string}"},"query-input":"required name=search_term_string"}],"inLanguage":"de-DE"},{"@type":"Organization","@id":"https:\/\/recal-se.tbwebsite.com\/de\/#organization","name":"Recal Deutschland","url":"https:\/\/recal-se.tbwebsite.com\/de\/","logo":{"@type":"ImageObject","inLanguage":"de-DE","@id":"https:\/\/recal-se.tbwebsite.com\/de\/#\/schema\/logo\/image\/","url":"https:\/\/recal-se.tbwebsite.com\/de\/wp-content\/uploads\/sites\/4\/2020\/06\/recal-logotype_svart_1.png","contentUrl":"https:\/\/recal-se.tbwebsite.com\/de\/wp-content\/uploads\/sites\/4\/2020\/06\/recal-logotype_svart_1.png","width":260,"height":52,"caption":"Recal Deutschland"},"image":{"@id":"https:\/\/recal-se.tbwebsite.com\/de\/#\/schema\/logo\/image\/"}}]}},"_links":{"self":[{"href":"https:\/\/recal-se.tbwebsite.com\/de\/wp-json\/wp\/v2\/product\/920"}],"collection":[{"href":"https:\/\/recal-se.tbwebsite.com\/de\/wp-json\/wp\/v2\/product"}],"about":[{"href":"https:\/\/recal-se.tbwebsite.com\/de\/wp-json\/wp\/v2\/types\/product"}],"replies":[{"embeddable":true,"href":"https:\/\/recal-se.tbwebsite.com\/de\/wp-json\/wp\/v2\/comments?post=920"}],"version-history":[{"count":3,"href":"https:\/\/recal-se.tbwebsite.com\/de\/wp-json\/wp\/v2\/product\/920\/revisions"}],"predecessor-version":[{"id":4760,"href":"https:\/\/recal-se.tbwebsite.com\/de\/wp-json\/wp\/v2\/product\/920\/revisions\/4760"}],"wp:featuredmedia":[{"embeddable":true,"href":"https:\/\/recal-se.tbwebsite.com\/de\/wp-json\/wp\/v2\/media\/5479"}],"wp:attachment":[{"href":"https:\/\/recal-se.tbwebsite.com\/de\/wp-json\/wp\/v2\/media?parent=920"}],"wp:term":[{"taxonomy":"product_cat","embeddable":true,"href":"https:\/\/recal-se.tbwebsite.com\/de\/wp-json\/wp\/v2\/product_cat?post=920"},{"taxonomy":"product_tag","embeddable":true,"href":"https:\/\/recal-se.tbwebsite.com\/de\/wp-json\/wp\/v2\/product_tag?post=920"}],"curies":[{"name":"wp","href":"https:\/\/api.w.org\/{rel}","templated":true}]}}