{"id":724,"date":"2020-06-27T04:09:03","date_gmt":"2020-06-27T04:09:03","guid":{"rendered":"https:\/\/recal-se.tbwebsite.com\/?post_type=product&#038;p=724"},"modified":"2024-03-05T14:21:24","modified_gmt":"2024-03-05T14:21:24","slug":"pfostenfuss","status":"publish","type":"product","link":"https:\/\/recal-se.tbwebsite.com\/de\/zubehoer\/pfostenfuss\/","title":{"rendered":"Pfostenfu\u00df- zum Zaunpfosten"},"content":{"rendered":"<p id=\"tw-target-text\" class=\"tw-data-text tw-text-large tw-ta\" dir=\"ltr\" data-placeholder=\"\u00d6vers\u00e4ttning\" data-ved=\"2ahUKEwjto_e8ttyEAxXiQfEDHWHKDXYQ3ewLegQIBRAU\"><span class=\"Y2IQFc\" lang=\"de\">Pfostenfu\u00df aus Aluminium zur Montage beispielsweise auf Beton oder Terrassendielen. Dieser Pfostenfu\u00df passt zu allen Zaunpfosten von Recal. <\/span><\/p>\n<p class=\"tw-data-text tw-text-large tw-ta\" dir=\"ltr\" data-placeholder=\"\u00d6vers\u00e4ttning\" data-ved=\"2ahUKEwjto_e8ttyEAxXiQfEDHWHKDXYQ3ewLegQIBRAU\"><span class=\"Y2IQFc\" lang=\"de\">Gr\u00f6\u00dfe:<\/span><\/p>\n<p class=\"tw-data-text tw-text-large tw-ta\" dir=\"ltr\" data-placeholder=\"\u00d6vers\u00e4ttning\" data-ved=\"2ahUKEwjto_e8ttyEAxXiQfEDHWHKDXYQ3ewLegQIBRAU\"><span class=\"Y2IQFc\" lang=\"de\">L\u00e4nge 13,5 cm <\/span><\/p>\n<p class=\"tw-data-text tw-text-large tw-ta\" dir=\"ltr\" data-placeholder=\"\u00d6vers\u00e4ttning\" data-ved=\"2ahUKEwjto_e8ttyEAxXiQfEDHWHKDXYQ3ewLegQIBRAU\"><span class=\"Y2IQFc\" lang=\"de\">Breite 7 cm <\/span><\/p>\n<p class=\"tw-data-text tw-text-large tw-ta\" dir=\"ltr\" data-placeholder=\"\u00d6vers\u00e4ttning\" data-ved=\"2ahUKEwjto_e8ttyEAxXiQfEDHWHKDXYQ3ewLegQIBRAU\"><span class=\"Y2IQFc\" lang=\"de\">Erh\u00e4ltlich in 2 verschiedenen Farben. Bestellen Sie in der gleichen Farbe wie Ihre Stange.<\/span><\/p>\n<p>Ben\u00f6tigen Sie Bodenanker, bestellen Sie bitte die Artikelnummer: 109 separat f\u00fcr die Montage in Gras oder Boden. HINWEIS Maximale H\u00f6he des Zaunpfostens bei Montage im Boden 120cm.<br \/>\nHolzschraube Artikelnummer 106 oder Betonschraube Artikelnummer 107 separat bestellen.<\/p>\n","protected":false},"excerpt":{"rendered":"<p>Pfostenfu\u00df aus Aluminium zur Montage beispielsweise auf Beton oder Terrassendielen. Dieser Pfostenfu\u00df passt zu allen Zaunpfosten von Recal<\/p>\n<p>&nbsp;<\/p>\n","protected":false},"featured_media":5521,"comment_status":"closed","ping_status":"closed","template":"","meta":{"_acf_changed":false},"product_cat":[198,32],"product_tag":[72],"composite_virtual":false,"composite_layout":"","composite_add_to_cart_form_location":"","composite_editable_in_cart":false,"composite_sold_individually_context":"","composite_shop_price_calc":"","composite_components":[],"composite_scenarios":[],"acf":[],"yoast_head":"<!-- This site is optimized with the Yoast SEO plugin v22.2 - https:\/\/yoast.com\/wordpress\/plugins\/seo\/ -->\n<title>Pfostenfu\u00df- zum Zaunpfosten - Recal Deutschland<\/title>\n<meta name=\"description\" content=\"Pfostenfu\u00df aus Aluminium zur Montage beispielsweise auf Beton oder Terrassendielen. Dieser Pfostenfu\u00df passt zu allen Zaunpfosten von Recal\" \/>\n<meta name=\"robots\" content=\"index, follow, max-snippet:-1, max-image-preview:large, max-video-preview:-1\" \/>\n<link rel=\"canonical\" href=\"https:\/\/recal-se.tbwebsite.com\/de\/zubehoer\/pfostenfuss\/\" \/>\n<meta property=\"og:locale\" content=\"de_DE\" \/>\n<meta property=\"og:type\" content=\"article\" \/>\n<meta property=\"og:title\" content=\"Pfostenfu\u00df- zum Zaunpfosten - Recal Deutschland\" \/>\n<meta property=\"og:description\" content=\"Pfostenfu\u00df aus Aluminium zur Montage beispielsweise auf Beton oder Terrassendielen. Dieser Pfostenfu\u00df passt zu allen Zaunpfosten von Recal\" \/>\n<meta property=\"og:url\" content=\"https:\/\/recal-se.tbwebsite.com\/de\/zubehoer\/pfostenfuss\/\" \/>\n<meta property=\"og:site_name\" content=\"Recal Deutschland\" \/>\n<meta property=\"article:modified_time\" content=\"2024-03-05T14:21:24+00:00\" \/>\n<meta property=\"og:image\" content=\"https:\/\/recal-se.tbwebsite.com\/de\/wp-content\/uploads\/sites\/4\/2020\/06\/D1A0163-1.png\" \/>\n\t<meta property=\"og:image:width\" content=\"1400\" \/>\n\t<meta property=\"og:image:height\" content=\"1400\" \/>\n\t<meta property=\"og:image:type\" content=\"image\/png\" \/>\n<meta name=\"twitter:card\" content=\"summary_large_image\" \/>\n<meta name=\"twitter:label1\" content=\"Gesch\u00e4tzte Lesezeit\" \/>\n\t<meta name=\"twitter:data1\" content=\"1 Minute\" \/>\n<script type=\"application\/ld+json\" class=\"yoast-schema-graph\">{\"@context\":\"https:\/\/schema.org\",\"@graph\":[{\"@type\":\"WebPage\",\"@id\":\"https:\/\/recal-se.tbwebsite.com\/de\/zubehoer\/pfostenfuss\/\",\"url\":\"https:\/\/recal-se.tbwebsite.com\/de\/zubehoer\/pfostenfuss\/\",\"name\":\"Pfostenfu\u00df- zum Zaunpfosten - Recal Deutschland\",\"isPartOf\":{\"@id\":\"https:\/\/recal-se.tbwebsite.com\/de\/#website\"},\"primaryImageOfPage\":{\"@id\":\"https:\/\/recal-se.tbwebsite.com\/de\/zubehoer\/pfostenfuss\/#primaryimage\"},\"image\":{\"@id\":\"https:\/\/recal-se.tbwebsite.com\/de\/zubehoer\/pfostenfuss\/#primaryimage\"},\"thumbnailUrl\":\"https:\/\/recal-se.tbwebsite.com\/de\/wp-content\/uploads\/sites\/4\/2020\/06\/D1A0163-1.png\",\"datePublished\":\"2020-06-27T04:09:03+00:00\",\"dateModified\":\"2024-03-05T14:21:24+00:00\",\"description\":\"Pfostenfu\u00df aus Aluminium zur Montage beispielsweise auf Beton oder Terrassendielen. Dieser Pfostenfu\u00df passt zu allen Zaunpfosten von Recal\",\"breadcrumb\":{\"@id\":\"https:\/\/recal-se.tbwebsite.com\/de\/zubehoer\/pfostenfuss\/#breadcrumb\"},\"inLanguage\":\"de-DE\",\"potentialAction\":[{\"@type\":\"ReadAction\",\"target\":[\"https:\/\/recal-se.tbwebsite.com\/de\/zubehoer\/pfostenfuss\/\"]}]},{\"@type\":\"ImageObject\",\"inLanguage\":\"de-DE\",\"@id\":\"https:\/\/recal-se.tbwebsite.com\/de\/zubehoer\/pfostenfuss\/#primaryimage\",\"url\":\"https:\/\/recal-se.tbwebsite.com\/de\/wp-content\/uploads\/sites\/4\/2020\/06\/D1A0163-1.png\",\"contentUrl\":\"https:\/\/recal-se.tbwebsite.com\/de\/wp-content\/uploads\/sites\/4\/2020\/06\/D1A0163-1.png\",\"width\":1400,\"height\":1400},{\"@type\":\"BreadcrumbList\",\"@id\":\"https:\/\/recal-se.tbwebsite.com\/de\/zubehoer\/pfostenfuss\/#breadcrumb\",\"itemListElement\":[{\"@type\":\"ListItem\",\"position\":1,\"name\":\"Home\",\"item\":\"https:\/\/recal-se.tbwebsite.com\/de\/\"},{\"@type\":\"ListItem\",\"position\":2,\"name\":\"Shop\",\"item\":\"https:\/\/recal-se.tbwebsite.com\/de\/shop\/\"},{\"@type\":\"ListItem\",\"position\":3,\"name\":\"Pfostenfu\u00df- zum Zaunpfosten\"}]},{\"@type\":\"WebSite\",\"@id\":\"https:\/\/recal-se.tbwebsite.com\/de\/#website\",\"url\":\"https:\/\/recal-se.tbwebsite.com\/de\/\",\"name\":\"Recal Deutschland\",\"description\":\"Tr\u00e4dg\u00e5rdsprodukter tillverkade i aluminium fr\u00e5n Sm\u00e5land\",\"publisher\":{\"@id\":\"https:\/\/recal-se.tbwebsite.com\/de\/#organization\"},\"potentialAction\":[{\"@type\":\"SearchAction\",\"target\":{\"@type\":\"EntryPoint\",\"urlTemplate\":\"https:\/\/recal-se.tbwebsite.com\/de\/?s={search_term_string}\"},\"query-input\":\"required name=search_term_string\"}],\"inLanguage\":\"de-DE\"},{\"@type\":\"Organization\",\"@id\":\"https:\/\/recal-se.tbwebsite.com\/de\/#organization\",\"name\":\"Recal Deutschland\",\"url\":\"https:\/\/recal-se.tbwebsite.com\/de\/\",\"logo\":{\"@type\":\"ImageObject\",\"inLanguage\":\"de-DE\",\"@id\":\"https:\/\/recal-se.tbwebsite.com\/de\/#\/schema\/logo\/image\/\",\"url\":\"https:\/\/recal-se.tbwebsite.com\/de\/wp-content\/uploads\/sites\/4\/2020\/06\/recal-logotype_svart_1.png\",\"contentUrl\":\"https:\/\/recal-se.tbwebsite.com\/de\/wp-content\/uploads\/sites\/4\/2020\/06\/recal-logotype_svart_1.png\",\"width\":260,\"height\":52,\"caption\":\"Recal Deutschland\"},\"image\":{\"@id\":\"https:\/\/recal-se.tbwebsite.com\/de\/#\/schema\/logo\/image\/\"}}]}<\/script>\n<!-- \/ Yoast SEO plugin. -->","yoast_head_json":{"title":"Pfostenfu\u00df- zum Zaunpfosten - Recal Deutschland","description":"Pfostenfu\u00df aus Aluminium zur Montage beispielsweise auf Beton oder Terrassendielen. Dieser Pfostenfu\u00df passt zu allen Zaunpfosten von Recal","robots":{"index":"index","follow":"follow","max-snippet":"max-snippet:-1","max-image-preview":"max-image-preview:large","max-video-preview":"max-video-preview:-1"},"canonical":"https:\/\/recal-se.tbwebsite.com\/de\/zubehoer\/pfostenfuss\/","og_locale":"de_DE","og_type":"article","og_title":"Pfostenfu\u00df- zum Zaunpfosten - Recal Deutschland","og_description":"Pfostenfu\u00df aus Aluminium zur Montage beispielsweise auf Beton oder Terrassendielen. Dieser Pfostenfu\u00df passt zu allen Zaunpfosten von Recal","og_url":"https:\/\/recal-se.tbwebsite.com\/de\/zubehoer\/pfostenfuss\/","og_site_name":"Recal Deutschland","article_modified_time":"2024-03-05T14:21:24+00:00","og_image":[{"width":1400,"height":1400,"url":"https:\/\/recal-se.tbwebsite.com\/de\/wp-content\/uploads\/sites\/4\/2020\/06\/D1A0163-1.png","type":"image\/png"}],"twitter_card":"summary_large_image","twitter_misc":{"Gesch\u00e4tzte Lesezeit":"1 Minute"},"schema":{"@context":"https:\/\/schema.org","@graph":[{"@type":"WebPage","@id":"https:\/\/recal-se.tbwebsite.com\/de\/zubehoer\/pfostenfuss\/","url":"https:\/\/recal-se.tbwebsite.com\/de\/zubehoer\/pfostenfuss\/","name":"Pfostenfu\u00df- zum Zaunpfosten - Recal Deutschland","isPartOf":{"@id":"https:\/\/recal-se.tbwebsite.com\/de\/#website"},"primaryImageOfPage":{"@id":"https:\/\/recal-se.tbwebsite.com\/de\/zubehoer\/pfostenfuss\/#primaryimage"},"image":{"@id":"https:\/\/recal-se.tbwebsite.com\/de\/zubehoer\/pfostenfuss\/#primaryimage"},"thumbnailUrl":"https:\/\/recal-se.tbwebsite.com\/de\/wp-content\/uploads\/sites\/4\/2020\/06\/D1A0163-1.png","datePublished":"2020-06-27T04:09:03+00:00","dateModified":"2024-03-05T14:21:24+00:00","description":"Pfostenfu\u00df aus Aluminium zur Montage beispielsweise auf Beton oder Terrassendielen. Dieser Pfostenfu\u00df passt zu allen Zaunpfosten von Recal","breadcrumb":{"@id":"https:\/\/recal-se.tbwebsite.com\/de\/zubehoer\/pfostenfuss\/#breadcrumb"},"inLanguage":"de-DE","potentialAction":[{"@type":"ReadAction","target":["https:\/\/recal-se.tbwebsite.com\/de\/zubehoer\/pfostenfuss\/"]}]},{"@type":"ImageObject","inLanguage":"de-DE","@id":"https:\/\/recal-se.tbwebsite.com\/de\/zubehoer\/pfostenfuss\/#primaryimage","url":"https:\/\/recal-se.tbwebsite.com\/de\/wp-content\/uploads\/sites\/4\/2020\/06\/D1A0163-1.png","contentUrl":"https:\/\/recal-se.tbwebsite.com\/de\/wp-content\/uploads\/sites\/4\/2020\/06\/D1A0163-1.png","width":1400,"height":1400},{"@type":"BreadcrumbList","@id":"https:\/\/recal-se.tbwebsite.com\/de\/zubehoer\/pfostenfuss\/#breadcrumb","itemListElement":[{"@type":"ListItem","position":1,"name":"Home","item":"https:\/\/recal-se.tbwebsite.com\/de\/"},{"@type":"ListItem","position":2,"name":"Shop","item":"https:\/\/recal-se.tbwebsite.com\/de\/shop\/"},{"@type":"ListItem","position":3,"name":"Pfostenfu\u00df- zum Zaunpfosten"}]},{"@type":"WebSite","@id":"https:\/\/recal-se.tbwebsite.com\/de\/#website","url":"https:\/\/recal-se.tbwebsite.com\/de\/","name":"Recal Deutschland","description":"Tr\u00e4dg\u00e5rdsprodukter tillverkade i aluminium fr\u00e5n Sm\u00e5land","publisher":{"@id":"https:\/\/recal-se.tbwebsite.com\/de\/#organization"},"potentialAction":[{"@type":"SearchAction","target":{"@type":"EntryPoint","urlTemplate":"https:\/\/recal-se.tbwebsite.com\/de\/?s={search_term_string}"},"query-input":"required name=search_term_string"}],"inLanguage":"de-DE"},{"@type":"Organization","@id":"https:\/\/recal-se.tbwebsite.com\/de\/#organization","name":"Recal Deutschland","url":"https:\/\/recal-se.tbwebsite.com\/de\/","logo":{"@type":"ImageObject","inLanguage":"de-DE","@id":"https:\/\/recal-se.tbwebsite.com\/de\/#\/schema\/logo\/image\/","url":"https:\/\/recal-se.tbwebsite.com\/de\/wp-content\/uploads\/sites\/4\/2020\/06\/recal-logotype_svart_1.png","contentUrl":"https:\/\/recal-se.tbwebsite.com\/de\/wp-content\/uploads\/sites\/4\/2020\/06\/recal-logotype_svart_1.png","width":260,"height":52,"caption":"Recal Deutschland"},"image":{"@id":"https:\/\/recal-se.tbwebsite.com\/de\/#\/schema\/logo\/image\/"}}]}},"_links":{"self":[{"href":"https:\/\/recal-se.tbwebsite.com\/de\/wp-json\/wp\/v2\/product\/724"}],"collection":[{"href":"https:\/\/recal-se.tbwebsite.com\/de\/wp-json\/wp\/v2\/product"}],"about":[{"href":"https:\/\/recal-se.tbwebsite.com\/de\/wp-json\/wp\/v2\/types\/product"}],"replies":[{"embeddable":true,"href":"https:\/\/recal-se.tbwebsite.com\/de\/wp-json\/wp\/v2\/comments?post=724"}],"version-history":[{"count":6,"href":"https:\/\/recal-se.tbwebsite.com\/de\/wp-json\/wp\/v2\/product\/724\/revisions"}],"predecessor-version":[{"id":15250,"href":"https:\/\/recal-se.tbwebsite.com\/de\/wp-json\/wp\/v2\/product\/724\/revisions\/15250"}],"wp:featuredmedia":[{"embeddable":true,"href":"https:\/\/recal-se.tbwebsite.com\/de\/wp-json\/wp\/v2\/media\/5521"}],"wp:attachment":[{"href":"https:\/\/recal-se.tbwebsite.com\/de\/wp-json\/wp\/v2\/media?parent=724"}],"wp:term":[{"taxonomy":"product_cat","embeddable":true,"href":"https:\/\/recal-se.tbwebsite.com\/de\/wp-json\/wp\/v2\/product_cat?post=724"},{"taxonomy":"product_tag","embeddable":true,"href":"https:\/\/recal-se.tbwebsite.com\/de\/wp-json\/wp\/v2\/product_tag?post=724"}],"curies":[{"name":"wp","href":"https:\/\/api.w.org\/{rel}","templated":true}]}}