{"id":645,"date":"2020-06-09T10:00:37","date_gmt":"2020-06-09T10:00:37","guid":{"rendered":"https:\/\/recal-se.tbwebsite.com\/?post_type=product&#038;p=645"},"modified":"2023-10-26T08:22:54","modified_gmt":"2023-10-26T08:22:54","slug":"betongskruv","status":"publish","type":"product","link":"https:\/\/recal-se.tbwebsite.com\/de\/zubehoer\/betongskruv\/","title":{"rendered":"Betongskruv till Stolpfot"},"content":{"rendered":"<p>Multi Monti 7,5&#215;70 Protect 4- Betongskruv 4st<\/p>\n<p><b>Anv\u00e4ndningsomr\u00e5de<\/b><br \/>\nMulti-Monti betongskruv anv\u00e4nds f\u00f6r montage i betong, direkt i f\u00f6rborrat h\u00e5l utan plugg.<br \/>\nF\u00f6rborra h\u00e5let med 6mm betongborr innan inf\u00e4stning<br \/>\n<b>Beskrivning<\/b><br \/>\nTillverkad av h\u00e4rdat st\u00e5l, HP-Coated.<br \/>\nSp\u00e5rtyp: 6-kantshuvud med fl\u00e4ns<\/p>\n","protected":false},"excerpt":{"rendered":"<p>Multi-Monti-plus fl\u00e4ns- Betongskruv 4st<\/p>\n<p>&nbsp;<\/p>\n","protected":false},"featured_media":5524,"comment_status":"closed","ping_status":"closed","template":"","meta":{"_acf_changed":false},"product_cat":[32],"product_tag":[],"composite_virtual":false,"composite_layout":"","composite_add_to_cart_form_location":"","composite_editable_in_cart":false,"composite_sold_individually_context":"","composite_shop_price_calc":"","composite_components":[],"composite_scenarios":[],"acf":[],"yoast_head":"<!-- This site is optimized with the Yoast SEO plugin v22.2 - https:\/\/yoast.com\/wordpress\/plugins\/seo\/ -->\n<title>Betongskruv till Stolpfot - Recal Deutschland<\/title>\n<meta name=\"robots\" content=\"index, follow, max-snippet:-1, max-image-preview:large, max-video-preview:-1\" \/>\n<link rel=\"canonical\" href=\"https:\/\/recal-se.tbwebsite.com\/de\/zubehoer\/betongskruv\/\" \/>\n<meta property=\"og:locale\" content=\"de_DE\" \/>\n<meta property=\"og:type\" content=\"article\" \/>\n<meta property=\"og:title\" content=\"Betongskruv till Stolpfot - Recal Deutschland\" \/>\n<meta property=\"og:description\" content=\"Multi-Monti-plus fl\u00e4ns- Betongskruv 4st  &nbsp;\" \/>\n<meta property=\"og:url\" content=\"https:\/\/recal-se.tbwebsite.com\/de\/zubehoer\/betongskruv\/\" \/>\n<meta property=\"og:site_name\" content=\"Recal Deutschland\" \/>\n<meta property=\"article:modified_time\" content=\"2023-10-26T08:22:54+00:00\" \/>\n<meta property=\"og:image\" content=\"https:\/\/recal-se.tbwebsite.com\/de\/wp-content\/uploads\/sites\/4\/2020\/06\/107-1200x1200-1.png\" \/>\n\t<meta property=\"og:image:width\" content=\"1563\" \/>\n\t<meta property=\"og:image:height\" content=\"1563\" \/>\n\t<meta property=\"og:image:type\" content=\"image\/png\" \/>\n<meta name=\"twitter:card\" content=\"summary_large_image\" \/>\n<meta name=\"twitter:label1\" content=\"Gesch\u00e4tzte Lesezeit\" \/>\n\t<meta name=\"twitter:data1\" content=\"1 Minute\" \/>\n<script type=\"application\/ld+json\" class=\"yoast-schema-graph\">{\"@context\":\"https:\/\/schema.org\",\"@graph\":[{\"@type\":\"WebPage\",\"@id\":\"https:\/\/recal-se.tbwebsite.com\/de\/zubehoer\/betongskruv\/\",\"url\":\"https:\/\/recal-se.tbwebsite.com\/de\/zubehoer\/betongskruv\/\",\"name\":\"Betongskruv till Stolpfot - Recal Deutschland\",\"isPartOf\":{\"@id\":\"https:\/\/recal-se.tbwebsite.com\/de\/#website\"},\"primaryImageOfPage\":{\"@id\":\"https:\/\/recal-se.tbwebsite.com\/de\/zubehoer\/betongskruv\/#primaryimage\"},\"image\":{\"@id\":\"https:\/\/recal-se.tbwebsite.com\/de\/zubehoer\/betongskruv\/#primaryimage\"},\"thumbnailUrl\":\"https:\/\/recal-se.tbwebsite.com\/de\/wp-content\/uploads\/sites\/4\/2020\/06\/107-1200x1200-1.png\",\"datePublished\":\"2020-06-09T10:00:37+00:00\",\"dateModified\":\"2023-10-26T08:22:54+00:00\",\"breadcrumb\":{\"@id\":\"https:\/\/recal-se.tbwebsite.com\/de\/zubehoer\/betongskruv\/#breadcrumb\"},\"inLanguage\":\"de-DE\",\"potentialAction\":[{\"@type\":\"ReadAction\",\"target\":[\"https:\/\/recal-se.tbwebsite.com\/de\/zubehoer\/betongskruv\/\"]}]},{\"@type\":\"ImageObject\",\"inLanguage\":\"de-DE\",\"@id\":\"https:\/\/recal-se.tbwebsite.com\/de\/zubehoer\/betongskruv\/#primaryimage\",\"url\":\"https:\/\/recal-se.tbwebsite.com\/de\/wp-content\/uploads\/sites\/4\/2020\/06\/107-1200x1200-1.png\",\"contentUrl\":\"https:\/\/recal-se.tbwebsite.com\/de\/wp-content\/uploads\/sites\/4\/2020\/06\/107-1200x1200-1.png\",\"width\":1563,\"height\":1563},{\"@type\":\"BreadcrumbList\",\"@id\":\"https:\/\/recal-se.tbwebsite.com\/de\/zubehoer\/betongskruv\/#breadcrumb\",\"itemListElement\":[{\"@type\":\"ListItem\",\"position\":1,\"name\":\"Home\",\"item\":\"https:\/\/recal-se.tbwebsite.com\/de\/\"},{\"@type\":\"ListItem\",\"position\":2,\"name\":\"Shop\",\"item\":\"https:\/\/recal-se.tbwebsite.com\/de\/shop\/\"},{\"@type\":\"ListItem\",\"position\":3,\"name\":\"Betongskruv till Stolpfot\"}]},{\"@type\":\"WebSite\",\"@id\":\"https:\/\/recal-se.tbwebsite.com\/de\/#website\",\"url\":\"https:\/\/recal-se.tbwebsite.com\/de\/\",\"name\":\"Recal Deutschland\",\"description\":\"Tr\u00e4dg\u00e5rdsprodukter tillverkade i aluminium fr\u00e5n Sm\u00e5land\",\"publisher\":{\"@id\":\"https:\/\/recal-se.tbwebsite.com\/de\/#organization\"},\"potentialAction\":[{\"@type\":\"SearchAction\",\"target\":{\"@type\":\"EntryPoint\",\"urlTemplate\":\"https:\/\/recal-se.tbwebsite.com\/de\/?s={search_term_string}\"},\"query-input\":\"required name=search_term_string\"}],\"inLanguage\":\"de-DE\"},{\"@type\":\"Organization\",\"@id\":\"https:\/\/recal-se.tbwebsite.com\/de\/#organization\",\"name\":\"Recal Deutschland\",\"url\":\"https:\/\/recal-se.tbwebsite.com\/de\/\",\"logo\":{\"@type\":\"ImageObject\",\"inLanguage\":\"de-DE\",\"@id\":\"https:\/\/recal-se.tbwebsite.com\/de\/#\/schema\/logo\/image\/\",\"url\":\"https:\/\/recal-se.tbwebsite.com\/de\/wp-content\/uploads\/sites\/4\/2020\/06\/recal-logotype_svart_1.png\",\"contentUrl\":\"https:\/\/recal-se.tbwebsite.com\/de\/wp-content\/uploads\/sites\/4\/2020\/06\/recal-logotype_svart_1.png\",\"width\":260,\"height\":52,\"caption\":\"Recal Deutschland\"},\"image\":{\"@id\":\"https:\/\/recal-se.tbwebsite.com\/de\/#\/schema\/logo\/image\/\"}}]}<\/script>\n<!-- \/ Yoast SEO plugin. -->","yoast_head_json":{"title":"Betongskruv till Stolpfot - Recal Deutschland","robots":{"index":"index","follow":"follow","max-snippet":"max-snippet:-1","max-image-preview":"max-image-preview:large","max-video-preview":"max-video-preview:-1"},"canonical":"https:\/\/recal-se.tbwebsite.com\/de\/zubehoer\/betongskruv\/","og_locale":"de_DE","og_type":"article","og_title":"Betongskruv till Stolpfot - Recal Deutschland","og_description":"Multi-Monti-plus fl\u00e4ns- Betongskruv 4st  &nbsp;","og_url":"https:\/\/recal-se.tbwebsite.com\/de\/zubehoer\/betongskruv\/","og_site_name":"Recal Deutschland","article_modified_time":"2023-10-26T08:22:54+00:00","og_image":[{"width":1563,"height":1563,"url":"https:\/\/recal-se.tbwebsite.com\/de\/wp-content\/uploads\/sites\/4\/2020\/06\/107-1200x1200-1.png","type":"image\/png"}],"twitter_card":"summary_large_image","twitter_misc":{"Gesch\u00e4tzte Lesezeit":"1 Minute"},"schema":{"@context":"https:\/\/schema.org","@graph":[{"@type":"WebPage","@id":"https:\/\/recal-se.tbwebsite.com\/de\/zubehoer\/betongskruv\/","url":"https:\/\/recal-se.tbwebsite.com\/de\/zubehoer\/betongskruv\/","name":"Betongskruv till Stolpfot - Recal Deutschland","isPartOf":{"@id":"https:\/\/recal-se.tbwebsite.com\/de\/#website"},"primaryImageOfPage":{"@id":"https:\/\/recal-se.tbwebsite.com\/de\/zubehoer\/betongskruv\/#primaryimage"},"image":{"@id":"https:\/\/recal-se.tbwebsite.com\/de\/zubehoer\/betongskruv\/#primaryimage"},"thumbnailUrl":"https:\/\/recal-se.tbwebsite.com\/de\/wp-content\/uploads\/sites\/4\/2020\/06\/107-1200x1200-1.png","datePublished":"2020-06-09T10:00:37+00:00","dateModified":"2023-10-26T08:22:54+00:00","breadcrumb":{"@id":"https:\/\/recal-se.tbwebsite.com\/de\/zubehoer\/betongskruv\/#breadcrumb"},"inLanguage":"de-DE","potentialAction":[{"@type":"ReadAction","target":["https:\/\/recal-se.tbwebsite.com\/de\/zubehoer\/betongskruv\/"]}]},{"@type":"ImageObject","inLanguage":"de-DE","@id":"https:\/\/recal-se.tbwebsite.com\/de\/zubehoer\/betongskruv\/#primaryimage","url":"https:\/\/recal-se.tbwebsite.com\/de\/wp-content\/uploads\/sites\/4\/2020\/06\/107-1200x1200-1.png","contentUrl":"https:\/\/recal-se.tbwebsite.com\/de\/wp-content\/uploads\/sites\/4\/2020\/06\/107-1200x1200-1.png","width":1563,"height":1563},{"@type":"BreadcrumbList","@id":"https:\/\/recal-se.tbwebsite.com\/de\/zubehoer\/betongskruv\/#breadcrumb","itemListElement":[{"@type":"ListItem","position":1,"name":"Home","item":"https:\/\/recal-se.tbwebsite.com\/de\/"},{"@type":"ListItem","position":2,"name":"Shop","item":"https:\/\/recal-se.tbwebsite.com\/de\/shop\/"},{"@type":"ListItem","position":3,"name":"Betongskruv till Stolpfot"}]},{"@type":"WebSite","@id":"https:\/\/recal-se.tbwebsite.com\/de\/#website","url":"https:\/\/recal-se.tbwebsite.com\/de\/","name":"Recal Deutschland","description":"Tr\u00e4dg\u00e5rdsprodukter tillverkade i aluminium fr\u00e5n Sm\u00e5land","publisher":{"@id":"https:\/\/recal-se.tbwebsite.com\/de\/#organization"},"potentialAction":[{"@type":"SearchAction","target":{"@type":"EntryPoint","urlTemplate":"https:\/\/recal-se.tbwebsite.com\/de\/?s={search_term_string}"},"query-input":"required name=search_term_string"}],"inLanguage":"de-DE"},{"@type":"Organization","@id":"https:\/\/recal-se.tbwebsite.com\/de\/#organization","name":"Recal Deutschland","url":"https:\/\/recal-se.tbwebsite.com\/de\/","logo":{"@type":"ImageObject","inLanguage":"de-DE","@id":"https:\/\/recal-se.tbwebsite.com\/de\/#\/schema\/logo\/image\/","url":"https:\/\/recal-se.tbwebsite.com\/de\/wp-content\/uploads\/sites\/4\/2020\/06\/recal-logotype_svart_1.png","contentUrl":"https:\/\/recal-se.tbwebsite.com\/de\/wp-content\/uploads\/sites\/4\/2020\/06\/recal-logotype_svart_1.png","width":260,"height":52,"caption":"Recal Deutschland"},"image":{"@id":"https:\/\/recal-se.tbwebsite.com\/de\/#\/schema\/logo\/image\/"}}]}},"_links":{"self":[{"href":"https:\/\/recal-se.tbwebsite.com\/de\/wp-json\/wp\/v2\/product\/645"}],"collection":[{"href":"https:\/\/recal-se.tbwebsite.com\/de\/wp-json\/wp\/v2\/product"}],"about":[{"href":"https:\/\/recal-se.tbwebsite.com\/de\/wp-json\/wp\/v2\/types\/product"}],"replies":[{"embeddable":true,"href":"https:\/\/recal-se.tbwebsite.com\/de\/wp-json\/wp\/v2\/comments?post=645"}],"version-history":[{"count":3,"href":"https:\/\/recal-se.tbwebsite.com\/de\/wp-json\/wp\/v2\/product\/645\/revisions"}],"predecessor-version":[{"id":4753,"href":"https:\/\/recal-se.tbwebsite.com\/de\/wp-json\/wp\/v2\/product\/645\/revisions\/4753"}],"wp:featuredmedia":[{"embeddable":true,"href":"https:\/\/recal-se.tbwebsite.com\/de\/wp-json\/wp\/v2\/media\/5524"}],"wp:attachment":[{"href":"https:\/\/recal-se.tbwebsite.com\/de\/wp-json\/wp\/v2\/media?parent=645"}],"wp:term":[{"taxonomy":"product_cat","embeddable":true,"href":"https:\/\/recal-se.tbwebsite.com\/de\/wp-json\/wp\/v2\/product_cat?post=645"},{"taxonomy":"product_tag","embeddable":true,"href":"https:\/\/recal-se.tbwebsite.com\/de\/wp-json\/wp\/v2\/product_tag?post=645"}],"curies":[{"name":"wp","href":"https:\/\/api.w.org\/{rel}","templated":true}]}}