{"id":643,"date":"2020-06-09T09:11:02","date_gmt":"2020-06-09T09:11:02","guid":{"rendered":"https:\/\/recal-se.tbwebsite.com\/?post_type=product&#038;p=643"},"modified":"2024-03-05T10:36:13","modified_gmt":"2024-03-05T10:36:13","slug":"montageskruv-4-x-40-rf-for-montering-i-trareglar-100st","status":"publish","type":"product","link":"https:\/\/recal-se.tbwebsite.com\/de\/zubehoer\/montageskruv-4-x-40-rf-for-montering-i-trareglar-100st\/","title":{"rendered":"Befestigungsschraube f\u00fcr Zaunpfosten &#8211; Befestigungselemente"},"content":{"rendered":"<pre id=\"tw-target-text\" class=\"tw-data-text tw-text-large tw-ta\" dir=\"ltr\" data-placeholder=\"\u00d6vers\u00e4ttning\" data-ved=\"2ahUKEwjto_e8ttyEAxXiQfEDHWHKDXYQ3ewLegQIBRAU\"><span class=\"Y2IQFc\" lang=\"de\">Befestigungsschraube Holzbolzen HECO PROTECT4 TFT 4,0 x 40\r\n\r\nDiese Schraube dient zur Befestigung von Holzbolzen in der Halterung aller unserer zaunmodellen.\r\n\r\n100 St\u00fcck\/Packung\r\n\r\nBeschreibung\r\nHolzschraube, versenkt. Hergestellt aus legiertem Spezialstahl, beschichtet mit Protect4-Oberfl\u00e4chenbehandlung (bauartgepr\u00fcfte Rostschutzbeschichtung der Korrosivit\u00e4tsklasse C4).\r\nSchlitztyp: Torx T20\r\n\u2022 Fr\u00e4srillen in der Spitze vorbohren\r\n\u2022 S\u00e4gez\u00e4hne am Gewinde zur Reduzierung des Antriebsdrehmoments\r\n\u2022 Getestet, um einem Biegewinkel von 80\u00b0 standzuhalten (Standard: 25\u00b0).<\/span><\/pre>\n","protected":false},"excerpt":{"rendered":"<p><span class=\"Y2IQFc\" lang=\"de\">Befestigungsschraube Holzbolzen HECO PROTECT4 TFT 4,0 x 40 Diese Schraube dient zur Befestigung von Holzbolzen in der Halterung aller unserer zaunmodellen. 100 St\u00fcck\/Packung<\/span><\/p>\n","protected":false},"featured_media":5525,"comment_status":"closed","ping_status":"closed","template":"","meta":{"_acf_changed":false},"product_cat":[345,32],"product_tag":[],"composite_virtual":false,"composite_layout":"","composite_add_to_cart_form_location":"","composite_editable_in_cart":false,"composite_sold_individually_context":"","composite_shop_price_calc":"","composite_components":[],"composite_scenarios":[],"acf":[],"yoast_head":"<!-- This site is optimized with the Yoast SEO plugin v22.2 - https:\/\/yoast.com\/wordpress\/plugins\/seo\/ -->\n<title>Befestigungsschraube f\u00fcr Zaunpfosten - Befestigungselemente - Recal Deutschland<\/title>\n<meta name=\"description\" content=\"Befestigungsschraube Holzbolzen HECO PROTECT4 TFT 4,0 x 40 Diese Schraube dient zur Befestigung von Holzbolzen in der Halterung aller unserer zaunmodellen. 100 St\u00fcck\/Packung\" \/>\n<meta name=\"robots\" content=\"index, follow, max-snippet:-1, max-image-preview:large, max-video-preview:-1\" \/>\n<link rel=\"canonical\" href=\"https:\/\/recal-se.tbwebsite.com\/de\/zubehoer\/montageskruv-4-x-40-rf-for-montering-i-trareglar-100st\/\" \/>\n<meta property=\"og:locale\" content=\"de_DE\" \/>\n<meta property=\"og:type\" content=\"article\" \/>\n<meta property=\"og:title\" content=\"Befestigungsschraube f\u00fcr Zaunpfosten - Befestigungselemente - Recal Deutschland\" \/>\n<meta property=\"og:description\" content=\"Befestigungsschraube Holzbolzen HECO PROTECT4 TFT 4,0 x 40 Diese Schraube dient zur Befestigung von Holzbolzen in der Halterung aller unserer zaunmodellen. 100 St\u00fcck\/Packung\" \/>\n<meta property=\"og:url\" content=\"https:\/\/recal-se.tbwebsite.com\/de\/zubehoer\/montageskruv-4-x-40-rf-for-montering-i-trareglar-100st\/\" \/>\n<meta property=\"og:site_name\" content=\"Recal Deutschland\" \/>\n<meta property=\"article:modified_time\" content=\"2024-03-05T10:36:13+00:00\" \/>\n<meta property=\"og:image\" content=\"https:\/\/recal-se.tbwebsite.com\/de\/wp-content\/uploads\/sites\/4\/2020\/06\/108-1.png\" \/>\n\t<meta property=\"og:image:width\" content=\"1362\" \/>\n\t<meta property=\"og:image:height\" content=\"1362\" \/>\n\t<meta property=\"og:image:type\" content=\"image\/png\" \/>\n<meta name=\"twitter:card\" content=\"summary_large_image\" \/>\n<meta name=\"twitter:label1\" content=\"Gesch\u00e4tzte Lesezeit\" \/>\n\t<meta name=\"twitter:data1\" content=\"1 Minute\" \/>\n<script type=\"application\/ld+json\" class=\"yoast-schema-graph\">{\"@context\":\"https:\/\/schema.org\",\"@graph\":[{\"@type\":\"WebPage\",\"@id\":\"https:\/\/recal-se.tbwebsite.com\/de\/zubehoer\/montageskruv-4-x-40-rf-for-montering-i-trareglar-100st\/\",\"url\":\"https:\/\/recal-se.tbwebsite.com\/de\/zubehoer\/montageskruv-4-x-40-rf-for-montering-i-trareglar-100st\/\",\"name\":\"Befestigungsschraube f\u00fcr Zaunpfosten - Befestigungselemente - Recal Deutschland\",\"isPartOf\":{\"@id\":\"https:\/\/recal-se.tbwebsite.com\/de\/#website\"},\"primaryImageOfPage\":{\"@id\":\"https:\/\/recal-se.tbwebsite.com\/de\/zubehoer\/montageskruv-4-x-40-rf-for-montering-i-trareglar-100st\/#primaryimage\"},\"image\":{\"@id\":\"https:\/\/recal-se.tbwebsite.com\/de\/zubehoer\/montageskruv-4-x-40-rf-for-montering-i-trareglar-100st\/#primaryimage\"},\"thumbnailUrl\":\"https:\/\/recal-se.tbwebsite.com\/de\/wp-content\/uploads\/sites\/4\/2020\/06\/108-1.png\",\"datePublished\":\"2020-06-09T09:11:02+00:00\",\"dateModified\":\"2024-03-05T10:36:13+00:00\",\"description\":\"Befestigungsschraube Holzbolzen HECO PROTECT4 TFT 4,0 x 40 Diese Schraube dient zur Befestigung von Holzbolzen in der Halterung aller unserer zaunmodellen. 100 St\u00fcck\/Packung\",\"breadcrumb\":{\"@id\":\"https:\/\/recal-se.tbwebsite.com\/de\/zubehoer\/montageskruv-4-x-40-rf-for-montering-i-trareglar-100st\/#breadcrumb\"},\"inLanguage\":\"de-DE\",\"potentialAction\":[{\"@type\":\"ReadAction\",\"target\":[\"https:\/\/recal-se.tbwebsite.com\/de\/zubehoer\/montageskruv-4-x-40-rf-for-montering-i-trareglar-100st\/\"]}]},{\"@type\":\"ImageObject\",\"inLanguage\":\"de-DE\",\"@id\":\"https:\/\/recal-se.tbwebsite.com\/de\/zubehoer\/montageskruv-4-x-40-rf-for-montering-i-trareglar-100st\/#primaryimage\",\"url\":\"https:\/\/recal-se.tbwebsite.com\/de\/wp-content\/uploads\/sites\/4\/2020\/06\/108-1.png\",\"contentUrl\":\"https:\/\/recal-se.tbwebsite.com\/de\/wp-content\/uploads\/sites\/4\/2020\/06\/108-1.png\",\"width\":1362,\"height\":1362},{\"@type\":\"BreadcrumbList\",\"@id\":\"https:\/\/recal-se.tbwebsite.com\/de\/zubehoer\/montageskruv-4-x-40-rf-for-montering-i-trareglar-100st\/#breadcrumb\",\"itemListElement\":[{\"@type\":\"ListItem\",\"position\":1,\"name\":\"Home\",\"item\":\"https:\/\/recal-se.tbwebsite.com\/de\/\"},{\"@type\":\"ListItem\",\"position\":2,\"name\":\"Shop\",\"item\":\"https:\/\/recal-se.tbwebsite.com\/de\/shop\/\"},{\"@type\":\"ListItem\",\"position\":3,\"name\":\"Befestigungsschraube f\u00fcr Zaunpfosten &#8211; Befestigungselemente\"}]},{\"@type\":\"WebSite\",\"@id\":\"https:\/\/recal-se.tbwebsite.com\/de\/#website\",\"url\":\"https:\/\/recal-se.tbwebsite.com\/de\/\",\"name\":\"Recal Deutschland\",\"description\":\"Tr\u00e4dg\u00e5rdsprodukter tillverkade i aluminium fr\u00e5n Sm\u00e5land\",\"publisher\":{\"@id\":\"https:\/\/recal-se.tbwebsite.com\/de\/#organization\"},\"potentialAction\":[{\"@type\":\"SearchAction\",\"target\":{\"@type\":\"EntryPoint\",\"urlTemplate\":\"https:\/\/recal-se.tbwebsite.com\/de\/?s={search_term_string}\"},\"query-input\":\"required name=search_term_string\"}],\"inLanguage\":\"de-DE\"},{\"@type\":\"Organization\",\"@id\":\"https:\/\/recal-se.tbwebsite.com\/de\/#organization\",\"name\":\"Recal Deutschland\",\"url\":\"https:\/\/recal-se.tbwebsite.com\/de\/\",\"logo\":{\"@type\":\"ImageObject\",\"inLanguage\":\"de-DE\",\"@id\":\"https:\/\/recal-se.tbwebsite.com\/de\/#\/schema\/logo\/image\/\",\"url\":\"https:\/\/recal-se.tbwebsite.com\/de\/wp-content\/uploads\/sites\/4\/2020\/06\/recal-logotype_svart_1.png\",\"contentUrl\":\"https:\/\/recal-se.tbwebsite.com\/de\/wp-content\/uploads\/sites\/4\/2020\/06\/recal-logotype_svart_1.png\",\"width\":260,\"height\":52,\"caption\":\"Recal Deutschland\"},\"image\":{\"@id\":\"https:\/\/recal-se.tbwebsite.com\/de\/#\/schema\/logo\/image\/\"}}]}<\/script>\n<!-- \/ Yoast SEO plugin. -->","yoast_head_json":{"title":"Befestigungsschraube f\u00fcr Zaunpfosten - Befestigungselemente - Recal Deutschland","description":"Befestigungsschraube Holzbolzen HECO PROTECT4 TFT 4,0 x 40 Diese Schraube dient zur Befestigung von Holzbolzen in der Halterung aller unserer zaunmodellen. 100 St\u00fcck\/Packung","robots":{"index":"index","follow":"follow","max-snippet":"max-snippet:-1","max-image-preview":"max-image-preview:large","max-video-preview":"max-video-preview:-1"},"canonical":"https:\/\/recal-se.tbwebsite.com\/de\/zubehoer\/montageskruv-4-x-40-rf-for-montering-i-trareglar-100st\/","og_locale":"de_DE","og_type":"article","og_title":"Befestigungsschraube f\u00fcr Zaunpfosten - Befestigungselemente - Recal Deutschland","og_description":"Befestigungsschraube Holzbolzen HECO PROTECT4 TFT 4,0 x 40 Diese Schraube dient zur Befestigung von Holzbolzen in der Halterung aller unserer zaunmodellen. 100 St\u00fcck\/Packung","og_url":"https:\/\/recal-se.tbwebsite.com\/de\/zubehoer\/montageskruv-4-x-40-rf-for-montering-i-trareglar-100st\/","og_site_name":"Recal Deutschland","article_modified_time":"2024-03-05T10:36:13+00:00","og_image":[{"width":1362,"height":1362,"url":"https:\/\/recal-se.tbwebsite.com\/de\/wp-content\/uploads\/sites\/4\/2020\/06\/108-1.png","type":"image\/png"}],"twitter_card":"summary_large_image","twitter_misc":{"Gesch\u00e4tzte Lesezeit":"1 Minute"},"schema":{"@context":"https:\/\/schema.org","@graph":[{"@type":"WebPage","@id":"https:\/\/recal-se.tbwebsite.com\/de\/zubehoer\/montageskruv-4-x-40-rf-for-montering-i-trareglar-100st\/","url":"https:\/\/recal-se.tbwebsite.com\/de\/zubehoer\/montageskruv-4-x-40-rf-for-montering-i-trareglar-100st\/","name":"Befestigungsschraube f\u00fcr Zaunpfosten - Befestigungselemente - Recal Deutschland","isPartOf":{"@id":"https:\/\/recal-se.tbwebsite.com\/de\/#website"},"primaryImageOfPage":{"@id":"https:\/\/recal-se.tbwebsite.com\/de\/zubehoer\/montageskruv-4-x-40-rf-for-montering-i-trareglar-100st\/#primaryimage"},"image":{"@id":"https:\/\/recal-se.tbwebsite.com\/de\/zubehoer\/montageskruv-4-x-40-rf-for-montering-i-trareglar-100st\/#primaryimage"},"thumbnailUrl":"https:\/\/recal-se.tbwebsite.com\/de\/wp-content\/uploads\/sites\/4\/2020\/06\/108-1.png","datePublished":"2020-06-09T09:11:02+00:00","dateModified":"2024-03-05T10:36:13+00:00","description":"Befestigungsschraube Holzbolzen HECO PROTECT4 TFT 4,0 x 40 Diese Schraube dient zur Befestigung von Holzbolzen in der Halterung aller unserer zaunmodellen. 100 St\u00fcck\/Packung","breadcrumb":{"@id":"https:\/\/recal-se.tbwebsite.com\/de\/zubehoer\/montageskruv-4-x-40-rf-for-montering-i-trareglar-100st\/#breadcrumb"},"inLanguage":"de-DE","potentialAction":[{"@type":"ReadAction","target":["https:\/\/recal-se.tbwebsite.com\/de\/zubehoer\/montageskruv-4-x-40-rf-for-montering-i-trareglar-100st\/"]}]},{"@type":"ImageObject","inLanguage":"de-DE","@id":"https:\/\/recal-se.tbwebsite.com\/de\/zubehoer\/montageskruv-4-x-40-rf-for-montering-i-trareglar-100st\/#primaryimage","url":"https:\/\/recal-se.tbwebsite.com\/de\/wp-content\/uploads\/sites\/4\/2020\/06\/108-1.png","contentUrl":"https:\/\/recal-se.tbwebsite.com\/de\/wp-content\/uploads\/sites\/4\/2020\/06\/108-1.png","width":1362,"height":1362},{"@type":"BreadcrumbList","@id":"https:\/\/recal-se.tbwebsite.com\/de\/zubehoer\/montageskruv-4-x-40-rf-for-montering-i-trareglar-100st\/#breadcrumb","itemListElement":[{"@type":"ListItem","position":1,"name":"Home","item":"https:\/\/recal-se.tbwebsite.com\/de\/"},{"@type":"ListItem","position":2,"name":"Shop","item":"https:\/\/recal-se.tbwebsite.com\/de\/shop\/"},{"@type":"ListItem","position":3,"name":"Befestigungsschraube f\u00fcr Zaunpfosten &#8211; Befestigungselemente"}]},{"@type":"WebSite","@id":"https:\/\/recal-se.tbwebsite.com\/de\/#website","url":"https:\/\/recal-se.tbwebsite.com\/de\/","name":"Recal Deutschland","description":"Tr\u00e4dg\u00e5rdsprodukter tillverkade i aluminium fr\u00e5n Sm\u00e5land","publisher":{"@id":"https:\/\/recal-se.tbwebsite.com\/de\/#organization"},"potentialAction":[{"@type":"SearchAction","target":{"@type":"EntryPoint","urlTemplate":"https:\/\/recal-se.tbwebsite.com\/de\/?s={search_term_string}"},"query-input":"required name=search_term_string"}],"inLanguage":"de-DE"},{"@type":"Organization","@id":"https:\/\/recal-se.tbwebsite.com\/de\/#organization","name":"Recal Deutschland","url":"https:\/\/recal-se.tbwebsite.com\/de\/","logo":{"@type":"ImageObject","inLanguage":"de-DE","@id":"https:\/\/recal-se.tbwebsite.com\/de\/#\/schema\/logo\/image\/","url":"https:\/\/recal-se.tbwebsite.com\/de\/wp-content\/uploads\/sites\/4\/2020\/06\/recal-logotype_svart_1.png","contentUrl":"https:\/\/recal-se.tbwebsite.com\/de\/wp-content\/uploads\/sites\/4\/2020\/06\/recal-logotype_svart_1.png","width":260,"height":52,"caption":"Recal Deutschland"},"image":{"@id":"https:\/\/recal-se.tbwebsite.com\/de\/#\/schema\/logo\/image\/"}}]}},"_links":{"self":[{"href":"https:\/\/recal-se.tbwebsite.com\/de\/wp-json\/wp\/v2\/product\/643"}],"collection":[{"href":"https:\/\/recal-se.tbwebsite.com\/de\/wp-json\/wp\/v2\/product"}],"about":[{"href":"https:\/\/recal-se.tbwebsite.com\/de\/wp-json\/wp\/v2\/types\/product"}],"replies":[{"embeddable":true,"href":"https:\/\/recal-se.tbwebsite.com\/de\/wp-json\/wp\/v2\/comments?post=643"}],"version-history":[{"count":5,"href":"https:\/\/recal-se.tbwebsite.com\/de\/wp-json\/wp\/v2\/product\/643\/revisions"}],"predecessor-version":[{"id":15206,"href":"https:\/\/recal-se.tbwebsite.com\/de\/wp-json\/wp\/v2\/product\/643\/revisions\/15206"}],"wp:featuredmedia":[{"embeddable":true,"href":"https:\/\/recal-se.tbwebsite.com\/de\/wp-json\/wp\/v2\/media\/5525"}],"wp:attachment":[{"href":"https:\/\/recal-se.tbwebsite.com\/de\/wp-json\/wp\/v2\/media?parent=643"}],"wp:term":[{"taxonomy":"product_cat","embeddable":true,"href":"https:\/\/recal-se.tbwebsite.com\/de\/wp-json\/wp\/v2\/product_cat?post=643"},{"taxonomy":"product_tag","embeddable":true,"href":"https:\/\/recal-se.tbwebsite.com\/de\/wp-json\/wp\/v2\/product_tag?post=643"}],"curies":[{"name":"wp","href":"https:\/\/api.w.org\/{rel}","templated":true}]}}