{"id":619,"date":"2020-06-05T12:32:21","date_gmt":"2020-06-05T12:32:21","guid":{"rendered":"https:\/\/recal-se.tbwebsite.com\/?post_type=product&#038;p=619"},"modified":"2024-03-05T05:46:49","modified_gmt":"2024-03-05T05:46:49","slug":"rohr-zu-zaunpfosten","status":"publish","type":"product","link":"https:\/\/recal-se.tbwebsite.com\/de\/zubehoer\/rohr-zu-zaunpfosten\/","title":{"rendered":"Rohr zu &#8211; Zaunpfosten Hindsen"},"content":{"rendered":"<p id=\"tw-target-text\" class=\"tw-data-text tw-text-large tw-ta\" dir=\"ltr\" data-placeholder=\"\u00d6vers\u00e4ttning\" data-ved=\"2ahUKEwj5te-mwtKEAxX_PxAIHeaDDjgQ3ewLegQIDRAV\"><span class=\"Y2IQFc\" lang=\"de\">40&#215;40-Rohr aus natur eloxiertem Aluminium, passend zum Hindsen-Zaun. Verkauft in 3 Packungen oder 4 Packungen, Standardabstand 149 cm. Zugeh\u00f6rige Beschl\u00e4ge und Schrauben zur Befestigung der Rohre sind im Preis inbegriffen.<\/span><\/p>\n","protected":false},"excerpt":{"rendered":"<p><span class=\"Y2IQFc\" lang=\"de\">40&#215;40-Rohr aus natur eloxiertem Aluminium, passend zum Hindsen-Zaun. Verkauft in 3 Packungen oder 4 Packungen, Standardabstand 149 cm. Zugeh\u00f6rige Beschl\u00e4ge und Schrauben zur Befestigung der Rohre sind im Preis inbegriffen.<\/span><\/p>\n","protected":false},"featured_media":5534,"comment_status":"closed","ping_status":"closed","template":"","meta":{"_acf_changed":false},"product_cat":[297,32],"product_tag":[],"composite_virtual":false,"composite_layout":"","composite_add_to_cart_form_location":"","composite_editable_in_cart":false,"composite_sold_individually_context":"","composite_shop_price_calc":"","composite_components":[],"composite_scenarios":[],"acf":[],"yoast_head":"<!-- This site is optimized with the Yoast SEO plugin v22.2 - https:\/\/yoast.com\/wordpress\/plugins\/seo\/ -->\n<title>Rohr zu - Zaunpfosten Hindsen - Recal Deutschland<\/title>\n<meta name=\"description\" content=\"40x40-Rohr aus natur eloxiertem Aluminium, passend zum Hindsen-Zaun. Verkauft in 3 Packungen oder 4 Packungen, Standardabstand 149 cm. Zugeh\u00f6rige Beschl\u00e4ge und Schrauben zur Befestigung der Rohre sind im Preis inbegriffen.\" \/>\n<meta name=\"robots\" content=\"index, follow, max-snippet:-1, max-image-preview:large, max-video-preview:-1\" \/>\n<link rel=\"canonical\" href=\"https:\/\/recal-se.tbwebsite.com\/de\/zubehoer\/rohr-zu-zaunpfosten\/\" \/>\n<meta property=\"og:locale\" content=\"de_DE\" \/>\n<meta property=\"og:type\" content=\"article\" \/>\n<meta property=\"og:title\" content=\"Rohr zu - Zaunpfosten Hindsen - Recal Deutschland\" \/>\n<meta property=\"og:description\" content=\"40x40-Rohr aus natur eloxiertem Aluminium, passend zum Hindsen-Zaun. Verkauft in 3 Packungen oder 4 Packungen, Standardabstand 149 cm. Zugeh\u00f6rige Beschl\u00e4ge und Schrauben zur Befestigung der Rohre sind im Preis inbegriffen.\" \/>\n<meta property=\"og:url\" content=\"https:\/\/recal-se.tbwebsite.com\/de\/zubehoer\/rohr-zu-zaunpfosten\/\" \/>\n<meta property=\"og:site_name\" content=\"Recal Deutschland\" \/>\n<meta property=\"article:modified_time\" content=\"2024-03-05T05:46:49+00:00\" \/>\n<meta property=\"og:image\" content=\"https:\/\/recal-se.tbwebsite.com\/de\/wp-content\/uploads\/sites\/4\/2020\/06\/recal-ror-40x40-1-1.png\" \/>\n\t<meta property=\"og:image:width\" content=\"1400\" \/>\n\t<meta property=\"og:image:height\" content=\"1400\" \/>\n\t<meta property=\"og:image:type\" content=\"image\/png\" \/>\n<meta name=\"twitter:card\" content=\"summary_large_image\" \/>\n<meta name=\"twitter:label1\" content=\"Gesch\u00e4tzte Lesezeit\" \/>\n\t<meta name=\"twitter:data1\" content=\"1 Minute\" \/>\n<script type=\"application\/ld+json\" class=\"yoast-schema-graph\">{\"@context\":\"https:\/\/schema.org\",\"@graph\":[{\"@type\":\"WebPage\",\"@id\":\"https:\/\/recal-se.tbwebsite.com\/de\/zubehoer\/rohr-zu-zaunpfosten\/\",\"url\":\"https:\/\/recal-se.tbwebsite.com\/de\/zubehoer\/rohr-zu-zaunpfosten\/\",\"name\":\"Rohr zu - Zaunpfosten Hindsen - Recal Deutschland\",\"isPartOf\":{\"@id\":\"https:\/\/recal-se.tbwebsite.com\/de\/#website\"},\"primaryImageOfPage\":{\"@id\":\"https:\/\/recal-se.tbwebsite.com\/de\/zubehoer\/rohr-zu-zaunpfosten\/#primaryimage\"},\"image\":{\"@id\":\"https:\/\/recal-se.tbwebsite.com\/de\/zubehoer\/rohr-zu-zaunpfosten\/#primaryimage\"},\"thumbnailUrl\":\"https:\/\/recal-se.tbwebsite.com\/de\/wp-content\/uploads\/sites\/4\/2020\/06\/recal-ror-40x40-1-1.png\",\"datePublished\":\"2020-06-05T12:32:21+00:00\",\"dateModified\":\"2024-03-05T05:46:49+00:00\",\"description\":\"40x40-Rohr aus natur eloxiertem Aluminium, passend zum Hindsen-Zaun. Verkauft in 3 Packungen oder 4 Packungen, Standardabstand 149 cm. Zugeh\u00f6rige Beschl\u00e4ge und Schrauben zur Befestigung der Rohre sind im Preis inbegriffen.\",\"breadcrumb\":{\"@id\":\"https:\/\/recal-se.tbwebsite.com\/de\/zubehoer\/rohr-zu-zaunpfosten\/#breadcrumb\"},\"inLanguage\":\"de-DE\",\"potentialAction\":[{\"@type\":\"ReadAction\",\"target\":[\"https:\/\/recal-se.tbwebsite.com\/de\/zubehoer\/rohr-zu-zaunpfosten\/\"]}]},{\"@type\":\"ImageObject\",\"inLanguage\":\"de-DE\",\"@id\":\"https:\/\/recal-se.tbwebsite.com\/de\/zubehoer\/rohr-zu-zaunpfosten\/#primaryimage\",\"url\":\"https:\/\/recal-se.tbwebsite.com\/de\/wp-content\/uploads\/sites\/4\/2020\/06\/recal-ror-40x40-1-1.png\",\"contentUrl\":\"https:\/\/recal-se.tbwebsite.com\/de\/wp-content\/uploads\/sites\/4\/2020\/06\/recal-ror-40x40-1-1.png\",\"width\":1400,\"height\":1400},{\"@type\":\"BreadcrumbList\",\"@id\":\"https:\/\/recal-se.tbwebsite.com\/de\/zubehoer\/rohr-zu-zaunpfosten\/#breadcrumb\",\"itemListElement\":[{\"@type\":\"ListItem\",\"position\":1,\"name\":\"Home\",\"item\":\"https:\/\/recal-se.tbwebsite.com\/de\/\"},{\"@type\":\"ListItem\",\"position\":2,\"name\":\"Shop\",\"item\":\"https:\/\/recal-se.tbwebsite.com\/de\/shop\/\"},{\"@type\":\"ListItem\",\"position\":3,\"name\":\"Rohr zu &#8211; Zaunpfosten Hindsen\"}]},{\"@type\":\"WebSite\",\"@id\":\"https:\/\/recal-se.tbwebsite.com\/de\/#website\",\"url\":\"https:\/\/recal-se.tbwebsite.com\/de\/\",\"name\":\"Recal Deutschland\",\"description\":\"Tr\u00e4dg\u00e5rdsprodukter tillverkade i aluminium fr\u00e5n Sm\u00e5land\",\"publisher\":{\"@id\":\"https:\/\/recal-se.tbwebsite.com\/de\/#organization\"},\"potentialAction\":[{\"@type\":\"SearchAction\",\"target\":{\"@type\":\"EntryPoint\",\"urlTemplate\":\"https:\/\/recal-se.tbwebsite.com\/de\/?s={search_term_string}\"},\"query-input\":\"required name=search_term_string\"}],\"inLanguage\":\"de-DE\"},{\"@type\":\"Organization\",\"@id\":\"https:\/\/recal-se.tbwebsite.com\/de\/#organization\",\"name\":\"Recal Deutschland\",\"url\":\"https:\/\/recal-se.tbwebsite.com\/de\/\",\"logo\":{\"@type\":\"ImageObject\",\"inLanguage\":\"de-DE\",\"@id\":\"https:\/\/recal-se.tbwebsite.com\/de\/#\/schema\/logo\/image\/\",\"url\":\"https:\/\/recal-se.tbwebsite.com\/de\/wp-content\/uploads\/sites\/4\/2020\/06\/recal-logotype_svart_1.png\",\"contentUrl\":\"https:\/\/recal-se.tbwebsite.com\/de\/wp-content\/uploads\/sites\/4\/2020\/06\/recal-logotype_svart_1.png\",\"width\":260,\"height\":52,\"caption\":\"Recal Deutschland\"},\"image\":{\"@id\":\"https:\/\/recal-se.tbwebsite.com\/de\/#\/schema\/logo\/image\/\"}}]}<\/script>\n<!-- \/ Yoast SEO plugin. -->","yoast_head_json":{"title":"Rohr zu - Zaunpfosten Hindsen - Recal Deutschland","description":"40x40-Rohr aus natur eloxiertem Aluminium, passend zum Hindsen-Zaun. Verkauft in 3 Packungen oder 4 Packungen, Standardabstand 149 cm. Zugeh\u00f6rige Beschl\u00e4ge und Schrauben zur Befestigung der Rohre sind im Preis inbegriffen.","robots":{"index":"index","follow":"follow","max-snippet":"max-snippet:-1","max-image-preview":"max-image-preview:large","max-video-preview":"max-video-preview:-1"},"canonical":"https:\/\/recal-se.tbwebsite.com\/de\/zubehoer\/rohr-zu-zaunpfosten\/","og_locale":"de_DE","og_type":"article","og_title":"Rohr zu - Zaunpfosten Hindsen - Recal Deutschland","og_description":"40x40-Rohr aus natur eloxiertem Aluminium, passend zum Hindsen-Zaun. Verkauft in 3 Packungen oder 4 Packungen, Standardabstand 149 cm. Zugeh\u00f6rige Beschl\u00e4ge und Schrauben zur Befestigung der Rohre sind im Preis inbegriffen.","og_url":"https:\/\/recal-se.tbwebsite.com\/de\/zubehoer\/rohr-zu-zaunpfosten\/","og_site_name":"Recal Deutschland","article_modified_time":"2024-03-05T05:46:49+00:00","og_image":[{"width":1400,"height":1400,"url":"https:\/\/recal-se.tbwebsite.com\/de\/wp-content\/uploads\/sites\/4\/2020\/06\/recal-ror-40x40-1-1.png","type":"image\/png"}],"twitter_card":"summary_large_image","twitter_misc":{"Gesch\u00e4tzte Lesezeit":"1 Minute"},"schema":{"@context":"https:\/\/schema.org","@graph":[{"@type":"WebPage","@id":"https:\/\/recal-se.tbwebsite.com\/de\/zubehoer\/rohr-zu-zaunpfosten\/","url":"https:\/\/recal-se.tbwebsite.com\/de\/zubehoer\/rohr-zu-zaunpfosten\/","name":"Rohr zu - Zaunpfosten Hindsen - Recal Deutschland","isPartOf":{"@id":"https:\/\/recal-se.tbwebsite.com\/de\/#website"},"primaryImageOfPage":{"@id":"https:\/\/recal-se.tbwebsite.com\/de\/zubehoer\/rohr-zu-zaunpfosten\/#primaryimage"},"image":{"@id":"https:\/\/recal-se.tbwebsite.com\/de\/zubehoer\/rohr-zu-zaunpfosten\/#primaryimage"},"thumbnailUrl":"https:\/\/recal-se.tbwebsite.com\/de\/wp-content\/uploads\/sites\/4\/2020\/06\/recal-ror-40x40-1-1.png","datePublished":"2020-06-05T12:32:21+00:00","dateModified":"2024-03-05T05:46:49+00:00","description":"40x40-Rohr aus natur eloxiertem Aluminium, passend zum Hindsen-Zaun. Verkauft in 3 Packungen oder 4 Packungen, Standardabstand 149 cm. Zugeh\u00f6rige Beschl\u00e4ge und Schrauben zur Befestigung der Rohre sind im Preis inbegriffen.","breadcrumb":{"@id":"https:\/\/recal-se.tbwebsite.com\/de\/zubehoer\/rohr-zu-zaunpfosten\/#breadcrumb"},"inLanguage":"de-DE","potentialAction":[{"@type":"ReadAction","target":["https:\/\/recal-se.tbwebsite.com\/de\/zubehoer\/rohr-zu-zaunpfosten\/"]}]},{"@type":"ImageObject","inLanguage":"de-DE","@id":"https:\/\/recal-se.tbwebsite.com\/de\/zubehoer\/rohr-zu-zaunpfosten\/#primaryimage","url":"https:\/\/recal-se.tbwebsite.com\/de\/wp-content\/uploads\/sites\/4\/2020\/06\/recal-ror-40x40-1-1.png","contentUrl":"https:\/\/recal-se.tbwebsite.com\/de\/wp-content\/uploads\/sites\/4\/2020\/06\/recal-ror-40x40-1-1.png","width":1400,"height":1400},{"@type":"BreadcrumbList","@id":"https:\/\/recal-se.tbwebsite.com\/de\/zubehoer\/rohr-zu-zaunpfosten\/#breadcrumb","itemListElement":[{"@type":"ListItem","position":1,"name":"Home","item":"https:\/\/recal-se.tbwebsite.com\/de\/"},{"@type":"ListItem","position":2,"name":"Shop","item":"https:\/\/recal-se.tbwebsite.com\/de\/shop\/"},{"@type":"ListItem","position":3,"name":"Rohr zu &#8211; Zaunpfosten Hindsen"}]},{"@type":"WebSite","@id":"https:\/\/recal-se.tbwebsite.com\/de\/#website","url":"https:\/\/recal-se.tbwebsite.com\/de\/","name":"Recal Deutschland","description":"Tr\u00e4dg\u00e5rdsprodukter tillverkade i aluminium fr\u00e5n Sm\u00e5land","publisher":{"@id":"https:\/\/recal-se.tbwebsite.com\/de\/#organization"},"potentialAction":[{"@type":"SearchAction","target":{"@type":"EntryPoint","urlTemplate":"https:\/\/recal-se.tbwebsite.com\/de\/?s={search_term_string}"},"query-input":"required name=search_term_string"}],"inLanguage":"de-DE"},{"@type":"Organization","@id":"https:\/\/recal-se.tbwebsite.com\/de\/#organization","name":"Recal Deutschland","url":"https:\/\/recal-se.tbwebsite.com\/de\/","logo":{"@type":"ImageObject","inLanguage":"de-DE","@id":"https:\/\/recal-se.tbwebsite.com\/de\/#\/schema\/logo\/image\/","url":"https:\/\/recal-se.tbwebsite.com\/de\/wp-content\/uploads\/sites\/4\/2020\/06\/recal-logotype_svart_1.png","contentUrl":"https:\/\/recal-se.tbwebsite.com\/de\/wp-content\/uploads\/sites\/4\/2020\/06\/recal-logotype_svart_1.png","width":260,"height":52,"caption":"Recal Deutschland"},"image":{"@id":"https:\/\/recal-se.tbwebsite.com\/de\/#\/schema\/logo\/image\/"}}]}},"_links":{"self":[{"href":"https:\/\/recal-se.tbwebsite.com\/de\/wp-json\/wp\/v2\/product\/619"}],"collection":[{"href":"https:\/\/recal-se.tbwebsite.com\/de\/wp-json\/wp\/v2\/product"}],"about":[{"href":"https:\/\/recal-se.tbwebsite.com\/de\/wp-json\/wp\/v2\/types\/product"}],"replies":[{"embeddable":true,"href":"https:\/\/recal-se.tbwebsite.com\/de\/wp-json\/wp\/v2\/comments?post=619"}],"version-history":[{"count":5,"href":"https:\/\/recal-se.tbwebsite.com\/de\/wp-json\/wp\/v2\/product\/619\/revisions"}],"predecessor-version":[{"id":15190,"href":"https:\/\/recal-se.tbwebsite.com\/de\/wp-json\/wp\/v2\/product\/619\/revisions\/15190"}],"wp:featuredmedia":[{"embeddable":true,"href":"https:\/\/recal-se.tbwebsite.com\/de\/wp-json\/wp\/v2\/media\/5534"}],"wp:attachment":[{"href":"https:\/\/recal-se.tbwebsite.com\/de\/wp-json\/wp\/v2\/media?parent=619"}],"wp:term":[{"taxonomy":"product_cat","embeddable":true,"href":"https:\/\/recal-se.tbwebsite.com\/de\/wp-json\/wp\/v2\/product_cat?post=619"},{"taxonomy":"product_tag","embeddable":true,"href":"https:\/\/recal-se.tbwebsite.com\/de\/wp-json\/wp\/v2\/product_tag?post=619"}],"curies":[{"name":"wp","href":"https:\/\/api.w.org\/{rel}","templated":true}]}}