{"id":4914,"date":"2023-10-19T12:22:38","date_gmt":"2023-10-19T12:22:38","guid":{"rendered":"https:\/\/recal-se.tbwebsite.com\/?post_type=product&#038;p=4914"},"modified":"2024-03-05T10:44:31","modified_gmt":"2024-03-05T10:44:31","slug":"pflanzkuebel-hochbeet-verzinkt","status":"publish","type":"product","link":"https:\/\/recal-se.tbwebsite.com\/de\/pflanzkuebel\/pflanzkuebel-hochbeet-verzinkt\/","title":{"rendered":"Pflanzk\u00fcbel \/ Hochbeet -Verzinkt"},"content":{"rendered":"<p id=\"tw-target-text\" class=\"tw-data-text tw-text-large tw-ta\" dir=\"ltr\" data-placeholder=\"\u00d6vers\u00e4ttning\" data-ved=\"2ahUKEwj5te-mwtKEAxX_PxAIHeaDDjgQ3ewLegQIDRAV\"><span class=\"Y2IQFc\" lang=\"de\">Verleihen Sie Ihrem Garten eine belebende Note mit den Blumenk\u00e4sten von Recal aus verzinktem Blech! Entdecken Sie die Blumenk\u00e4sten von Recal aus feuerverzinktem Blech, deren stilvolles Design und \u00fcberragende Haltbarkeit Ihren Garten oder Ihre \u00f6ffentliche Umgebung verwandeln werden. Jeder Blumenkasten hat eine beeindruckende St\u00e4rke von 1,5 mm und garantiert eine langfristige Stabilit\u00e4t.<\/span><\/p>\n<div id=\"tw-target-text-container\" class=\"tw-ta-container F0azHf tw-nfl\">\n<p id=\"tw-target-text\" class=\"tw-data-text tw-text-large tw-ta\" dir=\"ltr\" data-placeholder=\"\u00d6vers\u00e4ttning\" data-ved=\"2ahUKEwj5te-mwtKEAxX_PxAIHeaDDjgQ3ewLegQIDRAV\"><span class=\"Y2IQFc\" lang=\"de\">Zu unseren Blumenk\u00e4sten geh\u00f6ren:<\/span><\/p>\n<\/div>\n<ul>\n<li>Vier Module<\/li>\n<li>Eine Grundplatte<\/li>\n<li>Schrauben und Muttern zur einfachen Montage<\/li>\n<\/ul>\n<p id=\"tw-target-text\" class=\"tw-data-text tw-text-large tw-ta\" dir=\"ltr\" data-placeholder=\"\u00d6vers\u00e4ttning\" data-ved=\"2ahUKEwj5te-mwtKEAxX_PxAIHeaDDjgQ3ewLegQIDRAV\"><span class=\"Y2IQFc\" lang=\"de\">Bei gr\u00f6\u00dferen Modellen wird es mit mehr Modulen aufgebaut, um die Stabilit\u00e4t unter Belastung zu gew\u00e4hrleisten.<\/span><\/p>\n<p>Verschiedene Gr\u00f6\u00dfen f\u00fcr Ihre Bed\u00fcrfnisse:<\/p>\n<p>Wir bieten eine gro\u00dfe Auswahl an Gr\u00f6\u00dfen an. Ganz gleich, ob Sie eine kleine Blumenecke oder eine beeindruckende Blumenpr\u00e4sentation gestalten m\u00f6chten, wir haben den passenden Blumenkasten f\u00fcr Sie.<\/p>\n<p>Tipps f\u00fcr eine erfolgreiche Bepflanzung:<\/p>\n<ul>\n<li>\n<div id=\"tw-target-text-container\" class=\"tw-ta-container F0azHf tw-nfl\">\n<p id=\"tw-target-text\" class=\"tw-data-text tw-text-large tw-ta\" dir=\"ltr\" data-placeholder=\"\u00d6vers\u00e4ttning\" data-ved=\"2ahUKEwj5te-mwtKEAxX_PxAIHeaDDjgQ3ewLegQIDRAV\"><span class=\"Y2IQFc\" lang=\"de\">F\u00fcllen Sie den Blumenkasten bis zum Rand, um Ihren Pflanzen gen\u00fcgend Platz zum Wachsen zu geben.<\/span><\/p>\n<\/div>\n<\/li>\n<li>\n<div id=\"tw-target-text-container\" class=\"tw-ta-container F0azHf tw-nfl\">\n<p id=\"tw-target-text\" class=\"tw-data-text tw-text-large tw-ta\" dir=\"ltr\" data-placeholder=\"\u00d6vers\u00e4ttning\" data-ved=\"2ahUKEwj5te-mwtKEAxX_PxAIHeaDDjgQ3ewLegQIDRAV\"><span class=\"Y2IQFc\" lang=\"de\">Achten Sie auf eine gute Drainage, um eine \u00dcberw\u00e4sserung zu vermeiden. Erstellen Sie Drainagel\u00f6cher oder verwenden Sie Drainagematerial im Boden.<\/span><\/p>\n<\/div>\n<\/li>\n<li>\n<div id=\"tw-target-text-container\" class=\"tw-ta-container F0azHf tw-nfl\">\n<p id=\"tw-target-text\" class=\"tw-data-text tw-text-large tw-ta\" dir=\"ltr\" data-placeholder=\"\u00d6vers\u00e4ttning\" data-ved=\"2ahUKEwj5te-mwtKEAxX_PxAIHeaDDjgQ3ewLegQIDRAV\"><span class=\"Y2IQFc\" lang=\"de\">Verwenden Sie nat\u00fcrliche D\u00fcngemittel, um Ihren Pflanzen eine nahrhafte und gesunde Wachstumsumgebung zu bieten.<\/span><\/p>\n<\/div>\n<\/li>\n<\/ul>\n<div id=\"tw-target-text-container\" class=\"tw-ta-container F0azHf tw-nfl\">\n<p id=\"tw-target-text\" class=\"tw-data-text tw-text-large tw-ta\" dir=\"ltr\" data-placeholder=\"\u00d6vers\u00e4ttning\" data-ved=\"2ahUKEwj5te-mwtKEAxX_PxAIHeaDDjgQ3ewLegQIDRAV\"><span class=\"Y2IQFc\" lang=\"de\">Mit den Blumenk\u00e4sten von Recal aus feuerverzinktem Blech k\u00f6nnen Sie einen sch\u00f6nen und gepflegten Garten oder \u00f6ffentlichen Raum schaffen. Entdecken Sie noch heute unser Sortiment und lassen Sie Ihre Pflanzen stilvoll gedeihen!<\/span><\/p>\n<\/div>\n","protected":false},"excerpt":{"rendered":"<p>Verleihen Sie Ihrem Garten eine belebende Note mit den Blumenk\u00e4sten von Recal aus verzinktem Blech! Entdecken Sie die Blumenk\u00e4sten von Recal aus feuerverzinktem Blech, deren stilvolles Design und \u00fcberragende Haltbarkeit Ihren Garten oder Ihre \u00f6ffentliche Umgebung verwandeln werden. Jeder Blumenkasten hat eine beeindruckende St\u00e4rke von 1,5 mm und garantiert eine langfristige Stabilit\u00e4t. Zu unseren Blumenk\u00e4sten [&hellip;]<\/p>\n","protected":false},"featured_media":15170,"comment_status":"open","ping_status":"closed","template":"","meta":{"_acf_changed":false},"product_cat":[115],"product_tag":[347],"composite_virtual":false,"composite_layout":"","composite_add_to_cart_form_location":"","composite_editable_in_cart":false,"composite_sold_individually_context":"","composite_shop_price_calc":"","composite_components":[],"composite_scenarios":[],"acf":[],"yoast_head":"<!-- This site is optimized with the Yoast SEO plugin v22.2 - https:\/\/yoast.com\/wordpress\/plugins\/seo\/ -->\n<title>Pflanzk\u00fcbel \/ Hochbeet -Verzinkt - Recal Deutschland<\/title>\n<meta name=\"description\" content=\"Entdecken Sie die Pflanzk\u00fcbel von Recal aus feuerverzinktem Blech, die anschlie\u00dfend mit einer Pulverbeschichtung versehen werden \u2013 perfekt, um Ihrem Garten oder \u00f6ffentlichen Raum eine elegante und gestalterische Note zu verleihen.\" \/>\n<meta name=\"robots\" content=\"index, follow, max-snippet:-1, max-image-preview:large, max-video-preview:-1\" \/>\n<link rel=\"canonical\" href=\"https:\/\/recal-se.tbwebsite.com\/de\/pflanzkuebel\/pflanzkuebel-hochbeet-verzinkt\/\" \/>\n<meta property=\"og:locale\" content=\"de_DE\" \/>\n<meta property=\"og:type\" content=\"article\" \/>\n<meta property=\"og:title\" content=\"Pflanzk\u00fcbel \/ Hochbeet -Verzinkt - Recal Deutschland\" \/>\n<meta property=\"og:description\" content=\"Entdecken Sie die Pflanzk\u00fcbel von Recal aus feuerverzinktem Blech, die anschlie\u00dfend mit einer Pulverbeschichtung versehen werden \u2013 perfekt, um Ihrem Garten oder \u00f6ffentlichen Raum eine elegante und gestalterische Note zu verleihen.\" \/>\n<meta property=\"og:url\" content=\"https:\/\/recal-se.tbwebsite.com\/de\/pflanzkuebel\/pflanzkuebel-hochbeet-verzinkt\/\" \/>\n<meta property=\"og:site_name\" content=\"Recal Deutschland\" \/>\n<meta property=\"article:modified_time\" content=\"2024-03-05T10:44:31+00:00\" \/>\n<meta property=\"og:image\" content=\"https:\/\/recal-se.tbwebsite.com\/de\/wp-content\/uploads\/sites\/4\/2023\/10\/Namnloes-9.png\" \/>\n\t<meta property=\"og:image:width\" content=\"1027\" \/>\n\t<meta property=\"og:image:height\" content=\"770\" \/>\n\t<meta property=\"og:image:type\" content=\"image\/png\" \/>\n<meta name=\"twitter:card\" content=\"summary_large_image\" \/>\n<meta name=\"twitter:label1\" content=\"Gesch\u00e4tzte Lesezeit\" \/>\n\t<meta name=\"twitter:data1\" content=\"2 Minuten\" \/>\n<script type=\"application\/ld+json\" class=\"yoast-schema-graph\">{\"@context\":\"https:\/\/schema.org\",\"@graph\":[{\"@type\":\"WebPage\",\"@id\":\"https:\/\/recal-se.tbwebsite.com\/de\/pflanzkuebel\/pflanzkuebel-hochbeet-verzinkt\/\",\"url\":\"https:\/\/recal-se.tbwebsite.com\/de\/pflanzkuebel\/pflanzkuebel-hochbeet-verzinkt\/\",\"name\":\"Pflanzk\u00fcbel \/ Hochbeet -Verzinkt - Recal Deutschland\",\"isPartOf\":{\"@id\":\"https:\/\/recal-se.tbwebsite.com\/de\/#website\"},\"primaryImageOfPage\":{\"@id\":\"https:\/\/recal-se.tbwebsite.com\/de\/pflanzkuebel\/pflanzkuebel-hochbeet-verzinkt\/#primaryimage\"},\"image\":{\"@id\":\"https:\/\/recal-se.tbwebsite.com\/de\/pflanzkuebel\/pflanzkuebel-hochbeet-verzinkt\/#primaryimage\"},\"thumbnailUrl\":\"https:\/\/recal-se.tbwebsite.com\/de\/wp-content\/uploads\/sites\/4\/2023\/10\/Namnloes-9.png\",\"datePublished\":\"2023-10-19T12:22:38+00:00\",\"dateModified\":\"2024-03-05T10:44:31+00:00\",\"description\":\"Entdecken Sie die Pflanzk\u00fcbel von Recal aus feuerverzinktem Blech, die anschlie\u00dfend mit einer Pulverbeschichtung versehen werden \u2013 perfekt, um Ihrem Garten oder \u00f6ffentlichen Raum eine elegante und gestalterische Note zu verleihen.\",\"breadcrumb\":{\"@id\":\"https:\/\/recal-se.tbwebsite.com\/de\/pflanzkuebel\/pflanzkuebel-hochbeet-verzinkt\/#breadcrumb\"},\"inLanguage\":\"de-DE\",\"potentialAction\":[{\"@type\":\"ReadAction\",\"target\":[\"https:\/\/recal-se.tbwebsite.com\/de\/pflanzkuebel\/pflanzkuebel-hochbeet-verzinkt\/\"]}]},{\"@type\":\"ImageObject\",\"inLanguage\":\"de-DE\",\"@id\":\"https:\/\/recal-se.tbwebsite.com\/de\/pflanzkuebel\/pflanzkuebel-hochbeet-verzinkt\/#primaryimage\",\"url\":\"https:\/\/recal-se.tbwebsite.com\/de\/wp-content\/uploads\/sites\/4\/2023\/10\/Namnloes-9.png\",\"contentUrl\":\"https:\/\/recal-se.tbwebsite.com\/de\/wp-content\/uploads\/sites\/4\/2023\/10\/Namnloes-9.png\",\"width\":1027,\"height\":770},{\"@type\":\"BreadcrumbList\",\"@id\":\"https:\/\/recal-se.tbwebsite.com\/de\/pflanzkuebel\/pflanzkuebel-hochbeet-verzinkt\/#breadcrumb\",\"itemListElement\":[{\"@type\":\"ListItem\",\"position\":1,\"name\":\"Home\",\"item\":\"https:\/\/recal-se.tbwebsite.com\/de\/\"},{\"@type\":\"ListItem\",\"position\":2,\"name\":\"Shop\",\"item\":\"https:\/\/recal-se.tbwebsite.com\/de\/shop\/\"},{\"@type\":\"ListItem\",\"position\":3,\"name\":\"Pflanzk\u00fcbel \/ Hochbeet -Verzinkt\"}]},{\"@type\":\"WebSite\",\"@id\":\"https:\/\/recal-se.tbwebsite.com\/de\/#website\",\"url\":\"https:\/\/recal-se.tbwebsite.com\/de\/\",\"name\":\"Recal Deutschland\",\"description\":\"Tr\u00e4dg\u00e5rdsprodukter tillverkade i aluminium fr\u00e5n Sm\u00e5land\",\"publisher\":{\"@id\":\"https:\/\/recal-se.tbwebsite.com\/de\/#organization\"},\"potentialAction\":[{\"@type\":\"SearchAction\",\"target\":{\"@type\":\"EntryPoint\",\"urlTemplate\":\"https:\/\/recal-se.tbwebsite.com\/de\/?s={search_term_string}\"},\"query-input\":\"required name=search_term_string\"}],\"inLanguage\":\"de-DE\"},{\"@type\":\"Organization\",\"@id\":\"https:\/\/recal-se.tbwebsite.com\/de\/#organization\",\"name\":\"Recal Deutschland\",\"url\":\"https:\/\/recal-se.tbwebsite.com\/de\/\",\"logo\":{\"@type\":\"ImageObject\",\"inLanguage\":\"de-DE\",\"@id\":\"https:\/\/recal-se.tbwebsite.com\/de\/#\/schema\/logo\/image\/\",\"url\":\"https:\/\/recal-se.tbwebsite.com\/de\/wp-content\/uploads\/sites\/4\/2020\/06\/recal-logotype_svart_1.png\",\"contentUrl\":\"https:\/\/recal-se.tbwebsite.com\/de\/wp-content\/uploads\/sites\/4\/2020\/06\/recal-logotype_svart_1.png\",\"width\":260,\"height\":52,\"caption\":\"Recal Deutschland\"},\"image\":{\"@id\":\"https:\/\/recal-se.tbwebsite.com\/de\/#\/schema\/logo\/image\/\"}}]}<\/script>\n<!-- \/ Yoast SEO plugin. -->","yoast_head_json":{"title":"Pflanzk\u00fcbel \/ Hochbeet -Verzinkt - Recal Deutschland","description":"Entdecken Sie die Pflanzk\u00fcbel von Recal aus feuerverzinktem Blech, die anschlie\u00dfend mit einer Pulverbeschichtung versehen werden \u2013 perfekt, um Ihrem Garten oder \u00f6ffentlichen Raum eine elegante und gestalterische Note zu verleihen.","robots":{"index":"index","follow":"follow","max-snippet":"max-snippet:-1","max-image-preview":"max-image-preview:large","max-video-preview":"max-video-preview:-1"},"canonical":"https:\/\/recal-se.tbwebsite.com\/de\/pflanzkuebel\/pflanzkuebel-hochbeet-verzinkt\/","og_locale":"de_DE","og_type":"article","og_title":"Pflanzk\u00fcbel \/ Hochbeet -Verzinkt - Recal Deutschland","og_description":"Entdecken Sie die Pflanzk\u00fcbel von Recal aus feuerverzinktem Blech, die anschlie\u00dfend mit einer Pulverbeschichtung versehen werden \u2013 perfekt, um Ihrem Garten oder \u00f6ffentlichen Raum eine elegante und gestalterische Note zu verleihen.","og_url":"https:\/\/recal-se.tbwebsite.com\/de\/pflanzkuebel\/pflanzkuebel-hochbeet-verzinkt\/","og_site_name":"Recal Deutschland","article_modified_time":"2024-03-05T10:44:31+00:00","og_image":[{"width":1027,"height":770,"url":"https:\/\/recal-se.tbwebsite.com\/de\/wp-content\/uploads\/sites\/4\/2023\/10\/Namnloes-9.png","type":"image\/png"}],"twitter_card":"summary_large_image","twitter_misc":{"Gesch\u00e4tzte Lesezeit":"2 Minuten"},"schema":{"@context":"https:\/\/schema.org","@graph":[{"@type":"WebPage","@id":"https:\/\/recal-se.tbwebsite.com\/de\/pflanzkuebel\/pflanzkuebel-hochbeet-verzinkt\/","url":"https:\/\/recal-se.tbwebsite.com\/de\/pflanzkuebel\/pflanzkuebel-hochbeet-verzinkt\/","name":"Pflanzk\u00fcbel \/ Hochbeet -Verzinkt - Recal Deutschland","isPartOf":{"@id":"https:\/\/recal-se.tbwebsite.com\/de\/#website"},"primaryImageOfPage":{"@id":"https:\/\/recal-se.tbwebsite.com\/de\/pflanzkuebel\/pflanzkuebel-hochbeet-verzinkt\/#primaryimage"},"image":{"@id":"https:\/\/recal-se.tbwebsite.com\/de\/pflanzkuebel\/pflanzkuebel-hochbeet-verzinkt\/#primaryimage"},"thumbnailUrl":"https:\/\/recal-se.tbwebsite.com\/de\/wp-content\/uploads\/sites\/4\/2023\/10\/Namnloes-9.png","datePublished":"2023-10-19T12:22:38+00:00","dateModified":"2024-03-05T10:44:31+00:00","description":"Entdecken Sie die Pflanzk\u00fcbel von Recal aus feuerverzinktem Blech, die anschlie\u00dfend mit einer Pulverbeschichtung versehen werden \u2013 perfekt, um Ihrem Garten oder \u00f6ffentlichen Raum eine elegante und gestalterische Note zu verleihen.","breadcrumb":{"@id":"https:\/\/recal-se.tbwebsite.com\/de\/pflanzkuebel\/pflanzkuebel-hochbeet-verzinkt\/#breadcrumb"},"inLanguage":"de-DE","potentialAction":[{"@type":"ReadAction","target":["https:\/\/recal-se.tbwebsite.com\/de\/pflanzkuebel\/pflanzkuebel-hochbeet-verzinkt\/"]}]},{"@type":"ImageObject","inLanguage":"de-DE","@id":"https:\/\/recal-se.tbwebsite.com\/de\/pflanzkuebel\/pflanzkuebel-hochbeet-verzinkt\/#primaryimage","url":"https:\/\/recal-se.tbwebsite.com\/de\/wp-content\/uploads\/sites\/4\/2023\/10\/Namnloes-9.png","contentUrl":"https:\/\/recal-se.tbwebsite.com\/de\/wp-content\/uploads\/sites\/4\/2023\/10\/Namnloes-9.png","width":1027,"height":770},{"@type":"BreadcrumbList","@id":"https:\/\/recal-se.tbwebsite.com\/de\/pflanzkuebel\/pflanzkuebel-hochbeet-verzinkt\/#breadcrumb","itemListElement":[{"@type":"ListItem","position":1,"name":"Home","item":"https:\/\/recal-se.tbwebsite.com\/de\/"},{"@type":"ListItem","position":2,"name":"Shop","item":"https:\/\/recal-se.tbwebsite.com\/de\/shop\/"},{"@type":"ListItem","position":3,"name":"Pflanzk\u00fcbel \/ Hochbeet -Verzinkt"}]},{"@type":"WebSite","@id":"https:\/\/recal-se.tbwebsite.com\/de\/#website","url":"https:\/\/recal-se.tbwebsite.com\/de\/","name":"Recal Deutschland","description":"Tr\u00e4dg\u00e5rdsprodukter tillverkade i aluminium fr\u00e5n Sm\u00e5land","publisher":{"@id":"https:\/\/recal-se.tbwebsite.com\/de\/#organization"},"potentialAction":[{"@type":"SearchAction","target":{"@type":"EntryPoint","urlTemplate":"https:\/\/recal-se.tbwebsite.com\/de\/?s={search_term_string}"},"query-input":"required name=search_term_string"}],"inLanguage":"de-DE"},{"@type":"Organization","@id":"https:\/\/recal-se.tbwebsite.com\/de\/#organization","name":"Recal Deutschland","url":"https:\/\/recal-se.tbwebsite.com\/de\/","logo":{"@type":"ImageObject","inLanguage":"de-DE","@id":"https:\/\/recal-se.tbwebsite.com\/de\/#\/schema\/logo\/image\/","url":"https:\/\/recal-se.tbwebsite.com\/de\/wp-content\/uploads\/sites\/4\/2020\/06\/recal-logotype_svart_1.png","contentUrl":"https:\/\/recal-se.tbwebsite.com\/de\/wp-content\/uploads\/sites\/4\/2020\/06\/recal-logotype_svart_1.png","width":260,"height":52,"caption":"Recal Deutschland"},"image":{"@id":"https:\/\/recal-se.tbwebsite.com\/de\/#\/schema\/logo\/image\/"}}]}},"_links":{"self":[{"href":"https:\/\/recal-se.tbwebsite.com\/de\/wp-json\/wp\/v2\/product\/4914"}],"collection":[{"href":"https:\/\/recal-se.tbwebsite.com\/de\/wp-json\/wp\/v2\/product"}],"about":[{"href":"https:\/\/recal-se.tbwebsite.com\/de\/wp-json\/wp\/v2\/types\/product"}],"replies":[{"embeddable":true,"href":"https:\/\/recal-se.tbwebsite.com\/de\/wp-json\/wp\/v2\/comments?post=4914"}],"version-history":[{"count":4,"href":"https:\/\/recal-se.tbwebsite.com\/de\/wp-json\/wp\/v2\/product\/4914\/revisions"}],"predecessor-version":[{"id":15172,"href":"https:\/\/recal-se.tbwebsite.com\/de\/wp-json\/wp\/v2\/product\/4914\/revisions\/15172"}],"wp:featuredmedia":[{"embeddable":true,"href":"https:\/\/recal-se.tbwebsite.com\/de\/wp-json\/wp\/v2\/media\/15170"}],"wp:attachment":[{"href":"https:\/\/recal-se.tbwebsite.com\/de\/wp-json\/wp\/v2\/media?parent=4914"}],"wp:term":[{"taxonomy":"product_cat","embeddable":true,"href":"https:\/\/recal-se.tbwebsite.com\/de\/wp-json\/wp\/v2\/product_cat?post=4914"},{"taxonomy":"product_tag","embeddable":true,"href":"https:\/\/recal-se.tbwebsite.com\/de\/wp-json\/wp\/v2\/product_tag?post=4914"}],"curies":[{"name":"wp","href":"https:\/\/api.w.org\/{rel}","templated":true}]}}