{"id":4906,"date":"2023-10-19T12:22:37","date_gmt":"2023-10-19T12:22:37","guid":{"rendered":"https:\/\/recal-se.tbwebsite.com\/?post_type=product&#038;p=4906"},"modified":"2024-03-05T10:45:17","modified_gmt":"2024-03-05T10:45:17","slug":"schirmstaender","status":"publish","type":"product","link":"https:\/\/recal-se.tbwebsite.com\/de\/terrasse\/schirmstaender\/","title":{"rendered":"Schirmst\u00e4nder"},"content":{"rendered":"<p id=\"tw-target-text\" class=\"tw-data-text tw-text-large tw-ta\" dir=\"ltr\" data-placeholder=\"\u00d6vers\u00e4ttning\" data-ved=\"2ahUKEwj5te-mwtKEAxX_PxAIHeaDDjgQ3ewLegQIDRAV\"><span class=\"Y2IQFc\" lang=\"de\">Unser Sonnenschirmst\u00e4nder aus recyceltem Kunststoff ist eine praktische L\u00f6sung, um Ihren Sonnenschirm an Ort und Stelle zu halten! Hergestellt aus recyceltem Gummi und passt auf die meisten Sonnenschirme. Der Sonnenschirmst\u00e4nder passt auf alle Sonnenschirme mit einem Durchmesser von 26\u201340 mm.<\/span><\/p>\n<p id=\"tw-target-text\" class=\"tw-data-text tw-text-large tw-ta\" dir=\"ltr\" data-placeholder=\"\u00d6vers\u00e4ttning\" data-ved=\"2ahUKEwj5te-mwtKEAxX_PxAIHeaDDjgQ3ewLegQIDRAV\"><span class=\"Y2IQFc\" lang=\"de\">Mit einem Gewicht von 17 kg ist er stabil und gleichzeitig leicht zu bewegen. Dieses Produkt eignet sich perfekt f\u00fcr Sonnenschirme f\u00fcr Tische mit zentraler Aufstellung. Au\u00dferdem m\u00fcssen Sie vor dem Zusammenbau weder Sand noch Wasser einf\u00fcllen, sondern k\u00f6nnen einfach sofort mit der Verwendung beginnen!<\/span><\/p>\n<div class=\"Output INFO\" dir=\"ltr\"><\/div>\n<table width=\"406\">\n<tbody>\n<tr>\n<td width=\"81\">\n<p id=\"tw-target-text\" class=\"tw-data-text tw-text-large tw-ta\" dir=\"ltr\" data-placeholder=\"\u00d6vers\u00e4ttning\" data-ved=\"2ahUKEwj5te-mwtKEAxX_PxAIHeaDDjgQ3ewLegQIDRAV\"><span class=\"Y2IQFc\" lang=\"de\">Farbe<\/span><\/p>\n<\/td>\n<td width=\"99\">\n<p id=\"tw-target-text\" class=\"tw-data-text tw-text-large tw-ta\" dir=\"ltr\" data-placeholder=\"\u00d6vers\u00e4ttning\" data-ved=\"2ahUKEwj5te-mwtKEAxX_PxAIHeaDDjgQ3ewLegQIDRAV\"><span class=\"Y2IQFc\" lang=\"de\">Menge<\/span><\/p>\n<\/td>\n<td width=\"82\"><span class=\"Y2IQFc\" lang=\"de\">Nettogewicht<\/span><\/td>\n<td width=\"144\">\n<pre id=\"tw-target-text\" class=\"tw-data-text tw-text-large tw-ta\" dir=\"ltr\" data-placeholder=\"\u00d6vers\u00e4ttning\" data-ved=\"2ahUKEwj5te-mwtKEAxX_PxAIHeaDDjgQ3ewLegQIDRAV\"><span class=\"Y2IQFc\" lang=\"de\">Abmessungen (L, B, H) CM<\/span><\/pre>\n<\/td>\n<\/tr>\n<\/tbody>\n<\/table>\n<table width=\"406\">\n<tbody>\n<tr>\n<td width=\"81\">Skiffer<\/td>\n<td width=\"99\">1<\/td>\n<td width=\"82\">17<\/td>\n<td width=\"144\">40x40x14<\/td>\n<\/tr>\n<\/tbody>\n<\/table>\n<p id=\"tw-target-text\" class=\"tw-data-text tw-text-large tw-ta\" dir=\"ltr\" data-placeholder=\"\u00d6vers\u00e4ttning\" data-ved=\"2ahUKEwj5te-mwtKEAxX_PxAIHeaDDjgQ3ewLegQIDRAV\"><span class=\"Y2IQFc\" lang=\"de\">Entdecken Sie die au\u00dfergew\u00f6hnliche Qualit\u00e4t, Haltbarkeit und das stilvolle Design unserer vielseitigen Outdoor-Produkte, die alle sorgf\u00e4ltig im Hinblick auf Langlebigkeit gefertigt wurden. Verwandeln Sie Ihre Au\u00dfenbereiche in einladende R\u00fcckzugsorte, in denen Sie die Sch\u00f6nheit der Natur genie\u00dfen k\u00f6nnen.<\/span><\/p>\n","protected":false},"excerpt":{"rendered":"<p>Unser Sonnenschirmst\u00e4nder aus recyceltem Kunststoff ist eine praktische L\u00f6sung, um Ihren Sonnenschirm an Ort und Stelle zu halten! Hergestellt aus recyceltem Gummi und passt auf die meisten Sonnenschirme. Der Sonnenschirmst\u00e4nder passt auf alle Sonnenschirme mit einem Durchmesser von 26\u201340 mm und ist mit einem Gewicht von 17 kg stabil, aber gleichzeitig leicht zu bewegen. Dieses Produkt eignet sich perfekt f\u00fcr Sonnenschirme f\u00fcr Tische mit zentraler Aufstellung. Au\u00dferdem m\u00fcssen Sie vor der Montage weder Sand noch Wasser einf\u00fcllen, sondern k\u00f6nnen sofort mit der Verwendung beginnen!<\/p>\n<p>&nbsp;<\/p>\n","protected":false},"featured_media":5107,"comment_status":"open","ping_status":"closed","template":"","meta":{"_acf_changed":false},"product_cat":[244],"product_tag":[249,250,251],"composite_virtual":false,"composite_layout":"","composite_add_to_cart_form_location":"","composite_editable_in_cart":false,"composite_sold_individually_context":"","composite_shop_price_calc":"","composite_components":[],"composite_scenarios":[],"acf":[],"yoast_head":"<!-- This site is optimized with the Yoast SEO plugin v22.2 - https:\/\/yoast.com\/wordpress\/plugins\/seo\/ -->\n<title>Schirmst\u00e4nder - Recal Deutschland<\/title>\n<meta name=\"description\" content=\"Unser Sonnenschirmst\u00e4nder aus recyceltem Kunststoff ist eine praktische L\u00f6sung, um Ihren Sonnenschirm an Ort und Stelle zu halten! Hergestellt aus recyceltem Gummi und passt auf die meisten Sonnenschirme. Der Sonnenschirmst\u00e4nder passt auf alle Sonnenschirme mit einem Durchmesser von 26\u201340 mm und ist mit einem Gewicht von 17 kg stabil, aber gleichzeitig leicht zu bewegen. Dieses Produkt eignet sich perfekt f\u00fcr Sonnenschirme f\u00fcr Tische mit zentraler Aufstellung. Au\u00dferdem m\u00fcssen Sie vor der Montage weder Sand noch Wasser einf\u00fcllen, sondern k\u00f6nnen sofort mit der Verwendung beginnen!\" \/>\n<meta name=\"robots\" content=\"index, follow, max-snippet:-1, max-image-preview:large, max-video-preview:-1\" \/>\n<link rel=\"canonical\" href=\"https:\/\/recal-se.tbwebsite.com\/de\/terrasse\/schirmstaender\/\" \/>\n<meta property=\"og:locale\" content=\"de_DE\" \/>\n<meta property=\"og:type\" content=\"article\" \/>\n<meta property=\"og:title\" content=\"Schirmst\u00e4nder - Recal Deutschland\" \/>\n<meta property=\"og:description\" content=\"Unser Sonnenschirmst\u00e4nder aus recyceltem Kunststoff ist eine praktische L\u00f6sung, um Ihren Sonnenschirm an Ort und Stelle zu halten! Hergestellt aus recyceltem Gummi und passt auf die meisten Sonnenschirme. Der Sonnenschirmst\u00e4nder passt auf alle Sonnenschirme mit einem Durchmesser von 26\u201340 mm und ist mit einem Gewicht von 17 kg stabil, aber gleichzeitig leicht zu bewegen. Dieses Produkt eignet sich perfekt f\u00fcr Sonnenschirme f\u00fcr Tische mit zentraler Aufstellung. Au\u00dferdem m\u00fcssen Sie vor der Montage weder Sand noch Wasser einf\u00fcllen, sondern k\u00f6nnen sofort mit der Verwendung beginnen!\" \/>\n<meta property=\"og:url\" content=\"https:\/\/recal-se.tbwebsite.com\/de\/terrasse\/schirmstaender\/\" \/>\n<meta property=\"og:site_name\" content=\"Recal Deutschland\" \/>\n<meta property=\"article:modified_time\" content=\"2024-03-05T10:45:17+00:00\" \/>\n<meta property=\"og:image\" content=\"https:\/\/recal-se.tbwebsite.com\/de\/wp-content\/uploads\/sites\/4\/2023\/10\/UMBRELLA_BASE_B-scaled-1.png\" \/>\n\t<meta property=\"og:image:width\" content=\"1400\" \/>\n\t<meta property=\"og:image:height\" content=\"1400\" \/>\n\t<meta property=\"og:image:type\" content=\"image\/png\" \/>\n<meta name=\"twitter:card\" content=\"summary_large_image\" \/>\n<meta name=\"twitter:label1\" content=\"Gesch\u00e4tzte Lesezeit\" \/>\n\t<meta name=\"twitter:data1\" content=\"1 Minute\" \/>\n<script type=\"application\/ld+json\" class=\"yoast-schema-graph\">{\"@context\":\"https:\/\/schema.org\",\"@graph\":[{\"@type\":\"WebPage\",\"@id\":\"https:\/\/recal-se.tbwebsite.com\/de\/terrasse\/schirmstaender\/\",\"url\":\"https:\/\/recal-se.tbwebsite.com\/de\/terrasse\/schirmstaender\/\",\"name\":\"Schirmst\u00e4nder - Recal Deutschland\",\"isPartOf\":{\"@id\":\"https:\/\/recal-se.tbwebsite.com\/de\/#website\"},\"primaryImageOfPage\":{\"@id\":\"https:\/\/recal-se.tbwebsite.com\/de\/terrasse\/schirmstaender\/#primaryimage\"},\"image\":{\"@id\":\"https:\/\/recal-se.tbwebsite.com\/de\/terrasse\/schirmstaender\/#primaryimage\"},\"thumbnailUrl\":\"https:\/\/recal-se.tbwebsite.com\/de\/wp-content\/uploads\/sites\/4\/2023\/10\/UMBRELLA_BASE_B-scaled-1.png\",\"datePublished\":\"2023-10-19T12:22:37+00:00\",\"dateModified\":\"2024-03-05T10:45:17+00:00\",\"description\":\"Unser Sonnenschirmst\u00e4nder aus recyceltem Kunststoff ist eine praktische L\u00f6sung, um Ihren Sonnenschirm an Ort und Stelle zu halten! Hergestellt aus recyceltem Gummi und passt auf die meisten Sonnenschirme. Der Sonnenschirmst\u00e4nder passt auf alle Sonnenschirme mit einem Durchmesser von 26\u201340 mm und ist mit einem Gewicht von 17 kg stabil, aber gleichzeitig leicht zu bewegen. Dieses Produkt eignet sich perfekt f\u00fcr Sonnenschirme f\u00fcr Tische mit zentraler Aufstellung. Au\u00dferdem m\u00fcssen Sie vor der Montage weder Sand noch Wasser einf\u00fcllen, sondern k\u00f6nnen sofort mit der Verwendung beginnen!\",\"breadcrumb\":{\"@id\":\"https:\/\/recal-se.tbwebsite.com\/de\/terrasse\/schirmstaender\/#breadcrumb\"},\"inLanguage\":\"de-DE\",\"potentialAction\":[{\"@type\":\"ReadAction\",\"target\":[\"https:\/\/recal-se.tbwebsite.com\/de\/terrasse\/schirmstaender\/\"]}]},{\"@type\":\"ImageObject\",\"inLanguage\":\"de-DE\",\"@id\":\"https:\/\/recal-se.tbwebsite.com\/de\/terrasse\/schirmstaender\/#primaryimage\",\"url\":\"https:\/\/recal-se.tbwebsite.com\/de\/wp-content\/uploads\/sites\/4\/2023\/10\/UMBRELLA_BASE_B-scaled-1.png\",\"contentUrl\":\"https:\/\/recal-se.tbwebsite.com\/de\/wp-content\/uploads\/sites\/4\/2023\/10\/UMBRELLA_BASE_B-scaled-1.png\",\"width\":1400,\"height\":1400},{\"@type\":\"BreadcrumbList\",\"@id\":\"https:\/\/recal-se.tbwebsite.com\/de\/terrasse\/schirmstaender\/#breadcrumb\",\"itemListElement\":[{\"@type\":\"ListItem\",\"position\":1,\"name\":\"Home\",\"item\":\"https:\/\/recal-se.tbwebsite.com\/de\/\"},{\"@type\":\"ListItem\",\"position\":2,\"name\":\"Shop\",\"item\":\"https:\/\/recal-se.tbwebsite.com\/de\/shop\/\"},{\"@type\":\"ListItem\",\"position\":3,\"name\":\"Schirmst\u00e4nder\"}]},{\"@type\":\"WebSite\",\"@id\":\"https:\/\/recal-se.tbwebsite.com\/de\/#website\",\"url\":\"https:\/\/recal-se.tbwebsite.com\/de\/\",\"name\":\"Recal Deutschland\",\"description\":\"Tr\u00e4dg\u00e5rdsprodukter tillverkade i aluminium fr\u00e5n Sm\u00e5land\",\"publisher\":{\"@id\":\"https:\/\/recal-se.tbwebsite.com\/de\/#organization\"},\"potentialAction\":[{\"@type\":\"SearchAction\",\"target\":{\"@type\":\"EntryPoint\",\"urlTemplate\":\"https:\/\/recal-se.tbwebsite.com\/de\/?s={search_term_string}\"},\"query-input\":\"required name=search_term_string\"}],\"inLanguage\":\"de-DE\"},{\"@type\":\"Organization\",\"@id\":\"https:\/\/recal-se.tbwebsite.com\/de\/#organization\",\"name\":\"Recal Deutschland\",\"url\":\"https:\/\/recal-se.tbwebsite.com\/de\/\",\"logo\":{\"@type\":\"ImageObject\",\"inLanguage\":\"de-DE\",\"@id\":\"https:\/\/recal-se.tbwebsite.com\/de\/#\/schema\/logo\/image\/\",\"url\":\"https:\/\/recal-se.tbwebsite.com\/de\/wp-content\/uploads\/sites\/4\/2020\/06\/recal-logotype_svart_1.png\",\"contentUrl\":\"https:\/\/recal-se.tbwebsite.com\/de\/wp-content\/uploads\/sites\/4\/2020\/06\/recal-logotype_svart_1.png\",\"width\":260,\"height\":52,\"caption\":\"Recal Deutschland\"},\"image\":{\"@id\":\"https:\/\/recal-se.tbwebsite.com\/de\/#\/schema\/logo\/image\/\"}}]}<\/script>\n<!-- \/ Yoast SEO plugin. -->","yoast_head_json":{"title":"Schirmst\u00e4nder - Recal Deutschland","description":"Unser Sonnenschirmst\u00e4nder aus recyceltem Kunststoff ist eine praktische L\u00f6sung, um Ihren Sonnenschirm an Ort und Stelle zu halten! Hergestellt aus recyceltem Gummi und passt auf die meisten Sonnenschirme. Der Sonnenschirmst\u00e4nder passt auf alle Sonnenschirme mit einem Durchmesser von 26\u201340 mm und ist mit einem Gewicht von 17 kg stabil, aber gleichzeitig leicht zu bewegen. Dieses Produkt eignet sich perfekt f\u00fcr Sonnenschirme f\u00fcr Tische mit zentraler Aufstellung. Au\u00dferdem m\u00fcssen Sie vor der Montage weder Sand noch Wasser einf\u00fcllen, sondern k\u00f6nnen sofort mit der Verwendung beginnen!","robots":{"index":"index","follow":"follow","max-snippet":"max-snippet:-1","max-image-preview":"max-image-preview:large","max-video-preview":"max-video-preview:-1"},"canonical":"https:\/\/recal-se.tbwebsite.com\/de\/terrasse\/schirmstaender\/","og_locale":"de_DE","og_type":"article","og_title":"Schirmst\u00e4nder - Recal Deutschland","og_description":"Unser Sonnenschirmst\u00e4nder aus recyceltem Kunststoff ist eine praktische L\u00f6sung, um Ihren Sonnenschirm an Ort und Stelle zu halten! Hergestellt aus recyceltem Gummi und passt auf die meisten Sonnenschirme. Der Sonnenschirmst\u00e4nder passt auf alle Sonnenschirme mit einem Durchmesser von 26\u201340 mm und ist mit einem Gewicht von 17 kg stabil, aber gleichzeitig leicht zu bewegen. Dieses Produkt eignet sich perfekt f\u00fcr Sonnenschirme f\u00fcr Tische mit zentraler Aufstellung. Au\u00dferdem m\u00fcssen Sie vor der Montage weder Sand noch Wasser einf\u00fcllen, sondern k\u00f6nnen sofort mit der Verwendung beginnen!","og_url":"https:\/\/recal-se.tbwebsite.com\/de\/terrasse\/schirmstaender\/","og_site_name":"Recal Deutschland","article_modified_time":"2024-03-05T10:45:17+00:00","og_image":[{"width":1400,"height":1400,"url":"https:\/\/recal-se.tbwebsite.com\/de\/wp-content\/uploads\/sites\/4\/2023\/10\/UMBRELLA_BASE_B-scaled-1.png","type":"image\/png"}],"twitter_card":"summary_large_image","twitter_misc":{"Gesch\u00e4tzte Lesezeit":"1 Minute"},"schema":{"@context":"https:\/\/schema.org","@graph":[{"@type":"WebPage","@id":"https:\/\/recal-se.tbwebsite.com\/de\/terrasse\/schirmstaender\/","url":"https:\/\/recal-se.tbwebsite.com\/de\/terrasse\/schirmstaender\/","name":"Schirmst\u00e4nder - Recal Deutschland","isPartOf":{"@id":"https:\/\/recal-se.tbwebsite.com\/de\/#website"},"primaryImageOfPage":{"@id":"https:\/\/recal-se.tbwebsite.com\/de\/terrasse\/schirmstaender\/#primaryimage"},"image":{"@id":"https:\/\/recal-se.tbwebsite.com\/de\/terrasse\/schirmstaender\/#primaryimage"},"thumbnailUrl":"https:\/\/recal-se.tbwebsite.com\/de\/wp-content\/uploads\/sites\/4\/2023\/10\/UMBRELLA_BASE_B-scaled-1.png","datePublished":"2023-10-19T12:22:37+00:00","dateModified":"2024-03-05T10:45:17+00:00","description":"Unser Sonnenschirmst\u00e4nder aus recyceltem Kunststoff ist eine praktische L\u00f6sung, um Ihren Sonnenschirm an Ort und Stelle zu halten! Hergestellt aus recyceltem Gummi und passt auf die meisten Sonnenschirme. Der Sonnenschirmst\u00e4nder passt auf alle Sonnenschirme mit einem Durchmesser von 26\u201340 mm und ist mit einem Gewicht von 17 kg stabil, aber gleichzeitig leicht zu bewegen. Dieses Produkt eignet sich perfekt f\u00fcr Sonnenschirme f\u00fcr Tische mit zentraler Aufstellung. Au\u00dferdem m\u00fcssen Sie vor der Montage weder Sand noch Wasser einf\u00fcllen, sondern k\u00f6nnen sofort mit der Verwendung beginnen!","breadcrumb":{"@id":"https:\/\/recal-se.tbwebsite.com\/de\/terrasse\/schirmstaender\/#breadcrumb"},"inLanguage":"de-DE","potentialAction":[{"@type":"ReadAction","target":["https:\/\/recal-se.tbwebsite.com\/de\/terrasse\/schirmstaender\/"]}]},{"@type":"ImageObject","inLanguage":"de-DE","@id":"https:\/\/recal-se.tbwebsite.com\/de\/terrasse\/schirmstaender\/#primaryimage","url":"https:\/\/recal-se.tbwebsite.com\/de\/wp-content\/uploads\/sites\/4\/2023\/10\/UMBRELLA_BASE_B-scaled-1.png","contentUrl":"https:\/\/recal-se.tbwebsite.com\/de\/wp-content\/uploads\/sites\/4\/2023\/10\/UMBRELLA_BASE_B-scaled-1.png","width":1400,"height":1400},{"@type":"BreadcrumbList","@id":"https:\/\/recal-se.tbwebsite.com\/de\/terrasse\/schirmstaender\/#breadcrumb","itemListElement":[{"@type":"ListItem","position":1,"name":"Home","item":"https:\/\/recal-se.tbwebsite.com\/de\/"},{"@type":"ListItem","position":2,"name":"Shop","item":"https:\/\/recal-se.tbwebsite.com\/de\/shop\/"},{"@type":"ListItem","position":3,"name":"Schirmst\u00e4nder"}]},{"@type":"WebSite","@id":"https:\/\/recal-se.tbwebsite.com\/de\/#website","url":"https:\/\/recal-se.tbwebsite.com\/de\/","name":"Recal Deutschland","description":"Tr\u00e4dg\u00e5rdsprodukter tillverkade i aluminium fr\u00e5n Sm\u00e5land","publisher":{"@id":"https:\/\/recal-se.tbwebsite.com\/de\/#organization"},"potentialAction":[{"@type":"SearchAction","target":{"@type":"EntryPoint","urlTemplate":"https:\/\/recal-se.tbwebsite.com\/de\/?s={search_term_string}"},"query-input":"required name=search_term_string"}],"inLanguage":"de-DE"},{"@type":"Organization","@id":"https:\/\/recal-se.tbwebsite.com\/de\/#organization","name":"Recal Deutschland","url":"https:\/\/recal-se.tbwebsite.com\/de\/","logo":{"@type":"ImageObject","inLanguage":"de-DE","@id":"https:\/\/recal-se.tbwebsite.com\/de\/#\/schema\/logo\/image\/","url":"https:\/\/recal-se.tbwebsite.com\/de\/wp-content\/uploads\/sites\/4\/2020\/06\/recal-logotype_svart_1.png","contentUrl":"https:\/\/recal-se.tbwebsite.com\/de\/wp-content\/uploads\/sites\/4\/2020\/06\/recal-logotype_svart_1.png","width":260,"height":52,"caption":"Recal Deutschland"},"image":{"@id":"https:\/\/recal-se.tbwebsite.com\/de\/#\/schema\/logo\/image\/"}}]}},"_links":{"self":[{"href":"https:\/\/recal-se.tbwebsite.com\/de\/wp-json\/wp\/v2\/product\/4906"}],"collection":[{"href":"https:\/\/recal-se.tbwebsite.com\/de\/wp-json\/wp\/v2\/product"}],"about":[{"href":"https:\/\/recal-se.tbwebsite.com\/de\/wp-json\/wp\/v2\/types\/product"}],"replies":[{"embeddable":true,"href":"https:\/\/recal-se.tbwebsite.com\/de\/wp-json\/wp\/v2\/comments?post=4906"}],"version-history":[{"count":4,"href":"https:\/\/recal-se.tbwebsite.com\/de\/wp-json\/wp\/v2\/product\/4906\/revisions"}],"predecessor-version":[{"id":15188,"href":"https:\/\/recal-se.tbwebsite.com\/de\/wp-json\/wp\/v2\/product\/4906\/revisions\/15188"}],"wp:featuredmedia":[{"embeddable":true,"href":"https:\/\/recal-se.tbwebsite.com\/de\/wp-json\/wp\/v2\/media\/5107"}],"wp:attachment":[{"href":"https:\/\/recal-se.tbwebsite.com\/de\/wp-json\/wp\/v2\/media?parent=4906"}],"wp:term":[{"taxonomy":"product_cat","embeddable":true,"href":"https:\/\/recal-se.tbwebsite.com\/de\/wp-json\/wp\/v2\/product_cat?post=4906"},{"taxonomy":"product_tag","embeddable":true,"href":"https:\/\/recal-se.tbwebsite.com\/de\/wp-json\/wp\/v2\/product_tag?post=4906"}],"curies":[{"name":"wp","href":"https:\/\/api.w.org\/{rel}","templated":true}]}}