{"id":4905,"date":"2023-10-19T12:22:37","date_gmt":"2023-10-19T12:22:37","guid":{"rendered":"https:\/\/recal-se.tbwebsite.com\/?post_type=product&#038;p=4905"},"modified":"2023-10-20T06:31:10","modified_gmt":"2023-10-20T06:31:10","slug":"rabattkant-landscape","status":"publish","type":"product","link":"https:\/\/recal-se.tbwebsite.com\/de\/rasenkante\/rabattkant-landscape\/","title":{"rendered":"Rabattkant &#8211; Landscape"},"content":{"rendered":"<p>S\u00f6ker du en stabil och smidig rabattkant? D\u00e5 har vi den perfekta produkten, rabattkanten Landscape \u00e4r\u00a0 Flexibel och ultra slitstark, l\u00e4tt att forma gr\u00e4nser eller anpassa till raka eller b\u00f6jda omr\u00e5den. Nu kan du k\u00f6pa rabattkanter till ett konkurrenskraftigt pris och avgr\u00e4nsa vad du vill i tr\u00e4dg\u00e5rden.<\/p>\n<p>G\u00e5r ocks\u00e5 utm\u00e4rkt att g\u00f6ra till tr\u00e4dring och \u00e4r enkel att forma efter dina egna \u00f6nskem\u00e5l.<\/p>\n<p>Rabattkant Easy erbjuder en l\u00e5ng h\u00e5llbarhet i alla v\u00e4derf\u00f6rh\u00e5llande! Tillverkad av \u00e5tervunna bild\u00e4ck \u00e4r det ett perfekt milj\u00f6val samtidigt som det \u00e4r en smidig installation.4st spikar f\u00f6r montering \u00e4r inkluderat i paketet.<\/p>\n<table width=\"406\">\n<tbody>\n<tr>\n<td width=\"81\">F\u00e4rg<\/td>\n<td width=\"99\">Antal<\/td>\n<td width=\"82\">Nettovikt<\/td>\n<td width=\"144\">Dimensioner(L,B,H) CM<\/td>\n<\/tr>\n<\/tbody>\n<\/table>\n<table width=\"406\">\n<tbody>\n<tr>\n<td width=\"81\">Skiffer<\/td>\n<td width=\"99\">1st<\/td>\n<td width=\"82\">1,3<\/td>\n<td width=\"144\">100x7x5<\/td>\n<\/tr>\n<\/tbody>\n<\/table>\n<p>Uppt\u00e4ck den exceptionella kvaliteten, h\u00e5llbarheten och de stilrena designerna hos v\u00e5ra m\u00e5ngsidiga utomhusprodukter, alla noga utformade med h\u00e5llbarhet i \u00e5tanke. Upplev enkel och effektiv tr\u00e4dg\u00e5rdsavgr\u00e4nsning med v\u00e5r 9 cm h\u00f6ga rabattkant easy.<\/p>\n<p>F\u00f6rvandla dina utomhusutrymmen till inbjudande frist\u00e4der, perfekta f\u00f6r att njuta av naturens sk\u00f6nhet.<\/p>\n","protected":false},"excerpt":{"rendered":"<p>Rabattkanten Landscape \u00e4r Flexibel och ultra slitstark, l\u00e4tt att forma gr\u00e4nser eller anpassa till raka eller b\u00f6jda omr\u00e5den. Nu kan du k\u00f6pa rabattkanter till ett konkurrenskraftigt pris och avgr\u00e4nsa vad du vill i tr\u00e4dg\u00e5rden.<\/p>\n<p>Tillverkad av \u00e5tervunnet gummi f\u00e5r du ocks\u00e5 en milj\u00f6v\u00e4nlig produkt med h\u00f6g kvalitet!<\/p>\n","protected":false},"featured_media":5115,"comment_status":"open","ping_status":"closed","template":"","meta":{"_acf_changed":false},"product_cat":[93],"product_tag":[247,248,97],"composite_virtual":false,"composite_layout":"","composite_add_to_cart_form_location":"","composite_editable_in_cart":false,"composite_sold_individually_context":"","composite_shop_price_calc":"","composite_components":[],"composite_scenarios":[],"acf":[],"yoast_head":"<!-- This site is optimized with the Yoast SEO plugin v22.2 - https:\/\/yoast.com\/wordpress\/plugins\/seo\/ -->\n<title>Rabattkant - Landscape - Recal Deutschland<\/title>\n<meta name=\"description\" content=\"Rabattkanten Landscape \u00e4r Flexibel och ultra slitstark, l\u00e4tt att forma gr\u00e4nser eller anpassa till raka eller b\u00f6jda omr\u00e5den. Nu kan du k\u00f6pa rabattkanter till ett konkurrenskraftigt pris och avgr\u00e4nsa vad du vill i tr\u00e4dg\u00e5rden.Tillverkad av \u00e5tervunnet gummi f\u00e5r du ocks\u00e5 en milj\u00f6v\u00e4nlig produkt med h\u00f6g kvalitet!\" \/>\n<meta name=\"robots\" content=\"index, follow, max-snippet:-1, max-image-preview:large, max-video-preview:-1\" \/>\n<link rel=\"canonical\" href=\"https:\/\/recal-se.tbwebsite.com\/de\/rasenkante\/rabattkant-landscape\/\" \/>\n<meta property=\"og:locale\" content=\"de_DE\" \/>\n<meta property=\"og:type\" content=\"article\" \/>\n<meta property=\"og:title\" content=\"Rabattkant - Landscape - Recal Deutschland\" \/>\n<meta property=\"og:description\" content=\"Rabattkanten Landscape \u00e4r Flexibel och ultra slitstark, l\u00e4tt att forma gr\u00e4nser eller anpassa till raka eller b\u00f6jda omr\u00e5den. Nu kan du k\u00f6pa rabattkanter till ett konkurrenskraftigt pris och avgr\u00e4nsa vad du vill i tr\u00e4dg\u00e5rden.Tillverkad av \u00e5tervunnet gummi f\u00e5r du ocks\u00e5 en milj\u00f6v\u00e4nlig produkt med h\u00f6g kvalitet!\" \/>\n<meta property=\"og:url\" content=\"https:\/\/recal-se.tbwebsite.com\/de\/rasenkante\/rabattkant-landscape\/\" \/>\n<meta property=\"og:site_name\" content=\"Recal Deutschland\" \/>\n<meta property=\"article:modified_time\" content=\"2023-10-20T06:31:10+00:00\" \/>\n<meta property=\"og:image\" content=\"https:\/\/recal-se.tbwebsite.com\/de\/wp-content\/uploads\/sites\/4\/2023\/10\/5903104910570-2-scaled-1.png\" \/>\n\t<meta property=\"og:image:width\" content=\"1400\" \/>\n\t<meta property=\"og:image:height\" content=\"1401\" \/>\n\t<meta property=\"og:image:type\" content=\"image\/png\" \/>\n<meta name=\"twitter:card\" content=\"summary_large_image\" \/>\n<meta name=\"twitter:label1\" content=\"Gesch\u00e4tzte Lesezeit\" \/>\n\t<meta name=\"twitter:data1\" content=\"1 Minute\" \/>\n<script type=\"application\/ld+json\" class=\"yoast-schema-graph\">{\"@context\":\"https:\/\/schema.org\",\"@graph\":[{\"@type\":\"WebPage\",\"@id\":\"https:\/\/recal-se.tbwebsite.com\/de\/rasenkante\/rabattkant-landscape\/\",\"url\":\"https:\/\/recal-se.tbwebsite.com\/de\/rasenkante\/rabattkant-landscape\/\",\"name\":\"Rabattkant - Landscape - Recal Deutschland\",\"isPartOf\":{\"@id\":\"https:\/\/recal-se.tbwebsite.com\/de\/#website\"},\"primaryImageOfPage\":{\"@id\":\"https:\/\/recal-se.tbwebsite.com\/de\/rasenkante\/rabattkant-landscape\/#primaryimage\"},\"image\":{\"@id\":\"https:\/\/recal-se.tbwebsite.com\/de\/rasenkante\/rabattkant-landscape\/#primaryimage\"},\"thumbnailUrl\":\"https:\/\/recal-se.tbwebsite.com\/de\/wp-content\/uploads\/sites\/4\/2023\/10\/5903104910570-2-scaled-1.png\",\"datePublished\":\"2023-10-19T12:22:37+00:00\",\"dateModified\":\"2023-10-20T06:31:10+00:00\",\"description\":\"Rabattkanten Landscape \u00e4r Flexibel och ultra slitstark, l\u00e4tt att forma gr\u00e4nser eller anpassa till raka eller b\u00f6jda omr\u00e5den. Nu kan du k\u00f6pa rabattkanter till ett konkurrenskraftigt pris och avgr\u00e4nsa vad du vill i tr\u00e4dg\u00e5rden.Tillverkad av \u00e5tervunnet gummi f\u00e5r du ocks\u00e5 en milj\u00f6v\u00e4nlig produkt med h\u00f6g kvalitet!\",\"breadcrumb\":{\"@id\":\"https:\/\/recal-se.tbwebsite.com\/de\/rasenkante\/rabattkant-landscape\/#breadcrumb\"},\"inLanguage\":\"de-DE\",\"potentialAction\":[{\"@type\":\"ReadAction\",\"target\":[\"https:\/\/recal-se.tbwebsite.com\/de\/rasenkante\/rabattkant-landscape\/\"]}]},{\"@type\":\"ImageObject\",\"inLanguage\":\"de-DE\",\"@id\":\"https:\/\/recal-se.tbwebsite.com\/de\/rasenkante\/rabattkant-landscape\/#primaryimage\",\"url\":\"https:\/\/recal-se.tbwebsite.com\/de\/wp-content\/uploads\/sites\/4\/2023\/10\/5903104910570-2-scaled-1.png\",\"contentUrl\":\"https:\/\/recal-se.tbwebsite.com\/de\/wp-content\/uploads\/sites\/4\/2023\/10\/5903104910570-2-scaled-1.png\",\"width\":1400,\"height\":1401},{\"@type\":\"BreadcrumbList\",\"@id\":\"https:\/\/recal-se.tbwebsite.com\/de\/rasenkante\/rabattkant-landscape\/#breadcrumb\",\"itemListElement\":[{\"@type\":\"ListItem\",\"position\":1,\"name\":\"Home\",\"item\":\"https:\/\/recal-se.tbwebsite.com\/de\/\"},{\"@type\":\"ListItem\",\"position\":2,\"name\":\"Shop\",\"item\":\"https:\/\/recal-se.tbwebsite.com\/de\/shop\/\"},{\"@type\":\"ListItem\",\"position\":3,\"name\":\"Rabattkant &#8211; Landscape\"}]},{\"@type\":\"WebSite\",\"@id\":\"https:\/\/recal-se.tbwebsite.com\/de\/#website\",\"url\":\"https:\/\/recal-se.tbwebsite.com\/de\/\",\"name\":\"Recal Deutschland\",\"description\":\"Tr\u00e4dg\u00e5rdsprodukter tillverkade i aluminium fr\u00e5n Sm\u00e5land\",\"publisher\":{\"@id\":\"https:\/\/recal-se.tbwebsite.com\/de\/#organization\"},\"potentialAction\":[{\"@type\":\"SearchAction\",\"target\":{\"@type\":\"EntryPoint\",\"urlTemplate\":\"https:\/\/recal-se.tbwebsite.com\/de\/?s={search_term_string}\"},\"query-input\":\"required name=search_term_string\"}],\"inLanguage\":\"de-DE\"},{\"@type\":\"Organization\",\"@id\":\"https:\/\/recal-se.tbwebsite.com\/de\/#organization\",\"name\":\"Recal Deutschland\",\"url\":\"https:\/\/recal-se.tbwebsite.com\/de\/\",\"logo\":{\"@type\":\"ImageObject\",\"inLanguage\":\"de-DE\",\"@id\":\"https:\/\/recal-se.tbwebsite.com\/de\/#\/schema\/logo\/image\/\",\"url\":\"https:\/\/recal-se.tbwebsite.com\/de\/wp-content\/uploads\/sites\/4\/2020\/06\/recal-logotype_svart_1.png\",\"contentUrl\":\"https:\/\/recal-se.tbwebsite.com\/de\/wp-content\/uploads\/sites\/4\/2020\/06\/recal-logotype_svart_1.png\",\"width\":260,\"height\":52,\"caption\":\"Recal Deutschland\"},\"image\":{\"@id\":\"https:\/\/recal-se.tbwebsite.com\/de\/#\/schema\/logo\/image\/\"}}]}<\/script>\n<!-- \/ Yoast SEO plugin. -->","yoast_head_json":{"title":"Rabattkant - Landscape - Recal Deutschland","description":"Rabattkanten Landscape \u00e4r Flexibel och ultra slitstark, l\u00e4tt att forma gr\u00e4nser eller anpassa till raka eller b\u00f6jda omr\u00e5den. Nu kan du k\u00f6pa rabattkanter till ett konkurrenskraftigt pris och avgr\u00e4nsa vad du vill i tr\u00e4dg\u00e5rden.Tillverkad av \u00e5tervunnet gummi f\u00e5r du ocks\u00e5 en milj\u00f6v\u00e4nlig produkt med h\u00f6g kvalitet!","robots":{"index":"index","follow":"follow","max-snippet":"max-snippet:-1","max-image-preview":"max-image-preview:large","max-video-preview":"max-video-preview:-1"},"canonical":"https:\/\/recal-se.tbwebsite.com\/de\/rasenkante\/rabattkant-landscape\/","og_locale":"de_DE","og_type":"article","og_title":"Rabattkant - Landscape - Recal Deutschland","og_description":"Rabattkanten Landscape \u00e4r Flexibel och ultra slitstark, l\u00e4tt att forma gr\u00e4nser eller anpassa till raka eller b\u00f6jda omr\u00e5den. Nu kan du k\u00f6pa rabattkanter till ett konkurrenskraftigt pris och avgr\u00e4nsa vad du vill i tr\u00e4dg\u00e5rden.Tillverkad av \u00e5tervunnet gummi f\u00e5r du ocks\u00e5 en milj\u00f6v\u00e4nlig produkt med h\u00f6g kvalitet!","og_url":"https:\/\/recal-se.tbwebsite.com\/de\/rasenkante\/rabattkant-landscape\/","og_site_name":"Recal Deutschland","article_modified_time":"2023-10-20T06:31:10+00:00","og_image":[{"width":1400,"height":1401,"url":"https:\/\/recal-se.tbwebsite.com\/de\/wp-content\/uploads\/sites\/4\/2023\/10\/5903104910570-2-scaled-1.png","type":"image\/png"}],"twitter_card":"summary_large_image","twitter_misc":{"Gesch\u00e4tzte Lesezeit":"1 Minute"},"schema":{"@context":"https:\/\/schema.org","@graph":[{"@type":"WebPage","@id":"https:\/\/recal-se.tbwebsite.com\/de\/rasenkante\/rabattkant-landscape\/","url":"https:\/\/recal-se.tbwebsite.com\/de\/rasenkante\/rabattkant-landscape\/","name":"Rabattkant - Landscape - Recal Deutschland","isPartOf":{"@id":"https:\/\/recal-se.tbwebsite.com\/de\/#website"},"primaryImageOfPage":{"@id":"https:\/\/recal-se.tbwebsite.com\/de\/rasenkante\/rabattkant-landscape\/#primaryimage"},"image":{"@id":"https:\/\/recal-se.tbwebsite.com\/de\/rasenkante\/rabattkant-landscape\/#primaryimage"},"thumbnailUrl":"https:\/\/recal-se.tbwebsite.com\/de\/wp-content\/uploads\/sites\/4\/2023\/10\/5903104910570-2-scaled-1.png","datePublished":"2023-10-19T12:22:37+00:00","dateModified":"2023-10-20T06:31:10+00:00","description":"Rabattkanten Landscape \u00e4r Flexibel och ultra slitstark, l\u00e4tt att forma gr\u00e4nser eller anpassa till raka eller b\u00f6jda omr\u00e5den. Nu kan du k\u00f6pa rabattkanter till ett konkurrenskraftigt pris och avgr\u00e4nsa vad du vill i tr\u00e4dg\u00e5rden.Tillverkad av \u00e5tervunnet gummi f\u00e5r du ocks\u00e5 en milj\u00f6v\u00e4nlig produkt med h\u00f6g kvalitet!","breadcrumb":{"@id":"https:\/\/recal-se.tbwebsite.com\/de\/rasenkante\/rabattkant-landscape\/#breadcrumb"},"inLanguage":"de-DE","potentialAction":[{"@type":"ReadAction","target":["https:\/\/recal-se.tbwebsite.com\/de\/rasenkante\/rabattkant-landscape\/"]}]},{"@type":"ImageObject","inLanguage":"de-DE","@id":"https:\/\/recal-se.tbwebsite.com\/de\/rasenkante\/rabattkant-landscape\/#primaryimage","url":"https:\/\/recal-se.tbwebsite.com\/de\/wp-content\/uploads\/sites\/4\/2023\/10\/5903104910570-2-scaled-1.png","contentUrl":"https:\/\/recal-se.tbwebsite.com\/de\/wp-content\/uploads\/sites\/4\/2023\/10\/5903104910570-2-scaled-1.png","width":1400,"height":1401},{"@type":"BreadcrumbList","@id":"https:\/\/recal-se.tbwebsite.com\/de\/rasenkante\/rabattkant-landscape\/#breadcrumb","itemListElement":[{"@type":"ListItem","position":1,"name":"Home","item":"https:\/\/recal-se.tbwebsite.com\/de\/"},{"@type":"ListItem","position":2,"name":"Shop","item":"https:\/\/recal-se.tbwebsite.com\/de\/shop\/"},{"@type":"ListItem","position":3,"name":"Rabattkant &#8211; Landscape"}]},{"@type":"WebSite","@id":"https:\/\/recal-se.tbwebsite.com\/de\/#website","url":"https:\/\/recal-se.tbwebsite.com\/de\/","name":"Recal Deutschland","description":"Tr\u00e4dg\u00e5rdsprodukter tillverkade i aluminium fr\u00e5n Sm\u00e5land","publisher":{"@id":"https:\/\/recal-se.tbwebsite.com\/de\/#organization"},"potentialAction":[{"@type":"SearchAction","target":{"@type":"EntryPoint","urlTemplate":"https:\/\/recal-se.tbwebsite.com\/de\/?s={search_term_string}"},"query-input":"required name=search_term_string"}],"inLanguage":"de-DE"},{"@type":"Organization","@id":"https:\/\/recal-se.tbwebsite.com\/de\/#organization","name":"Recal Deutschland","url":"https:\/\/recal-se.tbwebsite.com\/de\/","logo":{"@type":"ImageObject","inLanguage":"de-DE","@id":"https:\/\/recal-se.tbwebsite.com\/de\/#\/schema\/logo\/image\/","url":"https:\/\/recal-se.tbwebsite.com\/de\/wp-content\/uploads\/sites\/4\/2020\/06\/recal-logotype_svart_1.png","contentUrl":"https:\/\/recal-se.tbwebsite.com\/de\/wp-content\/uploads\/sites\/4\/2020\/06\/recal-logotype_svart_1.png","width":260,"height":52,"caption":"Recal Deutschland"},"image":{"@id":"https:\/\/recal-se.tbwebsite.com\/de\/#\/schema\/logo\/image\/"}}]}},"_links":{"self":[{"href":"https:\/\/recal-se.tbwebsite.com\/de\/wp-json\/wp\/v2\/product\/4905"}],"collection":[{"href":"https:\/\/recal-se.tbwebsite.com\/de\/wp-json\/wp\/v2\/product"}],"about":[{"href":"https:\/\/recal-se.tbwebsite.com\/de\/wp-json\/wp\/v2\/types\/product"}],"replies":[{"embeddable":true,"href":"https:\/\/recal-se.tbwebsite.com\/de\/wp-json\/wp\/v2\/comments?post=4905"}],"version-history":[{"count":3,"href":"https:\/\/recal-se.tbwebsite.com\/de\/wp-json\/wp\/v2\/product\/4905\/revisions"}],"predecessor-version":[{"id":5121,"href":"https:\/\/recal-se.tbwebsite.com\/de\/wp-json\/wp\/v2\/product\/4905\/revisions\/5121"}],"wp:featuredmedia":[{"embeddable":true,"href":"https:\/\/recal-se.tbwebsite.com\/de\/wp-json\/wp\/v2\/media\/5115"}],"wp:attachment":[{"href":"https:\/\/recal-se.tbwebsite.com\/de\/wp-json\/wp\/v2\/media?parent=4905"}],"wp:term":[{"taxonomy":"product_cat","embeddable":true,"href":"https:\/\/recal-se.tbwebsite.com\/de\/wp-json\/wp\/v2\/product_cat?post=4905"},{"taxonomy":"product_tag","embeddable":true,"href":"https:\/\/recal-se.tbwebsite.com\/de\/wp-json\/wp\/v2\/product_tag?post=4905"}],"curies":[{"name":"wp","href":"https:\/\/api.w.org\/{rel}","templated":true}]}}