{"id":4900,"date":"2023-10-19T12:22:37","date_gmt":"2023-10-19T12:22:37","guid":{"rendered":"https:\/\/recal-se.tbwebsite.com\/?post_type=product&#038;p=4900"},"modified":"2024-03-05T10:47:30","modified_gmt":"2024-03-05T10:47:30","slug":"blumentopf-concerto","status":"publish","type":"product","link":"https:\/\/recal-se.tbwebsite.com\/de\/pflanzkuebel\/blumentopf-concerto\/","title":{"rendered":"Blumentopf &#8211; Concerto"},"content":{"rendered":"<p>Der Blumentopf Concerto mit seiner sch\u00f6nen abgerundeten Form ist eine stilvolle Erg\u00e4nzung f\u00fcr Innen- und Au\u00dfenbereiche.<\/p>\n<p>Versch\u00f6nern Sie Ihre Gartenarbeit sowohl im Innen- als auch im Au\u00dfenbereich mit einem Hauch von Eleganz und begr\u00fc\u00dfen Sie einen gr\u00fcneren Lebensstil durch die Verwendung von recycelten Materialien. Lassen Sie die Natur gedeihen und bringen Sie gleichzeitig Ihren Stil zum Ausdruck.<\/p>\n<p>Erh\u00e4ltlich in den Gr\u00f6\u00dfen 50 und 66 cm in den Farben Schiefer und Stahlgrau.<\/p>\n<p>Jeder Multy Home Blumentopf ist mit einem cleveren eingebauten Wasserreservoir ausgestattet, das einen optimalen Feuchtigkeitsgehalt f\u00fcr Ihre Pflanzen gew\u00e4hrleistet, egal wo Sie sie aufstellen.<\/p>\n<p>Dar\u00fcber hinaus ist der Blumentopf frost- und UV-best\u00e4ndig, was bedeutet, dass er auch unter rauen Bedingungen seine Sch\u00f6nheit und Qualit\u00e4t beh\u00e4lt.<\/p>\n<p>Werten Sie Ihre Pflanzenarrangements mit unseren stilvollen und zuverl\u00e4ssigen Blument\u00f6pfen auf \u2013 drinnen genauso sch\u00f6n wie drau\u00dfen.<\/p>\n<p>&#8211; Allwetter-Abriebfestigkeit &#8211; Best\u00e4ndigkeit gegen extreme Witterungsbedingungen<br \/>\n&#8211; Umweltfreundlich &#8211; hergestellt aus recycelten Gummireifen<br \/>\n&#8211; Selbstbew\u00e4sserung &#8211; erm\u00f6glicht es Ihnen, Ihre Pflanzen bis zu 1 Woche stehen zu lassen<br \/>\n&#8211; Keine Rissbildung &#8211; schadet nicht bei extrem hei\u00dfen oder kalten Temperaturen, kann das ganze Jahr \u00fcber im Freien gelassen werden<br \/>\n&#8211; Schmutzabweisend und leicht zu reinigen<br \/>\n&#8211; Geeignet f\u00fcr den Innen- und Au\u00dfenbereich<br \/>\n&#8211; Schweres Gewicht, um ein Umkippen zu verhindern, aber leicht genug, um es zu heben und zu tragen<br \/>\n&#8211; Bei der Herstellung werden keine sch\u00e4dlichen Giftstoffe verwendet. Verwandeln Sie Ihren Garten mit stilvollen und praktischen Pflanzgef\u00e4\u00dfen aus 99 % recyceltem Kunststoff.<\/p>\n<p><strong>Recycling &#8211; Umweltfreundliche Produkte von Recal und Multy Home<\/strong><\/p>\n<p>F\u00fcr uns ist es entscheidend, dass alle unsere Produkte dem Planeten, dem wir helfen wollen, nicht schaden und ihn nicht zerst\u00f6ren. Diese Produkte werden aus recyceltem Gummi hergestellt und haben bereits Millionen von Reifen davor bewahrt, auf M\u00fclldeponien oder M\u00fclldeponien zu landen.<\/p>\n<p>Durch die Verwendung unserer recycelten Produkte tragen Sie dazu bei, den weltweiten CO2-Fu\u00dfabdruck zu verringern und das Recycling zu erh\u00f6hen.<\/p>\n<p>Recal ist stolz darauf, unsere Kollektion von Multy Home zu pr\u00e4sentieren, eine Kollektion von Gartenprodukten aus recycelten Materialien. Stilvoll, langlebig und umweltfreundlich!<\/p>\n<p>Zu unseren Gartenprodukten geh\u00f6ren Produkte wie Pflanzgef\u00e4\u00dfe und Blument\u00f6pfe f\u00fcr Trittsteine, Beeteinfassungen und Bordsteine.<\/p>\n<p>Sehen und genie\u00dfen Sie unsere neueste Kollektion von Gartenprodukten und begleiten Sie uns auf der Reise, die Welt zu einem saubereren und gr\u00fcneren Ort zu machen.<\/p>\n<p>M\u00f6chten Sie Ihren Garten, Balkon oder Ihre Terrasse mit sch\u00f6nen Blumen und Gr\u00fcn erneuern? Dann sind Pflanzgef\u00e4\u00dfe von Recal genau das Richtige f\u00fcr Sie.<\/p>\n<p>Mit einer Kombination aus Stil und Funktionalit\u00e4t helfen Ihnen unsere Pflanzgef\u00e4\u00dfe, eine Gartenoase zu schaffen, die sowohl beeindruckt als auch inspiriert.<\/p>\n<p>Recal-Stylisches Design f\u00fcr jeden Geschmack!<\/p>\n<p>&nbsp;<\/p>\n<p>&nbsp;<\/p>\n","protected":false},"excerpt":{"rendered":"<p>Der Blumentopf Concerto mit seiner sch\u00f6nen abgerundeten Form ist eine stilvolle Erg\u00e4nzung f\u00fcr Innen- und Au\u00dfenbereiche.<\/p>\n<p>Versch\u00f6nern Sie Ihre Gartenarbeit sowohl im Innen- als auch im Au\u00dfenbereich mit einem Hauch von Eleganz und begr\u00fc\u00dfen Sie einen gr\u00fcneren Lebensstil durch die Verwendung von recycelten Materialien. Lassen Sie die Natur gedeihen und bringen Sie gleichzeitig Ihren Stil zum Ausdruck.<\/p>\n<p>Erh\u00e4ltlich in den Gr\u00f6\u00dfen 50 und 66 cm in den Farben Schiefer und Stahlgrau.<\/p>\n<p>&nbsp;<\/p>\n<p>&nbsp;<\/p>\n","protected":false},"featured_media":5129,"comment_status":"open","ping_status":"closed","template":"","meta":{"_acf_changed":false},"product_cat":[240,115],"product_tag":[98,245,246],"composite_virtual":false,"composite_layout":"","composite_add_to_cart_form_location":"","composite_editable_in_cart":false,"composite_sold_individually_context":"","composite_shop_price_calc":"","composite_components":[],"composite_scenarios":[],"acf":[],"yoast_head":"<!-- This site is optimized with the Yoast SEO plugin v22.2 - https:\/\/yoast.com\/wordpress\/plugins\/seo\/ -->\n<title>Blumentopf - Concerto - Recal Deutschland<\/title>\n<meta name=\"description\" content=\"Der Blumentopf Concerto mit seiner sch\u00f6nen abgerundeten Form ist eine stilvolle Erg\u00e4nzung f\u00fcr Innen- und Au\u00dfenbereiche. Versch\u00f6nern Sie Ihre Gartenarbeit sowohl im Innen- als auch im Au\u00dfenbereich mit einem Hauch von Eleganz und begr\u00fc\u00dfen Sie einen gr\u00fcneren Lebensstil durch die Verwendung von recycelten Materialien. Lassen Sie die Natur gedeihen und bringen Sie gleichzeitig Ihren Stil zum Ausdruck. Erh\u00e4ltlich in den Gr\u00f6\u00dfen 50 und 66 cm in den Farben Schiefer und Stahlgrau.\" \/>\n<meta name=\"robots\" content=\"index, follow, max-snippet:-1, max-image-preview:large, max-video-preview:-1\" \/>\n<link rel=\"canonical\" href=\"https:\/\/recal-se.tbwebsite.com\/de\/pflanzkuebel\/blumentopf-concerto\/\" \/>\n<meta property=\"og:locale\" content=\"de_DE\" \/>\n<meta property=\"og:type\" content=\"article\" \/>\n<meta property=\"og:title\" content=\"Blumentopf - Concerto - Recal Deutschland\" \/>\n<meta property=\"og:description\" content=\"Der Blumentopf Concerto mit seiner sch\u00f6nen abgerundeten Form ist eine stilvolle Erg\u00e4nzung f\u00fcr Innen- und Au\u00dfenbereiche. Versch\u00f6nern Sie Ihre Gartenarbeit sowohl im Innen- als auch im Au\u00dfenbereich mit einem Hauch von Eleganz und begr\u00fc\u00dfen Sie einen gr\u00fcneren Lebensstil durch die Verwendung von recycelten Materialien. Lassen Sie die Natur gedeihen und bringen Sie gleichzeitig Ihren Stil zum Ausdruck. Erh\u00e4ltlich in den Gr\u00f6\u00dfen 50 und 66 cm in den Farben Schiefer und Stahlgrau.\" \/>\n<meta property=\"og:url\" content=\"https:\/\/recal-se.tbwebsite.com\/de\/pflanzkuebel\/blumentopf-concerto\/\" \/>\n<meta property=\"og:site_name\" content=\"Recal Deutschland\" \/>\n<meta property=\"article:modified_time\" content=\"2024-03-05T10:47:30+00:00\" \/>\n<meta property=\"og:image\" content=\"https:\/\/recal-se.tbwebsite.com\/de\/wp-content\/uploads\/sites\/4\/2023\/10\/EU5100128_EU5100127_concerto_slate_a-scaled-1.png\" \/>\n\t<meta property=\"og:image:width\" content=\"1400\" \/>\n\t<meta property=\"og:image:height\" content=\"1401\" \/>\n\t<meta property=\"og:image:type\" content=\"image\/png\" \/>\n<meta name=\"twitter:card\" content=\"summary_large_image\" \/>\n<meta name=\"twitter:label1\" content=\"Gesch\u00e4tzte Lesezeit\" \/>\n\t<meta name=\"twitter:data1\" content=\"3 Minuten\" \/>\n<script type=\"application\/ld+json\" class=\"yoast-schema-graph\">{\"@context\":\"https:\/\/schema.org\",\"@graph\":[{\"@type\":\"WebPage\",\"@id\":\"https:\/\/recal-se.tbwebsite.com\/de\/pflanzkuebel\/blumentopf-concerto\/\",\"url\":\"https:\/\/recal-se.tbwebsite.com\/de\/pflanzkuebel\/blumentopf-concerto\/\",\"name\":\"Blumentopf - Concerto - Recal Deutschland\",\"isPartOf\":{\"@id\":\"https:\/\/recal-se.tbwebsite.com\/de\/#website\"},\"primaryImageOfPage\":{\"@id\":\"https:\/\/recal-se.tbwebsite.com\/de\/pflanzkuebel\/blumentopf-concerto\/#primaryimage\"},\"image\":{\"@id\":\"https:\/\/recal-se.tbwebsite.com\/de\/pflanzkuebel\/blumentopf-concerto\/#primaryimage\"},\"thumbnailUrl\":\"https:\/\/recal-se.tbwebsite.com\/de\/wp-content\/uploads\/sites\/4\/2023\/10\/EU5100128_EU5100127_concerto_slate_a-scaled-1.png\",\"datePublished\":\"2023-10-19T12:22:37+00:00\",\"dateModified\":\"2024-03-05T10:47:30+00:00\",\"description\":\"Der Blumentopf Concerto mit seiner sch\u00f6nen abgerundeten Form ist eine stilvolle Erg\u00e4nzung f\u00fcr Innen- und Au\u00dfenbereiche. Versch\u00f6nern Sie Ihre Gartenarbeit sowohl im Innen- als auch im Au\u00dfenbereich mit einem Hauch von Eleganz und begr\u00fc\u00dfen Sie einen gr\u00fcneren Lebensstil durch die Verwendung von recycelten Materialien. Lassen Sie die Natur gedeihen und bringen Sie gleichzeitig Ihren Stil zum Ausdruck. Erh\u00e4ltlich in den Gr\u00f6\u00dfen 50 und 66 cm in den Farben Schiefer und Stahlgrau.\",\"breadcrumb\":{\"@id\":\"https:\/\/recal-se.tbwebsite.com\/de\/pflanzkuebel\/blumentopf-concerto\/#breadcrumb\"},\"inLanguage\":\"de-DE\",\"potentialAction\":[{\"@type\":\"ReadAction\",\"target\":[\"https:\/\/recal-se.tbwebsite.com\/de\/pflanzkuebel\/blumentopf-concerto\/\"]}]},{\"@type\":\"ImageObject\",\"inLanguage\":\"de-DE\",\"@id\":\"https:\/\/recal-se.tbwebsite.com\/de\/pflanzkuebel\/blumentopf-concerto\/#primaryimage\",\"url\":\"https:\/\/recal-se.tbwebsite.com\/de\/wp-content\/uploads\/sites\/4\/2023\/10\/EU5100128_EU5100127_concerto_slate_a-scaled-1.png\",\"contentUrl\":\"https:\/\/recal-se.tbwebsite.com\/de\/wp-content\/uploads\/sites\/4\/2023\/10\/EU5100128_EU5100127_concerto_slate_a-scaled-1.png\",\"width\":1400,\"height\":1401},{\"@type\":\"BreadcrumbList\",\"@id\":\"https:\/\/recal-se.tbwebsite.com\/de\/pflanzkuebel\/blumentopf-concerto\/#breadcrumb\",\"itemListElement\":[{\"@type\":\"ListItem\",\"position\":1,\"name\":\"Home\",\"item\":\"https:\/\/recal-se.tbwebsite.com\/de\/\"},{\"@type\":\"ListItem\",\"position\":2,\"name\":\"Shop\",\"item\":\"https:\/\/recal-se.tbwebsite.com\/de\/shop\/\"},{\"@type\":\"ListItem\",\"position\":3,\"name\":\"Blumentopf &#8211; Concerto\"}]},{\"@type\":\"WebSite\",\"@id\":\"https:\/\/recal-se.tbwebsite.com\/de\/#website\",\"url\":\"https:\/\/recal-se.tbwebsite.com\/de\/\",\"name\":\"Recal Deutschland\",\"description\":\"Tr\u00e4dg\u00e5rdsprodukter tillverkade i aluminium fr\u00e5n Sm\u00e5land\",\"publisher\":{\"@id\":\"https:\/\/recal-se.tbwebsite.com\/de\/#organization\"},\"potentialAction\":[{\"@type\":\"SearchAction\",\"target\":{\"@type\":\"EntryPoint\",\"urlTemplate\":\"https:\/\/recal-se.tbwebsite.com\/de\/?s={search_term_string}\"},\"query-input\":\"required name=search_term_string\"}],\"inLanguage\":\"de-DE\"},{\"@type\":\"Organization\",\"@id\":\"https:\/\/recal-se.tbwebsite.com\/de\/#organization\",\"name\":\"Recal Deutschland\",\"url\":\"https:\/\/recal-se.tbwebsite.com\/de\/\",\"logo\":{\"@type\":\"ImageObject\",\"inLanguage\":\"de-DE\",\"@id\":\"https:\/\/recal-se.tbwebsite.com\/de\/#\/schema\/logo\/image\/\",\"url\":\"https:\/\/recal-se.tbwebsite.com\/de\/wp-content\/uploads\/sites\/4\/2020\/06\/recal-logotype_svart_1.png\",\"contentUrl\":\"https:\/\/recal-se.tbwebsite.com\/de\/wp-content\/uploads\/sites\/4\/2020\/06\/recal-logotype_svart_1.png\",\"width\":260,\"height\":52,\"caption\":\"Recal Deutschland\"},\"image\":{\"@id\":\"https:\/\/recal-se.tbwebsite.com\/de\/#\/schema\/logo\/image\/\"}}]}<\/script>\n<!-- \/ Yoast SEO plugin. -->","yoast_head_json":{"title":"Blumentopf - Concerto - Recal Deutschland","description":"Der Blumentopf Concerto mit seiner sch\u00f6nen abgerundeten Form ist eine stilvolle Erg\u00e4nzung f\u00fcr Innen- und Au\u00dfenbereiche. Versch\u00f6nern Sie Ihre Gartenarbeit sowohl im Innen- als auch im Au\u00dfenbereich mit einem Hauch von Eleganz und begr\u00fc\u00dfen Sie einen gr\u00fcneren Lebensstil durch die Verwendung von recycelten Materialien. Lassen Sie die Natur gedeihen und bringen Sie gleichzeitig Ihren Stil zum Ausdruck. Erh\u00e4ltlich in den Gr\u00f6\u00dfen 50 und 66 cm in den Farben Schiefer und Stahlgrau.","robots":{"index":"index","follow":"follow","max-snippet":"max-snippet:-1","max-image-preview":"max-image-preview:large","max-video-preview":"max-video-preview:-1"},"canonical":"https:\/\/recal-se.tbwebsite.com\/de\/pflanzkuebel\/blumentopf-concerto\/","og_locale":"de_DE","og_type":"article","og_title":"Blumentopf - Concerto - Recal Deutschland","og_description":"Der Blumentopf Concerto mit seiner sch\u00f6nen abgerundeten Form ist eine stilvolle Erg\u00e4nzung f\u00fcr Innen- und Au\u00dfenbereiche. Versch\u00f6nern Sie Ihre Gartenarbeit sowohl im Innen- als auch im Au\u00dfenbereich mit einem Hauch von Eleganz und begr\u00fc\u00dfen Sie einen gr\u00fcneren Lebensstil durch die Verwendung von recycelten Materialien. Lassen Sie die Natur gedeihen und bringen Sie gleichzeitig Ihren Stil zum Ausdruck. Erh\u00e4ltlich in den Gr\u00f6\u00dfen 50 und 66 cm in den Farben Schiefer und Stahlgrau.","og_url":"https:\/\/recal-se.tbwebsite.com\/de\/pflanzkuebel\/blumentopf-concerto\/","og_site_name":"Recal Deutschland","article_modified_time":"2024-03-05T10:47:30+00:00","og_image":[{"width":1400,"height":1401,"url":"https:\/\/recal-se.tbwebsite.com\/de\/wp-content\/uploads\/sites\/4\/2023\/10\/EU5100128_EU5100127_concerto_slate_a-scaled-1.png","type":"image\/png"}],"twitter_card":"summary_large_image","twitter_misc":{"Gesch\u00e4tzte Lesezeit":"3 Minuten"},"schema":{"@context":"https:\/\/schema.org","@graph":[{"@type":"WebPage","@id":"https:\/\/recal-se.tbwebsite.com\/de\/pflanzkuebel\/blumentopf-concerto\/","url":"https:\/\/recal-se.tbwebsite.com\/de\/pflanzkuebel\/blumentopf-concerto\/","name":"Blumentopf - Concerto - Recal Deutschland","isPartOf":{"@id":"https:\/\/recal-se.tbwebsite.com\/de\/#website"},"primaryImageOfPage":{"@id":"https:\/\/recal-se.tbwebsite.com\/de\/pflanzkuebel\/blumentopf-concerto\/#primaryimage"},"image":{"@id":"https:\/\/recal-se.tbwebsite.com\/de\/pflanzkuebel\/blumentopf-concerto\/#primaryimage"},"thumbnailUrl":"https:\/\/recal-se.tbwebsite.com\/de\/wp-content\/uploads\/sites\/4\/2023\/10\/EU5100128_EU5100127_concerto_slate_a-scaled-1.png","datePublished":"2023-10-19T12:22:37+00:00","dateModified":"2024-03-05T10:47:30+00:00","description":"Der Blumentopf Concerto mit seiner sch\u00f6nen abgerundeten Form ist eine stilvolle Erg\u00e4nzung f\u00fcr Innen- und Au\u00dfenbereiche. Versch\u00f6nern Sie Ihre Gartenarbeit sowohl im Innen- als auch im Au\u00dfenbereich mit einem Hauch von Eleganz und begr\u00fc\u00dfen Sie einen gr\u00fcneren Lebensstil durch die Verwendung von recycelten Materialien. Lassen Sie die Natur gedeihen und bringen Sie gleichzeitig Ihren Stil zum Ausdruck. Erh\u00e4ltlich in den Gr\u00f6\u00dfen 50 und 66 cm in den Farben Schiefer und Stahlgrau.","breadcrumb":{"@id":"https:\/\/recal-se.tbwebsite.com\/de\/pflanzkuebel\/blumentopf-concerto\/#breadcrumb"},"inLanguage":"de-DE","potentialAction":[{"@type":"ReadAction","target":["https:\/\/recal-se.tbwebsite.com\/de\/pflanzkuebel\/blumentopf-concerto\/"]}]},{"@type":"ImageObject","inLanguage":"de-DE","@id":"https:\/\/recal-se.tbwebsite.com\/de\/pflanzkuebel\/blumentopf-concerto\/#primaryimage","url":"https:\/\/recal-se.tbwebsite.com\/de\/wp-content\/uploads\/sites\/4\/2023\/10\/EU5100128_EU5100127_concerto_slate_a-scaled-1.png","contentUrl":"https:\/\/recal-se.tbwebsite.com\/de\/wp-content\/uploads\/sites\/4\/2023\/10\/EU5100128_EU5100127_concerto_slate_a-scaled-1.png","width":1400,"height":1401},{"@type":"BreadcrumbList","@id":"https:\/\/recal-se.tbwebsite.com\/de\/pflanzkuebel\/blumentopf-concerto\/#breadcrumb","itemListElement":[{"@type":"ListItem","position":1,"name":"Home","item":"https:\/\/recal-se.tbwebsite.com\/de\/"},{"@type":"ListItem","position":2,"name":"Shop","item":"https:\/\/recal-se.tbwebsite.com\/de\/shop\/"},{"@type":"ListItem","position":3,"name":"Blumentopf &#8211; Concerto"}]},{"@type":"WebSite","@id":"https:\/\/recal-se.tbwebsite.com\/de\/#website","url":"https:\/\/recal-se.tbwebsite.com\/de\/","name":"Recal Deutschland","description":"Tr\u00e4dg\u00e5rdsprodukter tillverkade i aluminium fr\u00e5n Sm\u00e5land","publisher":{"@id":"https:\/\/recal-se.tbwebsite.com\/de\/#organization"},"potentialAction":[{"@type":"SearchAction","target":{"@type":"EntryPoint","urlTemplate":"https:\/\/recal-se.tbwebsite.com\/de\/?s={search_term_string}"},"query-input":"required name=search_term_string"}],"inLanguage":"de-DE"},{"@type":"Organization","@id":"https:\/\/recal-se.tbwebsite.com\/de\/#organization","name":"Recal Deutschland","url":"https:\/\/recal-se.tbwebsite.com\/de\/","logo":{"@type":"ImageObject","inLanguage":"de-DE","@id":"https:\/\/recal-se.tbwebsite.com\/de\/#\/schema\/logo\/image\/","url":"https:\/\/recal-se.tbwebsite.com\/de\/wp-content\/uploads\/sites\/4\/2020\/06\/recal-logotype_svart_1.png","contentUrl":"https:\/\/recal-se.tbwebsite.com\/de\/wp-content\/uploads\/sites\/4\/2020\/06\/recal-logotype_svart_1.png","width":260,"height":52,"caption":"Recal Deutschland"},"image":{"@id":"https:\/\/recal-se.tbwebsite.com\/de\/#\/schema\/logo\/image\/"}}]}},"_links":{"self":[{"href":"https:\/\/recal-se.tbwebsite.com\/de\/wp-json\/wp\/v2\/product\/4900"}],"collection":[{"href":"https:\/\/recal-se.tbwebsite.com\/de\/wp-json\/wp\/v2\/product"}],"about":[{"href":"https:\/\/recal-se.tbwebsite.com\/de\/wp-json\/wp\/v2\/types\/product"}],"replies":[{"embeddable":true,"href":"https:\/\/recal-se.tbwebsite.com\/de\/wp-json\/wp\/v2\/comments?post=4900"}],"version-history":[{"count":3,"href":"https:\/\/recal-se.tbwebsite.com\/de\/wp-json\/wp\/v2\/product\/4900\/revisions"}],"predecessor-version":[{"id":15153,"href":"https:\/\/recal-se.tbwebsite.com\/de\/wp-json\/wp\/v2\/product\/4900\/revisions\/15153"}],"wp:featuredmedia":[{"embeddable":true,"href":"https:\/\/recal-se.tbwebsite.com\/de\/wp-json\/wp\/v2\/media\/5129"}],"wp:attachment":[{"href":"https:\/\/recal-se.tbwebsite.com\/de\/wp-json\/wp\/v2\/media?parent=4900"}],"wp:term":[{"taxonomy":"product_cat","embeddable":true,"href":"https:\/\/recal-se.tbwebsite.com\/de\/wp-json\/wp\/v2\/product_cat?post=4900"},{"taxonomy":"product_tag","embeddable":true,"href":"https:\/\/recal-se.tbwebsite.com\/de\/wp-json\/wp\/v2\/product_tag?post=4900"}],"curies":[{"name":"wp","href":"https:\/\/api.w.org\/{rel}","templated":true}]}}