{"id":4899,"date":"2023-10-19T12:22:37","date_gmt":"2023-10-19T12:22:37","guid":{"rendered":"https:\/\/recal-se.tbwebsite.com\/?post_type=product&#038;p=4899"},"modified":"2024-03-05T10:49:14","modified_gmt":"2024-03-05T10:49:14","slug":"grillmatte-spritzschutz","status":"publish","type":"product","link":"https:\/\/recal-se.tbwebsite.com\/de\/zubehoer\/grillmatte-spritzschutz\/","title":{"rendered":"Grillmatte \u2013 Spritzschutz"},"content":{"rendered":"<div id=\"tw-target-text-container\" class=\"tw-ta-container F0azHf tw-nfl\">\n<p id=\"tw-target-text\" class=\"tw-data-text tw-text-large tw-ta\" dir=\"ltr\" data-placeholder=\"\u00d6vers\u00e4ttning\" data-ved=\"2ahUKEwj5te-mwtKEAxX_PxAIHeaDDjgQ3ewLegQIDRAV\"><span class=\"Y2IQFc\" lang=\"de\">Unsere Grillmatte aus recyceltem Kunststoff bietet Ihnen den perfekten Schutz f\u00fcr den Raum rund um den Grill! Entdecken Sie die au\u00dfergew\u00f6hnliche Qualit\u00e4t, Haltbarkeit und das stilvolle Design unserer vielseitigen Outdoor-Produkte, die alle sorgf\u00e4ltig im Hinblick auf Langlebigkeit gefertigt wurden. Sch\u00fctzen Sie Ihre Terrasse mit unserer 80 cm x 120 cm gro\u00dfen Grillmatte im eleganten Schieferton. Seine Dicke von 3 mm sch\u00fctzt vor versch\u00fctteten Fl\u00fcssigkeiten und Flecken und macht das Kochen im Freien sorgenfrei. Verwandeln Sie Ihre Au\u00dfenbereiche in einladende R\u00fcckzugsorte, in denen Sie die Sch\u00f6nheit der Natur genie\u00dfen k\u00f6nnen.<\/span><\/p>\n<\/div>\n<p>&nbsp;<\/p>\n<table width=\"406\">\n<tbody>\n<tr>\n<td width=\"81\">\n<p id=\"tw-target-text\" class=\"tw-data-text tw-text-large tw-ta\" dir=\"ltr\" data-placeholder=\"\u00d6vers\u00e4ttning\" data-ved=\"2ahUKEwj5te-mwtKEAxX_PxAIHeaDDjgQ3ewLegQIDRAV\"><span class=\"Y2IQFc\" lang=\"de\">Farbe<\/span><\/p>\n<\/td>\n<td width=\"99\">\n<p id=\"tw-target-text\" class=\"tw-data-text tw-text-large tw-ta\" dir=\"ltr\" data-placeholder=\"\u00d6vers\u00e4ttning\" data-ved=\"2ahUKEwj5te-mwtKEAxX_PxAIHeaDDjgQ3ewLegQIDRAV\"><span class=\"Y2IQFc\" lang=\"de\">Menge<\/span><\/p>\n<\/td>\n<td width=\"82\">\n<p id=\"tw-target-text\" class=\"tw-data-text tw-text-large tw-ta\" dir=\"ltr\" data-placeholder=\"\u00d6vers\u00e4ttning\" data-ved=\"2ahUKEwj5te-mwtKEAxX_PxAIHeaDDjgQ3ewLegQIDRAV\"><span class=\"Y2IQFc\" lang=\"de\">Nettogewicht<\/span><\/p>\n<\/td>\n<td width=\"144\">Abmessungen (L, B, H) CM<\/td>\n<\/tr>\n<\/tbody>\n<\/table>\n<table width=\"406\">\n<tbody>\n<tr>\n<td width=\"81\">Skiffer<\/td>\n<td width=\"99\">1<\/td>\n<td width=\"82\">2,4<\/td>\n<td width=\"144\">80x120x0,3<\/td>\n<\/tr>\n<\/tbody>\n<\/table>\n<p id=\"tw-target-text\" class=\"tw-data-text tw-text-large tw-ta\" dir=\"ltr\" data-placeholder=\"\u00d6vers\u00e4ttning\" data-ved=\"2ahUKEwj5te-mwtKEAxX_PxAIHeaDDjgQ3ewLegQIDRAV\"><span class=\"Y2IQFc\" lang=\"de\">Entdecken Sie die au\u00dfergew\u00f6hnliche Qualit\u00e4t, Haltbarkeit und das stilvolle Design unserer vielseitigen Outdoor-Produkte, die alle sorgf\u00e4ltig im Hinblick auf Langlebigkeit gefertigt wurden. Erleben Sie eine einfache und wirkungsvolle Gartenabgrenzung mit unserer 9 cm hohen Blumenbegrenzung Easy.<\/span><\/p>\n<div id=\"tw-target-text-container\" class=\"tw-ta-container F0azHf tw-nfl\">\n<p id=\"tw-target-text\" class=\"tw-data-text tw-text-large tw-ta\" dir=\"ltr\" data-placeholder=\"\u00d6vers\u00e4ttning\" data-ved=\"2ahUKEwj5te-mwtKEAxX_PxAIHeaDDjgQ3ewLegQIDRAV\"><span class=\"Y2IQFc\" lang=\"de\">Verwandeln Sie Ihre Au\u00dfenbereiche in einladende R\u00fcckzugsorte, in denen Sie die Sch\u00f6nheit der Natur genie\u00dfen k\u00f6nnen.<\/span><\/p>\n<\/div>\n","protected":false},"excerpt":{"rendered":"<p id=\"tw-target-text\" class=\"tw-data-text tw-text-large tw-ta\" dir=\"ltr\" data-placeholder=\"\u00d6vers\u00e4ttning\" data-ved=\"2ahUKEwj5te-mwtKEAxX_PxAIHeaDDjgQ3ewLegQIDRAV\"><span class=\"Y2IQFc\" lang=\"de\">Unsere Grillmatte aus recyceltem Kunststoff bietet Ihnen den perfekten Schutz f\u00fcr den Raum rund um den Grill! Entdecken Sie die au\u00dfergew\u00f6hnliche Qualit\u00e4t, Haltbarkeit und das stilvolle Design unserer vielseitigen Outdoor-Produkte, die alle sorgf\u00e4ltig im Hinblick auf Langlebigkeit gefertigt wurden. Sch\u00fctzen Sie Ihre Terrasse mit unserer 80 cm x 120 cm gro\u00dfen Grillmatte im eleganten Schieferton. Seine Dicke von 3 mm sch\u00fctzt vor versch\u00fctteten Fl\u00fcssigkeiten und Flecken und macht das Kochen im Freien sorgenfrei. Verwandeln Sie Ihre Au\u00dfenbereiche in einladende R\u00fcckzugsorte, in denen Sie die Sch\u00f6nheit der Natur genie\u00dfen k\u00f6nnen.<\/span><\/p>\n<p>&nbsp;<\/p>\n","protected":false},"featured_media":5134,"comment_status":"open","ping_status":"closed","template":"","meta":{"_acf_changed":false},"product_cat":[244,32],"product_tag":[],"composite_virtual":false,"composite_layout":"","composite_add_to_cart_form_location":"","composite_editable_in_cart":false,"composite_sold_individually_context":"","composite_shop_price_calc":"","composite_components":[],"composite_scenarios":[],"acf":[],"yoast_head":"<!-- This site is optimized with the Yoast SEO plugin v22.2 - https:\/\/yoast.com\/wordpress\/plugins\/seo\/ -->\n<title>Grillmatte \u2013 Spritzschutz - Recal Deutschland<\/title>\n<meta name=\"description\" content=\"Unsere Grillmatte aus recyceltem Kunststoff bietet Ihnen den perfekten Schutz f\u00fcr den Raum rund um den Grill! Entdecken Sie die au\u00dfergew\u00f6hnliche Qualit\u00e4t, Haltbarkeit und das stilvolle Design unserer vielseitigen Outdoor-Produkte, die alle sorgf\u00e4ltig im Hinblick auf Langlebigkeit gefertigt wurden. Sch\u00fctzen Sie Ihre Terrasse mit unserer 80 cm x 120 cm gro\u00dfen Grillmatte im eleganten Schieferton. Seine Dicke von 3 mm sch\u00fctzt vor versch\u00fctteten Fl\u00fcssigkeiten und Flecken und macht das Kochen im Freien sorgenfrei. Verwandeln Sie Ihre Au\u00dfenbereiche in einladende R\u00fcckzugsorte, in denen Sie die Sch\u00f6nheit der Natur genie\u00dfen k\u00f6nnen.\" \/>\n<meta name=\"robots\" content=\"index, follow, max-snippet:-1, max-image-preview:large, max-video-preview:-1\" \/>\n<link rel=\"canonical\" href=\"https:\/\/recal-se.tbwebsite.com\/de\/zubehoer\/grillmatte-spritzschutz\/\" \/>\n<meta property=\"og:locale\" content=\"de_DE\" \/>\n<meta property=\"og:type\" content=\"article\" \/>\n<meta property=\"og:title\" content=\"Grillmatte \u2013 Spritzschutz - Recal Deutschland\" \/>\n<meta property=\"og:description\" content=\"Unsere Grillmatte aus recyceltem Kunststoff bietet Ihnen den perfekten Schutz f\u00fcr den Raum rund um den Grill! Entdecken Sie die au\u00dfergew\u00f6hnliche Qualit\u00e4t, Haltbarkeit und das stilvolle Design unserer vielseitigen Outdoor-Produkte, die alle sorgf\u00e4ltig im Hinblick auf Langlebigkeit gefertigt wurden. Sch\u00fctzen Sie Ihre Terrasse mit unserer 80 cm x 120 cm gro\u00dfen Grillmatte im eleganten Schieferton. Seine Dicke von 3 mm sch\u00fctzt vor versch\u00fctteten Fl\u00fcssigkeiten und Flecken und macht das Kochen im Freien sorgenfrei. Verwandeln Sie Ihre Au\u00dfenbereiche in einladende R\u00fcckzugsorte, in denen Sie die Sch\u00f6nheit der Natur genie\u00dfen k\u00f6nnen.\" \/>\n<meta property=\"og:url\" content=\"https:\/\/recal-se.tbwebsite.com\/de\/zubehoer\/grillmatte-spritzschutz\/\" \/>\n<meta property=\"og:site_name\" content=\"Recal Deutschland\" \/>\n<meta property=\"article:modified_time\" content=\"2024-03-05T10:49:14+00:00\" \/>\n<meta property=\"og:image\" content=\"https:\/\/recal-se.tbwebsite.com\/de\/wp-content\/uploads\/sites\/4\/2023\/10\/bbq_mat_deckplate_f-scaled-1.png\" \/>\n\t<meta property=\"og:image:width\" content=\"1400\" \/>\n\t<meta property=\"og:image:height\" content=\"1400\" \/>\n\t<meta property=\"og:image:type\" content=\"image\/png\" \/>\n<meta name=\"twitter:card\" content=\"summary_large_image\" \/>\n<meta name=\"twitter:label1\" content=\"Gesch\u00e4tzte Lesezeit\" \/>\n\t<meta name=\"twitter:data1\" content=\"2 Minuten\" \/>\n<script type=\"application\/ld+json\" class=\"yoast-schema-graph\">{\"@context\":\"https:\/\/schema.org\",\"@graph\":[{\"@type\":\"WebPage\",\"@id\":\"https:\/\/recal-se.tbwebsite.com\/de\/zubehoer\/grillmatte-spritzschutz\/\",\"url\":\"https:\/\/recal-se.tbwebsite.com\/de\/zubehoer\/grillmatte-spritzschutz\/\",\"name\":\"Grillmatte \u2013 Spritzschutz - Recal Deutschland\",\"isPartOf\":{\"@id\":\"https:\/\/recal-se.tbwebsite.com\/de\/#website\"},\"primaryImageOfPage\":{\"@id\":\"https:\/\/recal-se.tbwebsite.com\/de\/zubehoer\/grillmatte-spritzschutz\/#primaryimage\"},\"image\":{\"@id\":\"https:\/\/recal-se.tbwebsite.com\/de\/zubehoer\/grillmatte-spritzschutz\/#primaryimage\"},\"thumbnailUrl\":\"https:\/\/recal-se.tbwebsite.com\/de\/wp-content\/uploads\/sites\/4\/2023\/10\/bbq_mat_deckplate_f-scaled-1.png\",\"datePublished\":\"2023-10-19T12:22:37+00:00\",\"dateModified\":\"2024-03-05T10:49:14+00:00\",\"description\":\"Unsere Grillmatte aus recyceltem Kunststoff bietet Ihnen den perfekten Schutz f\u00fcr den Raum rund um den Grill! Entdecken Sie die au\u00dfergew\u00f6hnliche Qualit\u00e4t, Haltbarkeit und das stilvolle Design unserer vielseitigen Outdoor-Produkte, die alle sorgf\u00e4ltig im Hinblick auf Langlebigkeit gefertigt wurden. Sch\u00fctzen Sie Ihre Terrasse mit unserer 80 cm x 120 cm gro\u00dfen Grillmatte im eleganten Schieferton. Seine Dicke von 3 mm sch\u00fctzt vor versch\u00fctteten Fl\u00fcssigkeiten und Flecken und macht das Kochen im Freien sorgenfrei. Verwandeln Sie Ihre Au\u00dfenbereiche in einladende R\u00fcckzugsorte, in denen Sie die Sch\u00f6nheit der Natur genie\u00dfen k\u00f6nnen.\",\"breadcrumb\":{\"@id\":\"https:\/\/recal-se.tbwebsite.com\/de\/zubehoer\/grillmatte-spritzschutz\/#breadcrumb\"},\"inLanguage\":\"de-DE\",\"potentialAction\":[{\"@type\":\"ReadAction\",\"target\":[\"https:\/\/recal-se.tbwebsite.com\/de\/zubehoer\/grillmatte-spritzschutz\/\"]}]},{\"@type\":\"ImageObject\",\"inLanguage\":\"de-DE\",\"@id\":\"https:\/\/recal-se.tbwebsite.com\/de\/zubehoer\/grillmatte-spritzschutz\/#primaryimage\",\"url\":\"https:\/\/recal-se.tbwebsite.com\/de\/wp-content\/uploads\/sites\/4\/2023\/10\/bbq_mat_deckplate_f-scaled-1.png\",\"contentUrl\":\"https:\/\/recal-se.tbwebsite.com\/de\/wp-content\/uploads\/sites\/4\/2023\/10\/bbq_mat_deckplate_f-scaled-1.png\",\"width\":1400,\"height\":1400},{\"@type\":\"BreadcrumbList\",\"@id\":\"https:\/\/recal-se.tbwebsite.com\/de\/zubehoer\/grillmatte-spritzschutz\/#breadcrumb\",\"itemListElement\":[{\"@type\":\"ListItem\",\"position\":1,\"name\":\"Home\",\"item\":\"https:\/\/recal-se.tbwebsite.com\/de\/\"},{\"@type\":\"ListItem\",\"position\":2,\"name\":\"Shop\",\"item\":\"https:\/\/recal-se.tbwebsite.com\/de\/shop\/\"},{\"@type\":\"ListItem\",\"position\":3,\"name\":\"Grillmatte \u2013 Spritzschutz\"}]},{\"@type\":\"WebSite\",\"@id\":\"https:\/\/recal-se.tbwebsite.com\/de\/#website\",\"url\":\"https:\/\/recal-se.tbwebsite.com\/de\/\",\"name\":\"Recal Deutschland\",\"description\":\"Tr\u00e4dg\u00e5rdsprodukter tillverkade i aluminium fr\u00e5n Sm\u00e5land\",\"publisher\":{\"@id\":\"https:\/\/recal-se.tbwebsite.com\/de\/#organization\"},\"potentialAction\":[{\"@type\":\"SearchAction\",\"target\":{\"@type\":\"EntryPoint\",\"urlTemplate\":\"https:\/\/recal-se.tbwebsite.com\/de\/?s={search_term_string}\"},\"query-input\":\"required name=search_term_string\"}],\"inLanguage\":\"de-DE\"},{\"@type\":\"Organization\",\"@id\":\"https:\/\/recal-se.tbwebsite.com\/de\/#organization\",\"name\":\"Recal Deutschland\",\"url\":\"https:\/\/recal-se.tbwebsite.com\/de\/\",\"logo\":{\"@type\":\"ImageObject\",\"inLanguage\":\"de-DE\",\"@id\":\"https:\/\/recal-se.tbwebsite.com\/de\/#\/schema\/logo\/image\/\",\"url\":\"https:\/\/recal-se.tbwebsite.com\/de\/wp-content\/uploads\/sites\/4\/2020\/06\/recal-logotype_svart_1.png\",\"contentUrl\":\"https:\/\/recal-se.tbwebsite.com\/de\/wp-content\/uploads\/sites\/4\/2020\/06\/recal-logotype_svart_1.png\",\"width\":260,\"height\":52,\"caption\":\"Recal Deutschland\"},\"image\":{\"@id\":\"https:\/\/recal-se.tbwebsite.com\/de\/#\/schema\/logo\/image\/\"}}]}<\/script>\n<!-- \/ Yoast SEO plugin. -->","yoast_head_json":{"title":"Grillmatte \u2013 Spritzschutz - Recal Deutschland","description":"Unsere Grillmatte aus recyceltem Kunststoff bietet Ihnen den perfekten Schutz f\u00fcr den Raum rund um den Grill! Entdecken Sie die au\u00dfergew\u00f6hnliche Qualit\u00e4t, Haltbarkeit und das stilvolle Design unserer vielseitigen Outdoor-Produkte, die alle sorgf\u00e4ltig im Hinblick auf Langlebigkeit gefertigt wurden. Sch\u00fctzen Sie Ihre Terrasse mit unserer 80 cm x 120 cm gro\u00dfen Grillmatte im eleganten Schieferton. Seine Dicke von 3 mm sch\u00fctzt vor versch\u00fctteten Fl\u00fcssigkeiten und Flecken und macht das Kochen im Freien sorgenfrei. Verwandeln Sie Ihre Au\u00dfenbereiche in einladende R\u00fcckzugsorte, in denen Sie die Sch\u00f6nheit der Natur genie\u00dfen k\u00f6nnen.","robots":{"index":"index","follow":"follow","max-snippet":"max-snippet:-1","max-image-preview":"max-image-preview:large","max-video-preview":"max-video-preview:-1"},"canonical":"https:\/\/recal-se.tbwebsite.com\/de\/zubehoer\/grillmatte-spritzschutz\/","og_locale":"de_DE","og_type":"article","og_title":"Grillmatte \u2013 Spritzschutz - Recal Deutschland","og_description":"Unsere Grillmatte aus recyceltem Kunststoff bietet Ihnen den perfekten Schutz f\u00fcr den Raum rund um den Grill! Entdecken Sie die au\u00dfergew\u00f6hnliche Qualit\u00e4t, Haltbarkeit und das stilvolle Design unserer vielseitigen Outdoor-Produkte, die alle sorgf\u00e4ltig im Hinblick auf Langlebigkeit gefertigt wurden. Sch\u00fctzen Sie Ihre Terrasse mit unserer 80 cm x 120 cm gro\u00dfen Grillmatte im eleganten Schieferton. Seine Dicke von 3 mm sch\u00fctzt vor versch\u00fctteten Fl\u00fcssigkeiten und Flecken und macht das Kochen im Freien sorgenfrei. Verwandeln Sie Ihre Au\u00dfenbereiche in einladende R\u00fcckzugsorte, in denen Sie die Sch\u00f6nheit der Natur genie\u00dfen k\u00f6nnen.","og_url":"https:\/\/recal-se.tbwebsite.com\/de\/zubehoer\/grillmatte-spritzschutz\/","og_site_name":"Recal Deutschland","article_modified_time":"2024-03-05T10:49:14+00:00","og_image":[{"width":1400,"height":1400,"url":"https:\/\/recal-se.tbwebsite.com\/de\/wp-content\/uploads\/sites\/4\/2023\/10\/bbq_mat_deckplate_f-scaled-1.png","type":"image\/png"}],"twitter_card":"summary_large_image","twitter_misc":{"Gesch\u00e4tzte Lesezeit":"2 Minuten"},"schema":{"@context":"https:\/\/schema.org","@graph":[{"@type":"WebPage","@id":"https:\/\/recal-se.tbwebsite.com\/de\/zubehoer\/grillmatte-spritzschutz\/","url":"https:\/\/recal-se.tbwebsite.com\/de\/zubehoer\/grillmatte-spritzschutz\/","name":"Grillmatte \u2013 Spritzschutz - Recal Deutschland","isPartOf":{"@id":"https:\/\/recal-se.tbwebsite.com\/de\/#website"},"primaryImageOfPage":{"@id":"https:\/\/recal-se.tbwebsite.com\/de\/zubehoer\/grillmatte-spritzschutz\/#primaryimage"},"image":{"@id":"https:\/\/recal-se.tbwebsite.com\/de\/zubehoer\/grillmatte-spritzschutz\/#primaryimage"},"thumbnailUrl":"https:\/\/recal-se.tbwebsite.com\/de\/wp-content\/uploads\/sites\/4\/2023\/10\/bbq_mat_deckplate_f-scaled-1.png","datePublished":"2023-10-19T12:22:37+00:00","dateModified":"2024-03-05T10:49:14+00:00","description":"Unsere Grillmatte aus recyceltem Kunststoff bietet Ihnen den perfekten Schutz f\u00fcr den Raum rund um den Grill! Entdecken Sie die au\u00dfergew\u00f6hnliche Qualit\u00e4t, Haltbarkeit und das stilvolle Design unserer vielseitigen Outdoor-Produkte, die alle sorgf\u00e4ltig im Hinblick auf Langlebigkeit gefertigt wurden. Sch\u00fctzen Sie Ihre Terrasse mit unserer 80 cm x 120 cm gro\u00dfen Grillmatte im eleganten Schieferton. Seine Dicke von 3 mm sch\u00fctzt vor versch\u00fctteten Fl\u00fcssigkeiten und Flecken und macht das Kochen im Freien sorgenfrei. Verwandeln Sie Ihre Au\u00dfenbereiche in einladende R\u00fcckzugsorte, in denen Sie die Sch\u00f6nheit der Natur genie\u00dfen k\u00f6nnen.","breadcrumb":{"@id":"https:\/\/recal-se.tbwebsite.com\/de\/zubehoer\/grillmatte-spritzschutz\/#breadcrumb"},"inLanguage":"de-DE","potentialAction":[{"@type":"ReadAction","target":["https:\/\/recal-se.tbwebsite.com\/de\/zubehoer\/grillmatte-spritzschutz\/"]}]},{"@type":"ImageObject","inLanguage":"de-DE","@id":"https:\/\/recal-se.tbwebsite.com\/de\/zubehoer\/grillmatte-spritzschutz\/#primaryimage","url":"https:\/\/recal-se.tbwebsite.com\/de\/wp-content\/uploads\/sites\/4\/2023\/10\/bbq_mat_deckplate_f-scaled-1.png","contentUrl":"https:\/\/recal-se.tbwebsite.com\/de\/wp-content\/uploads\/sites\/4\/2023\/10\/bbq_mat_deckplate_f-scaled-1.png","width":1400,"height":1400},{"@type":"BreadcrumbList","@id":"https:\/\/recal-se.tbwebsite.com\/de\/zubehoer\/grillmatte-spritzschutz\/#breadcrumb","itemListElement":[{"@type":"ListItem","position":1,"name":"Home","item":"https:\/\/recal-se.tbwebsite.com\/de\/"},{"@type":"ListItem","position":2,"name":"Shop","item":"https:\/\/recal-se.tbwebsite.com\/de\/shop\/"},{"@type":"ListItem","position":3,"name":"Grillmatte \u2013 Spritzschutz"}]},{"@type":"WebSite","@id":"https:\/\/recal-se.tbwebsite.com\/de\/#website","url":"https:\/\/recal-se.tbwebsite.com\/de\/","name":"Recal Deutschland","description":"Tr\u00e4dg\u00e5rdsprodukter tillverkade i aluminium fr\u00e5n Sm\u00e5land","publisher":{"@id":"https:\/\/recal-se.tbwebsite.com\/de\/#organization"},"potentialAction":[{"@type":"SearchAction","target":{"@type":"EntryPoint","urlTemplate":"https:\/\/recal-se.tbwebsite.com\/de\/?s={search_term_string}"},"query-input":"required name=search_term_string"}],"inLanguage":"de-DE"},{"@type":"Organization","@id":"https:\/\/recal-se.tbwebsite.com\/de\/#organization","name":"Recal Deutschland","url":"https:\/\/recal-se.tbwebsite.com\/de\/","logo":{"@type":"ImageObject","inLanguage":"de-DE","@id":"https:\/\/recal-se.tbwebsite.com\/de\/#\/schema\/logo\/image\/","url":"https:\/\/recal-se.tbwebsite.com\/de\/wp-content\/uploads\/sites\/4\/2020\/06\/recal-logotype_svart_1.png","contentUrl":"https:\/\/recal-se.tbwebsite.com\/de\/wp-content\/uploads\/sites\/4\/2020\/06\/recal-logotype_svart_1.png","width":260,"height":52,"caption":"Recal Deutschland"},"image":{"@id":"https:\/\/recal-se.tbwebsite.com\/de\/#\/schema\/logo\/image\/"}}]}},"_links":{"self":[{"href":"https:\/\/recal-se.tbwebsite.com\/de\/wp-json\/wp\/v2\/product\/4899"}],"collection":[{"href":"https:\/\/recal-se.tbwebsite.com\/de\/wp-json\/wp\/v2\/product"}],"about":[{"href":"https:\/\/recal-se.tbwebsite.com\/de\/wp-json\/wp\/v2\/types\/product"}],"replies":[{"embeddable":true,"href":"https:\/\/recal-se.tbwebsite.com\/de\/wp-json\/wp\/v2\/comments?post=4899"}],"version-history":[{"count":4,"href":"https:\/\/recal-se.tbwebsite.com\/de\/wp-json\/wp\/v2\/product\/4899\/revisions"}],"predecessor-version":[{"id":15181,"href":"https:\/\/recal-se.tbwebsite.com\/de\/wp-json\/wp\/v2\/product\/4899\/revisions\/15181"}],"wp:featuredmedia":[{"embeddable":true,"href":"https:\/\/recal-se.tbwebsite.com\/de\/wp-json\/wp\/v2\/media\/5134"}],"wp:attachment":[{"href":"https:\/\/recal-se.tbwebsite.com\/de\/wp-json\/wp\/v2\/media?parent=4899"}],"wp:term":[{"taxonomy":"product_cat","embeddable":true,"href":"https:\/\/recal-se.tbwebsite.com\/de\/wp-json\/wp\/v2\/product_cat?post=4899"},{"taxonomy":"product_tag","embeddable":true,"href":"https:\/\/recal-se.tbwebsite.com\/de\/wp-json\/wp\/v2\/product_tag?post=4899"}],"curies":[{"name":"wp","href":"https:\/\/api.w.org\/{rel}","templated":true}]}}