{"id":4895,"date":"2023-10-19T12:22:36","date_gmt":"2023-10-19T12:22:36","guid":{"rendered":"https:\/\/recal-se.tbwebsite.com\/?post_type=product&#038;p=4895"},"modified":"2023-10-20T07:49:47","modified_gmt":"2023-10-20T07:49:47","slug":"rabattkant-easy-6-meter","status":"publish","type":"product","link":"https:\/\/recal-se.tbwebsite.com\/de\/rasenkante\/rabattkant-easy-6-meter\/","title":{"rendered":"Rabattkant &#8211; Easy 6 meter"},"content":{"rendered":"<p>V\u00e5r nya stors\u00e4ljare, rabattkant Easy. Flexibel och ultra slitstark, l\u00e4tt att forma gr\u00e4nser eller anpassa till raka eller b\u00f6jda omr\u00e5den. Nu kan du k\u00f6pa rabattkanter till ett konkurrenskraftigt pris, k\u00f6p 6 meter rabattkant f\u00f6r 329 kr!<\/p>\n<p>Rabattkant Easy erbjuder en l\u00e5ng h\u00e5llbarhet i alla v\u00e4derf\u00f6rh\u00e5llande! Tillverkad av \u00e5tervunna bild\u00e4ck \u00e4r det ett perfekt milj\u00f6val samtidigt som det \u00e4r en smidig installation. Spikar ing\u00e5r<br \/>\nf\u00f6r enkel och fullst\u00e4ndig installation.<\/p>\n<table width=\"406\">\n<tbody>\n<tr>\n<td width=\"81\">F\u00e4rg<\/td>\n<td width=\"99\">Antal<\/td>\n<td width=\"82\">Nettovikt<\/td>\n<td width=\"144\">Dimensioner(L,B,H) CM<\/td>\n<\/tr>\n<\/tbody>\n<\/table>\n<table width=\"406\">\n<tbody>\n<tr>\n<td width=\"81\">Earth<\/td>\n<td width=\"99\">1 st<\/td>\n<td width=\"82\">2,9<\/td>\n<td width=\"144\">600 x 0,5 x 9<\/td>\n<\/tr>\n<\/tbody>\n<\/table>\n<p>Uppt\u00e4ck den exceptionella kvaliteten, h\u00e5llbarheten och de stilrena designerna hos v\u00e5ra m\u00e5ngsidiga utomhusprodukter, alla noga utformade med h\u00e5llbarhet i \u00e5tanke. Upplev enkel och effektiv tr\u00e4dg\u00e5rdsavgr\u00e4nsning med v\u00e5r 9 cm h\u00f6ga rabattkant easy.<\/p>\n<p>F\u00f6rvandla dina utomhusutrymmen till inbjudande frist\u00e4der, perfekta f\u00f6r att njuta av naturens sk\u00f6nhet.<\/p>\n","protected":false},"excerpt":{"rendered":"<p>V\u00e5r nya stors\u00e4ljare, rabattkant Easy. Flexibel och ultra slitstark, l\u00e4tt att forma gr\u00e4nser eller anpassa till raka eller b\u00f6jda omr\u00e5den. Nu kan du k\u00f6pa rabattkanter till ett konkurrenskraftigt pris, k\u00f6p 6 meter rabattkant f\u00f6r 329 kr!<\/p>\n","protected":false},"featured_media":5149,"comment_status":"open","ping_status":"closed","template":"","meta":{"_acf_changed":false},"product_cat":[93],"product_tag":[],"composite_virtual":false,"composite_layout":"","composite_add_to_cart_form_location":"","composite_editable_in_cart":false,"composite_sold_individually_context":"","composite_shop_price_calc":"","composite_components":[],"composite_scenarios":[],"acf":[],"yoast_head":"<!-- This site is optimized with the Yoast SEO plugin v22.2 - https:\/\/yoast.com\/wordpress\/plugins\/seo\/ -->\n<title>Rabattkant - Easy 6 meter - Recal Deutschland<\/title>\n<meta name=\"description\" content=\"V\u00e5r nya stors\u00e4ljare, rabattkant Easy. Flexibel och ultra slitstark, l\u00e4tt att forma gr\u00e4nser eller anpassa till raka eller b\u00f6jda omr\u00e5den. Nu kan du k\u00f6pa rabattkanter till ett konkurrenskraftigt pris, k\u00f6p 6 meter rabattkant f\u00f6r 329 kr!\" \/>\n<meta name=\"robots\" content=\"index, follow, max-snippet:-1, max-image-preview:large, max-video-preview:-1\" \/>\n<link rel=\"canonical\" href=\"https:\/\/recal-se.tbwebsite.com\/de\/rasenkante\/rabattkant-easy-6-meter\/\" \/>\n<meta property=\"og:locale\" content=\"de_DE\" \/>\n<meta property=\"og:type\" content=\"article\" \/>\n<meta property=\"og:title\" content=\"Rabattkant - Easy 6 meter - Recal Deutschland\" \/>\n<meta property=\"og:description\" content=\"V\u00e5r nya stors\u00e4ljare, rabattkant Easy. Flexibel och ultra slitstark, l\u00e4tt att forma gr\u00e4nser eller anpassa till raka eller b\u00f6jda omr\u00e5den. Nu kan du k\u00f6pa rabattkanter till ett konkurrenskraftigt pris, k\u00f6p 6 meter rabattkant f\u00f6r 329 kr!\" \/>\n<meta property=\"og:url\" content=\"https:\/\/recal-se.tbwebsite.com\/de\/rasenkante\/rabattkant-easy-6-meter\/\" \/>\n<meta property=\"og:site_name\" content=\"Recal Deutschland\" \/>\n<meta property=\"article:modified_time\" content=\"2023-10-20T07:49:47+00:00\" \/>\n<meta property=\"og:image\" content=\"https:\/\/recal-se.tbwebsite.com\/de\/wp-content\/uploads\/sites\/4\/2023\/10\/EU4000002_thinline_earth_I-scaled-1.png\" \/>\n\t<meta property=\"og:image:width\" content=\"1400\" \/>\n\t<meta property=\"og:image:height\" content=\"1400\" \/>\n\t<meta property=\"og:image:type\" content=\"image\/png\" \/>\n<meta name=\"twitter:card\" content=\"summary_large_image\" \/>\n<meta name=\"twitter:label1\" content=\"Gesch\u00e4tzte Lesezeit\" \/>\n\t<meta name=\"twitter:data1\" content=\"1 Minute\" \/>\n<script type=\"application\/ld+json\" class=\"yoast-schema-graph\">{\"@context\":\"https:\/\/schema.org\",\"@graph\":[{\"@type\":\"WebPage\",\"@id\":\"https:\/\/recal-se.tbwebsite.com\/de\/rasenkante\/rabattkant-easy-6-meter\/\",\"url\":\"https:\/\/recal-se.tbwebsite.com\/de\/rasenkante\/rabattkant-easy-6-meter\/\",\"name\":\"Rabattkant - Easy 6 meter - Recal Deutschland\",\"isPartOf\":{\"@id\":\"https:\/\/recal-se.tbwebsite.com\/de\/#website\"},\"primaryImageOfPage\":{\"@id\":\"https:\/\/recal-se.tbwebsite.com\/de\/rasenkante\/rabattkant-easy-6-meter\/#primaryimage\"},\"image\":{\"@id\":\"https:\/\/recal-se.tbwebsite.com\/de\/rasenkante\/rabattkant-easy-6-meter\/#primaryimage\"},\"thumbnailUrl\":\"https:\/\/recal-se.tbwebsite.com\/de\/wp-content\/uploads\/sites\/4\/2023\/10\/EU4000002_thinline_earth_I-scaled-1.png\",\"datePublished\":\"2023-10-19T12:22:36+00:00\",\"dateModified\":\"2023-10-20T07:49:47+00:00\",\"description\":\"V\u00e5r nya stors\u00e4ljare, rabattkant Easy. Flexibel och ultra slitstark, l\u00e4tt att forma gr\u00e4nser eller anpassa till raka eller b\u00f6jda omr\u00e5den. Nu kan du k\u00f6pa rabattkanter till ett konkurrenskraftigt pris, k\u00f6p 6 meter rabattkant f\u00f6r 329 kr!\",\"breadcrumb\":{\"@id\":\"https:\/\/recal-se.tbwebsite.com\/de\/rasenkante\/rabattkant-easy-6-meter\/#breadcrumb\"},\"inLanguage\":\"de-DE\",\"potentialAction\":[{\"@type\":\"ReadAction\",\"target\":[\"https:\/\/recal-se.tbwebsite.com\/de\/rasenkante\/rabattkant-easy-6-meter\/\"]}]},{\"@type\":\"ImageObject\",\"inLanguage\":\"de-DE\",\"@id\":\"https:\/\/recal-se.tbwebsite.com\/de\/rasenkante\/rabattkant-easy-6-meter\/#primaryimage\",\"url\":\"https:\/\/recal-se.tbwebsite.com\/de\/wp-content\/uploads\/sites\/4\/2023\/10\/EU4000002_thinline_earth_I-scaled-1.png\",\"contentUrl\":\"https:\/\/recal-se.tbwebsite.com\/de\/wp-content\/uploads\/sites\/4\/2023\/10\/EU4000002_thinline_earth_I-scaled-1.png\",\"width\":1400,\"height\":1400},{\"@type\":\"BreadcrumbList\",\"@id\":\"https:\/\/recal-se.tbwebsite.com\/de\/rasenkante\/rabattkant-easy-6-meter\/#breadcrumb\",\"itemListElement\":[{\"@type\":\"ListItem\",\"position\":1,\"name\":\"Home\",\"item\":\"https:\/\/recal-se.tbwebsite.com\/de\/\"},{\"@type\":\"ListItem\",\"position\":2,\"name\":\"Shop\",\"item\":\"https:\/\/recal-se.tbwebsite.com\/de\/shop\/\"},{\"@type\":\"ListItem\",\"position\":3,\"name\":\"Rabattkant &#8211; Easy 6 meter\"}]},{\"@type\":\"WebSite\",\"@id\":\"https:\/\/recal-se.tbwebsite.com\/de\/#website\",\"url\":\"https:\/\/recal-se.tbwebsite.com\/de\/\",\"name\":\"Recal Deutschland\",\"description\":\"Tr\u00e4dg\u00e5rdsprodukter tillverkade i aluminium fr\u00e5n Sm\u00e5land\",\"publisher\":{\"@id\":\"https:\/\/recal-se.tbwebsite.com\/de\/#organization\"},\"potentialAction\":[{\"@type\":\"SearchAction\",\"target\":{\"@type\":\"EntryPoint\",\"urlTemplate\":\"https:\/\/recal-se.tbwebsite.com\/de\/?s={search_term_string}\"},\"query-input\":\"required name=search_term_string\"}],\"inLanguage\":\"de-DE\"},{\"@type\":\"Organization\",\"@id\":\"https:\/\/recal-se.tbwebsite.com\/de\/#organization\",\"name\":\"Recal Deutschland\",\"url\":\"https:\/\/recal-se.tbwebsite.com\/de\/\",\"logo\":{\"@type\":\"ImageObject\",\"inLanguage\":\"de-DE\",\"@id\":\"https:\/\/recal-se.tbwebsite.com\/de\/#\/schema\/logo\/image\/\",\"url\":\"https:\/\/recal-se.tbwebsite.com\/de\/wp-content\/uploads\/sites\/4\/2020\/06\/recal-logotype_svart_1.png\",\"contentUrl\":\"https:\/\/recal-se.tbwebsite.com\/de\/wp-content\/uploads\/sites\/4\/2020\/06\/recal-logotype_svart_1.png\",\"width\":260,\"height\":52,\"caption\":\"Recal Deutschland\"},\"image\":{\"@id\":\"https:\/\/recal-se.tbwebsite.com\/de\/#\/schema\/logo\/image\/\"}}]}<\/script>\n<!-- \/ Yoast SEO plugin. -->","yoast_head_json":{"title":"Rabattkant - Easy 6 meter - Recal Deutschland","description":"V\u00e5r nya stors\u00e4ljare, rabattkant Easy. Flexibel och ultra slitstark, l\u00e4tt att forma gr\u00e4nser eller anpassa till raka eller b\u00f6jda omr\u00e5den. Nu kan du k\u00f6pa rabattkanter till ett konkurrenskraftigt pris, k\u00f6p 6 meter rabattkant f\u00f6r 329 kr!","robots":{"index":"index","follow":"follow","max-snippet":"max-snippet:-1","max-image-preview":"max-image-preview:large","max-video-preview":"max-video-preview:-1"},"canonical":"https:\/\/recal-se.tbwebsite.com\/de\/rasenkante\/rabattkant-easy-6-meter\/","og_locale":"de_DE","og_type":"article","og_title":"Rabattkant - Easy 6 meter - Recal Deutschland","og_description":"V\u00e5r nya stors\u00e4ljare, rabattkant Easy. Flexibel och ultra slitstark, l\u00e4tt att forma gr\u00e4nser eller anpassa till raka eller b\u00f6jda omr\u00e5den. Nu kan du k\u00f6pa rabattkanter till ett konkurrenskraftigt pris, k\u00f6p 6 meter rabattkant f\u00f6r 329 kr!","og_url":"https:\/\/recal-se.tbwebsite.com\/de\/rasenkante\/rabattkant-easy-6-meter\/","og_site_name":"Recal Deutschland","article_modified_time":"2023-10-20T07:49:47+00:00","og_image":[{"width":1400,"height":1400,"url":"https:\/\/recal-se.tbwebsite.com\/de\/wp-content\/uploads\/sites\/4\/2023\/10\/EU4000002_thinline_earth_I-scaled-1.png","type":"image\/png"}],"twitter_card":"summary_large_image","twitter_misc":{"Gesch\u00e4tzte Lesezeit":"1 Minute"},"schema":{"@context":"https:\/\/schema.org","@graph":[{"@type":"WebPage","@id":"https:\/\/recal-se.tbwebsite.com\/de\/rasenkante\/rabattkant-easy-6-meter\/","url":"https:\/\/recal-se.tbwebsite.com\/de\/rasenkante\/rabattkant-easy-6-meter\/","name":"Rabattkant - Easy 6 meter - Recal Deutschland","isPartOf":{"@id":"https:\/\/recal-se.tbwebsite.com\/de\/#website"},"primaryImageOfPage":{"@id":"https:\/\/recal-se.tbwebsite.com\/de\/rasenkante\/rabattkant-easy-6-meter\/#primaryimage"},"image":{"@id":"https:\/\/recal-se.tbwebsite.com\/de\/rasenkante\/rabattkant-easy-6-meter\/#primaryimage"},"thumbnailUrl":"https:\/\/recal-se.tbwebsite.com\/de\/wp-content\/uploads\/sites\/4\/2023\/10\/EU4000002_thinline_earth_I-scaled-1.png","datePublished":"2023-10-19T12:22:36+00:00","dateModified":"2023-10-20T07:49:47+00:00","description":"V\u00e5r nya stors\u00e4ljare, rabattkant Easy. Flexibel och ultra slitstark, l\u00e4tt att forma gr\u00e4nser eller anpassa till raka eller b\u00f6jda omr\u00e5den. Nu kan du k\u00f6pa rabattkanter till ett konkurrenskraftigt pris, k\u00f6p 6 meter rabattkant f\u00f6r 329 kr!","breadcrumb":{"@id":"https:\/\/recal-se.tbwebsite.com\/de\/rasenkante\/rabattkant-easy-6-meter\/#breadcrumb"},"inLanguage":"de-DE","potentialAction":[{"@type":"ReadAction","target":["https:\/\/recal-se.tbwebsite.com\/de\/rasenkante\/rabattkant-easy-6-meter\/"]}]},{"@type":"ImageObject","inLanguage":"de-DE","@id":"https:\/\/recal-se.tbwebsite.com\/de\/rasenkante\/rabattkant-easy-6-meter\/#primaryimage","url":"https:\/\/recal-se.tbwebsite.com\/de\/wp-content\/uploads\/sites\/4\/2023\/10\/EU4000002_thinline_earth_I-scaled-1.png","contentUrl":"https:\/\/recal-se.tbwebsite.com\/de\/wp-content\/uploads\/sites\/4\/2023\/10\/EU4000002_thinline_earth_I-scaled-1.png","width":1400,"height":1400},{"@type":"BreadcrumbList","@id":"https:\/\/recal-se.tbwebsite.com\/de\/rasenkante\/rabattkant-easy-6-meter\/#breadcrumb","itemListElement":[{"@type":"ListItem","position":1,"name":"Home","item":"https:\/\/recal-se.tbwebsite.com\/de\/"},{"@type":"ListItem","position":2,"name":"Shop","item":"https:\/\/recal-se.tbwebsite.com\/de\/shop\/"},{"@type":"ListItem","position":3,"name":"Rabattkant &#8211; Easy 6 meter"}]},{"@type":"WebSite","@id":"https:\/\/recal-se.tbwebsite.com\/de\/#website","url":"https:\/\/recal-se.tbwebsite.com\/de\/","name":"Recal Deutschland","description":"Tr\u00e4dg\u00e5rdsprodukter tillverkade i aluminium fr\u00e5n Sm\u00e5land","publisher":{"@id":"https:\/\/recal-se.tbwebsite.com\/de\/#organization"},"potentialAction":[{"@type":"SearchAction","target":{"@type":"EntryPoint","urlTemplate":"https:\/\/recal-se.tbwebsite.com\/de\/?s={search_term_string}"},"query-input":"required name=search_term_string"}],"inLanguage":"de-DE"},{"@type":"Organization","@id":"https:\/\/recal-se.tbwebsite.com\/de\/#organization","name":"Recal Deutschland","url":"https:\/\/recal-se.tbwebsite.com\/de\/","logo":{"@type":"ImageObject","inLanguage":"de-DE","@id":"https:\/\/recal-se.tbwebsite.com\/de\/#\/schema\/logo\/image\/","url":"https:\/\/recal-se.tbwebsite.com\/de\/wp-content\/uploads\/sites\/4\/2020\/06\/recal-logotype_svart_1.png","contentUrl":"https:\/\/recal-se.tbwebsite.com\/de\/wp-content\/uploads\/sites\/4\/2020\/06\/recal-logotype_svart_1.png","width":260,"height":52,"caption":"Recal Deutschland"},"image":{"@id":"https:\/\/recal-se.tbwebsite.com\/de\/#\/schema\/logo\/image\/"}}]}},"_links":{"self":[{"href":"https:\/\/recal-se.tbwebsite.com\/de\/wp-json\/wp\/v2\/product\/4895"}],"collection":[{"href":"https:\/\/recal-se.tbwebsite.com\/de\/wp-json\/wp\/v2\/product"}],"about":[{"href":"https:\/\/recal-se.tbwebsite.com\/de\/wp-json\/wp\/v2\/types\/product"}],"replies":[{"embeddable":true,"href":"https:\/\/recal-se.tbwebsite.com\/de\/wp-json\/wp\/v2\/comments?post=4895"}],"version-history":[{"count":2,"href":"https:\/\/recal-se.tbwebsite.com\/de\/wp-json\/wp\/v2\/product\/4895\/revisions"}],"predecessor-version":[{"id":5155,"href":"https:\/\/recal-se.tbwebsite.com\/de\/wp-json\/wp\/v2\/product\/4895\/revisions\/5155"}],"wp:featuredmedia":[{"embeddable":true,"href":"https:\/\/recal-se.tbwebsite.com\/de\/wp-json\/wp\/v2\/media\/5149"}],"wp:attachment":[{"href":"https:\/\/recal-se.tbwebsite.com\/de\/wp-json\/wp\/v2\/media?parent=4895"}],"wp:term":[{"taxonomy":"product_cat","embeddable":true,"href":"https:\/\/recal-se.tbwebsite.com\/de\/wp-json\/wp\/v2\/product_cat?post=4895"},{"taxonomy":"product_tag","embeddable":true,"href":"https:\/\/recal-se.tbwebsite.com\/de\/wp-json\/wp\/v2\/product_tag?post=4895"}],"curies":[{"name":"wp","href":"https:\/\/api.w.org\/{rel}","templated":true}]}}