{"id":4883,"date":"2023-10-19T12:22:26","date_gmt":"2023-10-19T12:22:26","guid":{"rendered":"https:\/\/recal-se.tbwebsite.com\/?post_type=product&#038;p=4883"},"modified":"2024-03-05T10:58:20","modified_gmt":"2024-03-05T10:58:20","slug":"blumentopf-bariton","status":"publish","type":"product","link":"https:\/\/recal-se.tbwebsite.com\/de\/pflanzkuebel\/blumentopf-bariton\/","title":{"rendered":"Blumentopf &#8211; Bariton"},"content":{"rendered":"<p>Bariton Flower Pot, eine harmonische Verschmelzung von Nachhaltigkeit, \u00c4sthetik und Umweltfreundlichkeit. Der Blumentopf mit seiner sch\u00f6nen abgerundeten Form ist eine stilvolle Erg\u00e4nzung f\u00fcr Innen- und Au\u00dfenbereiche.<\/p>\n<p>Versch\u00f6nern Sie Ihre Gartenarbeit sowohl im Innen- als auch im Au\u00dfenbereich mit einem Hauch von Eleganz und begr\u00fc\u00dfen Sie einen gr\u00fcneren Lebensstil durch die Verwendung von recycelten Materialien. Lassen Sie die Natur gedeihen und bringen Sie gleichzeitig Ihren Stil zum Ausdruck.<\/p>\n<p>Erh\u00e4ltlich in den Gr\u00f6\u00dfen 30 und 40cm in der Farbe Slate.<\/p>\n<p>Jeder Multy Home Blumentopf ist mit einem cleveren eingebauten Wasserreservoir ausgestattet, das einen optimalen Feuchtigkeitsgehalt f\u00fcr Ihre Pflanzen gew\u00e4hrleistet, egal wo Sie sie aufstellen.<\/p>\n<p>Dar\u00fcber hinaus ist der Blumentopf frost- und UV-best\u00e4ndig, was bedeutet, dass er auch unter rauen Bedingungen seine Sch\u00f6nheit und Qualit\u00e4t beh\u00e4lt.<\/p>\n<p>F\u00fcr uns steht Nachhaltigkeit an erster Stelle, weshalb unsere Blument\u00f6pfe zu 99 % aus recycelten Materialien hergestellt werden. Sie k\u00f6nnen ihre zeitlose Sch\u00f6nheit genie\u00dfen und wissen, dass Sie zu einer umweltfreundlicheren Welt beitragen.<\/p>\n<p>Werten Sie Ihre Pflanzenarrangements mit unseren stilvollen und zuverl\u00e4ssigen Blument\u00f6pfen auf \u2013 drinnen genauso sch\u00f6n wie drau\u00dfen.<\/p>\n<p>Verwandeln Sie Ihren Garten mit stilvollen und praktischen Pflanzgef\u00e4\u00dfen aus 99 % recyceltem Kunststoff.<\/p>\n<p>Recal ist stolz darauf, unsere Kollektion von Multy Home zu pr\u00e4sentieren, eine Kollektion von Gartenprodukten aus recycelten Materialien. Stilvoll, langlebig und umweltfreundlich!<\/p>\n<p>Zu unseren Gartenprodukten geh\u00f6ren Produkte wie Pflanzgef\u00e4\u00dfe und Blument\u00f6pfe f\u00fcr Trittsteine, Beeteinfassungen und Bordsteine.<\/p>\n<p>Sehen und genie\u00dfen Sie unsere neueste Kollektion von Gartenprodukten und begleiten Sie uns auf der Reise, die Welt zu einem saubereren und gr\u00fcneren Ort zu machen.<\/p>\n<p><strong>Recycling &#8211; Umweltfreundliche Produkte von Recal und Multy Home<\/strong><\/p>\n<p>F\u00fcr uns ist es entscheidend, dass alle unsere Produkte dem Planeten, dem wir helfen wollen, nicht schaden und ihn nicht zerst\u00f6ren. Wir sind stolz darauf, Altreifen wiederzuverwenden, damit sie nicht auf M\u00fclldeponien landen, und sind st\u00e4ndig auf der Suche nach neuen Recyclingmateriall\u00f6sungen f\u00fcr die Herstellung von Produkten.<\/p>\n<p>M\u00f6chten Sie Ihren Garten, Balkon oder Ihre Terrasse mit sch\u00f6nen Blumen und Gr\u00fcn erneuern? Dann sind Pflanzgef\u00e4\u00dfe von Recal genau das Richtige f\u00fcr Sie. Mit einer Kombination aus Stil und Funktionalit\u00e4t helfen Ihnen unsere Pflanzgef\u00e4\u00dfe, eine Gartenoase zu schaffen, die sowohl beeindruckt als auch inspiriert.<\/p>\n<p>Recal-Stylisches Design f\u00fcr jeden Geschmack!<\/p>\n<p>&nbsp;<\/p>\n<p>&nbsp;<\/p>\n","protected":false},"excerpt":{"rendered":"<p>Bariton Flower Pot, eine harmonische Verschmelzung von Nachhaltigkeit, \u00c4sthetik und Umweltfreundlichkeit. Der Blumentopf mit seiner sch\u00f6nen abgerundeten Form ist eine stilvolle Erg\u00e4nzung f\u00fcr Innen- und Au\u00dfenbereiche.<\/p>\n<p>Versch\u00f6nern Sie Ihre Gartenarbeit sowohl im Innen- als auch im Au\u00dfenbereich mit einem Hauch von Eleganz und begr\u00fc\u00dfen Sie einen gr\u00fcneren Lebensstil durch die Verwendung von recycelten Materialien. Lassen Sie die Natur gedeihen und bringen Sie gleichzeitig Ihren Stil zum Ausdruck.<\/p>\n<p>Erh\u00e4ltlich in den Gr\u00f6\u00dfen 30 und 40cm in der Farbe Slate.<\/p>\n<p>&nbsp;<\/p>\n","protected":false},"featured_media":5181,"comment_status":"open","ping_status":"closed","template":"","meta":{"_acf_changed":false},"product_cat":[240,115],"product_tag":[],"composite_virtual":false,"composite_layout":"","composite_add_to_cart_form_location":"","composite_editable_in_cart":false,"composite_sold_individually_context":"","composite_shop_price_calc":"","composite_components":[],"composite_scenarios":[],"acf":[],"yoast_head":"<!-- This site is optimized with the Yoast SEO plugin v22.2 - https:\/\/yoast.com\/wordpress\/plugins\/seo\/ -->\n<title>Blumentopf - Bariton - Recal Deutschland<\/title>\n<meta name=\"description\" content=\"Bariton Flower Pot, eine harmonische Verschmelzung von Nachhaltigkeit, \u00c4sthetik und Umweltfreundlichkeit. Der Blumentopf mit seiner sch\u00f6nen abgerundeten Form ist eine stilvolle Erg\u00e4nzung f\u00fcr Innen- und Au\u00dfenbereiche. Versch\u00f6nern Sie Ihre Gartenarbeit sowohl im Innen- als auch im Au\u00dfenbereich mit einem Hauch von Eleganz und begr\u00fc\u00dfen Sie einen gr\u00fcneren Lebensstil durch die Verwendung von recycelten Materialien. Lassen Sie die Natur gedeihen und bringen Sie gleichzeitig Ihren Stil zum Ausdruck. Erh\u00e4ltlich in den Gr\u00f6\u00dfen 30 und 40cm in der Farbe Slate.\" \/>\n<meta name=\"robots\" content=\"index, follow, max-snippet:-1, max-image-preview:large, max-video-preview:-1\" \/>\n<link rel=\"canonical\" href=\"https:\/\/recal-se.tbwebsite.com\/de\/pflanzkuebel\/blumentopf-bariton\/\" \/>\n<meta property=\"og:locale\" content=\"de_DE\" \/>\n<meta property=\"og:type\" content=\"article\" \/>\n<meta property=\"og:title\" content=\"Blumentopf - Bariton - Recal Deutschland\" \/>\n<meta property=\"og:description\" content=\"Bariton Flower Pot, eine harmonische Verschmelzung von Nachhaltigkeit, \u00c4sthetik und Umweltfreundlichkeit. Der Blumentopf mit seiner sch\u00f6nen abgerundeten Form ist eine stilvolle Erg\u00e4nzung f\u00fcr Innen- und Au\u00dfenbereiche. Versch\u00f6nern Sie Ihre Gartenarbeit sowohl im Innen- als auch im Au\u00dfenbereich mit einem Hauch von Eleganz und begr\u00fc\u00dfen Sie einen gr\u00fcneren Lebensstil durch die Verwendung von recycelten Materialien. Lassen Sie die Natur gedeihen und bringen Sie gleichzeitig Ihren Stil zum Ausdruck. Erh\u00e4ltlich in den Gr\u00f6\u00dfen 30 und 40cm in der Farbe Slate.\" \/>\n<meta property=\"og:url\" content=\"https:\/\/recal-se.tbwebsite.com\/de\/pflanzkuebel\/blumentopf-bariton\/\" \/>\n<meta property=\"og:site_name\" content=\"Recal Deutschland\" \/>\n<meta property=\"article:modified_time\" content=\"2024-03-05T10:58:20+00:00\" \/>\n<meta property=\"og:image\" content=\"https:\/\/recal-se.tbwebsite.com\/de\/wp-content\/uploads\/sites\/4\/2023\/10\/EU5100055_baritone_40_slate_a-scaled-1.png\" \/>\n\t<meta property=\"og:image:width\" content=\"1400\" \/>\n\t<meta property=\"og:image:height\" content=\"1400\" \/>\n\t<meta property=\"og:image:type\" content=\"image\/png\" \/>\n<meta name=\"twitter:card\" content=\"summary_large_image\" \/>\n<meta name=\"twitter:label1\" content=\"Gesch\u00e4tzte Lesezeit\" \/>\n\t<meta name=\"twitter:data1\" content=\"3 Minuten\" \/>\n<script type=\"application\/ld+json\" class=\"yoast-schema-graph\">{\"@context\":\"https:\/\/schema.org\",\"@graph\":[{\"@type\":\"WebPage\",\"@id\":\"https:\/\/recal-se.tbwebsite.com\/de\/pflanzkuebel\/blumentopf-bariton\/\",\"url\":\"https:\/\/recal-se.tbwebsite.com\/de\/pflanzkuebel\/blumentopf-bariton\/\",\"name\":\"Blumentopf - Bariton - Recal Deutschland\",\"isPartOf\":{\"@id\":\"https:\/\/recal-se.tbwebsite.com\/de\/#website\"},\"primaryImageOfPage\":{\"@id\":\"https:\/\/recal-se.tbwebsite.com\/de\/pflanzkuebel\/blumentopf-bariton\/#primaryimage\"},\"image\":{\"@id\":\"https:\/\/recal-se.tbwebsite.com\/de\/pflanzkuebel\/blumentopf-bariton\/#primaryimage\"},\"thumbnailUrl\":\"https:\/\/recal-se.tbwebsite.com\/de\/wp-content\/uploads\/sites\/4\/2023\/10\/EU5100055_baritone_40_slate_a-scaled-1.png\",\"datePublished\":\"2023-10-19T12:22:26+00:00\",\"dateModified\":\"2024-03-05T10:58:20+00:00\",\"description\":\"Bariton Flower Pot, eine harmonische Verschmelzung von Nachhaltigkeit, \u00c4sthetik und Umweltfreundlichkeit. Der Blumentopf mit seiner sch\u00f6nen abgerundeten Form ist eine stilvolle Erg\u00e4nzung f\u00fcr Innen- und Au\u00dfenbereiche. Versch\u00f6nern Sie Ihre Gartenarbeit sowohl im Innen- als auch im Au\u00dfenbereich mit einem Hauch von Eleganz und begr\u00fc\u00dfen Sie einen gr\u00fcneren Lebensstil durch die Verwendung von recycelten Materialien. Lassen Sie die Natur gedeihen und bringen Sie gleichzeitig Ihren Stil zum Ausdruck. Erh\u00e4ltlich in den Gr\u00f6\u00dfen 30 und 40cm in der Farbe Slate.\",\"breadcrumb\":{\"@id\":\"https:\/\/recal-se.tbwebsite.com\/de\/pflanzkuebel\/blumentopf-bariton\/#breadcrumb\"},\"inLanguage\":\"de-DE\",\"potentialAction\":[{\"@type\":\"ReadAction\",\"target\":[\"https:\/\/recal-se.tbwebsite.com\/de\/pflanzkuebel\/blumentopf-bariton\/\"]}]},{\"@type\":\"ImageObject\",\"inLanguage\":\"de-DE\",\"@id\":\"https:\/\/recal-se.tbwebsite.com\/de\/pflanzkuebel\/blumentopf-bariton\/#primaryimage\",\"url\":\"https:\/\/recal-se.tbwebsite.com\/de\/wp-content\/uploads\/sites\/4\/2023\/10\/EU5100055_baritone_40_slate_a-scaled-1.png\",\"contentUrl\":\"https:\/\/recal-se.tbwebsite.com\/de\/wp-content\/uploads\/sites\/4\/2023\/10\/EU5100055_baritone_40_slate_a-scaled-1.png\",\"width\":1400,\"height\":1400},{\"@type\":\"BreadcrumbList\",\"@id\":\"https:\/\/recal-se.tbwebsite.com\/de\/pflanzkuebel\/blumentopf-bariton\/#breadcrumb\",\"itemListElement\":[{\"@type\":\"ListItem\",\"position\":1,\"name\":\"Home\",\"item\":\"https:\/\/recal-se.tbwebsite.com\/de\/\"},{\"@type\":\"ListItem\",\"position\":2,\"name\":\"Shop\",\"item\":\"https:\/\/recal-se.tbwebsite.com\/de\/shop\/\"},{\"@type\":\"ListItem\",\"position\":3,\"name\":\"Blumentopf &#8211; Bariton\"}]},{\"@type\":\"WebSite\",\"@id\":\"https:\/\/recal-se.tbwebsite.com\/de\/#website\",\"url\":\"https:\/\/recal-se.tbwebsite.com\/de\/\",\"name\":\"Recal Deutschland\",\"description\":\"Tr\u00e4dg\u00e5rdsprodukter tillverkade i aluminium fr\u00e5n Sm\u00e5land\",\"publisher\":{\"@id\":\"https:\/\/recal-se.tbwebsite.com\/de\/#organization\"},\"potentialAction\":[{\"@type\":\"SearchAction\",\"target\":{\"@type\":\"EntryPoint\",\"urlTemplate\":\"https:\/\/recal-se.tbwebsite.com\/de\/?s={search_term_string}\"},\"query-input\":\"required name=search_term_string\"}],\"inLanguage\":\"de-DE\"},{\"@type\":\"Organization\",\"@id\":\"https:\/\/recal-se.tbwebsite.com\/de\/#organization\",\"name\":\"Recal Deutschland\",\"url\":\"https:\/\/recal-se.tbwebsite.com\/de\/\",\"logo\":{\"@type\":\"ImageObject\",\"inLanguage\":\"de-DE\",\"@id\":\"https:\/\/recal-se.tbwebsite.com\/de\/#\/schema\/logo\/image\/\",\"url\":\"https:\/\/recal-se.tbwebsite.com\/de\/wp-content\/uploads\/sites\/4\/2020\/06\/recal-logotype_svart_1.png\",\"contentUrl\":\"https:\/\/recal-se.tbwebsite.com\/de\/wp-content\/uploads\/sites\/4\/2020\/06\/recal-logotype_svart_1.png\",\"width\":260,\"height\":52,\"caption\":\"Recal Deutschland\"},\"image\":{\"@id\":\"https:\/\/recal-se.tbwebsite.com\/de\/#\/schema\/logo\/image\/\"}}]}<\/script>\n<!-- \/ Yoast SEO plugin. -->","yoast_head_json":{"title":"Blumentopf - Bariton - Recal Deutschland","description":"Bariton Flower Pot, eine harmonische Verschmelzung von Nachhaltigkeit, \u00c4sthetik und Umweltfreundlichkeit. Der Blumentopf mit seiner sch\u00f6nen abgerundeten Form ist eine stilvolle Erg\u00e4nzung f\u00fcr Innen- und Au\u00dfenbereiche. Versch\u00f6nern Sie Ihre Gartenarbeit sowohl im Innen- als auch im Au\u00dfenbereich mit einem Hauch von Eleganz und begr\u00fc\u00dfen Sie einen gr\u00fcneren Lebensstil durch die Verwendung von recycelten Materialien. Lassen Sie die Natur gedeihen und bringen Sie gleichzeitig Ihren Stil zum Ausdruck. Erh\u00e4ltlich in den Gr\u00f6\u00dfen 30 und 40cm in der Farbe Slate.","robots":{"index":"index","follow":"follow","max-snippet":"max-snippet:-1","max-image-preview":"max-image-preview:large","max-video-preview":"max-video-preview:-1"},"canonical":"https:\/\/recal-se.tbwebsite.com\/de\/pflanzkuebel\/blumentopf-bariton\/","og_locale":"de_DE","og_type":"article","og_title":"Blumentopf - Bariton - Recal Deutschland","og_description":"Bariton Flower Pot, eine harmonische Verschmelzung von Nachhaltigkeit, \u00c4sthetik und Umweltfreundlichkeit. Der Blumentopf mit seiner sch\u00f6nen abgerundeten Form ist eine stilvolle Erg\u00e4nzung f\u00fcr Innen- und Au\u00dfenbereiche. Versch\u00f6nern Sie Ihre Gartenarbeit sowohl im Innen- als auch im Au\u00dfenbereich mit einem Hauch von Eleganz und begr\u00fc\u00dfen Sie einen gr\u00fcneren Lebensstil durch die Verwendung von recycelten Materialien. Lassen Sie die Natur gedeihen und bringen Sie gleichzeitig Ihren Stil zum Ausdruck. Erh\u00e4ltlich in den Gr\u00f6\u00dfen 30 und 40cm in der Farbe Slate.","og_url":"https:\/\/recal-se.tbwebsite.com\/de\/pflanzkuebel\/blumentopf-bariton\/","og_site_name":"Recal Deutschland","article_modified_time":"2024-03-05T10:58:20+00:00","og_image":[{"width":1400,"height":1400,"url":"https:\/\/recal-se.tbwebsite.com\/de\/wp-content\/uploads\/sites\/4\/2023\/10\/EU5100055_baritone_40_slate_a-scaled-1.png","type":"image\/png"}],"twitter_card":"summary_large_image","twitter_misc":{"Gesch\u00e4tzte Lesezeit":"3 Minuten"},"schema":{"@context":"https:\/\/schema.org","@graph":[{"@type":"WebPage","@id":"https:\/\/recal-se.tbwebsite.com\/de\/pflanzkuebel\/blumentopf-bariton\/","url":"https:\/\/recal-se.tbwebsite.com\/de\/pflanzkuebel\/blumentopf-bariton\/","name":"Blumentopf - Bariton - Recal Deutschland","isPartOf":{"@id":"https:\/\/recal-se.tbwebsite.com\/de\/#website"},"primaryImageOfPage":{"@id":"https:\/\/recal-se.tbwebsite.com\/de\/pflanzkuebel\/blumentopf-bariton\/#primaryimage"},"image":{"@id":"https:\/\/recal-se.tbwebsite.com\/de\/pflanzkuebel\/blumentopf-bariton\/#primaryimage"},"thumbnailUrl":"https:\/\/recal-se.tbwebsite.com\/de\/wp-content\/uploads\/sites\/4\/2023\/10\/EU5100055_baritone_40_slate_a-scaled-1.png","datePublished":"2023-10-19T12:22:26+00:00","dateModified":"2024-03-05T10:58:20+00:00","description":"Bariton Flower Pot, eine harmonische Verschmelzung von Nachhaltigkeit, \u00c4sthetik und Umweltfreundlichkeit. Der Blumentopf mit seiner sch\u00f6nen abgerundeten Form ist eine stilvolle Erg\u00e4nzung f\u00fcr Innen- und Au\u00dfenbereiche. Versch\u00f6nern Sie Ihre Gartenarbeit sowohl im Innen- als auch im Au\u00dfenbereich mit einem Hauch von Eleganz und begr\u00fc\u00dfen Sie einen gr\u00fcneren Lebensstil durch die Verwendung von recycelten Materialien. Lassen Sie die Natur gedeihen und bringen Sie gleichzeitig Ihren Stil zum Ausdruck. Erh\u00e4ltlich in den Gr\u00f6\u00dfen 30 und 40cm in der Farbe Slate.","breadcrumb":{"@id":"https:\/\/recal-se.tbwebsite.com\/de\/pflanzkuebel\/blumentopf-bariton\/#breadcrumb"},"inLanguage":"de-DE","potentialAction":[{"@type":"ReadAction","target":["https:\/\/recal-se.tbwebsite.com\/de\/pflanzkuebel\/blumentopf-bariton\/"]}]},{"@type":"ImageObject","inLanguage":"de-DE","@id":"https:\/\/recal-se.tbwebsite.com\/de\/pflanzkuebel\/blumentopf-bariton\/#primaryimage","url":"https:\/\/recal-se.tbwebsite.com\/de\/wp-content\/uploads\/sites\/4\/2023\/10\/EU5100055_baritone_40_slate_a-scaled-1.png","contentUrl":"https:\/\/recal-se.tbwebsite.com\/de\/wp-content\/uploads\/sites\/4\/2023\/10\/EU5100055_baritone_40_slate_a-scaled-1.png","width":1400,"height":1400},{"@type":"BreadcrumbList","@id":"https:\/\/recal-se.tbwebsite.com\/de\/pflanzkuebel\/blumentopf-bariton\/#breadcrumb","itemListElement":[{"@type":"ListItem","position":1,"name":"Home","item":"https:\/\/recal-se.tbwebsite.com\/de\/"},{"@type":"ListItem","position":2,"name":"Shop","item":"https:\/\/recal-se.tbwebsite.com\/de\/shop\/"},{"@type":"ListItem","position":3,"name":"Blumentopf &#8211; Bariton"}]},{"@type":"WebSite","@id":"https:\/\/recal-se.tbwebsite.com\/de\/#website","url":"https:\/\/recal-se.tbwebsite.com\/de\/","name":"Recal Deutschland","description":"Tr\u00e4dg\u00e5rdsprodukter tillverkade i aluminium fr\u00e5n Sm\u00e5land","publisher":{"@id":"https:\/\/recal-se.tbwebsite.com\/de\/#organization"},"potentialAction":[{"@type":"SearchAction","target":{"@type":"EntryPoint","urlTemplate":"https:\/\/recal-se.tbwebsite.com\/de\/?s={search_term_string}"},"query-input":"required name=search_term_string"}],"inLanguage":"de-DE"},{"@type":"Organization","@id":"https:\/\/recal-se.tbwebsite.com\/de\/#organization","name":"Recal Deutschland","url":"https:\/\/recal-se.tbwebsite.com\/de\/","logo":{"@type":"ImageObject","inLanguage":"de-DE","@id":"https:\/\/recal-se.tbwebsite.com\/de\/#\/schema\/logo\/image\/","url":"https:\/\/recal-se.tbwebsite.com\/de\/wp-content\/uploads\/sites\/4\/2020\/06\/recal-logotype_svart_1.png","contentUrl":"https:\/\/recal-se.tbwebsite.com\/de\/wp-content\/uploads\/sites\/4\/2020\/06\/recal-logotype_svart_1.png","width":260,"height":52,"caption":"Recal Deutschland"},"image":{"@id":"https:\/\/recal-se.tbwebsite.com\/de\/#\/schema\/logo\/image\/"}}]}},"_links":{"self":[{"href":"https:\/\/recal-se.tbwebsite.com\/de\/wp-json\/wp\/v2\/product\/4883"}],"collection":[{"href":"https:\/\/recal-se.tbwebsite.com\/de\/wp-json\/wp\/v2\/product"}],"about":[{"href":"https:\/\/recal-se.tbwebsite.com\/de\/wp-json\/wp\/v2\/types\/product"}],"replies":[{"embeddable":true,"href":"https:\/\/recal-se.tbwebsite.com\/de\/wp-json\/wp\/v2\/comments?post=4883"}],"version-history":[{"count":7,"href":"https:\/\/recal-se.tbwebsite.com\/de\/wp-json\/wp\/v2\/product\/4883\/revisions"}],"predecessor-version":[{"id":15219,"href":"https:\/\/recal-se.tbwebsite.com\/de\/wp-json\/wp\/v2\/product\/4883\/revisions\/15219"}],"wp:featuredmedia":[{"embeddable":true,"href":"https:\/\/recal-se.tbwebsite.com\/de\/wp-json\/wp\/v2\/media\/5181"}],"wp:attachment":[{"href":"https:\/\/recal-se.tbwebsite.com\/de\/wp-json\/wp\/v2\/media?parent=4883"}],"wp:term":[{"taxonomy":"product_cat","embeddable":true,"href":"https:\/\/recal-se.tbwebsite.com\/de\/wp-json\/wp\/v2\/product_cat?post=4883"},{"taxonomy":"product_tag","embeddable":true,"href":"https:\/\/recal-se.tbwebsite.com\/de\/wp-json\/wp\/v2\/product_tag?post=4883"}],"curies":[{"name":"wp","href":"https:\/\/api.w.org\/{rel}","templated":true}]}}