{"id":4007,"date":"2023-06-30T05:27:42","date_gmt":"2023-06-30T05:27:42","guid":{"rendered":"https:\/\/recal-se.tbwebsite.com\/?post_type=product&#038;p=4007"},"modified":"2024-03-05T11:34:49","modified_gmt":"2024-03-05T11:34:49","slug":"pflanzkuebel-hochbeet-cortenstahl","status":"publish","type":"product","link":"https:\/\/recal-se.tbwebsite.com\/de\/pflanzkuebel\/pflanzkuebel-hochbeet-cortenstahl\/","title":{"rendered":"Pflanzk\u00fcbel \/ Hochbeet Cortenstahl"},"content":{"rendered":"<p>Entdecken Sie die Pflanzk\u00fcbel von Recal aus Cortenstahl, die sich perfekt eignen, um Ihrem Garten oder \u00f6ffentlichen Raum einen eleganten und gestalterischen Touch zu verleihen. Mit einer beeindruckenden Dicke von 1,5 mm garantieren diese Pflanzk\u00fcbel Langlebigkeit und Stabilit\u00e4t f\u00fcr lange Zeit.<\/p>\n<p>Jedes Pflanzk\u00fcbel wird komplett geliefert und besteht aus vier Modulen, einer Grundplatte und Schrauben und Muttern f\u00fcr eine einfache Montage. Beim Kauf l\u00e4ngerer Modelle sind auch Hosentr\u00e4ger zur zus\u00e4tzlichen Stabilisierung enthalten, die daf\u00fcr sorgt, dass das Pflanzgef\u00e4\u00df auch unter Belastung seine Form und Struktur beh\u00e4lt.<\/p>\n<p>Recal-Pflanzgef\u00e4\u00dfe sind in einer Vielzahl von Gr\u00f6\u00dfen erh\u00e4ltlich, sodass Sie die perfekte Passform f\u00fcr Ihre Bed\u00fcrfnisse finden k\u00f6nnen. Egal, ob Sie eine kleine Blumenecke oder eine eindrucksvolle Blumendekoration gestalten m\u00f6chten, wir haben ein Pflanzgef\u00e4\u00df, das genau zu Ihnen passt.<\/p>\n<p>&nbsp;<\/p>\n<p>Damit Ihre Pflanzen im hochbeet gedeihen, geben wir Ihnen vor dem Pflanzen einige n\u00fctzliche Tipps:<\/p>\n<ol>\n<li>\n<p id=\"tw-target-text\" class=\"tw-data-text tw-text-large tw-ta\" dir=\"ltr\" data-placeholder=\"\u00d6vers\u00e4ttning\" data-ved=\"2ahUKEwj5te-mwtKEAxX_PxAIHeaDDjgQ3ewLegQIDRAV\"><span class=\"Y2IQFc\" lang=\"de\">F\u00fcllen Sie den Blumenkasten bis zum Rand mit Erde, um Ihren Pflanzen gen\u00fcgend Platz zum Wachsen und Wurzeln zu geben. Stellen Sie sicher, dass der Blumenkasten \u00fcber eine ordnungsgem\u00e4\u00dfe Entw\u00e4sserung verf\u00fcgt, um Wasseransammlungen und \u00dcberw\u00e4sserung zu vermeiden. Dies k\u00f6nnen Sie erreichen, indem Sie Drainagel\u00f6cher in den Boden bohren oder Drainagematerial wie kleine Steine \u200b\u200boder Lehm in den Boden des Blumenkastens einsetzen.<\/span><\/p>\n<\/li>\n<li>\n<div id=\"tw-target-text-container\" class=\"tw-ta-container F0azHf tw-nfl\">\n<p id=\"tw-target-text\" class=\"tw-data-text tw-text-large tw-ta\" dir=\"ltr\" data-placeholder=\"\u00d6vers\u00e4ttning\" data-ved=\"2ahUKEwj5te-mwtKEAxX_PxAIHeaDDjgQ3ewLegQIDRAV\"><span class=\"Y2IQFc\" lang=\"de\">Verwenden Sie nat\u00fcrliche D\u00fcngemittel wie Muttererde oder Kompost, um Ihren Pflanzen eine nahrhafte und gesunde Wachstumsumgebung zu bieten.<\/span><\/p>\n<\/div>\n<div id=\"tw-target-rmn-container\" class=\"tw-target-rmn tw-ta-container F0azHf tw-nfl\">\n<pre id=\"tw-target-rmn\" class=\"tw-data-placeholder tw-text-small tw-ta\" dir=\"ltr\" data-placeholder=\"\"><\/pre>\n<\/div>\n<\/li>\n<\/ol>\n<div id=\"tw-target-text-container\" class=\"tw-ta-container F0azHf tw-nfl\">\n<p id=\"tw-target-text\" class=\"tw-data-text tw-text-large tw-ta\" dir=\"ltr\" data-placeholder=\"\u00d6vers\u00e4ttning\" data-ved=\"2ahUKEwj5te-mwtKEAxX_PxAIHeaDDjgQ3ewLegQIDRAV\"><span class=\"Y2IQFc\" lang=\"de\">Mit den Blumenk\u00e4sten von Recal k\u00f6nnen Sie einen sch\u00f6nen und gepflegten Garten oder \u00f6ffentlichen Raum schaffen. Entdecken Sie noch heute unser Sortiment und lassen Sie Ihre Pflanzen stilvoll gedeihen!<\/span><\/p>\n<\/div>\n","protected":false},"excerpt":{"rendered":"<div id=\"tw-target-text-container\" class=\"tw-ta-container F0azHf tw-nfl\">\n<p id=\"tw-target-text\" class=\"tw-data-text tw-text-large tw-ta\" dir=\"ltr\" data-placeholder=\"\u00d6vers\u00e4ttning\" data-ved=\"2ahUKEwj5te-mwtKEAxX_PxAIHeaDDjgQ3ewLegQIDRAV\"><span class=\"Y2IQFc\" lang=\"de\">Die Blumenk\u00e4sten von Recal sind in einer Vielzahl von Gr\u00f6\u00dfen erh\u00e4ltlich, sodass Sie die perfekte L\u00f6sung f\u00fcr Ihre Bed\u00fcrfnisse finden. Ob Sie eine kleine Blumenecke oder eine eindrucksvolle Blumenpr\u00e4sentation gestalten m\u00f6chten, wir haben den Blumenkasten, der genau zu Ihnen passt.<\/span><\/p>\n<\/div>\n<div id=\"tw-target-rmn-container\" class=\"tw-target-rmn tw-ta-container F0azHf tw-nfl\">\n<pre id=\"tw-target-rmn\" class=\"tw-data-placeholder tw-text-small tw-ta\" dir=\"ltr\" data-placeholder=\"\"><\/pre>\n<\/div>\n<div class=\"iYB33c\">\n<div class=\"dlJLJe\">\n<div data-cviv=\"false\" data-ved=\"2ahUKEwj5te-mwtKEAxX_PxAIHeaDDjgQz_AEegQIDRAW\">\n<div class=\"U9URNb\"><\/div>\n<\/div>\n<\/div>\n<\/div>\n","protected":false},"featured_media":8902,"comment_status":"closed","ping_status":"closed","template":"","meta":{"_acf_changed":false},"product_cat":[115],"product_tag":[349,348,350],"composite_virtual":false,"composite_layout":"","composite_add_to_cart_form_location":"","composite_editable_in_cart":false,"composite_sold_individually_context":"","composite_shop_price_calc":"","composite_components":[],"composite_scenarios":[],"acf":[],"yoast_head":"<!-- This site is optimized with the Yoast SEO plugin v22.2 - https:\/\/yoast.com\/wordpress\/plugins\/seo\/ -->\n<title>Pflanzk\u00fcbel \/ Hochbeet Cortenstahl - Recal Deutschland<\/title>\n<meta name=\"description\" content=\"Entdecken Sie die Pflanzk\u00fcbel von Recal aus Cortenstahl, die sich perfekt dazu eignen, Ihrem Garten oder Ihrer \u00f6ffentlichen Umgebung eine elegante und gestaltete Note zu verleihen.\" \/>\n<meta name=\"robots\" content=\"index, follow, max-snippet:-1, max-image-preview:large, max-video-preview:-1\" \/>\n<link rel=\"canonical\" href=\"https:\/\/recal-se.tbwebsite.com\/de\/pflanzkuebel\/pflanzkuebel-hochbeet-cortenstahl\/\" \/>\n<meta property=\"og:locale\" content=\"de_DE\" \/>\n<meta property=\"og:type\" content=\"article\" \/>\n<meta property=\"og:title\" content=\"Pflanzk\u00fcbel \/ Hochbeet Cortenstahl - Recal Deutschland\" \/>\n<meta property=\"og:description\" content=\"Entdecken Sie die Pflanzk\u00fcbel von Recal aus Cortenstahl, die sich perfekt dazu eignen, Ihrem Garten oder Ihrer \u00f6ffentlichen Umgebung eine elegante und gestaltete Note zu verleihen.\" \/>\n<meta property=\"og:url\" content=\"https:\/\/recal-se.tbwebsite.com\/de\/pflanzkuebel\/pflanzkuebel-hochbeet-cortenstahl\/\" \/>\n<meta property=\"og:site_name\" content=\"Recal Deutschland\" \/>\n<meta property=\"article:modified_time\" content=\"2024-03-05T11:34:49+00:00\" \/>\n<meta property=\"og:image\" content=\"https:\/\/recal-se.tbwebsite.com\/de\/wp-content\/uploads\/sites\/4\/2023\/06\/1204050-1.png\" \/>\n\t<meta property=\"og:image:width\" content=\"1400\" \/>\n\t<meta property=\"og:image:height\" content=\"1400\" \/>\n\t<meta property=\"og:image:type\" content=\"image\/png\" \/>\n<meta name=\"twitter:card\" content=\"summary_large_image\" \/>\n<meta name=\"twitter:label1\" content=\"Gesch\u00e4tzte Lesezeit\" \/>\n\t<meta name=\"twitter:data1\" content=\"2 Minuten\" \/>\n<script type=\"application\/ld+json\" class=\"yoast-schema-graph\">{\"@context\":\"https:\/\/schema.org\",\"@graph\":[{\"@type\":\"WebPage\",\"@id\":\"https:\/\/recal-se.tbwebsite.com\/de\/pflanzkuebel\/pflanzkuebel-hochbeet-cortenstahl\/\",\"url\":\"https:\/\/recal-se.tbwebsite.com\/de\/pflanzkuebel\/pflanzkuebel-hochbeet-cortenstahl\/\",\"name\":\"Pflanzk\u00fcbel \/ Hochbeet Cortenstahl - Recal Deutschland\",\"isPartOf\":{\"@id\":\"https:\/\/recal-se.tbwebsite.com\/de\/#website\"},\"primaryImageOfPage\":{\"@id\":\"https:\/\/recal-se.tbwebsite.com\/de\/pflanzkuebel\/pflanzkuebel-hochbeet-cortenstahl\/#primaryimage\"},\"image\":{\"@id\":\"https:\/\/recal-se.tbwebsite.com\/de\/pflanzkuebel\/pflanzkuebel-hochbeet-cortenstahl\/#primaryimage\"},\"thumbnailUrl\":\"https:\/\/recal-se.tbwebsite.com\/de\/wp-content\/uploads\/sites\/4\/2023\/06\/1204050-1.png\",\"datePublished\":\"2023-06-30T05:27:42+00:00\",\"dateModified\":\"2024-03-05T11:34:49+00:00\",\"description\":\"Entdecken Sie die Pflanzk\u00fcbel von Recal aus Cortenstahl, die sich perfekt dazu eignen, Ihrem Garten oder Ihrer \u00f6ffentlichen Umgebung eine elegante und gestaltete Note zu verleihen.\",\"breadcrumb\":{\"@id\":\"https:\/\/recal-se.tbwebsite.com\/de\/pflanzkuebel\/pflanzkuebel-hochbeet-cortenstahl\/#breadcrumb\"},\"inLanguage\":\"de-DE\",\"potentialAction\":[{\"@type\":\"ReadAction\",\"target\":[\"https:\/\/recal-se.tbwebsite.com\/de\/pflanzkuebel\/pflanzkuebel-hochbeet-cortenstahl\/\"]}]},{\"@type\":\"ImageObject\",\"inLanguage\":\"de-DE\",\"@id\":\"https:\/\/recal-se.tbwebsite.com\/de\/pflanzkuebel\/pflanzkuebel-hochbeet-cortenstahl\/#primaryimage\",\"url\":\"https:\/\/recal-se.tbwebsite.com\/de\/wp-content\/uploads\/sites\/4\/2023\/06\/1204050-1.png\",\"contentUrl\":\"https:\/\/recal-se.tbwebsite.com\/de\/wp-content\/uploads\/sites\/4\/2023\/06\/1204050-1.png\",\"width\":1400,\"height\":1400},{\"@type\":\"BreadcrumbList\",\"@id\":\"https:\/\/recal-se.tbwebsite.com\/de\/pflanzkuebel\/pflanzkuebel-hochbeet-cortenstahl\/#breadcrumb\",\"itemListElement\":[{\"@type\":\"ListItem\",\"position\":1,\"name\":\"Home\",\"item\":\"https:\/\/recal-se.tbwebsite.com\/de\/\"},{\"@type\":\"ListItem\",\"position\":2,\"name\":\"Shop\",\"item\":\"https:\/\/recal-se.tbwebsite.com\/de\/shop\/\"},{\"@type\":\"ListItem\",\"position\":3,\"name\":\"Pflanzk\u00fcbel \/ Hochbeet Cortenstahl\"}]},{\"@type\":\"WebSite\",\"@id\":\"https:\/\/recal-se.tbwebsite.com\/de\/#website\",\"url\":\"https:\/\/recal-se.tbwebsite.com\/de\/\",\"name\":\"Recal Deutschland\",\"description\":\"Tr\u00e4dg\u00e5rdsprodukter tillverkade i aluminium fr\u00e5n Sm\u00e5land\",\"publisher\":{\"@id\":\"https:\/\/recal-se.tbwebsite.com\/de\/#organization\"},\"potentialAction\":[{\"@type\":\"SearchAction\",\"target\":{\"@type\":\"EntryPoint\",\"urlTemplate\":\"https:\/\/recal-se.tbwebsite.com\/de\/?s={search_term_string}\"},\"query-input\":\"required name=search_term_string\"}],\"inLanguage\":\"de-DE\"},{\"@type\":\"Organization\",\"@id\":\"https:\/\/recal-se.tbwebsite.com\/de\/#organization\",\"name\":\"Recal Deutschland\",\"url\":\"https:\/\/recal-se.tbwebsite.com\/de\/\",\"logo\":{\"@type\":\"ImageObject\",\"inLanguage\":\"de-DE\",\"@id\":\"https:\/\/recal-se.tbwebsite.com\/de\/#\/schema\/logo\/image\/\",\"url\":\"https:\/\/recal-se.tbwebsite.com\/de\/wp-content\/uploads\/sites\/4\/2020\/06\/recal-logotype_svart_1.png\",\"contentUrl\":\"https:\/\/recal-se.tbwebsite.com\/de\/wp-content\/uploads\/sites\/4\/2020\/06\/recal-logotype_svart_1.png\",\"width\":260,\"height\":52,\"caption\":\"Recal Deutschland\"},\"image\":{\"@id\":\"https:\/\/recal-se.tbwebsite.com\/de\/#\/schema\/logo\/image\/\"}}]}<\/script>\n<!-- \/ Yoast SEO plugin. -->","yoast_head_json":{"title":"Pflanzk\u00fcbel \/ Hochbeet Cortenstahl - Recal Deutschland","description":"Entdecken Sie die Pflanzk\u00fcbel von Recal aus Cortenstahl, die sich perfekt dazu eignen, Ihrem Garten oder Ihrer \u00f6ffentlichen Umgebung eine elegante und gestaltete Note zu verleihen.","robots":{"index":"index","follow":"follow","max-snippet":"max-snippet:-1","max-image-preview":"max-image-preview:large","max-video-preview":"max-video-preview:-1"},"canonical":"https:\/\/recal-se.tbwebsite.com\/de\/pflanzkuebel\/pflanzkuebel-hochbeet-cortenstahl\/","og_locale":"de_DE","og_type":"article","og_title":"Pflanzk\u00fcbel \/ Hochbeet Cortenstahl - Recal Deutschland","og_description":"Entdecken Sie die Pflanzk\u00fcbel von Recal aus Cortenstahl, die sich perfekt dazu eignen, Ihrem Garten oder Ihrer \u00f6ffentlichen Umgebung eine elegante und gestaltete Note zu verleihen.","og_url":"https:\/\/recal-se.tbwebsite.com\/de\/pflanzkuebel\/pflanzkuebel-hochbeet-cortenstahl\/","og_site_name":"Recal Deutschland","article_modified_time":"2024-03-05T11:34:49+00:00","og_image":[{"width":1400,"height":1400,"url":"https:\/\/recal-se.tbwebsite.com\/de\/wp-content\/uploads\/sites\/4\/2023\/06\/1204050-1.png","type":"image\/png"}],"twitter_card":"summary_large_image","twitter_misc":{"Gesch\u00e4tzte Lesezeit":"2 Minuten"},"schema":{"@context":"https:\/\/schema.org","@graph":[{"@type":"WebPage","@id":"https:\/\/recal-se.tbwebsite.com\/de\/pflanzkuebel\/pflanzkuebel-hochbeet-cortenstahl\/","url":"https:\/\/recal-se.tbwebsite.com\/de\/pflanzkuebel\/pflanzkuebel-hochbeet-cortenstahl\/","name":"Pflanzk\u00fcbel \/ Hochbeet Cortenstahl - Recal Deutschland","isPartOf":{"@id":"https:\/\/recal-se.tbwebsite.com\/de\/#website"},"primaryImageOfPage":{"@id":"https:\/\/recal-se.tbwebsite.com\/de\/pflanzkuebel\/pflanzkuebel-hochbeet-cortenstahl\/#primaryimage"},"image":{"@id":"https:\/\/recal-se.tbwebsite.com\/de\/pflanzkuebel\/pflanzkuebel-hochbeet-cortenstahl\/#primaryimage"},"thumbnailUrl":"https:\/\/recal-se.tbwebsite.com\/de\/wp-content\/uploads\/sites\/4\/2023\/06\/1204050-1.png","datePublished":"2023-06-30T05:27:42+00:00","dateModified":"2024-03-05T11:34:49+00:00","description":"Entdecken Sie die Pflanzk\u00fcbel von Recal aus Cortenstahl, die sich perfekt dazu eignen, Ihrem Garten oder Ihrer \u00f6ffentlichen Umgebung eine elegante und gestaltete Note zu verleihen.","breadcrumb":{"@id":"https:\/\/recal-se.tbwebsite.com\/de\/pflanzkuebel\/pflanzkuebel-hochbeet-cortenstahl\/#breadcrumb"},"inLanguage":"de-DE","potentialAction":[{"@type":"ReadAction","target":["https:\/\/recal-se.tbwebsite.com\/de\/pflanzkuebel\/pflanzkuebel-hochbeet-cortenstahl\/"]}]},{"@type":"ImageObject","inLanguage":"de-DE","@id":"https:\/\/recal-se.tbwebsite.com\/de\/pflanzkuebel\/pflanzkuebel-hochbeet-cortenstahl\/#primaryimage","url":"https:\/\/recal-se.tbwebsite.com\/de\/wp-content\/uploads\/sites\/4\/2023\/06\/1204050-1.png","contentUrl":"https:\/\/recal-se.tbwebsite.com\/de\/wp-content\/uploads\/sites\/4\/2023\/06\/1204050-1.png","width":1400,"height":1400},{"@type":"BreadcrumbList","@id":"https:\/\/recal-se.tbwebsite.com\/de\/pflanzkuebel\/pflanzkuebel-hochbeet-cortenstahl\/#breadcrumb","itemListElement":[{"@type":"ListItem","position":1,"name":"Home","item":"https:\/\/recal-se.tbwebsite.com\/de\/"},{"@type":"ListItem","position":2,"name":"Shop","item":"https:\/\/recal-se.tbwebsite.com\/de\/shop\/"},{"@type":"ListItem","position":3,"name":"Pflanzk\u00fcbel \/ Hochbeet Cortenstahl"}]},{"@type":"WebSite","@id":"https:\/\/recal-se.tbwebsite.com\/de\/#website","url":"https:\/\/recal-se.tbwebsite.com\/de\/","name":"Recal Deutschland","description":"Tr\u00e4dg\u00e5rdsprodukter tillverkade i aluminium fr\u00e5n Sm\u00e5land","publisher":{"@id":"https:\/\/recal-se.tbwebsite.com\/de\/#organization"},"potentialAction":[{"@type":"SearchAction","target":{"@type":"EntryPoint","urlTemplate":"https:\/\/recal-se.tbwebsite.com\/de\/?s={search_term_string}"},"query-input":"required name=search_term_string"}],"inLanguage":"de-DE"},{"@type":"Organization","@id":"https:\/\/recal-se.tbwebsite.com\/de\/#organization","name":"Recal Deutschland","url":"https:\/\/recal-se.tbwebsite.com\/de\/","logo":{"@type":"ImageObject","inLanguage":"de-DE","@id":"https:\/\/recal-se.tbwebsite.com\/de\/#\/schema\/logo\/image\/","url":"https:\/\/recal-se.tbwebsite.com\/de\/wp-content\/uploads\/sites\/4\/2020\/06\/recal-logotype_svart_1.png","contentUrl":"https:\/\/recal-se.tbwebsite.com\/de\/wp-content\/uploads\/sites\/4\/2020\/06\/recal-logotype_svart_1.png","width":260,"height":52,"caption":"Recal Deutschland"},"image":{"@id":"https:\/\/recal-se.tbwebsite.com\/de\/#\/schema\/logo\/image\/"}}]}},"_links":{"self":[{"href":"https:\/\/recal-se.tbwebsite.com\/de\/wp-json\/wp\/v2\/product\/4007"}],"collection":[{"href":"https:\/\/recal-se.tbwebsite.com\/de\/wp-json\/wp\/v2\/product"}],"about":[{"href":"https:\/\/recal-se.tbwebsite.com\/de\/wp-json\/wp\/v2\/types\/product"}],"replies":[{"embeddable":true,"href":"https:\/\/recal-se.tbwebsite.com\/de\/wp-json\/wp\/v2\/comments?post=4007"}],"version-history":[{"count":7,"href":"https:\/\/recal-se.tbwebsite.com\/de\/wp-json\/wp\/v2\/product\/4007\/revisions"}],"predecessor-version":[{"id":15163,"href":"https:\/\/recal-se.tbwebsite.com\/de\/wp-json\/wp\/v2\/product\/4007\/revisions\/15163"}],"wp:featuredmedia":[{"embeddable":true,"href":"https:\/\/recal-se.tbwebsite.com\/de\/wp-json\/wp\/v2\/media\/8902"}],"wp:attachment":[{"href":"https:\/\/recal-se.tbwebsite.com\/de\/wp-json\/wp\/v2\/media?parent=4007"}],"wp:term":[{"taxonomy":"product_cat","embeddable":true,"href":"https:\/\/recal-se.tbwebsite.com\/de\/wp-json\/wp\/v2\/product_cat?post=4007"},{"taxonomy":"product_tag","embeddable":true,"href":"https:\/\/recal-se.tbwebsite.com\/de\/wp-json\/wp\/v2\/product_tag?post=4007"}],"curies":[{"name":"wp","href":"https:\/\/api.w.org\/{rel}","templated":true}]}}