{"id":3985,"date":"2023-06-29T12:35:34","date_gmt":"2023-06-29T12:35:34","guid":{"rendered":"https:\/\/recal-se.tbwebsite.com\/?post_type=product&#038;p=3985"},"modified":"2023-11-13T07:38:22","modified_gmt":"2023-11-13T07:38:22","slug":"blomlador-planteringskarl-farger","status":"publish","type":"product","link":"https:\/\/recal-se.tbwebsite.com\/de\/pflanzkuebel\/blomlador-planteringskarl-farger\/","title":{"rendered":"Bloml\u00e5dor \/ Planteringsk\u00e4rl &#8211; Svart"},"content":{"rendered":"<p>Uppt\u00e4ck Recals bloml\u00e5dor i varmf\u00f6rzinkad pl\u00e5t som sedan lackeras med en pulverlack, perfekta f\u00f6r att ge din tr\u00e4dg\u00e5rd eller offentliga milj\u00f6 en elegant och designad touch. Tillverkade med en imponerande tjocklek p\u00e5 1,5 mm, garanterar dessa bloml\u00e5dor h\u00e5llbarhet och stabilitet under l\u00e5ng tid fram\u00f6ver.<\/p>\n<p>Varje bloml\u00e5da levereras komplett och best\u00e5r av fyra moduler, en bottenplatta samt skruvar och muttrar f\u00f6r enkel montering. Vid k\u00f6p av l\u00e4ngre modeller inkluderas \u00e4ven stag f\u00f6r extra stabilisering, vilket s\u00e4kerst\u00e4ller att bloml\u00e5dan beh\u00e5ller sin form och struktur \u00e4ven under p\u00e5frestningar.<\/p>\n<p>Recals bloml\u00e5dor finns tillg\u00e4ngliga i ett brett utbud av storlekar, s\u00e5 att du kan hitta den perfekta passformen f\u00f6r dina behov. Oavsett om du vill skapa en liten blomsterh\u00f6rna eller en imponerande blomsterdisplay, har vi en bloml\u00e5da som passar just dig.<\/p>\n<p>&nbsp;<\/p>\n<p>F\u00f6r att s\u00e4kerst\u00e4lla att dina v\u00e4xter trivs i bloml\u00e5dan, ger vi dig n\u00e5gra anv\u00e4ndbara tips inf\u00f6r planteringen:<\/p>\n<ol>\n<li>Fyll bloml\u00e5dan med jord \u00e4nda upp till kanten f\u00f6r att ge dina v\u00e4xter tillr\u00e4ckligt med utrymme att v\u00e4xa och rota sig.<\/li>\n<li>Se till att bloml\u00e5dan har ordentlig avrinning f\u00f6r att undvika vattenansamling och \u00f6vervattning. Detta kan du g\u00f6ra genom att skapa dr\u00e4neringsh\u00e5l i botten eller anv\u00e4nda dr\u00e4neringsmaterial som sm\u00e5 stenar eller lera i botten av bloml\u00e5dan.<\/li>\n<li>Anv\u00e4nd naturg\u00f6dsel, till exempel h\u00f6gb\u00e4ddsjord eller kompost, f\u00f6r att ge dina v\u00e4xter en n\u00e4ringsrik och h\u00e4lsosam milj\u00f6 att v\u00e4xa i.<\/li>\n<\/ol>\n<p>&nbsp;<\/p>\n<p>Med Recals bloml\u00e5dor kan du skapa en vacker och v\u00e4lsk\u00f6tt tr\u00e4dg\u00e5rd eller offentlig plats. Utforska v\u00e5rt sortiment idag och l\u00e5t dina v\u00e4xter blomstra i stil!<\/p>\n","protected":false},"excerpt":{"rendered":"<p>Uppt\u00e4ck Recals bloml\u00e5dor i varmf\u00f6rzinkad pl\u00e5t som sedan lackeras med en pulverlack, perfekta f\u00f6r att ge din tr\u00e4dg\u00e5rd eller offentliga milj\u00f6 en elegant och designad touch. Tillverkade med en imponerande tjocklek p\u00e5 1,5 mm, garanterar dessa bloml\u00e5dor h\u00e5llbarhet och stabilitet under l\u00e5ng tid fram\u00f6ver. Varje bloml\u00e5da levereras komplett och best\u00e5r av fyra moduler, en bottenplatta [&hellip;]<\/p>\n","protected":false},"featured_media":5300,"comment_status":"closed","ping_status":"closed","template":"","meta":{"_acf_changed":false},"product_cat":[115],"product_tag":[278],"composite_virtual":false,"composite_layout":"","composite_add_to_cart_form_location":"","composite_editable_in_cart":false,"composite_sold_individually_context":"","composite_shop_price_calc":"","composite_components":[],"composite_scenarios":[],"acf":[],"yoast_head":"<!-- This site is optimized with the Yoast SEO plugin v22.2 - https:\/\/yoast.com\/wordpress\/plugins\/seo\/ -->\n<title>Bloml\u00e5dor \/ Planteringsk\u00e4rl - Svart - Recal Deutschland<\/title>\n<meta name=\"description\" content=\"Uppt\u00e4ck Recals bloml\u00e5dor i varmf\u00f6rzinkad pl\u00e5t som sedan lackeras i en pulverlack, perfekta f\u00f6r att ge din tr\u00e4dg\u00e5rd eller offentliga milj\u00f6 en elegant och designad touch.\" \/>\n<meta name=\"robots\" content=\"index, follow, max-snippet:-1, max-image-preview:large, max-video-preview:-1\" \/>\n<link rel=\"canonical\" href=\"https:\/\/recal-se.tbwebsite.com\/de\/pflanzkuebel\/blomlador-planteringskarl-farger\/\" \/>\n<meta property=\"og:locale\" content=\"de_DE\" \/>\n<meta property=\"og:type\" content=\"article\" \/>\n<meta property=\"og:title\" content=\"Bloml\u00e5dor \/ Planteringsk\u00e4rl - Svart - Recal Deutschland\" \/>\n<meta property=\"og:description\" content=\"Uppt\u00e4ck Recals bloml\u00e5dor i varmf\u00f6rzinkad pl\u00e5t som sedan lackeras i en pulverlack, perfekta f\u00f6r att ge din tr\u00e4dg\u00e5rd eller offentliga milj\u00f6 en elegant och designad touch.\" \/>\n<meta property=\"og:url\" content=\"https:\/\/recal-se.tbwebsite.com\/de\/pflanzkuebel\/blomlador-planteringskarl-farger\/\" \/>\n<meta property=\"og:site_name\" content=\"Recal Deutschland\" \/>\n<meta property=\"article:modified_time\" content=\"2023-11-13T07:38:22+00:00\" \/>\n<meta property=\"og:image\" content=\"https:\/\/recal-se.tbwebsite.com\/de\/wp-content\/uploads\/sites\/4\/2023\/06\/S2403060.png\" \/>\n\t<meta property=\"og:image:width\" content=\"1400\" \/>\n\t<meta property=\"og:image:height\" content=\"1400\" \/>\n\t<meta property=\"og:image:type\" content=\"image\/png\" \/>\n<meta name=\"twitter:card\" content=\"summary_large_image\" \/>\n<meta name=\"twitter:label1\" content=\"Gesch\u00e4tzte Lesezeit\" \/>\n\t<meta name=\"twitter:data1\" content=\"2 Minuten\" \/>\n<script type=\"application\/ld+json\" class=\"yoast-schema-graph\">{\"@context\":\"https:\/\/schema.org\",\"@graph\":[{\"@type\":\"WebPage\",\"@id\":\"https:\/\/recal-se.tbwebsite.com\/de\/pflanzkuebel\/blomlador-planteringskarl-farger\/\",\"url\":\"https:\/\/recal-se.tbwebsite.com\/de\/pflanzkuebel\/blomlador-planteringskarl-farger\/\",\"name\":\"Bloml\u00e5dor \/ Planteringsk\u00e4rl - Svart - Recal Deutschland\",\"isPartOf\":{\"@id\":\"https:\/\/recal-se.tbwebsite.com\/de\/#website\"},\"primaryImageOfPage\":{\"@id\":\"https:\/\/recal-se.tbwebsite.com\/de\/pflanzkuebel\/blomlador-planteringskarl-farger\/#primaryimage\"},\"image\":{\"@id\":\"https:\/\/recal-se.tbwebsite.com\/de\/pflanzkuebel\/blomlador-planteringskarl-farger\/#primaryimage\"},\"thumbnailUrl\":\"https:\/\/recal-se.tbwebsite.com\/de\/wp-content\/uploads\/sites\/4\/2023\/06\/S2403060.png\",\"datePublished\":\"2023-06-29T12:35:34+00:00\",\"dateModified\":\"2023-11-13T07:38:22+00:00\",\"description\":\"Uppt\u00e4ck Recals bloml\u00e5dor i varmf\u00f6rzinkad pl\u00e5t som sedan lackeras i en pulverlack, perfekta f\u00f6r att ge din tr\u00e4dg\u00e5rd eller offentliga milj\u00f6 en elegant och designad touch.\",\"breadcrumb\":{\"@id\":\"https:\/\/recal-se.tbwebsite.com\/de\/pflanzkuebel\/blomlador-planteringskarl-farger\/#breadcrumb\"},\"inLanguage\":\"de-DE\",\"potentialAction\":[{\"@type\":\"ReadAction\",\"target\":[\"https:\/\/recal-se.tbwebsite.com\/de\/pflanzkuebel\/blomlador-planteringskarl-farger\/\"]}]},{\"@type\":\"ImageObject\",\"inLanguage\":\"de-DE\",\"@id\":\"https:\/\/recal-se.tbwebsite.com\/de\/pflanzkuebel\/blomlador-planteringskarl-farger\/#primaryimage\",\"url\":\"https:\/\/recal-se.tbwebsite.com\/de\/wp-content\/uploads\/sites\/4\/2023\/06\/S2403060.png\",\"contentUrl\":\"https:\/\/recal-se.tbwebsite.com\/de\/wp-content\/uploads\/sites\/4\/2023\/06\/S2403060.png\",\"width\":1400,\"height\":1400},{\"@type\":\"BreadcrumbList\",\"@id\":\"https:\/\/recal-se.tbwebsite.com\/de\/pflanzkuebel\/blomlador-planteringskarl-farger\/#breadcrumb\",\"itemListElement\":[{\"@type\":\"ListItem\",\"position\":1,\"name\":\"Home\",\"item\":\"https:\/\/recal-se.tbwebsite.com\/de\/\"},{\"@type\":\"ListItem\",\"position\":2,\"name\":\"Shop\",\"item\":\"https:\/\/recal-se.tbwebsite.com\/de\/shop\/\"},{\"@type\":\"ListItem\",\"position\":3,\"name\":\"Bloml\u00e5dor \/ Planteringsk\u00e4rl &#8211; Svart\"}]},{\"@type\":\"WebSite\",\"@id\":\"https:\/\/recal-se.tbwebsite.com\/de\/#website\",\"url\":\"https:\/\/recal-se.tbwebsite.com\/de\/\",\"name\":\"Recal Deutschland\",\"description\":\"Tr\u00e4dg\u00e5rdsprodukter tillverkade i aluminium fr\u00e5n Sm\u00e5land\",\"publisher\":{\"@id\":\"https:\/\/recal-se.tbwebsite.com\/de\/#organization\"},\"potentialAction\":[{\"@type\":\"SearchAction\",\"target\":{\"@type\":\"EntryPoint\",\"urlTemplate\":\"https:\/\/recal-se.tbwebsite.com\/de\/?s={search_term_string}\"},\"query-input\":\"required name=search_term_string\"}],\"inLanguage\":\"de-DE\"},{\"@type\":\"Organization\",\"@id\":\"https:\/\/recal-se.tbwebsite.com\/de\/#organization\",\"name\":\"Recal Deutschland\",\"url\":\"https:\/\/recal-se.tbwebsite.com\/de\/\",\"logo\":{\"@type\":\"ImageObject\",\"inLanguage\":\"de-DE\",\"@id\":\"https:\/\/recal-se.tbwebsite.com\/de\/#\/schema\/logo\/image\/\",\"url\":\"https:\/\/recal-se.tbwebsite.com\/de\/wp-content\/uploads\/sites\/4\/2020\/06\/recal-logotype_svart_1.png\",\"contentUrl\":\"https:\/\/recal-se.tbwebsite.com\/de\/wp-content\/uploads\/sites\/4\/2020\/06\/recal-logotype_svart_1.png\",\"width\":260,\"height\":52,\"caption\":\"Recal Deutschland\"},\"image\":{\"@id\":\"https:\/\/recal-se.tbwebsite.com\/de\/#\/schema\/logo\/image\/\"}}]}<\/script>\n<!-- \/ Yoast SEO plugin. -->","yoast_head_json":{"title":"Bloml\u00e5dor \/ Planteringsk\u00e4rl - Svart - Recal Deutschland","description":"Uppt\u00e4ck Recals bloml\u00e5dor i varmf\u00f6rzinkad pl\u00e5t som sedan lackeras i en pulverlack, perfekta f\u00f6r att ge din tr\u00e4dg\u00e5rd eller offentliga milj\u00f6 en elegant och designad touch.","robots":{"index":"index","follow":"follow","max-snippet":"max-snippet:-1","max-image-preview":"max-image-preview:large","max-video-preview":"max-video-preview:-1"},"canonical":"https:\/\/recal-se.tbwebsite.com\/de\/pflanzkuebel\/blomlador-planteringskarl-farger\/","og_locale":"de_DE","og_type":"article","og_title":"Bloml\u00e5dor \/ Planteringsk\u00e4rl - Svart - Recal Deutschland","og_description":"Uppt\u00e4ck Recals bloml\u00e5dor i varmf\u00f6rzinkad pl\u00e5t som sedan lackeras i en pulverlack, perfekta f\u00f6r att ge din tr\u00e4dg\u00e5rd eller offentliga milj\u00f6 en elegant och designad touch.","og_url":"https:\/\/recal-se.tbwebsite.com\/de\/pflanzkuebel\/blomlador-planteringskarl-farger\/","og_site_name":"Recal Deutschland","article_modified_time":"2023-11-13T07:38:22+00:00","og_image":[{"width":1400,"height":1400,"url":"https:\/\/recal-se.tbwebsite.com\/de\/wp-content\/uploads\/sites\/4\/2023\/06\/S2403060.png","type":"image\/png"}],"twitter_card":"summary_large_image","twitter_misc":{"Gesch\u00e4tzte Lesezeit":"2 Minuten"},"schema":{"@context":"https:\/\/schema.org","@graph":[{"@type":"WebPage","@id":"https:\/\/recal-se.tbwebsite.com\/de\/pflanzkuebel\/blomlador-planteringskarl-farger\/","url":"https:\/\/recal-se.tbwebsite.com\/de\/pflanzkuebel\/blomlador-planteringskarl-farger\/","name":"Bloml\u00e5dor \/ Planteringsk\u00e4rl - Svart - Recal Deutschland","isPartOf":{"@id":"https:\/\/recal-se.tbwebsite.com\/de\/#website"},"primaryImageOfPage":{"@id":"https:\/\/recal-se.tbwebsite.com\/de\/pflanzkuebel\/blomlador-planteringskarl-farger\/#primaryimage"},"image":{"@id":"https:\/\/recal-se.tbwebsite.com\/de\/pflanzkuebel\/blomlador-planteringskarl-farger\/#primaryimage"},"thumbnailUrl":"https:\/\/recal-se.tbwebsite.com\/de\/wp-content\/uploads\/sites\/4\/2023\/06\/S2403060.png","datePublished":"2023-06-29T12:35:34+00:00","dateModified":"2023-11-13T07:38:22+00:00","description":"Uppt\u00e4ck Recals bloml\u00e5dor i varmf\u00f6rzinkad pl\u00e5t som sedan lackeras i en pulverlack, perfekta f\u00f6r att ge din tr\u00e4dg\u00e5rd eller offentliga milj\u00f6 en elegant och designad touch.","breadcrumb":{"@id":"https:\/\/recal-se.tbwebsite.com\/de\/pflanzkuebel\/blomlador-planteringskarl-farger\/#breadcrumb"},"inLanguage":"de-DE","potentialAction":[{"@type":"ReadAction","target":["https:\/\/recal-se.tbwebsite.com\/de\/pflanzkuebel\/blomlador-planteringskarl-farger\/"]}]},{"@type":"ImageObject","inLanguage":"de-DE","@id":"https:\/\/recal-se.tbwebsite.com\/de\/pflanzkuebel\/blomlador-planteringskarl-farger\/#primaryimage","url":"https:\/\/recal-se.tbwebsite.com\/de\/wp-content\/uploads\/sites\/4\/2023\/06\/S2403060.png","contentUrl":"https:\/\/recal-se.tbwebsite.com\/de\/wp-content\/uploads\/sites\/4\/2023\/06\/S2403060.png","width":1400,"height":1400},{"@type":"BreadcrumbList","@id":"https:\/\/recal-se.tbwebsite.com\/de\/pflanzkuebel\/blomlador-planteringskarl-farger\/#breadcrumb","itemListElement":[{"@type":"ListItem","position":1,"name":"Home","item":"https:\/\/recal-se.tbwebsite.com\/de\/"},{"@type":"ListItem","position":2,"name":"Shop","item":"https:\/\/recal-se.tbwebsite.com\/de\/shop\/"},{"@type":"ListItem","position":3,"name":"Bloml\u00e5dor \/ Planteringsk\u00e4rl &#8211; Svart"}]},{"@type":"WebSite","@id":"https:\/\/recal-se.tbwebsite.com\/de\/#website","url":"https:\/\/recal-se.tbwebsite.com\/de\/","name":"Recal Deutschland","description":"Tr\u00e4dg\u00e5rdsprodukter tillverkade i aluminium fr\u00e5n Sm\u00e5land","publisher":{"@id":"https:\/\/recal-se.tbwebsite.com\/de\/#organization"},"potentialAction":[{"@type":"SearchAction","target":{"@type":"EntryPoint","urlTemplate":"https:\/\/recal-se.tbwebsite.com\/de\/?s={search_term_string}"},"query-input":"required name=search_term_string"}],"inLanguage":"de-DE"},{"@type":"Organization","@id":"https:\/\/recal-se.tbwebsite.com\/de\/#organization","name":"Recal Deutschland","url":"https:\/\/recal-se.tbwebsite.com\/de\/","logo":{"@type":"ImageObject","inLanguage":"de-DE","@id":"https:\/\/recal-se.tbwebsite.com\/de\/#\/schema\/logo\/image\/","url":"https:\/\/recal-se.tbwebsite.com\/de\/wp-content\/uploads\/sites\/4\/2020\/06\/recal-logotype_svart_1.png","contentUrl":"https:\/\/recal-se.tbwebsite.com\/de\/wp-content\/uploads\/sites\/4\/2020\/06\/recal-logotype_svart_1.png","width":260,"height":52,"caption":"Recal Deutschland"},"image":{"@id":"https:\/\/recal-se.tbwebsite.com\/de\/#\/schema\/logo\/image\/"}}]}},"_links":{"self":[{"href":"https:\/\/recal-se.tbwebsite.com\/de\/wp-json\/wp\/v2\/product\/3985"}],"collection":[{"href":"https:\/\/recal-se.tbwebsite.com\/de\/wp-json\/wp\/v2\/product"}],"about":[{"href":"https:\/\/recal-se.tbwebsite.com\/de\/wp-json\/wp\/v2\/types\/product"}],"replies":[{"embeddable":true,"href":"https:\/\/recal-se.tbwebsite.com\/de\/wp-json\/wp\/v2\/comments?post=3985"}],"version-history":[{"count":5,"href":"https:\/\/recal-se.tbwebsite.com\/de\/wp-json\/wp\/v2\/product\/3985\/revisions"}],"predecessor-version":[{"id":5301,"href":"https:\/\/recal-se.tbwebsite.com\/de\/wp-json\/wp\/v2\/product\/3985\/revisions\/5301"}],"wp:featuredmedia":[{"embeddable":true,"href":"https:\/\/recal-se.tbwebsite.com\/de\/wp-json\/wp\/v2\/media\/5300"}],"wp:attachment":[{"href":"https:\/\/recal-se.tbwebsite.com\/de\/wp-json\/wp\/v2\/media?parent=3985"}],"wp:term":[{"taxonomy":"product_cat","embeddable":true,"href":"https:\/\/recal-se.tbwebsite.com\/de\/wp-json\/wp\/v2\/product_cat?post=3985"},{"taxonomy":"product_tag","embeddable":true,"href":"https:\/\/recal-se.tbwebsite.com\/de\/wp-json\/wp\/v2\/product_tag?post=3985"}],"curies":[{"name":"wp","href":"https:\/\/api.w.org\/{rel}","templated":true}]}}