{"id":3196,"date":"2023-01-18T08:42:10","date_gmt":"2023-01-18T08:42:10","guid":{"rendered":"https:\/\/recal-se.tbwebsite.com\/?post_type=product&#038;p=3196"},"modified":"2024-03-01T10:21:18","modified_gmt":"2024-03-01T10:21:18","slug":"holzpaket-durasense-zaunpfosten","status":"publish","type":"product","link":"https:\/\/recal-se.tbwebsite.com\/de\/zubehoer\/holzpaket-durasense-zaunpfosten\/","title":{"rendered":"Holzpaket Durasense \u2013 Zaunpfosten Salen Abschnittsl\u00e4nge 1600 mm"},"content":{"rendered":"<p id=\"tw-target-text\" class=\"tw-data-text tw-text-large tw-ta\" dir=\"ltr\" data-placeholder=\"\u00d6vers\u00e4ttning\" data-ved=\"2ahUKEwj5te-mwtKEAxX_PxAIHeaDDjgQ3ewLegQIDRAV\"><span class=\"Y2IQFc\" lang=\"de\">Unser 24&#215;120-mm-Rahmenholz von Durasense ist perfekt f\u00fcr alle, die einen stilvollen Zaun mit horizontalen Stangen bauen m\u00f6chten. Verkauft in Paketen mit einer L\u00e4nge von 1600 mm f\u00fcr die verschiedenen H\u00f6hen, die die Zaunpfosten Salen anbieten. Im Vergleich zu reinem Holz sind die Rippen formstabil und \u00fcberstehen daher auch etwas gr\u00f6\u00dfere Spannweiten ohne zu versagen. Die Zaunlatte von Durasense ist von hoher Qualit\u00e4t. Es besteht aus einer Haut aus Holzfaserverbundstoff und einem Holzkern, der thermisch behandelt wurde, um F\u00e4ulnis zu verhindern. Das gef\u00e4rbte Leder erm\u00f6glicht es Ihnen, sch\u00f6ne Farben auf Ihrem Zaun zu erzielen, ohne dass Sie ihn streichen und pflegen m\u00fcssen. Dank des thermisch behandelten Holzkerns k\u00f6nnen wir eine F\u00e4ulnisschutzgarantie von 20 Jahren geben. Mehr \u00fcber unsere F\u00e4ulnisschutzgarantie erfahren Sie hier. Wir liefern das Produkt zusammen mit einer Versiegelung f\u00fcr die Enden, die Sie selbst anbringen k\u00f6nnen. Durch die Versiegelung der Enden ist das Produkt lange haltbar.<\/span><\/p>\n<div id=\"tw-target-text-container\" class=\"tw-ta-container F0azHf tw-nfl\">\n<p id=\"tw-target-text\" class=\"tw-data-text tw-text-large tw-ta\" dir=\"ltr\" data-placeholder=\"\u00d6vers\u00e4ttning\" data-ved=\"2ahUKEwj5te-mwtKEAxX_PxAIHeaDDjgQ3ewLegQIDRAV\"><span class=\"Y2IQFc\" lang=\"de\">Das Produkt ist in drei verschiedenen Farben erh\u00e4ltlich: Unser dunkler Schiefer ist eine lebendige und moderne Farbwahl. In diesem leuchtenden Dunkelgrau gibt es nat\u00fcrliche Variationen, die im Sonnenlicht schimmern. Ein hellgraues und lebendiges Profil, das ein luxuri\u00f6ses und exklusives Gef\u00fchl vermittelt. Passt gut zum Farbcode RAL Classic 7037. Die Farbe Wei\u00df verleiht ihm au\u00dferdem ein luxuri\u00f6ses Gef\u00fchl mit einer gl\u00e4nzenden und sch\u00f6nen Oberfl\u00e4che, die perfekt zu einem schwarzen Zaunpfosten passt!<\/span><\/p>\n<\/div>\n<p><strong><br \/>\nTechnische Information:<\/strong><\/p>\n<p>Materialien: Thermisch behandeltes Holz, Holzfaserverbundwerkstoff<br \/>\nH\u00f6he: 12 cm<br \/>\nBreite: 2,4 cm<br \/>\nL\u00e4nge: 160 cm<\/p>\n<p id=\"tw-target-text\" class=\"tw-data-text tw-text-large tw-ta\" dir=\"ltr\" data-placeholder=\"\u00d6vers\u00e4ttning\" data-ved=\"2ahUKEwj5te-mwtKEAxX_PxAIHeaDDjgQ3ewLegQIDRAV\"><span class=\"Y2IQFc\" lang=\"de\">DuraSense ist eine Sammelbezeichnung f\u00fcr Produkte, die aus einem Massivholzkern in Kombination mit einer Deckschicht aus Holzfaserverbundwerkstoff bestehen. Die Produkte sind so konzipiert, dass sie verschiedene Arten von Materialien wie impr\u00e4gniertes Holz, Kunststoffprofile und gew\u00f6hnliches Holz ersetzen k\u00f6nnen.<\/span><\/p>\n<p id=\"tw-target-text\" class=\"tw-data-text tw-text-large tw-ta\" dir=\"ltr\" data-placeholder=\"\u00d6vers\u00e4ttning\" data-ved=\"2ahUKEwj5te-mwtKEAxX_PxAIHeaDDjgQ3ewLegQIDRAV\"><span class=\"Y2IQFc\" lang=\"de\">Der Massivholzkern besteht aus Fichte oder Kiefer aus verantwortungsvoll bewirtschafteten W\u00e4ldern. Anschlie\u00dfend wurde das Holz w\u00e4rmebehandelt, um es vor F\u00e4ulnis zu sch\u00fctzen. Der eigentliche Prozess der W\u00e4rmebehandlung des Holzes erfolgt mit Hitze und Dampf. Es werden keine Chemikalien verwendet und somit besteht das Material ausschlie\u00dflich aus nachwachsenden Rohstoffen.<br \/>\nDas Holz wird mehrere Stunden lang auf 180\u2013240 Grad erhitzt, wobei sich beim Erhitzen die chemische Struktur des Holzes ver\u00e4ndert, was zu einer Resistenz gegen F\u00e4ulnispilze f\u00fchrt.<\/span><\/p>\n<div id=\"tw-target-text-container\" class=\"tw-ta-container F0azHf tw-nfl\">\n<p id=\"tw-target-text\" class=\"tw-data-text tw-text-large tw-ta\" dir=\"ltr\" data-placeholder=\"\u00d6vers\u00e4ttning\" data-ved=\"2ahUKEwj5te-mwtKEAxX_PxAIHeaDDjgQ3ewLegQIDRAV\"><span class=\"Y2IQFc\" lang=\"de\">Ein w\u00e4rmebehandeltes Holz besteht aus ca. 4,65 % Feuchtigkeitsgehalt (+\/-1,1 %), was im Vergleich zu gew\u00f6hnlichem Holz bis zu 19\u201322 % in der Mitte des Holzes betragen kann, was es formstabiler macht . In den meisten F\u00e4llen besteht das Holz aus Thermoholz von Stora Enso und dieses wird nach ITWA produziert.<\/span><\/p>\n<\/div>\n<p id=\"tw-target-text\" class=\"tw-data-text tw-text-large tw-ta\" dir=\"ltr\" data-placeholder=\"\u00d6vers\u00e4ttning\" data-ved=\"2ahUKEwj5te-mwtKEAxX_PxAIHeaDDjgQ3ewLegQIDRAV\"><span class=\"Y2IQFc\" lang=\"de\">Anschlie\u00dfend wird der Holzkern mit Holzfaserverbundwerkstoff beschichtet, der im Werk von Stora Enso in Hylte hergestellt wird. Der Verbundstoff besteht aus recyceltem Holz und einem Kunststoffpolymer. Unter anderem werden nur gew\u00f6hnliche Kunststoffe ohne Phthalate verwendet. Durch die Verwendung von Holzfaserverbundstoff wird der Kunststoffverbrauch im Vergleich zu 100 % Kunststoff reduziert und dem Profil zudem ein nat\u00fcrlicheres Holzgef\u00fchl verliehen. Durch die Beschichtung des Holzkerns mit Holzfaserverbundstoff wird dem Produkt Festigkeit und Steifigkeit verliehen. Dar\u00fcber hinaus erm\u00f6glicht es die Einf\u00e4rbung des Produkts.<\/span><\/p>\n<p id=\"tw-target-text\" class=\"tw-data-text tw-text-large tw-ta\" dir=\"ltr\" data-placeholder=\"\u00d6vers\u00e4ttning\" data-ved=\"2ahUKEwj5te-mwtKEAxX_PxAIHeaDDjgQ3ewLegQIDRAV\"><span class=\"Y2IQFc\" lang=\"de\">Und nicht zu vergessen: Durasense-Produkte lassen sich hervorragend mit Hochdruck waschen, ohne dass das Material besch\u00e4digt wird.<\/span><\/p>\n","protected":false},"excerpt":{"rendered":"<div id=\"tw-target-text-container\" class=\"tw-ta-container F0azHf tw-nfl\">\n<p id=\"tw-target-text\" class=\"tw-data-text tw-text-large tw-ta\" dir=\"ltr\" data-placeholder=\"\u00d6vers\u00e4ttning\" data-ved=\"2ahUKEwj5te-mwtKEAxX_PxAIHeaDDjgQ3ewLegQIDRAV\"><span class=\"Y2IQFc\" lang=\"de\">Das Holzpaket 24 x 120 mm von Durasense ist perfekt f\u00fcr alle, die einen stilvollen Zaun mit geneigten Lamellen bauen m\u00f6chten. Zaunpfosten Die Halle, f\u00fcr die dieses Holz geeignet ist, bietet einen guten Sichtschutz gegen\u00fcber Nachbarn und der Stra\u00dfe! Mit Holz von Durasense ist der Zaun v\u00f6llig wartungsfrei und verleiht Ihrem neuen Zaun ein sch\u00f6nes Aussehen. Verkauft in Paketen mit einer L\u00e4nge von 1600 mm f\u00fcr die verschiedenen H\u00f6hen, die die Zaunpfosten Salen anbieten. Im Vergleich zu reinem Holz sind die Rippen formstabil und \u00fcberstehen daher auch etwas gr\u00f6\u00dfere Spannweiten ohne zu versagen.<\/span><\/p>\n<\/div>\n<div class=\"iYB33c\">\n<div id=\"tw-tmenu\" class=\"tw-menu\"><\/div>\n<\/div>\n","protected":false},"featured_media":5355,"comment_status":"closed","ping_status":"closed","template":"","meta":{"_acf_changed":false},"product_cat":[32,199],"product_tag":[],"composite_virtual":false,"composite_layout":"","composite_add_to_cart_form_location":"","composite_editable_in_cart":false,"composite_sold_individually_context":"","composite_shop_price_calc":"","composite_components":[],"composite_scenarios":[],"acf":[],"yoast_head":"<!-- This site is optimized with the Yoast SEO plugin v22.2 - https:\/\/yoast.com\/wordpress\/plugins\/seo\/ -->\n<title>Holzpaket Durasense \u2013 Zaunpfosten Salen Abschnittsl\u00e4nge 1600 mm - Recal Deutschland<\/title>\n<meta name=\"description\" content=\"Virkespaket 24x120mm regel fr\u00e5n Durasense passar utm\u00e4rkt till dig som vill bygga ett snyggt staket med lutande ribbor. Staketstolpe Salen som detta virke \u00e4r anpassat f\u00f6r ger bra insynsskydd mot grannar och v\u00e4g! Staketet blir med virke fr\u00e5n Durasense helt underh\u00e5llsfritt och ger ett vackert utseende till ditt nya staket.\" \/>\n<meta name=\"robots\" content=\"index, follow, max-snippet:-1, max-image-preview:large, max-video-preview:-1\" \/>\n<link rel=\"canonical\" href=\"https:\/\/recal-se.tbwebsite.com\/de\/zubehoer\/holzpaket-durasense-zaunpfosten\/\" \/>\n<meta property=\"og:locale\" content=\"de_DE\" \/>\n<meta property=\"og:type\" content=\"article\" \/>\n<meta property=\"og:title\" content=\"Holzpaket Durasense \u2013 Zaunpfosten Salen Abschnittsl\u00e4nge 1600 mm - Recal Deutschland\" \/>\n<meta property=\"og:description\" content=\"Virkespaket 24x120mm regel fr\u00e5n Durasense passar utm\u00e4rkt till dig som vill bygga ett snyggt staket med lutande ribbor. Staketstolpe Salen som detta virke \u00e4r anpassat f\u00f6r ger bra insynsskydd mot grannar och v\u00e4g! Staketet blir med virke fr\u00e5n Durasense helt underh\u00e5llsfritt och ger ett vackert utseende till ditt nya staket.\" \/>\n<meta property=\"og:url\" content=\"https:\/\/recal-se.tbwebsite.com\/de\/zubehoer\/holzpaket-durasense-zaunpfosten\/\" \/>\n<meta property=\"og:site_name\" content=\"Recal Deutschland\" \/>\n<meta property=\"article:modified_time\" content=\"2024-03-01T10:21:18+00:00\" \/>\n<meta property=\"og:image\" content=\"https:\/\/recal-se.tbwebsite.com\/de\/wp-content\/uploads\/sites\/4\/2023\/01\/D1A0131-1-1.png\" \/>\n\t<meta property=\"og:image:width\" content=\"1400\" \/>\n\t<meta property=\"og:image:height\" content=\"1400\" \/>\n\t<meta property=\"og:image:type\" content=\"image\/png\" \/>\n<meta name=\"twitter:card\" content=\"summary_large_image\" \/>\n<meta name=\"twitter:label1\" content=\"Gesch\u00e4tzte Lesezeit\" \/>\n\t<meta name=\"twitter:data1\" content=\"3 Minuten\" \/>\n<script type=\"application\/ld+json\" class=\"yoast-schema-graph\">{\"@context\":\"https:\/\/schema.org\",\"@graph\":[{\"@type\":\"WebPage\",\"@id\":\"https:\/\/recal-se.tbwebsite.com\/de\/zubehoer\/holzpaket-durasense-zaunpfosten\/\",\"url\":\"https:\/\/recal-se.tbwebsite.com\/de\/zubehoer\/holzpaket-durasense-zaunpfosten\/\",\"name\":\"Holzpaket Durasense \u2013 Zaunpfosten Salen Abschnittsl\u00e4nge 1600 mm - Recal Deutschland\",\"isPartOf\":{\"@id\":\"https:\/\/recal-se.tbwebsite.com\/de\/#website\"},\"primaryImageOfPage\":{\"@id\":\"https:\/\/recal-se.tbwebsite.com\/de\/zubehoer\/holzpaket-durasense-zaunpfosten\/#primaryimage\"},\"image\":{\"@id\":\"https:\/\/recal-se.tbwebsite.com\/de\/zubehoer\/holzpaket-durasense-zaunpfosten\/#primaryimage\"},\"thumbnailUrl\":\"https:\/\/recal-se.tbwebsite.com\/de\/wp-content\/uploads\/sites\/4\/2023\/01\/D1A0131-1-1.png\",\"datePublished\":\"2023-01-18T08:42:10+00:00\",\"dateModified\":\"2024-03-01T10:21:18+00:00\",\"description\":\"Virkespaket 24x120mm regel fr\u00e5n Durasense passar utm\u00e4rkt till dig som vill bygga ett snyggt staket med lutande ribbor. Staketstolpe Salen som detta virke \u00e4r anpassat f\u00f6r ger bra insynsskydd mot grannar och v\u00e4g! Staketet blir med virke fr\u00e5n Durasense helt underh\u00e5llsfritt och ger ett vackert utseende till ditt nya staket.\",\"breadcrumb\":{\"@id\":\"https:\/\/recal-se.tbwebsite.com\/de\/zubehoer\/holzpaket-durasense-zaunpfosten\/#breadcrumb\"},\"inLanguage\":\"de-DE\",\"potentialAction\":[{\"@type\":\"ReadAction\",\"target\":[\"https:\/\/recal-se.tbwebsite.com\/de\/zubehoer\/holzpaket-durasense-zaunpfosten\/\"]}]},{\"@type\":\"ImageObject\",\"inLanguage\":\"de-DE\",\"@id\":\"https:\/\/recal-se.tbwebsite.com\/de\/zubehoer\/holzpaket-durasense-zaunpfosten\/#primaryimage\",\"url\":\"https:\/\/recal-se.tbwebsite.com\/de\/wp-content\/uploads\/sites\/4\/2023\/01\/D1A0131-1-1.png\",\"contentUrl\":\"https:\/\/recal-se.tbwebsite.com\/de\/wp-content\/uploads\/sites\/4\/2023\/01\/D1A0131-1-1.png\",\"width\":1400,\"height\":1400},{\"@type\":\"BreadcrumbList\",\"@id\":\"https:\/\/recal-se.tbwebsite.com\/de\/zubehoer\/holzpaket-durasense-zaunpfosten\/#breadcrumb\",\"itemListElement\":[{\"@type\":\"ListItem\",\"position\":1,\"name\":\"Home\",\"item\":\"https:\/\/recal-se.tbwebsite.com\/de\/\"},{\"@type\":\"ListItem\",\"position\":2,\"name\":\"Shop\",\"item\":\"https:\/\/recal-se.tbwebsite.com\/de\/shop\/\"},{\"@type\":\"ListItem\",\"position\":3,\"name\":\"Holzpaket Durasense \u2013 Zaunpfosten Salen Abschnittsl\u00e4nge 1600 mm\"}]},{\"@type\":\"WebSite\",\"@id\":\"https:\/\/recal-se.tbwebsite.com\/de\/#website\",\"url\":\"https:\/\/recal-se.tbwebsite.com\/de\/\",\"name\":\"Recal Deutschland\",\"description\":\"Tr\u00e4dg\u00e5rdsprodukter tillverkade i aluminium fr\u00e5n Sm\u00e5land\",\"publisher\":{\"@id\":\"https:\/\/recal-se.tbwebsite.com\/de\/#organization\"},\"potentialAction\":[{\"@type\":\"SearchAction\",\"target\":{\"@type\":\"EntryPoint\",\"urlTemplate\":\"https:\/\/recal-se.tbwebsite.com\/de\/?s={search_term_string}\"},\"query-input\":\"required name=search_term_string\"}],\"inLanguage\":\"de-DE\"},{\"@type\":\"Organization\",\"@id\":\"https:\/\/recal-se.tbwebsite.com\/de\/#organization\",\"name\":\"Recal Deutschland\",\"url\":\"https:\/\/recal-se.tbwebsite.com\/de\/\",\"logo\":{\"@type\":\"ImageObject\",\"inLanguage\":\"de-DE\",\"@id\":\"https:\/\/recal-se.tbwebsite.com\/de\/#\/schema\/logo\/image\/\",\"url\":\"https:\/\/recal-se.tbwebsite.com\/de\/wp-content\/uploads\/sites\/4\/2020\/06\/recal-logotype_svart_1.png\",\"contentUrl\":\"https:\/\/recal-se.tbwebsite.com\/de\/wp-content\/uploads\/sites\/4\/2020\/06\/recal-logotype_svart_1.png\",\"width\":260,\"height\":52,\"caption\":\"Recal Deutschland\"},\"image\":{\"@id\":\"https:\/\/recal-se.tbwebsite.com\/de\/#\/schema\/logo\/image\/\"}}]}<\/script>\n<!-- \/ Yoast SEO plugin. -->","yoast_head_json":{"title":"Holzpaket Durasense \u2013 Zaunpfosten Salen Abschnittsl\u00e4nge 1600 mm - Recal Deutschland","description":"Virkespaket 24x120mm regel fr\u00e5n Durasense passar utm\u00e4rkt till dig som vill bygga ett snyggt staket med lutande ribbor. Staketstolpe Salen som detta virke \u00e4r anpassat f\u00f6r ger bra insynsskydd mot grannar och v\u00e4g! Staketet blir med virke fr\u00e5n Durasense helt underh\u00e5llsfritt och ger ett vackert utseende till ditt nya staket.","robots":{"index":"index","follow":"follow","max-snippet":"max-snippet:-1","max-image-preview":"max-image-preview:large","max-video-preview":"max-video-preview:-1"},"canonical":"https:\/\/recal-se.tbwebsite.com\/de\/zubehoer\/holzpaket-durasense-zaunpfosten\/","og_locale":"de_DE","og_type":"article","og_title":"Holzpaket Durasense \u2013 Zaunpfosten Salen Abschnittsl\u00e4nge 1600 mm - Recal Deutschland","og_description":"Virkespaket 24x120mm regel fr\u00e5n Durasense passar utm\u00e4rkt till dig som vill bygga ett snyggt staket med lutande ribbor. Staketstolpe Salen som detta virke \u00e4r anpassat f\u00f6r ger bra insynsskydd mot grannar och v\u00e4g! Staketet blir med virke fr\u00e5n Durasense helt underh\u00e5llsfritt och ger ett vackert utseende till ditt nya staket.","og_url":"https:\/\/recal-se.tbwebsite.com\/de\/zubehoer\/holzpaket-durasense-zaunpfosten\/","og_site_name":"Recal Deutschland","article_modified_time":"2024-03-01T10:21:18+00:00","og_image":[{"width":1400,"height":1400,"url":"https:\/\/recal-se.tbwebsite.com\/de\/wp-content\/uploads\/sites\/4\/2023\/01\/D1A0131-1-1.png","type":"image\/png"}],"twitter_card":"summary_large_image","twitter_misc":{"Gesch\u00e4tzte Lesezeit":"3 Minuten"},"schema":{"@context":"https:\/\/schema.org","@graph":[{"@type":"WebPage","@id":"https:\/\/recal-se.tbwebsite.com\/de\/zubehoer\/holzpaket-durasense-zaunpfosten\/","url":"https:\/\/recal-se.tbwebsite.com\/de\/zubehoer\/holzpaket-durasense-zaunpfosten\/","name":"Holzpaket Durasense \u2013 Zaunpfosten Salen Abschnittsl\u00e4nge 1600 mm - Recal Deutschland","isPartOf":{"@id":"https:\/\/recal-se.tbwebsite.com\/de\/#website"},"primaryImageOfPage":{"@id":"https:\/\/recal-se.tbwebsite.com\/de\/zubehoer\/holzpaket-durasense-zaunpfosten\/#primaryimage"},"image":{"@id":"https:\/\/recal-se.tbwebsite.com\/de\/zubehoer\/holzpaket-durasense-zaunpfosten\/#primaryimage"},"thumbnailUrl":"https:\/\/recal-se.tbwebsite.com\/de\/wp-content\/uploads\/sites\/4\/2023\/01\/D1A0131-1-1.png","datePublished":"2023-01-18T08:42:10+00:00","dateModified":"2024-03-01T10:21:18+00:00","description":"Virkespaket 24x120mm regel fr\u00e5n Durasense passar utm\u00e4rkt till dig som vill bygga ett snyggt staket med lutande ribbor. Staketstolpe Salen som detta virke \u00e4r anpassat f\u00f6r ger bra insynsskydd mot grannar och v\u00e4g! Staketet blir med virke fr\u00e5n Durasense helt underh\u00e5llsfritt och ger ett vackert utseende till ditt nya staket.","breadcrumb":{"@id":"https:\/\/recal-se.tbwebsite.com\/de\/zubehoer\/holzpaket-durasense-zaunpfosten\/#breadcrumb"},"inLanguage":"de-DE","potentialAction":[{"@type":"ReadAction","target":["https:\/\/recal-se.tbwebsite.com\/de\/zubehoer\/holzpaket-durasense-zaunpfosten\/"]}]},{"@type":"ImageObject","inLanguage":"de-DE","@id":"https:\/\/recal-se.tbwebsite.com\/de\/zubehoer\/holzpaket-durasense-zaunpfosten\/#primaryimage","url":"https:\/\/recal-se.tbwebsite.com\/de\/wp-content\/uploads\/sites\/4\/2023\/01\/D1A0131-1-1.png","contentUrl":"https:\/\/recal-se.tbwebsite.com\/de\/wp-content\/uploads\/sites\/4\/2023\/01\/D1A0131-1-1.png","width":1400,"height":1400},{"@type":"BreadcrumbList","@id":"https:\/\/recal-se.tbwebsite.com\/de\/zubehoer\/holzpaket-durasense-zaunpfosten\/#breadcrumb","itemListElement":[{"@type":"ListItem","position":1,"name":"Home","item":"https:\/\/recal-se.tbwebsite.com\/de\/"},{"@type":"ListItem","position":2,"name":"Shop","item":"https:\/\/recal-se.tbwebsite.com\/de\/shop\/"},{"@type":"ListItem","position":3,"name":"Holzpaket Durasense \u2013 Zaunpfosten Salen Abschnittsl\u00e4nge 1600 mm"}]},{"@type":"WebSite","@id":"https:\/\/recal-se.tbwebsite.com\/de\/#website","url":"https:\/\/recal-se.tbwebsite.com\/de\/","name":"Recal Deutschland","description":"Tr\u00e4dg\u00e5rdsprodukter tillverkade i aluminium fr\u00e5n Sm\u00e5land","publisher":{"@id":"https:\/\/recal-se.tbwebsite.com\/de\/#organization"},"potentialAction":[{"@type":"SearchAction","target":{"@type":"EntryPoint","urlTemplate":"https:\/\/recal-se.tbwebsite.com\/de\/?s={search_term_string}"},"query-input":"required name=search_term_string"}],"inLanguage":"de-DE"},{"@type":"Organization","@id":"https:\/\/recal-se.tbwebsite.com\/de\/#organization","name":"Recal Deutschland","url":"https:\/\/recal-se.tbwebsite.com\/de\/","logo":{"@type":"ImageObject","inLanguage":"de-DE","@id":"https:\/\/recal-se.tbwebsite.com\/de\/#\/schema\/logo\/image\/","url":"https:\/\/recal-se.tbwebsite.com\/de\/wp-content\/uploads\/sites\/4\/2020\/06\/recal-logotype_svart_1.png","contentUrl":"https:\/\/recal-se.tbwebsite.com\/de\/wp-content\/uploads\/sites\/4\/2020\/06\/recal-logotype_svart_1.png","width":260,"height":52,"caption":"Recal Deutschland"},"image":{"@id":"https:\/\/recal-se.tbwebsite.com\/de\/#\/schema\/logo\/image\/"}}]}},"_links":{"self":[{"href":"https:\/\/recal-se.tbwebsite.com\/de\/wp-json\/wp\/v2\/product\/3196"}],"collection":[{"href":"https:\/\/recal-se.tbwebsite.com\/de\/wp-json\/wp\/v2\/product"}],"about":[{"href":"https:\/\/recal-se.tbwebsite.com\/de\/wp-json\/wp\/v2\/types\/product"}],"replies":[{"embeddable":true,"href":"https:\/\/recal-se.tbwebsite.com\/de\/wp-json\/wp\/v2\/comments?post=3196"}],"version-history":[{"count":5,"href":"https:\/\/recal-se.tbwebsite.com\/de\/wp-json\/wp\/v2\/product\/3196\/revisions"}],"predecessor-version":[{"id":15186,"href":"https:\/\/recal-se.tbwebsite.com\/de\/wp-json\/wp\/v2\/product\/3196\/revisions\/15186"}],"wp:featuredmedia":[{"embeddable":true,"href":"https:\/\/recal-se.tbwebsite.com\/de\/wp-json\/wp\/v2\/media\/5355"}],"wp:attachment":[{"href":"https:\/\/recal-se.tbwebsite.com\/de\/wp-json\/wp\/v2\/media?parent=3196"}],"wp:term":[{"taxonomy":"product_cat","embeddable":true,"href":"https:\/\/recal-se.tbwebsite.com\/de\/wp-json\/wp\/v2\/product_cat?post=3196"},{"taxonomy":"product_tag","embeddable":true,"href":"https:\/\/recal-se.tbwebsite.com\/de\/wp-json\/wp\/v2\/product_tag?post=3196"}],"curies":[{"name":"wp","href":"https:\/\/api.w.org\/{rel}","templated":true}]}}