{"id":3122,"date":"2023-01-11T11:50:44","date_gmt":"2023-01-11T11:50:44","guid":{"rendered":"https:\/\/recal-se.tbwebsite.com\/?post_type=product&#038;p=3122"},"modified":"2024-03-01T10:12:54","modified_gmt":"2024-03-01T10:12:54","slug":"zaunpfosten-salen","status":"publish","type":"product","link":"https:\/\/recal-se.tbwebsite.com\/de\/staketstolpar\/zaunpfosten-salen\/","title":{"rendered":"Zaunpfosten &#8211; Salen"},"content":{"rendered":"<div id=\"tw-target-text-container\" class=\"tw-ta-container F0azHf tw-nfl\">\n<p id=\"tw-target-text\" class=\"tw-data-text tw-text-large tw-ta\" dir=\"ltr\" data-placeholder=\"\u00d6vers\u00e4ttning\" data-ved=\"2ahUKEwj5te-mwtKEAxX_PxAIHeaDDjgQ3ewLegQIDRAV\"><strong><span class=\"Y2IQFc\" lang=\"de\">Dieses Modell ist nur f\u00fcr Holz von Durasense.<\/span><\/strong><\/p>\n<\/div>\n<p>Der Salen-Zaunpfahl eignet sich gut als Abgrenzung im Garten und da er aus Aluminium besteht, bietet er eine lange Lebensdauer, da das Material rostfrei ist. Dieses Modell ist nur f\u00fcr Holz von Durasense.<\/p>\n<div id=\"tw-target-text-container\" class=\"tw-ta-container F0azHf tw-nfl\">\n<p id=\"tw-target-text\" class=\"tw-data-text tw-text-large tw-ta\" dir=\"ltr\" data-placeholder=\"\u00d6vers\u00e4ttning\" data-ved=\"2ahUKEwj5te-mwtKEAxX_PxAIHeaDDjgQ3ewLegQIDRAV\"><span class=\"Y2IQFc\" lang=\"de\">Zaunpfosten Salen aus Aluminium, der sowohl als Balkongel\u00e4nder als auch als normaler Zaun geeignet ist. Dieses Modell ist f\u00fcr wartungsfreies Holz von Durasense geeignet.<\/span><\/p>\n<\/div>\n<p id=\"tw-target-text\" class=\"tw-data-text tw-text-large tw-ta\" dir=\"ltr\" data-placeholder=\"\u00d6vers\u00e4ttning\" data-ved=\"2ahUKEwj5te-mwtKEAxX_PxAIHeaDDjgQ3ewLegQIDRAV\"><span class=\"Y2IQFc\" lang=\"de\">Bestellen Sie das Holzpaket 24*120mm bei Durasense und schaffen Sie mit dem behandelten Holz in drei verschiedenen Farben einen v\u00f6llig wartungsfreien Zaun, der eine lange Lebensdauer und ein sehr sch\u00f6nes Design bietet!<\/span><\/p>\n<p id=\"tw-target-text\" class=\"tw-data-text tw-text-large tw-ta\" dir=\"ltr\" data-placeholder=\"\u00d6vers\u00e4ttning\" data-ved=\"2ahUKEwj5te-mwtKEAxX_PxAIHeaDDjgQ3ewLegQIDRAV\"><span class=\"Y2IQFc\" lang=\"de\">Die qualitativen Pfosten haben eine Abmessung von 70 x 70 mm, bei einer Materialst\u00e4rke von satten 2 mm. Dies macht ihn zu einem stabilen und soliden Zaunpfahl, dessen Farbe Sie auch w\u00e4hlen k\u00f6nnen. Die Pfosten sind in drei Farben erh\u00e4ltlich: natur eloxiert oder wei\u00df lackiert (RAL 9010) oder mattschwarz (RAL 9005).<\/span><\/p>\n<p id=\"tw-target-text\" class=\"tw-data-text tw-text-large tw-ta\" dir=\"ltr\" data-placeholder=\"\u00d6vers\u00e4ttning\" data-ved=\"2ahUKEwj5te-mwtKEAxX_PxAIHeaDDjgQ3ewLegQIDRAV\"><span class=\"Y2IQFc\" lang=\"de\">Der Hallenzaunpfosten eignet sich perfekt als Rahmen f\u00fcr Ihren Garten. Mit der H\u00f6he, die Ihren Bed\u00fcrfnissen entspricht, h\u00e4lt es den Garten offen, umrahmt das Haus und setzt gleichzeitig klare Grenzen f\u00fcr Ihr Grundst\u00fcck. Verwenden Sie Eck-, Mittel- und Endpfosten, um den Zaun zu bauen, der zu Ihrer Situation passt und f\u00fcr einen etwas gem\u00fctlicheren Garten sorgt.<\/span><\/p>\n<p><strong>Rahmenholz<\/strong><\/p>\n<p><strong>Die Anzahl der Rahmenh\u00f6lzer variiert je nach Pfostenh\u00f6he:<\/strong><\/p>\n<p><strong>74,5 cm\u00a0 \u00a0 \u00a0 \u00a0 \u00a0 \u00a0 \u00a0 \u00a0 \u00a0\u00a0 4 L\u00f6cher<br \/>\n105,5 Cm \u00a0\u00a0\u00a0\u00a0\u00a0\u00a0\u00a0\u00a0\u00a0\u00a0\u00a0\u00a0\u00a0\u00a0\u00a0 6 L\u00f6cher<br \/>\n136,5 cm\u00a0 \u00a0 \u00a0 \u00a0 \u00a0 \u00a0 \u00a0 \u00a0 \u00a08 L\u00f6cher \u00a0\u00a0\u00a0\u00a0\u00a0\u00a0\u00a0\u00a0\u00a0\u00a0\u00a0\u00a0\u00a0\u00a0\u00a0\u00a0\u00a0\u00a0\u00a0\u00a0\u00a0\u00a0\u00a0\u00a0\u00a0\u00a0\u00a0\u00a0\u00a0\u00a0\u00a0\u00a0\u00a0\u00a0\u00a0\u00a0\u00a0\u00a0\u00a0\u00a0\u00a0\u00a0\u00a0\u00a0\u00a0\u00a0\u00a0\u00a0\u00a0\u00a0\u00a0\u00a0\u00a0\u00a0\u00a0\u00a0\u00a0\u00a0\u00a0\u00a0\u00a0\u00a0\u00a0\u00a0\u00a0\u00a0\u00a0\u00a0\u00a0\u00a0\u00a0\u00a0\u00a0\u00a0\u00a0\u00a0\u00a0\u00a0\u00a0\u00a0\u00a0\u00a0\u00a0 <\/strong><\/p>\n<p><strong>168,0 Cm\u00a0 \u00a0 \u00a0 \u00a0 \u00a0 \u00a0 \u00a0 \u00a0 \u00a010 L\u00f6cher<\/strong><\/p>\n<p><strong>Der Abstand zwischen dem Boden und der ersten Rahmenh\u00f6lzer betr\u00e4gt 10 cm. Der Abstand zwischen den Rahmenh\u00f6lzer betr\u00e4gt 1 cm. Die L\u00f6cher sind 3,0 x14,7 cm. <\/strong><\/p>\n<p>Geeignet f\u00fcr Holzregel 2,8\u00d7 14,5 cm \u00a0impr\u00e4gniert und Regel stehend.<\/p>\n<p>W\u00e4hlen Sie ein passendes Zaunholz f\u00fcr unsere Zaunpfosten mit folgenden <strong>Produktnummern bei Bauhaus: 16231488, 16231529, 16231471, 20432027, 20430809, 27828548, 26540742.<\/strong><\/p>\n<p><strong>\u00a0<\/strong><\/p>\n<p><strong>Zaunpfosten<\/strong><\/p>\n<p><strong>Denken Sie daran, die f\u00fcr Ihren Einsatzzweck passenden Pfostentypen zu bestellen (Zwischenpfosten, Eckpfosten, Endpfosten Rechts und Endpfosten Links).<\/strong><\/p>\n<p>Pfostenkappe<br \/>\nBestellen Sie bitte die Aluminium pfostenkappe in der gleichen Farbe wie der Zaunpfosten.<\/p>\n<p>Pfostenfu\u00df<br \/>\nBestellen Sie bitte die fostenfu\u00df f\u00fcr die Montage auf Holz- oder Betonuntergr\u00fcnden enthalten. Ben\u00f6tigen Sie Bodenanker, bestellen Sie bitte die Artikelnummer: 109 separat f\u00fcr die Montage in Gras oder Boden.<\/p>\n<p>HINWEIS Maximale H\u00f6he des Zaunpfostens bei Montage im Boden 120cm.<\/p>\n<p>Holzschraube Artikelnummer 106 oder Betonschraube Artikelnummer 107 separat bestellen.<\/p>\n<p>&nbsp;<\/p>\n<p><strong>Montage<\/strong><\/p>\n<p><strong>Kaufen Sie wahlfreies druckimpr\u00e4gniertes Holz 2,8 x 14,5 cm bei Ihrem \u00f6rtlichen Bauh\u00e4ndler. Achten Sie darauf, dass das Holz nicht zu stark aufgequollen ist (es erschwert die Montage), dann ben\u00f6tigen Sie zus\u00e4tzlich folgende Werkzeuge:\u00a0 <\/strong><\/p>\n<ul>\n<li><strong>Ma\u00dfband<\/strong><\/li>\n<li><strong>Schraubendreher mit Bits und <\/strong><\/li>\n<li><strong>Gummihammer (um den Fu\u00df auf den Pfosten zu montieren)<\/strong><\/li>\n<\/ul>\n<p>&nbsp;<\/p>\n<p><strong>Montieren Sie die Rahmenh\u00f6lzer mithilfe der Halterung auf der R\u00fcckseite der Pfosten und montieren Sie den Zaun immer so, dass er stabil steht \u2013 die Empfehlung lautet, maximal 150 cm Abstand zwischen den Pfosten zu lassen, und dass Sie die Pfosten immer, bevor Sie das Holz verschrauben, platzieren, um sicherzustellen, dass Ihre Bestellung korrekt war.<\/strong><\/p>\n<p>&nbsp;<\/p>\n<p><iframe title=\"Erkl\u00e4rung\/Montageanleitung f\u00fcr Zaunpfosten\" width=\"800\" height=\"450\" src=\"https:\/\/www.youtube.com\/embed\/L5hvM10NM_Q?feature=oembed\" frameborder=\"0\" allow=\"accelerometer; autoplay; clipboard-write; encrypted-media; gyroscope; picture-in-picture; web-share\" allowfullscreen><\/iframe><\/p>\n","protected":false},"excerpt":{"rendered":"<p id=\"tw-target-text\" class=\"tw-data-text tw-text-large tw-ta\" dir=\"ltr\" data-placeholder=\"\u00d6vers\u00e4ttning\" data-ved=\"2ahUKEwj5te-mwtKEAxX_PxAIHeaDDjgQ3ewLegQIDRAV\"><span class=\"Y2IQFc\" lang=\"de\">Zaunpfosten Salen aus Aluminium, der sowohl als Balkongel\u00e4nder als auch als normaler Zaun geeignet ist. Dieses Modell ist f\u00fcr wartungsfreies Holz von Durasense geeignet. Bestellen Sie das Holzpaket 24*120mm bei Durasense und schaffen Sie mit dem behandelten Holz in drei verschiedenen Farben einen v\u00f6llig wartungsfreien Zaun, der eine lange Lebensdauer und ein sehr sch\u00f6nes Design bietet!<\/span><\/p>\n","protected":false},"featured_media":5359,"comment_status":"open","ping_status":"closed","template":"","meta":{"_acf_changed":false},"product_cat":[329,16],"product_tag":[92,191,90,87,73],"composite_virtual":false,"composite_layout":"","composite_add_to_cart_form_location":"","composite_editable_in_cart":false,"composite_sold_individually_context":"","composite_shop_price_calc":"","composite_components":[],"composite_scenarios":[],"acf":[],"yoast_head":"<!-- This site is optimized with the Yoast SEO plugin v22.2 - https:\/\/yoast.com\/wordpress\/plugins\/seo\/ -->\n<title>Staketstolpe Zaunpfosten - Salen - Recal Deutschland<\/title>\n<meta name=\"description\" content=\"Zaunpfosten Salen aus Aluminium, der sowohl als Balkongel\u00e4nder als auch als normaler Zaun geeignet ist. Dieses Modell ist f\u00fcr wartungsfreies Holz von Durasense geeignet.\" \/>\n<meta name=\"robots\" content=\"index, follow, max-snippet:-1, max-image-preview:large, max-video-preview:-1\" \/>\n<link rel=\"canonical\" href=\"https:\/\/recal-se.tbwebsite.com\/de\/staketstolpar\/zaunpfosten-salen\/\" \/>\n<meta property=\"og:locale\" content=\"de_DE\" \/>\n<meta property=\"og:type\" content=\"article\" \/>\n<meta property=\"og:title\" content=\"Staketstolpe Zaunpfosten - Salen - Recal Deutschland\" \/>\n<meta property=\"og:description\" content=\"Zaunpfosten Salen aus Aluminium, der sowohl als Balkongel\u00e4nder als auch als normaler Zaun geeignet ist. Dieses Modell ist f\u00fcr wartungsfreies Holz von Durasense geeignet.\" \/>\n<meta property=\"og:url\" content=\"https:\/\/recal-se.tbwebsite.com\/de\/staketstolpar\/zaunpfosten-salen\/\" \/>\n<meta property=\"og:site_name\" content=\"Recal Deutschland\" \/>\n<meta property=\"article:modified_time\" content=\"2024-03-01T10:12:54+00:00\" \/>\n<meta property=\"og:image\" content=\"https:\/\/recal-se.tbwebsite.com\/de\/wp-content\/uploads\/sites\/4\/2023\/01\/D1A0096-1.png\" \/>\n\t<meta property=\"og:image:width\" content=\"1436\" \/>\n\t<meta property=\"og:image:height\" content=\"1437\" \/>\n\t<meta property=\"og:image:type\" content=\"image\/png\" \/>\n<meta name=\"twitter:card\" content=\"summary_large_image\" \/>\n<meta name=\"twitter:label1\" content=\"Gesch\u00e4tzte Lesezeit\" \/>\n\t<meta name=\"twitter:data1\" content=\"3 Minuten\" \/>\n<script type=\"application\/ld+json\" class=\"yoast-schema-graph\">{\"@context\":\"https:\/\/schema.org\",\"@graph\":[{\"@type\":\"WebPage\",\"@id\":\"https:\/\/recal-se.tbwebsite.com\/de\/staketstolpar\/zaunpfosten-salen\/\",\"url\":\"https:\/\/recal-se.tbwebsite.com\/de\/staketstolpar\/zaunpfosten-salen\/\",\"name\":\"Staketstolpe Zaunpfosten - Salen - Recal Deutschland\",\"isPartOf\":{\"@id\":\"https:\/\/recal-se.tbwebsite.com\/de\/#website\"},\"primaryImageOfPage\":{\"@id\":\"https:\/\/recal-se.tbwebsite.com\/de\/staketstolpar\/zaunpfosten-salen\/#primaryimage\"},\"image\":{\"@id\":\"https:\/\/recal-se.tbwebsite.com\/de\/staketstolpar\/zaunpfosten-salen\/#primaryimage\"},\"thumbnailUrl\":\"https:\/\/recal-se.tbwebsite.com\/de\/wp-content\/uploads\/sites\/4\/2023\/01\/D1A0096-1.png\",\"datePublished\":\"2023-01-11T11:50:44+00:00\",\"dateModified\":\"2024-03-01T10:12:54+00:00\",\"description\":\"Zaunpfosten Salen aus Aluminium, der sowohl als Balkongel\u00e4nder als auch als normaler Zaun geeignet ist. Dieses Modell ist f\u00fcr wartungsfreies Holz von Durasense geeignet.\",\"breadcrumb\":{\"@id\":\"https:\/\/recal-se.tbwebsite.com\/de\/staketstolpar\/zaunpfosten-salen\/#breadcrumb\"},\"inLanguage\":\"de-DE\",\"potentialAction\":[{\"@type\":\"ReadAction\",\"target\":[\"https:\/\/recal-se.tbwebsite.com\/de\/staketstolpar\/zaunpfosten-salen\/\"]}]},{\"@type\":\"ImageObject\",\"inLanguage\":\"de-DE\",\"@id\":\"https:\/\/recal-se.tbwebsite.com\/de\/staketstolpar\/zaunpfosten-salen\/#primaryimage\",\"url\":\"https:\/\/recal-se.tbwebsite.com\/de\/wp-content\/uploads\/sites\/4\/2023\/01\/D1A0096-1.png\",\"contentUrl\":\"https:\/\/recal-se.tbwebsite.com\/de\/wp-content\/uploads\/sites\/4\/2023\/01\/D1A0096-1.png\",\"width\":1436,\"height\":1437},{\"@type\":\"BreadcrumbList\",\"@id\":\"https:\/\/recal-se.tbwebsite.com\/de\/staketstolpar\/zaunpfosten-salen\/#breadcrumb\",\"itemListElement\":[{\"@type\":\"ListItem\",\"position\":1,\"name\":\"Home\",\"item\":\"https:\/\/recal-se.tbwebsite.com\/de\/\"},{\"@type\":\"ListItem\",\"position\":2,\"name\":\"Shop\",\"item\":\"https:\/\/recal-se.tbwebsite.com\/de\/shop\/\"},{\"@type\":\"ListItem\",\"position\":3,\"name\":\"Zaunpfosten &#8211; Salen\"}]},{\"@type\":\"WebSite\",\"@id\":\"https:\/\/recal-se.tbwebsite.com\/de\/#website\",\"url\":\"https:\/\/recal-se.tbwebsite.com\/de\/\",\"name\":\"Recal Deutschland\",\"description\":\"Tr\u00e4dg\u00e5rdsprodukter tillverkade i aluminium fr\u00e5n Sm\u00e5land\",\"publisher\":{\"@id\":\"https:\/\/recal-se.tbwebsite.com\/de\/#organization\"},\"potentialAction\":[{\"@type\":\"SearchAction\",\"target\":{\"@type\":\"EntryPoint\",\"urlTemplate\":\"https:\/\/recal-se.tbwebsite.com\/de\/?s={search_term_string}\"},\"query-input\":\"required name=search_term_string\"}],\"inLanguage\":\"de-DE\"},{\"@type\":\"Organization\",\"@id\":\"https:\/\/recal-se.tbwebsite.com\/de\/#organization\",\"name\":\"Recal Deutschland\",\"url\":\"https:\/\/recal-se.tbwebsite.com\/de\/\",\"logo\":{\"@type\":\"ImageObject\",\"inLanguage\":\"de-DE\",\"@id\":\"https:\/\/recal-se.tbwebsite.com\/de\/#\/schema\/logo\/image\/\",\"url\":\"https:\/\/recal-se.tbwebsite.com\/de\/wp-content\/uploads\/sites\/4\/2020\/06\/recal-logotype_svart_1.png\",\"contentUrl\":\"https:\/\/recal-se.tbwebsite.com\/de\/wp-content\/uploads\/sites\/4\/2020\/06\/recal-logotype_svart_1.png\",\"width\":260,\"height\":52,\"caption\":\"Recal Deutschland\"},\"image\":{\"@id\":\"https:\/\/recal-se.tbwebsite.com\/de\/#\/schema\/logo\/image\/\"}}]}<\/script>\n<!-- \/ Yoast SEO plugin. -->","yoast_head_json":{"title":"Staketstolpe Zaunpfosten - Salen - Recal Deutschland","description":"Zaunpfosten Salen aus Aluminium, der sowohl als Balkongel\u00e4nder als auch als normaler Zaun geeignet ist. Dieses Modell ist f\u00fcr wartungsfreies Holz von Durasense geeignet.","robots":{"index":"index","follow":"follow","max-snippet":"max-snippet:-1","max-image-preview":"max-image-preview:large","max-video-preview":"max-video-preview:-1"},"canonical":"https:\/\/recal-se.tbwebsite.com\/de\/staketstolpar\/zaunpfosten-salen\/","og_locale":"de_DE","og_type":"article","og_title":"Staketstolpe Zaunpfosten - Salen - Recal Deutschland","og_description":"Zaunpfosten Salen aus Aluminium, der sowohl als Balkongel\u00e4nder als auch als normaler Zaun geeignet ist. Dieses Modell ist f\u00fcr wartungsfreies Holz von Durasense geeignet.","og_url":"https:\/\/recal-se.tbwebsite.com\/de\/staketstolpar\/zaunpfosten-salen\/","og_site_name":"Recal Deutschland","article_modified_time":"2024-03-01T10:12:54+00:00","og_image":[{"width":1436,"height":1437,"url":"https:\/\/recal-se.tbwebsite.com\/de\/wp-content\/uploads\/sites\/4\/2023\/01\/D1A0096-1.png","type":"image\/png"}],"twitter_card":"summary_large_image","twitter_misc":{"Gesch\u00e4tzte Lesezeit":"3 Minuten"},"schema":{"@context":"https:\/\/schema.org","@graph":[{"@type":"WebPage","@id":"https:\/\/recal-se.tbwebsite.com\/de\/staketstolpar\/zaunpfosten-salen\/","url":"https:\/\/recal-se.tbwebsite.com\/de\/staketstolpar\/zaunpfosten-salen\/","name":"Staketstolpe Zaunpfosten - Salen - Recal Deutschland","isPartOf":{"@id":"https:\/\/recal-se.tbwebsite.com\/de\/#website"},"primaryImageOfPage":{"@id":"https:\/\/recal-se.tbwebsite.com\/de\/staketstolpar\/zaunpfosten-salen\/#primaryimage"},"image":{"@id":"https:\/\/recal-se.tbwebsite.com\/de\/staketstolpar\/zaunpfosten-salen\/#primaryimage"},"thumbnailUrl":"https:\/\/recal-se.tbwebsite.com\/de\/wp-content\/uploads\/sites\/4\/2023\/01\/D1A0096-1.png","datePublished":"2023-01-11T11:50:44+00:00","dateModified":"2024-03-01T10:12:54+00:00","description":"Zaunpfosten Salen aus Aluminium, der sowohl als Balkongel\u00e4nder als auch als normaler Zaun geeignet ist. Dieses Modell ist f\u00fcr wartungsfreies Holz von Durasense geeignet.","breadcrumb":{"@id":"https:\/\/recal-se.tbwebsite.com\/de\/staketstolpar\/zaunpfosten-salen\/#breadcrumb"},"inLanguage":"de-DE","potentialAction":[{"@type":"ReadAction","target":["https:\/\/recal-se.tbwebsite.com\/de\/staketstolpar\/zaunpfosten-salen\/"]}]},{"@type":"ImageObject","inLanguage":"de-DE","@id":"https:\/\/recal-se.tbwebsite.com\/de\/staketstolpar\/zaunpfosten-salen\/#primaryimage","url":"https:\/\/recal-se.tbwebsite.com\/de\/wp-content\/uploads\/sites\/4\/2023\/01\/D1A0096-1.png","contentUrl":"https:\/\/recal-se.tbwebsite.com\/de\/wp-content\/uploads\/sites\/4\/2023\/01\/D1A0096-1.png","width":1436,"height":1437},{"@type":"BreadcrumbList","@id":"https:\/\/recal-se.tbwebsite.com\/de\/staketstolpar\/zaunpfosten-salen\/#breadcrumb","itemListElement":[{"@type":"ListItem","position":1,"name":"Home","item":"https:\/\/recal-se.tbwebsite.com\/de\/"},{"@type":"ListItem","position":2,"name":"Shop","item":"https:\/\/recal-se.tbwebsite.com\/de\/shop\/"},{"@type":"ListItem","position":3,"name":"Zaunpfosten &#8211; Salen"}]},{"@type":"WebSite","@id":"https:\/\/recal-se.tbwebsite.com\/de\/#website","url":"https:\/\/recal-se.tbwebsite.com\/de\/","name":"Recal Deutschland","description":"Tr\u00e4dg\u00e5rdsprodukter tillverkade i aluminium fr\u00e5n Sm\u00e5land","publisher":{"@id":"https:\/\/recal-se.tbwebsite.com\/de\/#organization"},"potentialAction":[{"@type":"SearchAction","target":{"@type":"EntryPoint","urlTemplate":"https:\/\/recal-se.tbwebsite.com\/de\/?s={search_term_string}"},"query-input":"required name=search_term_string"}],"inLanguage":"de-DE"},{"@type":"Organization","@id":"https:\/\/recal-se.tbwebsite.com\/de\/#organization","name":"Recal Deutschland","url":"https:\/\/recal-se.tbwebsite.com\/de\/","logo":{"@type":"ImageObject","inLanguage":"de-DE","@id":"https:\/\/recal-se.tbwebsite.com\/de\/#\/schema\/logo\/image\/","url":"https:\/\/recal-se.tbwebsite.com\/de\/wp-content\/uploads\/sites\/4\/2020\/06\/recal-logotype_svart_1.png","contentUrl":"https:\/\/recal-se.tbwebsite.com\/de\/wp-content\/uploads\/sites\/4\/2020\/06\/recal-logotype_svart_1.png","width":260,"height":52,"caption":"Recal Deutschland"},"image":{"@id":"https:\/\/recal-se.tbwebsite.com\/de\/#\/schema\/logo\/image\/"}}]}},"_links":{"self":[{"href":"https:\/\/recal-se.tbwebsite.com\/de\/wp-json\/wp\/v2\/product\/3122"}],"collection":[{"href":"https:\/\/recal-se.tbwebsite.com\/de\/wp-json\/wp\/v2\/product"}],"about":[{"href":"https:\/\/recal-se.tbwebsite.com\/de\/wp-json\/wp\/v2\/types\/product"}],"replies":[{"embeddable":true,"href":"https:\/\/recal-se.tbwebsite.com\/de\/wp-json\/wp\/v2\/comments?post=3122"}],"version-history":[{"count":5,"href":"https:\/\/recal-se.tbwebsite.com\/de\/wp-json\/wp\/v2\/product\/3122\/revisions"}],"predecessor-version":[{"id":15183,"href":"https:\/\/recal-se.tbwebsite.com\/de\/wp-json\/wp\/v2\/product\/3122\/revisions\/15183"}],"wp:featuredmedia":[{"embeddable":true,"href":"https:\/\/recal-se.tbwebsite.com\/de\/wp-json\/wp\/v2\/media\/5359"}],"wp:attachment":[{"href":"https:\/\/recal-se.tbwebsite.com\/de\/wp-json\/wp\/v2\/media?parent=3122"}],"wp:term":[{"taxonomy":"product_cat","embeddable":true,"href":"https:\/\/recal-se.tbwebsite.com\/de\/wp-json\/wp\/v2\/product_cat?post=3122"},{"taxonomy":"product_tag","embeddable":true,"href":"https:\/\/recal-se.tbwebsite.com\/de\/wp-json\/wp\/v2\/product_tag?post=3122"}],"curies":[{"name":"wp","href":"https:\/\/api.w.org\/{rel}","templated":true}]}}