{"id":2141,"date":"2022-05-06T03:27:49","date_gmt":"2022-05-06T03:27:49","guid":{"rendered":"https:\/\/recal-se.tbwebsite.com\/?post_type=product&#038;p=2141"},"modified":"2024-02-13T08:24:39","modified_gmt":"2024-02-13T08:24:39","slug":"insynsskydd-skarmvagg","status":"publish","type":"product","link":"https:\/\/recal-se.tbwebsite.com\/de\/staketstolpar\/insynsskydd-skarmvagg\/","title":{"rendered":"Diskret &#8211; Avsk\u00e4rmning"},"content":{"rendered":"<p><strong>Insynsskydd\/ Avsk\u00e4rmning<br \/>\n<\/strong>V\u00e5rt insynsskydd funkar perfekt som avsk\u00e4rmning och ger ingen insyn i tr\u00e4dg\u00e5rden eller p\u00e5 altanen. Staketstolpen \u00e4r tillverkad i <a href=\"https:\/\/recal.se\/om-oss\/#aluminium\">aluminium<\/a> vilket ger en l\u00e5ng livsl\u00e4ngd tack vare att materialet \u00e4r <a href=\"https:\/\/recal.se\/om-oss\/#aluminium\">rostfritt<\/a>. Stolparna har en dimension om 70 x 70 mm, med en godstjockleken som \u00e4r hela 2 mm. Det g\u00f6r det till en stabil och gedigen staketstolpe som du ocks\u00e5 kan v\u00e4lja f\u00e4rg p\u00e5. Stolparna finns i tre f\u00e4rger: naturanodiserad eller vitlackerad (RAL 9010) eller mattsvart (RAL 9005).<\/p>\n<p>Bygg enbart som vindsskydd eller avsk\u00e4rmning mot grannen.<\/p>\n<p>Med valbara h\u00f6jder h\u00e5ller v\u00e5r sk\u00e4rmv\u00e4gg altanen inramad och insynsskyddad mot grannar och ramar in huset samtidigt som den s\u00e4tter tydliga gr\u00e4nser f\u00f6r din tomt. Anv\u00e4nd h\u00f6rn-, mellan- och \u00e4ndstolpar f\u00f6r att bygga det staket som passar just din situation. Staketstolpen H\u00e4ren \u00e4r ett gediget staket som verkligen kommer f\u00f6rh\u00f6ja din tr\u00e4dg\u00e5rd och g\u00f6ra uteplatsen mer ombonad och privat med \u00f6nskad avsk\u00e4rmning.<\/p>\n<p><strong>Reglar<\/strong><br \/>\n1460 mm\u00a0 \u00a0 \u00a0 \u00a0 \u00a0 \u00a0 \u00a0 \u00a0 \u00a014 H\u00e5l<\/p>\n<p>1840 mm\u00a0\u00a0\u00a0\u00a0\u00a0\u00a0\u00a0\u00a0\u00a0\u00a0\u00a0\u00a0\u00a0\u00a0\u00a0\u00a0 18 H\u00e5l<\/p>\n<p>Avst\u00e5ndet mellan marken och f\u00f6rsta regeln \u00e4r 10 cm. Avst\u00e5ndet mellan reglarna \u00e4r 0,5 cm. H\u00e5len \u00e4r 23 X 97mm.<\/p>\n<p><strong>Staketstolpe<br \/>\n<\/strong><\/p>\n<p>Best\u00e4ll \u00c4nd, h\u00f6rn eller mellanstolpe<\/p>\n<p><strong>Stolphatt<br \/>\n<\/strong>Stolphatt g\u00e5r att f\u00e5 i svart plast eller av aluminium i valfri kul\u00f6r.Finns \u00e4ven \u00f6verliggarf\u00e4ste. K\u00f6p 1 st till varje stolpe<\/p>\n<p><strong>Stolpfot<\/strong><\/p>\n<p>K\u00f6p en Stolpfot till varje stolpe.<\/p>\n<p><strong>SKRUV<\/strong><\/p>\n<p>Gl\u00f6m ej best\u00e4lla monteringsskruv till virket.<\/p>\n<p><strong>Montering<br \/>\n<\/strong>K\u00f6p valfritt tryckimpregnerat virke 21 X 95 mm hos din lokala bygghandlare. S\u00e4kerst\u00e4ll att virket inte har sv\u00e4llt f\u00f6r mycket (det f\u00f6rsv\u00e5rar monteringen), sedan beh\u00f6ver du \u00e4ven f\u00f6ljande verktyg:<\/p>\n<ul>\n<li>M\u00e5ttband<\/li>\n<li>Skruvdragare med bits och borr<\/li>\n<li>Gummiklubba (f\u00f6r att montera foten p\u00e5 stolpen)<\/li>\n<\/ul>\n<p>Montera reglarna med hj\u00e4lp av f\u00e4stet p\u00e5 baksidan av stolparna och montera alltid staketet s\u00e5 att det blir stabilt &#8211; rekommendation \u00e4r max 150 cm mellan stolparna samt att du alltid placerar ut stolparna innan du skruvar fast virket f\u00f6r att s\u00e4kerst\u00e4lla att din best\u00e4llning blev korrekt.<\/p>\n<p><a href=\"https:\/\/recal.se\/wp-content\/uploads\/2021\/06\/recal-forklaring_stolpvarianter-scaled.jpg\" target=\"_blank\" rel=\"noopener\">Monteringsprincip<\/a><\/p>\n","protected":false},"excerpt":{"rendered":"<p>V\u00e5rt avsk\u00e4rmningssystem funkar lika bra som altanr\u00e4cke eller avsk\u00e4rmning i din tr\u00e4dg\u00e5rd. Staketstolpen \u00e4r tillverkad i <a href=\"https:\/\/recal.se\/om-oss\/#aluminium\">aluminium<\/a> och ger en l\u00e5ng livsl\u00e4ngd tack vare att materialet \u00e4r <a href=\"https:\/\/recal.se\/om-oss\/#aluminium\">rostfritt<\/a>. Staketstolpen ger m\u00f6jlighet till total avsk\u00e4rmning gentemot granne eller ut mot v\u00e4gen samtidigt som du skapar en vacker milj\u00f6 i din tr\u00e4dg\u00e5rd!<\/p>\n","protected":false},"featured_media":5403,"comment_status":"open","ping_status":"closed","template":"","meta":{"_acf_changed":false},"product_cat":[329,16],"product_tag":[],"composite_virtual":false,"composite_layout":"","composite_add_to_cart_form_location":"","composite_editable_in_cart":false,"composite_sold_individually_context":"","composite_shop_price_calc":"","composite_components":[],"composite_scenarios":[],"acf":[],"yoast_head":"<!-- This site is optimized with the Yoast SEO plugin v22.2 - https:\/\/yoast.com\/wordpress\/plugins\/seo\/ -->\n<title>Staketstolpe Diskret - Avsk\u00e4rmning - Recal Deutschland<\/title>\n<meta name=\"description\" content=\"H\u00e4ren Staketstolpe i aluminum som passar lika bra som altanr\u00e4cke eller som avsk\u00e4rmning. L\u00e5ng livsl\u00e4ngd p\u00e5 grund av det rostfria materialet.\" \/>\n<meta name=\"robots\" content=\"index, follow, max-snippet:-1, max-image-preview:large, max-video-preview:-1\" \/>\n<link rel=\"canonical\" href=\"https:\/\/recal-se.tbwebsite.com\/de\/staketstolpar\/insynsskydd-skarmvagg\/\" \/>\n<meta property=\"og:locale\" content=\"de_DE\" \/>\n<meta property=\"og:type\" content=\"article\" \/>\n<meta property=\"og:title\" content=\"Staketstolpe Diskret - Avsk\u00e4rmning - Recal Deutschland\" \/>\n<meta property=\"og:description\" content=\"H\u00e4ren Staketstolpe i aluminum som passar lika bra som altanr\u00e4cke eller som avsk\u00e4rmning. L\u00e5ng livsl\u00e4ngd p\u00e5 grund av det rostfria materialet.\" \/>\n<meta property=\"og:url\" content=\"https:\/\/recal-se.tbwebsite.com\/de\/staketstolpar\/insynsskydd-skarmvagg\/\" \/>\n<meta property=\"og:site_name\" content=\"Recal Deutschland\" \/>\n<meta property=\"article:modified_time\" content=\"2024-02-13T08:24:39+00:00\" \/>\n<meta property=\"og:image\" content=\"https:\/\/recal-se.tbwebsite.com\/de\/wp-content\/uploads\/sites\/4\/2022\/05\/Avskarmning-2048x1365-1-1.png\" \/>\n\t<meta property=\"og:image:width\" content=\"1730\" \/>\n\t<meta property=\"og:image:height\" content=\"1729\" \/>\n\t<meta property=\"og:image:type\" content=\"image\/png\" \/>\n<meta name=\"twitter:card\" content=\"summary_large_image\" \/>\n<meta name=\"twitter:label1\" content=\"Gesch\u00e4tzte Lesezeit\" \/>\n\t<meta name=\"twitter:data1\" content=\"2 Minuten\" \/>\n<script type=\"application\/ld+json\" class=\"yoast-schema-graph\">{\"@context\":\"https:\/\/schema.org\",\"@graph\":[{\"@type\":\"WebPage\",\"@id\":\"https:\/\/recal-se.tbwebsite.com\/de\/staketstolpar\/insynsskydd-skarmvagg\/\",\"url\":\"https:\/\/recal-se.tbwebsite.com\/de\/staketstolpar\/insynsskydd-skarmvagg\/\",\"name\":\"Staketstolpe Diskret - Avsk\u00e4rmning - Recal Deutschland\",\"isPartOf\":{\"@id\":\"https:\/\/recal-se.tbwebsite.com\/de\/#website\"},\"primaryImageOfPage\":{\"@id\":\"https:\/\/recal-se.tbwebsite.com\/de\/staketstolpar\/insynsskydd-skarmvagg\/#primaryimage\"},\"image\":{\"@id\":\"https:\/\/recal-se.tbwebsite.com\/de\/staketstolpar\/insynsskydd-skarmvagg\/#primaryimage\"},\"thumbnailUrl\":\"https:\/\/recal-se.tbwebsite.com\/de\/wp-content\/uploads\/sites\/4\/2022\/05\/Avskarmning-2048x1365-1-1.png\",\"datePublished\":\"2022-05-06T03:27:49+00:00\",\"dateModified\":\"2024-02-13T08:24:39+00:00\",\"description\":\"H\u00e4ren Staketstolpe i aluminum som passar lika bra som altanr\u00e4cke eller som avsk\u00e4rmning. L\u00e5ng livsl\u00e4ngd p\u00e5 grund av det rostfria materialet.\",\"breadcrumb\":{\"@id\":\"https:\/\/recal-se.tbwebsite.com\/de\/staketstolpar\/insynsskydd-skarmvagg\/#breadcrumb\"},\"inLanguage\":\"de-DE\",\"potentialAction\":[{\"@type\":\"ReadAction\",\"target\":[\"https:\/\/recal-se.tbwebsite.com\/de\/staketstolpar\/insynsskydd-skarmvagg\/\"]}]},{\"@type\":\"ImageObject\",\"inLanguage\":\"de-DE\",\"@id\":\"https:\/\/recal-se.tbwebsite.com\/de\/staketstolpar\/insynsskydd-skarmvagg\/#primaryimage\",\"url\":\"https:\/\/recal-se.tbwebsite.com\/de\/wp-content\/uploads\/sites\/4\/2022\/05\/Avskarmning-2048x1365-1-1.png\",\"contentUrl\":\"https:\/\/recal-se.tbwebsite.com\/de\/wp-content\/uploads\/sites\/4\/2022\/05\/Avskarmning-2048x1365-1-1.png\",\"width\":1730,\"height\":1729},{\"@type\":\"BreadcrumbList\",\"@id\":\"https:\/\/recal-se.tbwebsite.com\/de\/staketstolpar\/insynsskydd-skarmvagg\/#breadcrumb\",\"itemListElement\":[{\"@type\":\"ListItem\",\"position\":1,\"name\":\"Home\",\"item\":\"https:\/\/recal-se.tbwebsite.com\/de\/\"},{\"@type\":\"ListItem\",\"position\":2,\"name\":\"Shop\",\"item\":\"https:\/\/recal-se.tbwebsite.com\/de\/shop\/\"},{\"@type\":\"ListItem\",\"position\":3,\"name\":\"Diskret &#8211; Avsk\u00e4rmning\"}]},{\"@type\":\"WebSite\",\"@id\":\"https:\/\/recal-se.tbwebsite.com\/de\/#website\",\"url\":\"https:\/\/recal-se.tbwebsite.com\/de\/\",\"name\":\"Recal Deutschland\",\"description\":\"Tr\u00e4dg\u00e5rdsprodukter tillverkade i aluminium fr\u00e5n Sm\u00e5land\",\"publisher\":{\"@id\":\"https:\/\/recal-se.tbwebsite.com\/de\/#organization\"},\"potentialAction\":[{\"@type\":\"SearchAction\",\"target\":{\"@type\":\"EntryPoint\",\"urlTemplate\":\"https:\/\/recal-se.tbwebsite.com\/de\/?s={search_term_string}\"},\"query-input\":\"required name=search_term_string\"}],\"inLanguage\":\"de-DE\"},{\"@type\":\"Organization\",\"@id\":\"https:\/\/recal-se.tbwebsite.com\/de\/#organization\",\"name\":\"Recal Deutschland\",\"url\":\"https:\/\/recal-se.tbwebsite.com\/de\/\",\"logo\":{\"@type\":\"ImageObject\",\"inLanguage\":\"de-DE\",\"@id\":\"https:\/\/recal-se.tbwebsite.com\/de\/#\/schema\/logo\/image\/\",\"url\":\"https:\/\/recal-se.tbwebsite.com\/de\/wp-content\/uploads\/sites\/4\/2020\/06\/recal-logotype_svart_1.png\",\"contentUrl\":\"https:\/\/recal-se.tbwebsite.com\/de\/wp-content\/uploads\/sites\/4\/2020\/06\/recal-logotype_svart_1.png\",\"width\":260,\"height\":52,\"caption\":\"Recal Deutschland\"},\"image\":{\"@id\":\"https:\/\/recal-se.tbwebsite.com\/de\/#\/schema\/logo\/image\/\"}}]}<\/script>\n<!-- \/ Yoast SEO plugin. -->","yoast_head_json":{"title":"Staketstolpe Diskret - Avsk\u00e4rmning - Recal Deutschland","description":"H\u00e4ren Staketstolpe i aluminum som passar lika bra som altanr\u00e4cke eller som avsk\u00e4rmning. L\u00e5ng livsl\u00e4ngd p\u00e5 grund av det rostfria materialet.","robots":{"index":"index","follow":"follow","max-snippet":"max-snippet:-1","max-image-preview":"max-image-preview:large","max-video-preview":"max-video-preview:-1"},"canonical":"https:\/\/recal-se.tbwebsite.com\/de\/staketstolpar\/insynsskydd-skarmvagg\/","og_locale":"de_DE","og_type":"article","og_title":"Staketstolpe Diskret - Avsk\u00e4rmning - Recal Deutschland","og_description":"H\u00e4ren Staketstolpe i aluminum som passar lika bra som altanr\u00e4cke eller som avsk\u00e4rmning. L\u00e5ng livsl\u00e4ngd p\u00e5 grund av det rostfria materialet.","og_url":"https:\/\/recal-se.tbwebsite.com\/de\/staketstolpar\/insynsskydd-skarmvagg\/","og_site_name":"Recal Deutschland","article_modified_time":"2024-02-13T08:24:39+00:00","og_image":[{"width":1730,"height":1729,"url":"https:\/\/recal-se.tbwebsite.com\/de\/wp-content\/uploads\/sites\/4\/2022\/05\/Avskarmning-2048x1365-1-1.png","type":"image\/png"}],"twitter_card":"summary_large_image","twitter_misc":{"Gesch\u00e4tzte Lesezeit":"2 Minuten"},"schema":{"@context":"https:\/\/schema.org","@graph":[{"@type":"WebPage","@id":"https:\/\/recal-se.tbwebsite.com\/de\/staketstolpar\/insynsskydd-skarmvagg\/","url":"https:\/\/recal-se.tbwebsite.com\/de\/staketstolpar\/insynsskydd-skarmvagg\/","name":"Staketstolpe Diskret - Avsk\u00e4rmning - Recal Deutschland","isPartOf":{"@id":"https:\/\/recal-se.tbwebsite.com\/de\/#website"},"primaryImageOfPage":{"@id":"https:\/\/recal-se.tbwebsite.com\/de\/staketstolpar\/insynsskydd-skarmvagg\/#primaryimage"},"image":{"@id":"https:\/\/recal-se.tbwebsite.com\/de\/staketstolpar\/insynsskydd-skarmvagg\/#primaryimage"},"thumbnailUrl":"https:\/\/recal-se.tbwebsite.com\/de\/wp-content\/uploads\/sites\/4\/2022\/05\/Avskarmning-2048x1365-1-1.png","datePublished":"2022-05-06T03:27:49+00:00","dateModified":"2024-02-13T08:24:39+00:00","description":"H\u00e4ren Staketstolpe i aluminum som passar lika bra som altanr\u00e4cke eller som avsk\u00e4rmning. L\u00e5ng livsl\u00e4ngd p\u00e5 grund av det rostfria materialet.","breadcrumb":{"@id":"https:\/\/recal-se.tbwebsite.com\/de\/staketstolpar\/insynsskydd-skarmvagg\/#breadcrumb"},"inLanguage":"de-DE","potentialAction":[{"@type":"ReadAction","target":["https:\/\/recal-se.tbwebsite.com\/de\/staketstolpar\/insynsskydd-skarmvagg\/"]}]},{"@type":"ImageObject","inLanguage":"de-DE","@id":"https:\/\/recal-se.tbwebsite.com\/de\/staketstolpar\/insynsskydd-skarmvagg\/#primaryimage","url":"https:\/\/recal-se.tbwebsite.com\/de\/wp-content\/uploads\/sites\/4\/2022\/05\/Avskarmning-2048x1365-1-1.png","contentUrl":"https:\/\/recal-se.tbwebsite.com\/de\/wp-content\/uploads\/sites\/4\/2022\/05\/Avskarmning-2048x1365-1-1.png","width":1730,"height":1729},{"@type":"BreadcrumbList","@id":"https:\/\/recal-se.tbwebsite.com\/de\/staketstolpar\/insynsskydd-skarmvagg\/#breadcrumb","itemListElement":[{"@type":"ListItem","position":1,"name":"Home","item":"https:\/\/recal-se.tbwebsite.com\/de\/"},{"@type":"ListItem","position":2,"name":"Shop","item":"https:\/\/recal-se.tbwebsite.com\/de\/shop\/"},{"@type":"ListItem","position":3,"name":"Diskret &#8211; Avsk\u00e4rmning"}]},{"@type":"WebSite","@id":"https:\/\/recal-se.tbwebsite.com\/de\/#website","url":"https:\/\/recal-se.tbwebsite.com\/de\/","name":"Recal Deutschland","description":"Tr\u00e4dg\u00e5rdsprodukter tillverkade i aluminium fr\u00e5n Sm\u00e5land","publisher":{"@id":"https:\/\/recal-se.tbwebsite.com\/de\/#organization"},"potentialAction":[{"@type":"SearchAction","target":{"@type":"EntryPoint","urlTemplate":"https:\/\/recal-se.tbwebsite.com\/de\/?s={search_term_string}"},"query-input":"required name=search_term_string"}],"inLanguage":"de-DE"},{"@type":"Organization","@id":"https:\/\/recal-se.tbwebsite.com\/de\/#organization","name":"Recal Deutschland","url":"https:\/\/recal-se.tbwebsite.com\/de\/","logo":{"@type":"ImageObject","inLanguage":"de-DE","@id":"https:\/\/recal-se.tbwebsite.com\/de\/#\/schema\/logo\/image\/","url":"https:\/\/recal-se.tbwebsite.com\/de\/wp-content\/uploads\/sites\/4\/2020\/06\/recal-logotype_svart_1.png","contentUrl":"https:\/\/recal-se.tbwebsite.com\/de\/wp-content\/uploads\/sites\/4\/2020\/06\/recal-logotype_svart_1.png","width":260,"height":52,"caption":"Recal Deutschland"},"image":{"@id":"https:\/\/recal-se.tbwebsite.com\/de\/#\/schema\/logo\/image\/"}}]}},"_links":{"self":[{"href":"https:\/\/recal-se.tbwebsite.com\/de\/wp-json\/wp\/v2\/product\/2141"}],"collection":[{"href":"https:\/\/recal-se.tbwebsite.com\/de\/wp-json\/wp\/v2\/product"}],"about":[{"href":"https:\/\/recal-se.tbwebsite.com\/de\/wp-json\/wp\/v2\/types\/product"}],"replies":[{"embeddable":true,"href":"https:\/\/recal-se.tbwebsite.com\/de\/wp-json\/wp\/v2\/comments?post=2141"}],"version-history":[{"count":4,"href":"https:\/\/recal-se.tbwebsite.com\/de\/wp-json\/wp\/v2\/product\/2141\/revisions"}],"predecessor-version":[{"id":5760,"href":"https:\/\/recal-se.tbwebsite.com\/de\/wp-json\/wp\/v2\/product\/2141\/revisions\/5760"}],"wp:featuredmedia":[{"embeddable":true,"href":"https:\/\/recal-se.tbwebsite.com\/de\/wp-json\/wp\/v2\/media\/5403"}],"wp:attachment":[{"href":"https:\/\/recal-se.tbwebsite.com\/de\/wp-json\/wp\/v2\/media?parent=2141"}],"wp:term":[{"taxonomy":"product_cat","embeddable":true,"href":"https:\/\/recal-se.tbwebsite.com\/de\/wp-json\/wp\/v2\/product_cat?post=2141"},{"taxonomy":"product_tag","embeddable":true,"href":"https:\/\/recal-se.tbwebsite.com\/de\/wp-json\/wp\/v2\/product_tag?post=2141"}],"curies":[{"name":"wp","href":"https:\/\/api.w.org\/{rel}","templated":true}]}}