{"id":197,"date":"2020-05-14T14:00:19","date_gmt":"2020-05-14T14:00:19","guid":{"rendered":"https:\/\/recal-se.tbwebsite.com\/?post_type=product&#038;p=197"},"modified":"2024-03-05T05:39:28","modified_gmt":"2024-03-05T05:39:28","slug":"zaunpfosten-hindsen","status":"publish","type":"product","link":"https:\/\/recal-se.tbwebsite.com\/de\/zaunpfosten\/zaunpfosten-hindsen\/","title":{"rendered":"Zaunpfosten &#8211; Hindsen"},"content":{"rendered":"<p>Der\u00a0<strong>Hindsen Zaunpfosten von Recall ist aus 100% Aluminium gefertigt<\/strong>\u00a0und verleiht Ihrem Garten einen luxuri\u00f6sen Eindruck. Die Zaunpfosten werden mit runden Aluminiumrohren (separat bestellbar) montiert, die durch den Pfosten gezogen werden.\u00a0<strong>Die Pfosten haben eine Gr\u00f6\u00dfe von 70 x 70 mm und die St\u00e4rke betr\u00e4gt 2 mm<\/strong>, was die St\u00fctzen stabil und robust macht. Die Montage erfolgt mit 40 \u00d7 mm 40 Rohren.<\/p>\n<p>Die Anzahl der Alurohre variiert je nach Masth\u00f6he:<\/p>\n<ul>\n<li>Zaunpfosten mit einer H\u00f6he von 74,5 cm: 3 Aluminiumrohre<\/li>\n<li>Zaunpfosten mit einer H\u00f6he von 99,5 cm: 4 Aluminiumrohre<\/li>\n<\/ul>\n<p>Der Abstand zwischen dem Boden und dem ersten Rohr betr\u00e4gt 24 cm. Der Abstand zwischen den Rohren betr\u00e4gt 12 cm. Die L\u00f6cher sind 41 \u00d7 41 mm gro\u00df.<\/p>\n<p><strong>Achten Sie darauf, die richtigen Pfostenarten f\u00fcr Ihren Zweck zu bestellen (Zwischenpfosten, Eckpfosten, Endpfosten).<\/strong><\/p>\n<p><strong>Pfostenkappe:<\/strong> Der Pfostenkappe ist in schwarzem Kunststoff oder Aluminium in jeder Farbe erh\u00e4ltlich.<\/p>\n<p><strong>Pfostenfu\u00df:<\/strong> Vergessen Sie nicht, f\u00fcr jede Stange einen Stangenfu\u00df zu bestellen.<\/p>\n<p id=\"tw-target-text\" class=\"tw-data-text tw-text-large tw-ta\" dir=\"ltr\" data-placeholder=\"\u00d6vers\u00e4ttning\" data-ved=\"2ahUKEwj5te-mwtKEAxX_PxAIHeaDDjgQ3ewLegQIDRAV\"><span class=\"Y2IQFc\" lang=\"de\">Montage Bestellen Sie in unserem Shop Aluminiumrohre in der passenden L\u00e4nge f\u00fcr den Zaun. Anschlie\u00dfend schneiden Sie die Endst\u00fccke mit einer feinzahnigen S\u00e4ge ab. Dann ben\u00f6tigen Sie zus\u00e4tzlich folgende Werkzeuge:<\/span><\/p>\n<ul>\n<li>\n<p id=\"tw-target-text\" class=\"tw-data-text tw-text-large tw-ta\" dir=\"ltr\" data-placeholder=\"\u00d6vers\u00e4ttning\" data-ved=\"2ahUKEwj5te-mwtKEAxX_PxAIHeaDDjgQ3ewLegQIDRAV\"><span class=\"Y2IQFc\" lang=\"de\">Ma\u00dfband<\/span><\/p>\n<\/li>\n<li>\n<div id=\"tw-target-text-container\" class=\"tw-ta-container F0azHf tw-nfl\">\n<p id=\"tw-target-text\" class=\"tw-data-text tw-text-large tw-ta\" dir=\"ltr\" data-placeholder=\"\u00d6vers\u00e4ttning\" data-ved=\"2ahUKEwj5te-mwtKEAxX_PxAIHeaDDjgQ3ewLegQIDRAV\"><span class=\"Y2IQFc\" lang=\"de\">Schraubendreher mit Bit und Bohrer<\/span><\/p>\n<\/div>\n<\/li>\n<li>Gummihammer (um den Fu\u00df am Pfosten zu befestigen)<\/li>\n<\/ul>\n<div id=\"tw-target-text-container\" class=\"tw-ta-container F0azHf tw-nfl\">\n<p id=\"tw-target-text\" class=\"tw-data-text tw-text-large tw-ta\" dir=\"ltr\" data-placeholder=\"\u00d6vers\u00e4ttning\" data-ved=\"2ahUKEwj5te-mwtKEAxX_PxAIHeaDDjgQ3ewLegQIDRAV\"><span class=\"Y2IQFc\" lang=\"de\">Montieren Sie die Balken mit der Halterung auf der R\u00fcckseite der Pfosten. Montieren Sie den Zaun immer so, dass er stabil steht, Empfehlung sind maximal 150 cm zwischen den Pfosten. Platzieren Sie au\u00dferdem immer die Pfosten, bevor Sie das Holz verschrauben, um sicherzustellen, dass Ihre Bestellung korrekt ist.<\/span><\/p>\n<p><iframe title=\"Erkl\u00e4rung\/Montageanleitung f\u00fcr Zaunpfosten\" width=\"800\" height=\"450\" src=\"https:\/\/www.youtube.com\/embed\/L5hvM10NM_Q?feature=oembed\" frameborder=\"0\" allow=\"accelerometer; autoplay; clipboard-write; encrypted-media; gyroscope; picture-in-picture; web-share\" allowfullscreen><\/iframe><\/p>\n<\/div>\n","protected":false},"excerpt":{"rendered":"<div id=\"tw-target-text-container\" class=\"tw-ta-container F0azHf tw-nfl\">\n<p id=\"tw-target-text\" class=\"tw-data-text tw-text-large tw-ta\" dir=\"ltr\" data-placeholder=\"\u00d6vers\u00e4ttning\" data-ved=\"2ahUKEwj5te-mwtKEAxX_PxAIHeaDDjgQ3ewLegQIDRAV\"><span class=\"Y2IQFc\" lang=\"de\">Der Hindsen-Zaun besteht zu 100 % aus Aluminium und verleiht Ihrem Garten einen luxuri\u00f6sen Eindruck. Der Zaun besteht aus runden Aluminiumrohren, die durch den Pfosten gezogen werden. Das Modell passt perfekt als Zaun!<\/span><\/p>\n<\/div>\n<div id=\"tw-target-rmn-container\" class=\"tw-target-rmn tw-ta-container F0azHf tw-nfl\">\n<pre id=\"tw-target-rmn\" class=\"tw-data-placeholder tw-text-small tw-ta\" dir=\"ltr\" data-placeholder=\"\"><\/pre>\n<\/div>\n<p>&nbsp;<\/p>\n","protected":false},"featured_media":5773,"comment_status":"open","ping_status":"closed","template":"","meta":{"_acf_changed":false},"product_cat":[297,329],"product_tag":[],"composite_virtual":false,"composite_layout":"","composite_add_to_cart_form_location":"","composite_editable_in_cart":false,"composite_sold_individually_context":"","composite_shop_price_calc":"","composite_components":[],"composite_scenarios":[],"acf":[],"yoast_head":"<!-- This site is optimized with the Yoast SEO plugin v22.2 - https:\/\/yoast.com\/wordpress\/plugins\/seo\/ -->\n<title>Aluminiumstaket Zaunpfosten - Hindsen - Recal Deutschland<\/title>\n<meta name=\"description\" content=\"Der Aluminiumzaun Hindsen besteht zu 100 % aus Aluminium und verleiht Ihrem Garten einen luxuri\u00f6sen Eindruck. Wird mit dem Aluminiumrohr von Recal montiert.\" \/>\n<meta name=\"robots\" content=\"index, follow, max-snippet:-1, max-image-preview:large, max-video-preview:-1\" \/>\n<link rel=\"canonical\" href=\"https:\/\/recal-se.tbwebsite.com\/de\/zaunpfosten\/zaunpfosten-hindsen\/\" \/>\n<meta property=\"og:locale\" content=\"de_DE\" \/>\n<meta property=\"og:type\" content=\"article\" \/>\n<meta property=\"og:title\" content=\"Aluminiumstaket Zaunpfosten - Hindsen - Recal Deutschland\" \/>\n<meta property=\"og:description\" content=\"Der Aluminiumzaun Hindsen besteht zu 100 % aus Aluminium und verleiht Ihrem Garten einen luxuri\u00f6sen Eindruck. Wird mit dem Aluminiumrohr von Recal montiert.\" \/>\n<meta property=\"og:url\" content=\"https:\/\/recal-se.tbwebsite.com\/de\/zaunpfosten\/zaunpfosten-hindsen\/\" \/>\n<meta property=\"og:site_name\" content=\"Recal Deutschland\" \/>\n<meta property=\"article:modified_time\" content=\"2024-03-05T05:39:28+00:00\" \/>\n<meta property=\"og:image\" content=\"https:\/\/recal-se.tbwebsite.com\/de\/wp-content\/uploads\/sites\/4\/2020\/05\/40x40_ror-1-1.png\" \/>\n\t<meta property=\"og:image:width\" content=\"1400\" \/>\n\t<meta property=\"og:image:height\" content=\"1400\" \/>\n\t<meta property=\"og:image:type\" content=\"image\/png\" \/>\n<meta name=\"twitter:card\" content=\"summary_large_image\" \/>\n<meta name=\"twitter:label1\" content=\"Gesch\u00e4tzte Lesezeit\" \/>\n\t<meta name=\"twitter:data1\" content=\"2 Minuten\" \/>\n<script type=\"application\/ld+json\" class=\"yoast-schema-graph\">{\"@context\":\"https:\/\/schema.org\",\"@graph\":[{\"@type\":\"WebPage\",\"@id\":\"https:\/\/recal-se.tbwebsite.com\/de\/zaunpfosten\/zaunpfosten-hindsen\/\",\"url\":\"https:\/\/recal-se.tbwebsite.com\/de\/zaunpfosten\/zaunpfosten-hindsen\/\",\"name\":\"Aluminiumstaket Zaunpfosten - Hindsen - Recal Deutschland\",\"isPartOf\":{\"@id\":\"https:\/\/recal-se.tbwebsite.com\/de\/#website\"},\"primaryImageOfPage\":{\"@id\":\"https:\/\/recal-se.tbwebsite.com\/de\/zaunpfosten\/zaunpfosten-hindsen\/#primaryimage\"},\"image\":{\"@id\":\"https:\/\/recal-se.tbwebsite.com\/de\/zaunpfosten\/zaunpfosten-hindsen\/#primaryimage\"},\"thumbnailUrl\":\"https:\/\/recal-se.tbwebsite.com\/de\/wp-content\/uploads\/sites\/4\/2020\/05\/40x40_ror-1-1.png\",\"datePublished\":\"2020-05-14T14:00:19+00:00\",\"dateModified\":\"2024-03-05T05:39:28+00:00\",\"description\":\"Der Aluminiumzaun Hindsen besteht zu 100 % aus Aluminium und verleiht Ihrem Garten einen luxuri\u00f6sen Eindruck. Wird mit dem Aluminiumrohr von Recal montiert.\",\"breadcrumb\":{\"@id\":\"https:\/\/recal-se.tbwebsite.com\/de\/zaunpfosten\/zaunpfosten-hindsen\/#breadcrumb\"},\"inLanguage\":\"de-DE\",\"potentialAction\":[{\"@type\":\"ReadAction\",\"target\":[\"https:\/\/recal-se.tbwebsite.com\/de\/zaunpfosten\/zaunpfosten-hindsen\/\"]}]},{\"@type\":\"ImageObject\",\"inLanguage\":\"de-DE\",\"@id\":\"https:\/\/recal-se.tbwebsite.com\/de\/zaunpfosten\/zaunpfosten-hindsen\/#primaryimage\",\"url\":\"https:\/\/recal-se.tbwebsite.com\/de\/wp-content\/uploads\/sites\/4\/2020\/05\/40x40_ror-1-1.png\",\"contentUrl\":\"https:\/\/recal-se.tbwebsite.com\/de\/wp-content\/uploads\/sites\/4\/2020\/05\/40x40_ror-1-1.png\",\"width\":1400,\"height\":1400},{\"@type\":\"BreadcrumbList\",\"@id\":\"https:\/\/recal-se.tbwebsite.com\/de\/zaunpfosten\/zaunpfosten-hindsen\/#breadcrumb\",\"itemListElement\":[{\"@type\":\"ListItem\",\"position\":1,\"name\":\"Home\",\"item\":\"https:\/\/recal-se.tbwebsite.com\/de\/\"},{\"@type\":\"ListItem\",\"position\":2,\"name\":\"Shop\",\"item\":\"https:\/\/recal-se.tbwebsite.com\/de\/shop\/\"},{\"@type\":\"ListItem\",\"position\":3,\"name\":\"Zaunpfosten &#8211; Hindsen\"}]},{\"@type\":\"WebSite\",\"@id\":\"https:\/\/recal-se.tbwebsite.com\/de\/#website\",\"url\":\"https:\/\/recal-se.tbwebsite.com\/de\/\",\"name\":\"Recal Deutschland\",\"description\":\"Tr\u00e4dg\u00e5rdsprodukter tillverkade i aluminium fr\u00e5n Sm\u00e5land\",\"publisher\":{\"@id\":\"https:\/\/recal-se.tbwebsite.com\/de\/#organization\"},\"potentialAction\":[{\"@type\":\"SearchAction\",\"target\":{\"@type\":\"EntryPoint\",\"urlTemplate\":\"https:\/\/recal-se.tbwebsite.com\/de\/?s={search_term_string}\"},\"query-input\":\"required name=search_term_string\"}],\"inLanguage\":\"de-DE\"},{\"@type\":\"Organization\",\"@id\":\"https:\/\/recal-se.tbwebsite.com\/de\/#organization\",\"name\":\"Recal Deutschland\",\"url\":\"https:\/\/recal-se.tbwebsite.com\/de\/\",\"logo\":{\"@type\":\"ImageObject\",\"inLanguage\":\"de-DE\",\"@id\":\"https:\/\/recal-se.tbwebsite.com\/de\/#\/schema\/logo\/image\/\",\"url\":\"https:\/\/recal-se.tbwebsite.com\/de\/wp-content\/uploads\/sites\/4\/2020\/06\/recal-logotype_svart_1.png\",\"contentUrl\":\"https:\/\/recal-se.tbwebsite.com\/de\/wp-content\/uploads\/sites\/4\/2020\/06\/recal-logotype_svart_1.png\",\"width\":260,\"height\":52,\"caption\":\"Recal Deutschland\"},\"image\":{\"@id\":\"https:\/\/recal-se.tbwebsite.com\/de\/#\/schema\/logo\/image\/\"}}]}<\/script>\n<!-- \/ Yoast SEO plugin. -->","yoast_head_json":{"title":"Aluminiumstaket Zaunpfosten - Hindsen - Recal Deutschland","description":"Der Aluminiumzaun Hindsen besteht zu 100 % aus Aluminium und verleiht Ihrem Garten einen luxuri\u00f6sen Eindruck. Wird mit dem Aluminiumrohr von Recal montiert.","robots":{"index":"index","follow":"follow","max-snippet":"max-snippet:-1","max-image-preview":"max-image-preview:large","max-video-preview":"max-video-preview:-1"},"canonical":"https:\/\/recal-se.tbwebsite.com\/de\/zaunpfosten\/zaunpfosten-hindsen\/","og_locale":"de_DE","og_type":"article","og_title":"Aluminiumstaket Zaunpfosten - Hindsen - Recal Deutschland","og_description":"Der Aluminiumzaun Hindsen besteht zu 100 % aus Aluminium und verleiht Ihrem Garten einen luxuri\u00f6sen Eindruck. Wird mit dem Aluminiumrohr von Recal montiert.","og_url":"https:\/\/recal-se.tbwebsite.com\/de\/zaunpfosten\/zaunpfosten-hindsen\/","og_site_name":"Recal Deutschland","article_modified_time":"2024-03-05T05:39:28+00:00","og_image":[{"width":1400,"height":1400,"url":"https:\/\/recal-se.tbwebsite.com\/de\/wp-content\/uploads\/sites\/4\/2020\/05\/40x40_ror-1-1.png","type":"image\/png"}],"twitter_card":"summary_large_image","twitter_misc":{"Gesch\u00e4tzte Lesezeit":"2 Minuten"},"schema":{"@context":"https:\/\/schema.org","@graph":[{"@type":"WebPage","@id":"https:\/\/recal-se.tbwebsite.com\/de\/zaunpfosten\/zaunpfosten-hindsen\/","url":"https:\/\/recal-se.tbwebsite.com\/de\/zaunpfosten\/zaunpfosten-hindsen\/","name":"Aluminiumstaket Zaunpfosten - Hindsen - Recal Deutschland","isPartOf":{"@id":"https:\/\/recal-se.tbwebsite.com\/de\/#website"},"primaryImageOfPage":{"@id":"https:\/\/recal-se.tbwebsite.com\/de\/zaunpfosten\/zaunpfosten-hindsen\/#primaryimage"},"image":{"@id":"https:\/\/recal-se.tbwebsite.com\/de\/zaunpfosten\/zaunpfosten-hindsen\/#primaryimage"},"thumbnailUrl":"https:\/\/recal-se.tbwebsite.com\/de\/wp-content\/uploads\/sites\/4\/2020\/05\/40x40_ror-1-1.png","datePublished":"2020-05-14T14:00:19+00:00","dateModified":"2024-03-05T05:39:28+00:00","description":"Der Aluminiumzaun Hindsen besteht zu 100 % aus Aluminium und verleiht Ihrem Garten einen luxuri\u00f6sen Eindruck. Wird mit dem Aluminiumrohr von Recal montiert.","breadcrumb":{"@id":"https:\/\/recal-se.tbwebsite.com\/de\/zaunpfosten\/zaunpfosten-hindsen\/#breadcrumb"},"inLanguage":"de-DE","potentialAction":[{"@type":"ReadAction","target":["https:\/\/recal-se.tbwebsite.com\/de\/zaunpfosten\/zaunpfosten-hindsen\/"]}]},{"@type":"ImageObject","inLanguage":"de-DE","@id":"https:\/\/recal-se.tbwebsite.com\/de\/zaunpfosten\/zaunpfosten-hindsen\/#primaryimage","url":"https:\/\/recal-se.tbwebsite.com\/de\/wp-content\/uploads\/sites\/4\/2020\/05\/40x40_ror-1-1.png","contentUrl":"https:\/\/recal-se.tbwebsite.com\/de\/wp-content\/uploads\/sites\/4\/2020\/05\/40x40_ror-1-1.png","width":1400,"height":1400},{"@type":"BreadcrumbList","@id":"https:\/\/recal-se.tbwebsite.com\/de\/zaunpfosten\/zaunpfosten-hindsen\/#breadcrumb","itemListElement":[{"@type":"ListItem","position":1,"name":"Home","item":"https:\/\/recal-se.tbwebsite.com\/de\/"},{"@type":"ListItem","position":2,"name":"Shop","item":"https:\/\/recal-se.tbwebsite.com\/de\/shop\/"},{"@type":"ListItem","position":3,"name":"Zaunpfosten &#8211; Hindsen"}]},{"@type":"WebSite","@id":"https:\/\/recal-se.tbwebsite.com\/de\/#website","url":"https:\/\/recal-se.tbwebsite.com\/de\/","name":"Recal Deutschland","description":"Tr\u00e4dg\u00e5rdsprodukter tillverkade i aluminium fr\u00e5n Sm\u00e5land","publisher":{"@id":"https:\/\/recal-se.tbwebsite.com\/de\/#organization"},"potentialAction":[{"@type":"SearchAction","target":{"@type":"EntryPoint","urlTemplate":"https:\/\/recal-se.tbwebsite.com\/de\/?s={search_term_string}"},"query-input":"required name=search_term_string"}],"inLanguage":"de-DE"},{"@type":"Organization","@id":"https:\/\/recal-se.tbwebsite.com\/de\/#organization","name":"Recal Deutschland","url":"https:\/\/recal-se.tbwebsite.com\/de\/","logo":{"@type":"ImageObject","inLanguage":"de-DE","@id":"https:\/\/recal-se.tbwebsite.com\/de\/#\/schema\/logo\/image\/","url":"https:\/\/recal-se.tbwebsite.com\/de\/wp-content\/uploads\/sites\/4\/2020\/06\/recal-logotype_svart_1.png","contentUrl":"https:\/\/recal-se.tbwebsite.com\/de\/wp-content\/uploads\/sites\/4\/2020\/06\/recal-logotype_svart_1.png","width":260,"height":52,"caption":"Recal Deutschland"},"image":{"@id":"https:\/\/recal-se.tbwebsite.com\/de\/#\/schema\/logo\/image\/"}}]}},"_links":{"self":[{"href":"https:\/\/recal-se.tbwebsite.com\/de\/wp-json\/wp\/v2\/product\/197"}],"collection":[{"href":"https:\/\/recal-se.tbwebsite.com\/de\/wp-json\/wp\/v2\/product"}],"about":[{"href":"https:\/\/recal-se.tbwebsite.com\/de\/wp-json\/wp\/v2\/types\/product"}],"replies":[{"embeddable":true,"href":"https:\/\/recal-se.tbwebsite.com\/de\/wp-json\/wp\/v2\/comments?post=197"}],"version-history":[{"count":9,"href":"https:\/\/recal-se.tbwebsite.com\/de\/wp-json\/wp\/v2\/product\/197\/revisions"}],"predecessor-version":[{"id":15180,"href":"https:\/\/recal-se.tbwebsite.com\/de\/wp-json\/wp\/v2\/product\/197\/revisions\/15180"}],"wp:featuredmedia":[{"embeddable":true,"href":"https:\/\/recal-se.tbwebsite.com\/de\/wp-json\/wp\/v2\/media\/5773"}],"wp:attachment":[{"href":"https:\/\/recal-se.tbwebsite.com\/de\/wp-json\/wp\/v2\/media?parent=197"}],"wp:term":[{"taxonomy":"product_cat","embeddable":true,"href":"https:\/\/recal-se.tbwebsite.com\/de\/wp-json\/wp\/v2\/product_cat?post=197"},{"taxonomy":"product_tag","embeddable":true,"href":"https:\/\/recal-se.tbwebsite.com\/de\/wp-json\/wp\/v2\/product_tag?post=197"}],"curies":[{"name":"wp","href":"https:\/\/api.w.org\/{rel}","templated":true}]}}