{"id":14132,"date":"2023-12-14T04:05:26","date_gmt":"2023-12-14T04:05:26","guid":{"rendered":"https:\/\/recal-se.tbwebsite.com\/?post_type=product&#038;p=14132"},"modified":"2024-03-08T06:19:54","modified_gmt":"2024-03-08T06:19:54","slug":"zaunpfosten-karlsdal","status":"publish","type":"product","link":"https:\/\/recal-se.tbwebsite.com\/de\/zaunpfosten\/zaunpfosten-karlsdal\/","title":{"rendered":"Zaunpfosten Karlsdal"},"content":{"rendered":"<p>Der Zaun Karlsdal besteht aus robusten Aluminiumpfosten, die sich sowohl als Balkongel\u00e4nder als auch als regelm\u00e4\u00dfiger Zaun eignen. Au\u00dferdem ist die Montage einfach \u2013 Sie ben\u00f6tigen nur impr\u00e4gniertes Holz mit den Standardma\u00dfen 2,8&#215;14,5 cm.<\/p>\n<p>Die H\u00f6he von 74,5 cm eignet sich perfekt als Rahmen f\u00fcr Ihren Garten oder als Balkongel\u00e4nder in den H\u00f6hen 107,5, 141 cm und 174 cm, um Ihre Terrasse einzurahmen.<br \/>\nW\u00e4hlen Sie ein passendes Zaunholz f\u00fcr unsere Zaunpfosten mit folgenden <strong>Produktnummern bei Bauhaus: 16231488, 16231529, 16231471, 20432027, 20430809, 27828548, 26540742.<\/strong><br \/>\n<a href=\"https:\/\/www.bauhaus.info\/terrassendielen\/terrassendiele\/p\/23647608\">https:\/\/www.bauhaus.info\/terrassendielen\/terrassendiele\/p\/23647608<\/a><\/p>\n<p><u>Beschreibung:<\/u><br \/>\nDer Karlsdal Zaunpfahl eignet sich hervorragend als Abgrenzung im Garten und ist aus Aluminium gefertigt, das <u>dank<\/u> des rostfreien Materials eine lange Lebensdauer bietet.<br \/>\nDie qualitativen Pfosten haben eine Gr\u00f6\u00dfe von 70 x 70 mm, mit einer Warenst\u00e4rke von bis zu 2 mm. Das macht ihn zu einem stabilen und robusten Zaunpfahl, bei dem Sie auch die Farbe w\u00e4hlen k\u00f6nnen.<br \/>\nDer Karlsdal Zaunpfahl eignet sich perfekt als Rahmen f\u00fcr Ihren Garten. Mit H\u00f6hen, die Ihren Bed\u00fcrfnissen entsprechen, h\u00e4lt er Ihren Garten offen und umrahmt Ihr Haus, w\u00e4hrend er Ihrem Grundst\u00fcck klare Grenzen setzt. Verwenden Sie Eck-, Mittel- und Endpfosten, um den Zaun zu bauen, der zu Ihrer Situation passt und Ihren Garten etwas gem\u00fctlicher macht.<\/p>\n<p>Regeln<br \/>\nDie Anzahl der Balken variiert je nach Masth\u00f6he:<br \/>\n74,5 cm 4 L\u00f6cher<br \/>\n107,5 cm 6 L\u00f6cher<br \/>\n141,0 cm 8 L\u00f6cher<br \/>\n174,0 cm 10 L\u00f6cher<\/p>\n<p>Abstand vom Boden zur ersten Regel: 11,6 cm. Regelabstand zwischen Holz: 2,8cm. Lochgr\u00f6\u00dfe: 3,0 x 14,7 cm.<\/p>\n<h4><u>Zaunpfosten<\/u><\/h4>\n<p>Achten Sie darauf, die richtigen Pfostenarten f\u00fcr Ihren Zweck zu bestellen (Zwischenpfosten, Eckpfosten, Endpfosten (Rechts order links).<\/p>\n<h4>Pfostenfu\u00df<\/h4>\n<div id=\"tw-target-text-container\" class=\"tw-ta-container F0azHf tw-nfl\">\n<pre id=\"tw-target-text\" class=\"tw-data-text tw-text-large tw-ta\" dir=\"ltr\" data-placeholder=\"\u00d6vers\u00e4ttning\" data-ved=\"2ahUKEwjto_e8ttyEAxXiQfEDHWHKDXYQ3ewLegQIBRAU\"><span class=\"Y2IQFc\" lang=\"de\">Bestellen Sie zu jedem Zaunpfosten einen Pfostenfu\u00df zur Montage auf Holz- oder Betonfl\u00e4chen.<\/span>Ben\u00f6tigen Sie Bodenanker, bestellen Sie bitte die Artikelnummer: 109 separat f\u00fcr die Montage in Gras oder Boden. HINWEIS Maximale H\u00f6he des Zaunpfostens bei Montage im Boden 120cm.<\/pre>\n<\/div>\n<p>Holzschraube Artikelnummer 106 oder Betonschraube Artikelnummer 107, montageschraube artikelnummer 108 separat bestellen.<\/p>\n<h4>Pfostenkappe<\/h4>\n<p><span class=\"Y2IQFc\" lang=\"de\">Bestellen Sie zu jedem Zaunpfosten einen<\/span>. Geliefert mit Aluminium pfostenkappe in der gleichen Farbe wie der Zaunpfosten.<\/p>\n<h4>Montage<\/h4>\n<p>Kaufen Sie das impr\u00e4gnierte Holz 2,8 x 14,5 cm bei Ihrem \u00f6rtlichen Baumarkt. Dann malen Sie in jeder Farbe. Achten Sie darauf, dass das Holz nicht zu stark geschwollen ist (dies <u>erschwert<\/u> die Montage). Dann ben\u00f6tigen Sie auch die folgenden Werkzeuge:<br \/>\nMa\u00dfband<br \/>\nSchraubendreher mit Bits und Bohrer<br \/>\n<u>Gummikn\u00fcppel<\/u> (zur Befestigung des Fu\u00dfes an der Stange)<br \/>\nMontieren Sie die Riegel mit Hilfe der Halterung an der R\u00fcckseite der Pfosten und montieren Sie den Zaun immer so, <u>dass<\/u> er stabil bleibt. Wir empfehlen einen Abstand von maximal 150 cm zwischen den Pfosten und stellen Sie die Pfosten immer aus, bevor Sie das Holz verschrauben, um sicherzustellen, dass Ihre Bestellung korrekt war.<\/p>\n<p><iframe title=\"Erkl\u00e4rung\/Montageanleitung f\u00fcr Zaunpfosten\" width=\"800\" height=\"450\" src=\"https:\/\/www.youtube.com\/embed\/L5hvM10NM_Q?feature=oembed\" frameborder=\"0\" allow=\"accelerometer; autoplay; clipboard-write; encrypted-media; gyroscope; picture-in-picture; web-share\" allowfullscreen><\/iframe><\/p>\n","protected":false},"excerpt":{"rendered":"<p><strong>Mossle ist ein Zaunpfosten, der genauso gut als Balkongel\u00e4nder oder Sichtschutz in Ihrem Garten funktioniert. Mossle ist ein Zaunpfosten aus Aluminium und bietet eine lange Lebensdauer, da das Material rostfrei ist. <\/strong><strong><u>Hergestellt und entworfen in Schweden von h\u00f6chster Qualit\u00e4t!<\/u><\/strong><\/p>\n","protected":false},"featured_media":14165,"comment_status":"open","ping_status":"closed","template":"","meta":{"_acf_changed":false},"product_cat":[297],"product_tag":[334,333],"composite_virtual":false,"composite_layout":"","composite_add_to_cart_form_location":"","composite_editable_in_cart":false,"composite_sold_individually_context":"","composite_shop_price_calc":"","composite_components":[],"composite_scenarios":[],"acf":[],"yoast_head":"<!-- This site is optimized with the Yoast SEO plugin v22.2 - https:\/\/yoast.com\/wordpress\/plugins\/seo\/ -->\n<title>Zaunpfosten Karlsdal - Recal Deutschland<\/title>\n<meta name=\"description\" content=\"Der Zaun Karlsdal besteht aus robusten Aluminiumpfosten, die sich sowohl als Balkongel\u00e4nder als auch als regelm\u00e4\u00dfiger Zaun eignen. Au\u00dferdem ist die Montage einfach \u2013 Sie ben\u00f6tigen nur impr\u00e4gniertes Holz mit den Standardma\u00dfen 2,8x14,5 cm.\" \/>\n<meta name=\"robots\" content=\"index, follow, max-snippet:-1, max-image-preview:large, max-video-preview:-1\" \/>\n<link rel=\"canonical\" href=\"https:\/\/recal-se.tbwebsite.com\/de\/zaunpfosten\/zaunpfosten-karlsdal\/\" \/>\n<meta property=\"og:locale\" content=\"de_DE\" \/>\n<meta property=\"og:type\" content=\"article\" \/>\n<meta property=\"og:title\" content=\"Zaunpfosten Karlsdal - Recal Deutschland\" \/>\n<meta property=\"og:description\" content=\"Der Zaun Karlsdal besteht aus robusten Aluminiumpfosten, die sich sowohl als Balkongel\u00e4nder als auch als regelm\u00e4\u00dfiger Zaun eignen. Au\u00dferdem ist die Montage einfach \u2013 Sie ben\u00f6tigen nur impr\u00e4gniertes Holz mit den Standardma\u00dfen 2,8x14,5 cm.\" \/>\n<meta property=\"og:url\" content=\"https:\/\/recal-se.tbwebsite.com\/de\/zaunpfosten\/zaunpfosten-karlsdal\/\" \/>\n<meta property=\"og:site_name\" content=\"Recal Deutschland\" \/>\n<meta property=\"article:modified_time\" content=\"2024-03-08T06:19:54+00:00\" \/>\n<meta property=\"og:image\" content=\"https:\/\/recal-se.tbwebsite.com\/de\/wp-content\/uploads\/sites\/4\/2023\/12\/Karlsdal-sektion-schwarz-2-e1708681662318.jpg\" \/>\n\t<meta property=\"og:image:width\" content=\"1044\" \/>\n\t<meta property=\"og:image:height\" content=\"1044\" \/>\n\t<meta property=\"og:image:type\" content=\"image\/jpeg\" \/>\n<meta name=\"twitter:card\" content=\"summary_large_image\" \/>\n<meta name=\"twitter:label1\" content=\"Gesch\u00e4tzte Lesezeit\" \/>\n\t<meta name=\"twitter:data1\" content=\"3 Minuten\" \/>\n<script type=\"application\/ld+json\" class=\"yoast-schema-graph\">{\"@context\":\"https:\/\/schema.org\",\"@graph\":[{\"@type\":\"WebPage\",\"@id\":\"https:\/\/recal-se.tbwebsite.com\/de\/zaunpfosten\/zaunpfosten-karlsdal\/\",\"url\":\"https:\/\/recal-se.tbwebsite.com\/de\/zaunpfosten\/zaunpfosten-karlsdal\/\",\"name\":\"Zaunpfosten Karlsdal - Recal Deutschland\",\"isPartOf\":{\"@id\":\"https:\/\/recal-se.tbwebsite.com\/de\/#website\"},\"primaryImageOfPage\":{\"@id\":\"https:\/\/recal-se.tbwebsite.com\/de\/zaunpfosten\/zaunpfosten-karlsdal\/#primaryimage\"},\"image\":{\"@id\":\"https:\/\/recal-se.tbwebsite.com\/de\/zaunpfosten\/zaunpfosten-karlsdal\/#primaryimage\"},\"thumbnailUrl\":\"https:\/\/recal-se.tbwebsite.com\/de\/wp-content\/uploads\/sites\/4\/2023\/12\/Karlsdal-sektion-schwarz-2-e1708681662318.jpg\",\"datePublished\":\"2023-12-14T04:05:26+00:00\",\"dateModified\":\"2024-03-08T06:19:54+00:00\",\"description\":\"Der Zaun Karlsdal besteht aus robusten Aluminiumpfosten, die sich sowohl als Balkongel\u00e4nder als auch als regelm\u00e4\u00dfiger Zaun eignen. Au\u00dferdem ist die Montage einfach \u2013 Sie ben\u00f6tigen nur impr\u00e4gniertes Holz mit den Standardma\u00dfen 2,8x14,5 cm.\",\"breadcrumb\":{\"@id\":\"https:\/\/recal-se.tbwebsite.com\/de\/zaunpfosten\/zaunpfosten-karlsdal\/#breadcrumb\"},\"inLanguage\":\"de-DE\",\"potentialAction\":[{\"@type\":\"ReadAction\",\"target\":[\"https:\/\/recal-se.tbwebsite.com\/de\/zaunpfosten\/zaunpfosten-karlsdal\/\"]}]},{\"@type\":\"ImageObject\",\"inLanguage\":\"de-DE\",\"@id\":\"https:\/\/recal-se.tbwebsite.com\/de\/zaunpfosten\/zaunpfosten-karlsdal\/#primaryimage\",\"url\":\"https:\/\/recal-se.tbwebsite.com\/de\/wp-content\/uploads\/sites\/4\/2023\/12\/Karlsdal-sektion-schwarz-2-e1708681662318.jpg\",\"contentUrl\":\"https:\/\/recal-se.tbwebsite.com\/de\/wp-content\/uploads\/sites\/4\/2023\/12\/Karlsdal-sektion-schwarz-2-e1708681662318.jpg\",\"width\":1044,\"height\":1044},{\"@type\":\"BreadcrumbList\",\"@id\":\"https:\/\/recal-se.tbwebsite.com\/de\/zaunpfosten\/zaunpfosten-karlsdal\/#breadcrumb\",\"itemListElement\":[{\"@type\":\"ListItem\",\"position\":1,\"name\":\"Home\",\"item\":\"https:\/\/recal-se.tbwebsite.com\/de\/\"},{\"@type\":\"ListItem\",\"position\":2,\"name\":\"Shop\",\"item\":\"https:\/\/recal-se.tbwebsite.com\/de\/shop\/\"},{\"@type\":\"ListItem\",\"position\":3,\"name\":\"Zaunpfosten Karlsdal\"}]},{\"@type\":\"WebSite\",\"@id\":\"https:\/\/recal-se.tbwebsite.com\/de\/#website\",\"url\":\"https:\/\/recal-se.tbwebsite.com\/de\/\",\"name\":\"Recal Deutschland\",\"description\":\"Tr\u00e4dg\u00e5rdsprodukter tillverkade i aluminium fr\u00e5n Sm\u00e5land\",\"publisher\":{\"@id\":\"https:\/\/recal-se.tbwebsite.com\/de\/#organization\"},\"potentialAction\":[{\"@type\":\"SearchAction\",\"target\":{\"@type\":\"EntryPoint\",\"urlTemplate\":\"https:\/\/recal-se.tbwebsite.com\/de\/?s={search_term_string}\"},\"query-input\":\"required name=search_term_string\"}],\"inLanguage\":\"de-DE\"},{\"@type\":\"Organization\",\"@id\":\"https:\/\/recal-se.tbwebsite.com\/de\/#organization\",\"name\":\"Recal Deutschland\",\"url\":\"https:\/\/recal-se.tbwebsite.com\/de\/\",\"logo\":{\"@type\":\"ImageObject\",\"inLanguage\":\"de-DE\",\"@id\":\"https:\/\/recal-se.tbwebsite.com\/de\/#\/schema\/logo\/image\/\",\"url\":\"https:\/\/recal-se.tbwebsite.com\/de\/wp-content\/uploads\/sites\/4\/2020\/06\/recal-logotype_svart_1.png\",\"contentUrl\":\"https:\/\/recal-se.tbwebsite.com\/de\/wp-content\/uploads\/sites\/4\/2020\/06\/recal-logotype_svart_1.png\",\"width\":260,\"height\":52,\"caption\":\"Recal Deutschland\"},\"image\":{\"@id\":\"https:\/\/recal-se.tbwebsite.com\/de\/#\/schema\/logo\/image\/\"}}]}<\/script>\n<!-- \/ Yoast SEO plugin. -->","yoast_head_json":{"title":"Zaunpfosten Karlsdal - Recal Deutschland","description":"Der Zaun Karlsdal besteht aus robusten Aluminiumpfosten, die sich sowohl als Balkongel\u00e4nder als auch als regelm\u00e4\u00dfiger Zaun eignen. Au\u00dferdem ist die Montage einfach \u2013 Sie ben\u00f6tigen nur impr\u00e4gniertes Holz mit den Standardma\u00dfen 2,8x14,5 cm.","robots":{"index":"index","follow":"follow","max-snippet":"max-snippet:-1","max-image-preview":"max-image-preview:large","max-video-preview":"max-video-preview:-1"},"canonical":"https:\/\/recal-se.tbwebsite.com\/de\/zaunpfosten\/zaunpfosten-karlsdal\/","og_locale":"de_DE","og_type":"article","og_title":"Zaunpfosten Karlsdal - Recal Deutschland","og_description":"Der Zaun Karlsdal besteht aus robusten Aluminiumpfosten, die sich sowohl als Balkongel\u00e4nder als auch als regelm\u00e4\u00dfiger Zaun eignen. Au\u00dferdem ist die Montage einfach \u2013 Sie ben\u00f6tigen nur impr\u00e4gniertes Holz mit den Standardma\u00dfen 2,8x14,5 cm.","og_url":"https:\/\/recal-se.tbwebsite.com\/de\/zaunpfosten\/zaunpfosten-karlsdal\/","og_site_name":"Recal Deutschland","article_modified_time":"2024-03-08T06:19:54+00:00","og_image":[{"width":1044,"height":1044,"url":"https:\/\/recal-se.tbwebsite.com\/de\/wp-content\/uploads\/sites\/4\/2023\/12\/Karlsdal-sektion-schwarz-2-e1708681662318.jpg","type":"image\/jpeg"}],"twitter_card":"summary_large_image","twitter_misc":{"Gesch\u00e4tzte Lesezeit":"3 Minuten"},"schema":{"@context":"https:\/\/schema.org","@graph":[{"@type":"WebPage","@id":"https:\/\/recal-se.tbwebsite.com\/de\/zaunpfosten\/zaunpfosten-karlsdal\/","url":"https:\/\/recal-se.tbwebsite.com\/de\/zaunpfosten\/zaunpfosten-karlsdal\/","name":"Zaunpfosten Karlsdal - Recal Deutschland","isPartOf":{"@id":"https:\/\/recal-se.tbwebsite.com\/de\/#website"},"primaryImageOfPage":{"@id":"https:\/\/recal-se.tbwebsite.com\/de\/zaunpfosten\/zaunpfosten-karlsdal\/#primaryimage"},"image":{"@id":"https:\/\/recal-se.tbwebsite.com\/de\/zaunpfosten\/zaunpfosten-karlsdal\/#primaryimage"},"thumbnailUrl":"https:\/\/recal-se.tbwebsite.com\/de\/wp-content\/uploads\/sites\/4\/2023\/12\/Karlsdal-sektion-schwarz-2-e1708681662318.jpg","datePublished":"2023-12-14T04:05:26+00:00","dateModified":"2024-03-08T06:19:54+00:00","description":"Der Zaun Karlsdal besteht aus robusten Aluminiumpfosten, die sich sowohl als Balkongel\u00e4nder als auch als regelm\u00e4\u00dfiger Zaun eignen. Au\u00dferdem ist die Montage einfach \u2013 Sie ben\u00f6tigen nur impr\u00e4gniertes Holz mit den Standardma\u00dfen 2,8x14,5 cm.","breadcrumb":{"@id":"https:\/\/recal-se.tbwebsite.com\/de\/zaunpfosten\/zaunpfosten-karlsdal\/#breadcrumb"},"inLanguage":"de-DE","potentialAction":[{"@type":"ReadAction","target":["https:\/\/recal-se.tbwebsite.com\/de\/zaunpfosten\/zaunpfosten-karlsdal\/"]}]},{"@type":"ImageObject","inLanguage":"de-DE","@id":"https:\/\/recal-se.tbwebsite.com\/de\/zaunpfosten\/zaunpfosten-karlsdal\/#primaryimage","url":"https:\/\/recal-se.tbwebsite.com\/de\/wp-content\/uploads\/sites\/4\/2023\/12\/Karlsdal-sektion-schwarz-2-e1708681662318.jpg","contentUrl":"https:\/\/recal-se.tbwebsite.com\/de\/wp-content\/uploads\/sites\/4\/2023\/12\/Karlsdal-sektion-schwarz-2-e1708681662318.jpg","width":1044,"height":1044},{"@type":"BreadcrumbList","@id":"https:\/\/recal-se.tbwebsite.com\/de\/zaunpfosten\/zaunpfosten-karlsdal\/#breadcrumb","itemListElement":[{"@type":"ListItem","position":1,"name":"Home","item":"https:\/\/recal-se.tbwebsite.com\/de\/"},{"@type":"ListItem","position":2,"name":"Shop","item":"https:\/\/recal-se.tbwebsite.com\/de\/shop\/"},{"@type":"ListItem","position":3,"name":"Zaunpfosten Karlsdal"}]},{"@type":"WebSite","@id":"https:\/\/recal-se.tbwebsite.com\/de\/#website","url":"https:\/\/recal-se.tbwebsite.com\/de\/","name":"Recal Deutschland","description":"Tr\u00e4dg\u00e5rdsprodukter tillverkade i aluminium fr\u00e5n Sm\u00e5land","publisher":{"@id":"https:\/\/recal-se.tbwebsite.com\/de\/#organization"},"potentialAction":[{"@type":"SearchAction","target":{"@type":"EntryPoint","urlTemplate":"https:\/\/recal-se.tbwebsite.com\/de\/?s={search_term_string}"},"query-input":"required name=search_term_string"}],"inLanguage":"de-DE"},{"@type":"Organization","@id":"https:\/\/recal-se.tbwebsite.com\/de\/#organization","name":"Recal Deutschland","url":"https:\/\/recal-se.tbwebsite.com\/de\/","logo":{"@type":"ImageObject","inLanguage":"de-DE","@id":"https:\/\/recal-se.tbwebsite.com\/de\/#\/schema\/logo\/image\/","url":"https:\/\/recal-se.tbwebsite.com\/de\/wp-content\/uploads\/sites\/4\/2020\/06\/recal-logotype_svart_1.png","contentUrl":"https:\/\/recal-se.tbwebsite.com\/de\/wp-content\/uploads\/sites\/4\/2020\/06\/recal-logotype_svart_1.png","width":260,"height":52,"caption":"Recal Deutschland"},"image":{"@id":"https:\/\/recal-se.tbwebsite.com\/de\/#\/schema\/logo\/image\/"}}]}},"_links":{"self":[{"href":"https:\/\/recal-se.tbwebsite.com\/de\/wp-json\/wp\/v2\/product\/14132"}],"collection":[{"href":"https:\/\/recal-se.tbwebsite.com\/de\/wp-json\/wp\/v2\/product"}],"about":[{"href":"https:\/\/recal-se.tbwebsite.com\/de\/wp-json\/wp\/v2\/types\/product"}],"replies":[{"embeddable":true,"href":"https:\/\/recal-se.tbwebsite.com\/de\/wp-json\/wp\/v2\/comments?post=14132"}],"version-history":[{"count":9,"href":"https:\/\/recal-se.tbwebsite.com\/de\/wp-json\/wp\/v2\/product\/14132\/revisions"}],"predecessor-version":[{"id":15217,"href":"https:\/\/recal-se.tbwebsite.com\/de\/wp-json\/wp\/v2\/product\/14132\/revisions\/15217"}],"wp:featuredmedia":[{"embeddable":true,"href":"https:\/\/recal-se.tbwebsite.com\/de\/wp-json\/wp\/v2\/media\/14165"}],"wp:attachment":[{"href":"https:\/\/recal-se.tbwebsite.com\/de\/wp-json\/wp\/v2\/media?parent=14132"}],"wp:term":[{"taxonomy":"product_cat","embeddable":true,"href":"https:\/\/recal-se.tbwebsite.com\/de\/wp-json\/wp\/v2\/product_cat?post=14132"},{"taxonomy":"product_tag","embeddable":true,"href":"https:\/\/recal-se.tbwebsite.com\/de\/wp-json\/wp\/v2\/product_tag?post=14132"}],"curies":[{"name":"wp","href":"https:\/\/api.w.org\/{rel}","templated":true}]}}