{"id":13886,"date":"2023-12-13T12:21:59","date_gmt":"2023-12-13T12:21:59","guid":{"rendered":"https:\/\/recal-se.tbwebsite.com\/?post_type=product&#038;p=13886"},"modified":"2024-03-05T10:22:27","modified_gmt":"2024-03-05T10:22:27","slug":"zaunpfosten-mossle","status":"publish","type":"product","link":"https:\/\/recal-se.tbwebsite.com\/de\/zaunpfosten\/zaunpfosten-mossle\/","title":{"rendered":"Zaunpfosten Mossle"},"content":{"rendered":"<p>Mossle ist ein Zaunpfosten, der genauso gut als Balkongel\u00e4nder oder Sichtschutz in Ihrem Garten funktioniert. Mossle ist ein Zaunpfosten aus Aluminium und bietet eine lange Lebensdauer, da das Material rostfrei ist. <u>Hergestellt und entworfen in Schweden von h\u00f6chster Qualit\u00e4t!<\/u><\/p>\n<p>Geeignet f\u00fcr Holzregel 2,8\u00d7 14,5 cm \u00a0impr\u00e4gniert und Regel stehend.<\/p>\n<h4>Beschreibung:<\/h4>\n<p>Mossle Zaunpfosten eignet sich gut als Sichtschutz im Garten und besteht aus Aluminium. Da das Material rostfrei ist, bietet es eine lange Lebensdauer. Der Pfosten hat eine Abmessung von 70 x 70 mm bei einer Dicke von 2 mm. Das macht ihn zu einem stabilen und soliden Zaunpfosten, bei dem Sie auch die Farbe w\u00e4hlen k\u00f6nnen. Die Pfosten sind in zwei Farben erh\u00e4ltlich: Natur eloxiert oder Mattschwarz (RAL 9005).<\/p>\n<p>&nbsp;<\/p>\n<p>Perfekt als Einz\u00e4unung f\u00fcr den Garten. Mit w\u00e4hlbaren H\u00f6hen h\u00e4lt der Mossle-Zaunpfosten den Garten offen, umrahmt das Haus und setzt gleichzeitig klare Grenzen f\u00fcr Ihr Grundst\u00fcck. Verwenden Sie Eck-, Mittel- und Endpfosten, um den Zaun zu bauen, der zu Ihrer Situation passt. Der Zaunpfosten Mossle ist ein solider Zaun, der Ihren Garten wirklich aufwertet und die Terrasse mit dem gew\u00fcnschten Sichtschutz gem\u00fctlicher und privater macht.<\/p>\n<h4>Rahmenholz<\/h4>\n<p>Die Anzahl der Rahmenh\u00f6lzer variiert je nach Pfostenh\u00f6he:<\/p>\n<p>74,5 cm\u00a0 \u00a0 \u00a0 \u00a0 \u00a0 \u00a0 \u00a0 \u00a0 \u00a0\u00a0 4 L\u00f6cher<br \/>\n105,5 Cm \u00a0\u00a0\u00a0\u00a0\u00a0\u00a0\u00a0\u00a0\u00a0\u00a0\u00a0\u00a0\u00a0\u00a0\u00a0 6 L\u00f6cher<br \/>\n136,5 cm\u00a0 \u00a0 \u00a0 \u00a0 \u00a0 \u00a0 \u00a0 \u00a0 \u00a08 L\u00f6cher<\/p>\n<p>168,0 Cm\u00a0 \u00a0 \u00a0 \u00a0 \u00a0 \u00a0 \u00a0 \u00a0 \u00a010 L\u00f6cher<\/p>\n<p>Der Abstand zwischen dem Boden und der ersten Rahmenh\u00f6lzer betr\u00e4gt 10 cm. Der Abstand zwischen den Rahmenh\u00f6lzer betr\u00e4gt 1 cm. Die L\u00f6cher sind 3,0 x14,7 cm.<\/p>\n<p>Geeignet f\u00fcr Holzregel 2,8\u00d7 14,5 cm \u00a0impr\u00e4gniert und Regel stehend.<\/p>\n<p>W\u00e4hlen Sie ein passendes Zaunholz f\u00fcr unsere Zaunpfosten mit folgenden Produktnummern bei Bauhaus: 16231488, 16231529, 16231471, 20432027, 20430809, 27828548, 26540742.<\/p>\n<p><strong>\u00a0<\/strong><\/p>\n<h4><u>Zaunpfosten<\/u><\/h4>\n<p>Achten Sie darauf, die richtigen Pfostenarten f\u00fcr Ihren Zweck zu bestellen (Mittelpfosten, Eckpfosten, Endpfosten (Rechts order links).<\/p>\n<h4>Pfostenfu\u00df<\/h4>\n<div id=\"tw-target-text-container\" class=\"tw-ta-container F0azHf tw-nfl\">\n<pre id=\"tw-target-text\" class=\"tw-data-text tw-text-large tw-ta\" dir=\"ltr\" data-placeholder=\"\u00d6vers\u00e4ttning\" data-ved=\"2ahUKEwjto_e8ttyEAxXiQfEDHWHKDXYQ3ewLegQIBRAU\"><span class=\"Y2IQFc\" lang=\"de\">Bestellen Sie zu jedem Zaunpfosten einen Pfostenfu\u00df zur Montage auf Holz- oder Betonfl\u00e4chen.<\/span>Ben\u00f6tigen Sie Bodenanker, bestellen Sie bitte die Artikelnummer: 109 separat f\u00fcr die Montage in Gras oder Boden. HINWEIS Maximale H\u00f6he des Zaunpfostens bei Montage im Boden 120cm.<\/pre>\n<\/div>\n<p>Holzschraube Artikelnummer 106 oder Betonschraube Artikelnummer 107, montageschraube artikelnummer 108 separat bestellen.<\/p>\n<h4>Pfostenkappe<\/h4>\n<p><span class=\"Y2IQFc\" lang=\"de\">Bestellen Sie zu jedem Zaunpfosten einen<\/span>. Geliefert mit Aluminium pfostenkappe in der gleichen Farbe wie der Zaunpfosten.<\/p>\n<h4>Montage<\/h4>\n<p>Kaufen Sie das impr\u00e4gnierte Holz 2,8 x 14,5 cm bei Ihrem \u00f6rtlichen Baumarkt. Dann malen Sie in jeder Farbe. Achten Sie darauf, dass das Holz nicht zu stark geschwollen ist (dies <u>erschwert<\/u> die Montage). Dann ben\u00f6tigen Sie auch die folgenden Werkzeuge:<br \/>\nMa\u00dfband<br \/>\nSchraubendreher mit Bits und Bohrer<br \/>\n<u>Gummikn\u00fcppel<\/u> (zur Befestigung des Fu\u00dfes an der Stange)<br \/>\nMontieren Sie die Riegel mit Hilfe der Halterung an der R\u00fcckseite der Pfosten und montieren Sie den Zaun immer so, <u>dass<\/u> er stabil bleibt. Wir empfehlen einen Abstand von maximal 150 cm zwischen den Pfosten und stellen Sie die Pfosten immer aus, bevor Sie das Holz verschrauben, um sicherzustellen, dass Ihre Bestellung korrekt war.<\/p>\n<p>&nbsp;<\/p>\n<p><iframe title=\"Erkl\u00e4rung\/Montageanleitung f\u00fcr Zaunpfosten\" width=\"800\" height=\"450\" src=\"https:\/\/www.youtube.com\/embed\/L5hvM10NM_Q?feature=oembed\" frameborder=\"0\" allow=\"accelerometer; autoplay; clipboard-write; encrypted-media; gyroscope; picture-in-picture; web-share\" allowfullscreen><\/iframe><\/p>\n","protected":false},"excerpt":{"rendered":"<p><strong>Mossle ist ein Zaunpfosten, der genauso gut als Balkongel\u00e4nder oder Sichtschutz in Ihrem Garten funktioniert. Mossle ist ein Zaunpfosten aus Aluminium und bietet eine lange Lebensdauer, da das Material rostfrei ist. <\/strong><strong><u>Hergestellt und entworfen in Schweden von h\u00f6chster Qualit\u00e4t!<\/u><\/strong><\/p>\n","protected":false},"featured_media":13310,"comment_status":"open","ping_status":"closed","template":"","meta":{"_acf_changed":false},"product_cat":[297],"product_tag":[],"composite_virtual":false,"composite_layout":"","composite_add_to_cart_form_location":"","composite_editable_in_cart":false,"composite_sold_individually_context":"","composite_shop_price_calc":"","composite_components":[],"composite_scenarios":[],"acf":[],"yoast_head":"<!-- This site is optimized with the Yoast SEO plugin v22.2 - https:\/\/yoast.com\/wordpress\/plugins\/seo\/ -->\n<title>Staketstolpe Zaunpfosten Mossle - Recal Deutschland<\/title>\n<meta name=\"description\" content=\"Mossle ist ein Zaunpfosten, der genauso gut als Balkongel\u00e4nder oder Sichtschutz in Ihrem Garten funktioniert. Mossle ist ein Zaunpfosten aus Aluminium und bietet eine lange Lebensdauer, da das Material rostfrei ist. Hergestellt und entworfen in Schweden von h\u00f6chster Qualit\u00e4t!\" \/>\n<meta name=\"robots\" content=\"index, follow, max-snippet:-1, max-image-preview:large, max-video-preview:-1\" \/>\n<link rel=\"canonical\" href=\"https:\/\/recal-se.tbwebsite.com\/de\/zaunpfosten\/zaunpfosten-mossle\/\" \/>\n<meta property=\"og:locale\" content=\"de_DE\" \/>\n<meta property=\"og:type\" content=\"article\" \/>\n<meta property=\"og:title\" content=\"Staketstolpe Zaunpfosten Mossle - Recal Deutschland\" \/>\n<meta property=\"og:description\" content=\"Mossle ist ein Zaunpfosten, der genauso gut als Balkongel\u00e4nder oder Sichtschutz in Ihrem Garten funktioniert. Mossle ist ein Zaunpfosten aus Aluminium und bietet eine lange Lebensdauer, da das Material rostfrei ist. Hergestellt und entworfen in Schweden von h\u00f6chster Qualit\u00e4t!\" \/>\n<meta property=\"og:url\" content=\"https:\/\/recal-se.tbwebsite.com\/de\/zaunpfosten\/zaunpfosten-mossle\/\" \/>\n<meta property=\"og:site_name\" content=\"Recal Deutschland\" \/>\n<meta property=\"article:modified_time\" content=\"2024-03-05T10:22:27+00:00\" \/>\n<meta property=\"og:image\" content=\"https:\/\/recal-se.tbwebsite.com\/de\/wp-content\/uploads\/sites\/4\/2023\/12\/Haren-inspirationsbild-1-2-scaled.jpg\" \/>\n\t<meta property=\"og:image:width\" content=\"2560\" \/>\n\t<meta property=\"og:image:height\" content=\"1600\" \/>\n\t<meta property=\"og:image:type\" content=\"image\/jpeg\" \/>\n<meta name=\"twitter:card\" content=\"summary_large_image\" \/>\n<meta name=\"twitter:label1\" content=\"Gesch\u00e4tzte Lesezeit\" \/>\n\t<meta name=\"twitter:data1\" content=\"3 Minuten\" \/>\n<script type=\"application\/ld+json\" class=\"yoast-schema-graph\">{\"@context\":\"https:\/\/schema.org\",\"@graph\":[{\"@type\":\"WebPage\",\"@id\":\"https:\/\/recal-se.tbwebsite.com\/de\/zaunpfosten\/zaunpfosten-mossle\/\",\"url\":\"https:\/\/recal-se.tbwebsite.com\/de\/zaunpfosten\/zaunpfosten-mossle\/\",\"name\":\"Staketstolpe Zaunpfosten Mossle - Recal Deutschland\",\"isPartOf\":{\"@id\":\"https:\/\/recal-se.tbwebsite.com\/de\/#website\"},\"primaryImageOfPage\":{\"@id\":\"https:\/\/recal-se.tbwebsite.com\/de\/zaunpfosten\/zaunpfosten-mossle\/#primaryimage\"},\"image\":{\"@id\":\"https:\/\/recal-se.tbwebsite.com\/de\/zaunpfosten\/zaunpfosten-mossle\/#primaryimage\"},\"thumbnailUrl\":\"https:\/\/recal-se.tbwebsite.com\/de\/wp-content\/uploads\/sites\/4\/2023\/12\/Haren-inspirationsbild-1-2-scaled.jpg\",\"datePublished\":\"2023-12-13T12:21:59+00:00\",\"dateModified\":\"2024-03-05T10:22:27+00:00\",\"description\":\"Mossle ist ein Zaunpfosten, der genauso gut als Balkongel\u00e4nder oder Sichtschutz in Ihrem Garten funktioniert. Mossle ist ein Zaunpfosten aus Aluminium und bietet eine lange Lebensdauer, da das Material rostfrei ist. Hergestellt und entworfen in Schweden von h\u00f6chster Qualit\u00e4t!\",\"breadcrumb\":{\"@id\":\"https:\/\/recal-se.tbwebsite.com\/de\/zaunpfosten\/zaunpfosten-mossle\/#breadcrumb\"},\"inLanguage\":\"de-DE\",\"potentialAction\":[{\"@type\":\"ReadAction\",\"target\":[\"https:\/\/recal-se.tbwebsite.com\/de\/zaunpfosten\/zaunpfosten-mossle\/\"]}]},{\"@type\":\"ImageObject\",\"inLanguage\":\"de-DE\",\"@id\":\"https:\/\/recal-se.tbwebsite.com\/de\/zaunpfosten\/zaunpfosten-mossle\/#primaryimage\",\"url\":\"https:\/\/recal-se.tbwebsite.com\/de\/wp-content\/uploads\/sites\/4\/2023\/12\/Haren-inspirationsbild-1-2-scaled.jpg\",\"contentUrl\":\"https:\/\/recal-se.tbwebsite.com\/de\/wp-content\/uploads\/sites\/4\/2023\/12\/Haren-inspirationsbild-1-2-scaled.jpg\",\"width\":2560,\"height\":1600},{\"@type\":\"BreadcrumbList\",\"@id\":\"https:\/\/recal-se.tbwebsite.com\/de\/zaunpfosten\/zaunpfosten-mossle\/#breadcrumb\",\"itemListElement\":[{\"@type\":\"ListItem\",\"position\":1,\"name\":\"Home\",\"item\":\"https:\/\/recal-se.tbwebsite.com\/de\/\"},{\"@type\":\"ListItem\",\"position\":2,\"name\":\"Shop\",\"item\":\"https:\/\/recal-se.tbwebsite.com\/de\/shop\/\"},{\"@type\":\"ListItem\",\"position\":3,\"name\":\"Zaunpfosten Mossle\"}]},{\"@type\":\"WebSite\",\"@id\":\"https:\/\/recal-se.tbwebsite.com\/de\/#website\",\"url\":\"https:\/\/recal-se.tbwebsite.com\/de\/\",\"name\":\"Recal Deutschland\",\"description\":\"Tr\u00e4dg\u00e5rdsprodukter tillverkade i aluminium fr\u00e5n Sm\u00e5land\",\"publisher\":{\"@id\":\"https:\/\/recal-se.tbwebsite.com\/de\/#organization\"},\"potentialAction\":[{\"@type\":\"SearchAction\",\"target\":{\"@type\":\"EntryPoint\",\"urlTemplate\":\"https:\/\/recal-se.tbwebsite.com\/de\/?s={search_term_string}\"},\"query-input\":\"required name=search_term_string\"}],\"inLanguage\":\"de-DE\"},{\"@type\":\"Organization\",\"@id\":\"https:\/\/recal-se.tbwebsite.com\/de\/#organization\",\"name\":\"Recal Deutschland\",\"url\":\"https:\/\/recal-se.tbwebsite.com\/de\/\",\"logo\":{\"@type\":\"ImageObject\",\"inLanguage\":\"de-DE\",\"@id\":\"https:\/\/recal-se.tbwebsite.com\/de\/#\/schema\/logo\/image\/\",\"url\":\"https:\/\/recal-se.tbwebsite.com\/de\/wp-content\/uploads\/sites\/4\/2020\/06\/recal-logotype_svart_1.png\",\"contentUrl\":\"https:\/\/recal-se.tbwebsite.com\/de\/wp-content\/uploads\/sites\/4\/2020\/06\/recal-logotype_svart_1.png\",\"width\":260,\"height\":52,\"caption\":\"Recal Deutschland\"},\"image\":{\"@id\":\"https:\/\/recal-se.tbwebsite.com\/de\/#\/schema\/logo\/image\/\"}}]}<\/script>\n<!-- \/ Yoast SEO plugin. -->","yoast_head_json":{"title":"Staketstolpe Zaunpfosten Mossle - Recal Deutschland","description":"Mossle ist ein Zaunpfosten, der genauso gut als Balkongel\u00e4nder oder Sichtschutz in Ihrem Garten funktioniert. Mossle ist ein Zaunpfosten aus Aluminium und bietet eine lange Lebensdauer, da das Material rostfrei ist. Hergestellt und entworfen in Schweden von h\u00f6chster Qualit\u00e4t!","robots":{"index":"index","follow":"follow","max-snippet":"max-snippet:-1","max-image-preview":"max-image-preview:large","max-video-preview":"max-video-preview:-1"},"canonical":"https:\/\/recal-se.tbwebsite.com\/de\/zaunpfosten\/zaunpfosten-mossle\/","og_locale":"de_DE","og_type":"article","og_title":"Staketstolpe Zaunpfosten Mossle - Recal Deutschland","og_description":"Mossle ist ein Zaunpfosten, der genauso gut als Balkongel\u00e4nder oder Sichtschutz in Ihrem Garten funktioniert. Mossle ist ein Zaunpfosten aus Aluminium und bietet eine lange Lebensdauer, da das Material rostfrei ist. Hergestellt und entworfen in Schweden von h\u00f6chster Qualit\u00e4t!","og_url":"https:\/\/recal-se.tbwebsite.com\/de\/zaunpfosten\/zaunpfosten-mossle\/","og_site_name":"Recal Deutschland","article_modified_time":"2024-03-05T10:22:27+00:00","og_image":[{"width":2560,"height":1600,"url":"https:\/\/recal-se.tbwebsite.com\/de\/wp-content\/uploads\/sites\/4\/2023\/12\/Haren-inspirationsbild-1-2-scaled.jpg","type":"image\/jpeg"}],"twitter_card":"summary_large_image","twitter_misc":{"Gesch\u00e4tzte Lesezeit":"3 Minuten"},"schema":{"@context":"https:\/\/schema.org","@graph":[{"@type":"WebPage","@id":"https:\/\/recal-se.tbwebsite.com\/de\/zaunpfosten\/zaunpfosten-mossle\/","url":"https:\/\/recal-se.tbwebsite.com\/de\/zaunpfosten\/zaunpfosten-mossle\/","name":"Staketstolpe Zaunpfosten Mossle - Recal Deutschland","isPartOf":{"@id":"https:\/\/recal-se.tbwebsite.com\/de\/#website"},"primaryImageOfPage":{"@id":"https:\/\/recal-se.tbwebsite.com\/de\/zaunpfosten\/zaunpfosten-mossle\/#primaryimage"},"image":{"@id":"https:\/\/recal-se.tbwebsite.com\/de\/zaunpfosten\/zaunpfosten-mossle\/#primaryimage"},"thumbnailUrl":"https:\/\/recal-se.tbwebsite.com\/de\/wp-content\/uploads\/sites\/4\/2023\/12\/Haren-inspirationsbild-1-2-scaled.jpg","datePublished":"2023-12-13T12:21:59+00:00","dateModified":"2024-03-05T10:22:27+00:00","description":"Mossle ist ein Zaunpfosten, der genauso gut als Balkongel\u00e4nder oder Sichtschutz in Ihrem Garten funktioniert. Mossle ist ein Zaunpfosten aus Aluminium und bietet eine lange Lebensdauer, da das Material rostfrei ist. Hergestellt und entworfen in Schweden von h\u00f6chster Qualit\u00e4t!","breadcrumb":{"@id":"https:\/\/recal-se.tbwebsite.com\/de\/zaunpfosten\/zaunpfosten-mossle\/#breadcrumb"},"inLanguage":"de-DE","potentialAction":[{"@type":"ReadAction","target":["https:\/\/recal-se.tbwebsite.com\/de\/zaunpfosten\/zaunpfosten-mossle\/"]}]},{"@type":"ImageObject","inLanguage":"de-DE","@id":"https:\/\/recal-se.tbwebsite.com\/de\/zaunpfosten\/zaunpfosten-mossle\/#primaryimage","url":"https:\/\/recal-se.tbwebsite.com\/de\/wp-content\/uploads\/sites\/4\/2023\/12\/Haren-inspirationsbild-1-2-scaled.jpg","contentUrl":"https:\/\/recal-se.tbwebsite.com\/de\/wp-content\/uploads\/sites\/4\/2023\/12\/Haren-inspirationsbild-1-2-scaled.jpg","width":2560,"height":1600},{"@type":"BreadcrumbList","@id":"https:\/\/recal-se.tbwebsite.com\/de\/zaunpfosten\/zaunpfosten-mossle\/#breadcrumb","itemListElement":[{"@type":"ListItem","position":1,"name":"Home","item":"https:\/\/recal-se.tbwebsite.com\/de\/"},{"@type":"ListItem","position":2,"name":"Shop","item":"https:\/\/recal-se.tbwebsite.com\/de\/shop\/"},{"@type":"ListItem","position":3,"name":"Zaunpfosten Mossle"}]},{"@type":"WebSite","@id":"https:\/\/recal-se.tbwebsite.com\/de\/#website","url":"https:\/\/recal-se.tbwebsite.com\/de\/","name":"Recal Deutschland","description":"Tr\u00e4dg\u00e5rdsprodukter tillverkade i aluminium fr\u00e5n Sm\u00e5land","publisher":{"@id":"https:\/\/recal-se.tbwebsite.com\/de\/#organization"},"potentialAction":[{"@type":"SearchAction","target":{"@type":"EntryPoint","urlTemplate":"https:\/\/recal-se.tbwebsite.com\/de\/?s={search_term_string}"},"query-input":"required name=search_term_string"}],"inLanguage":"de-DE"},{"@type":"Organization","@id":"https:\/\/recal-se.tbwebsite.com\/de\/#organization","name":"Recal Deutschland","url":"https:\/\/recal-se.tbwebsite.com\/de\/","logo":{"@type":"ImageObject","inLanguage":"de-DE","@id":"https:\/\/recal-se.tbwebsite.com\/de\/#\/schema\/logo\/image\/","url":"https:\/\/recal-se.tbwebsite.com\/de\/wp-content\/uploads\/sites\/4\/2020\/06\/recal-logotype_svart_1.png","contentUrl":"https:\/\/recal-se.tbwebsite.com\/de\/wp-content\/uploads\/sites\/4\/2020\/06\/recal-logotype_svart_1.png","width":260,"height":52,"caption":"Recal Deutschland"},"image":{"@id":"https:\/\/recal-se.tbwebsite.com\/de\/#\/schema\/logo\/image\/"}}]}},"_links":{"self":[{"href":"https:\/\/recal-se.tbwebsite.com\/de\/wp-json\/wp\/v2\/product\/13886"}],"collection":[{"href":"https:\/\/recal-se.tbwebsite.com\/de\/wp-json\/wp\/v2\/product"}],"about":[{"href":"https:\/\/recal-se.tbwebsite.com\/de\/wp-json\/wp\/v2\/types\/product"}],"replies":[{"embeddable":true,"href":"https:\/\/recal-se.tbwebsite.com\/de\/wp-json\/wp\/v2\/comments?post=13886"}],"version-history":[{"count":5,"href":"https:\/\/recal-se.tbwebsite.com\/de\/wp-json\/wp\/v2\/product\/13886\/revisions"}],"predecessor-version":[{"id":15213,"href":"https:\/\/recal-se.tbwebsite.com\/de\/wp-json\/wp\/v2\/product\/13886\/revisions\/15213"}],"wp:featuredmedia":[{"embeddable":true,"href":"https:\/\/recal-se.tbwebsite.com\/de\/wp-json\/wp\/v2\/media\/13310"}],"wp:attachment":[{"href":"https:\/\/recal-se.tbwebsite.com\/de\/wp-json\/wp\/v2\/media?parent=13886"}],"wp:term":[{"taxonomy":"product_cat","embeddable":true,"href":"https:\/\/recal-se.tbwebsite.com\/de\/wp-json\/wp\/v2\/product_cat?post=13886"},{"taxonomy":"product_tag","embeddable":true,"href":"https:\/\/recal-se.tbwebsite.com\/de\/wp-json\/wp\/v2\/product_tag?post=13886"}],"curies":[{"name":"wp","href":"https:\/\/api.w.org\/{rel}","templated":true}]}}