{"id":13718,"date":"2023-12-13T11:52:59","date_gmt":"2023-12-13T11:52:59","guid":{"rendered":"https:\/\/recal-se.tbwebsite.com\/?post_type=product&#038;p=13718"},"modified":"2024-03-05T10:28:12","modified_gmt":"2024-03-05T10:28:12","slug":"zaunpfosten-sommen","status":"publish","type":"product","link":"https:\/\/recal-se.tbwebsite.com\/de\/zaunpfosten\/zaunpfosten-sommen\/","title":{"rendered":"Zaunpfosten Sommen"},"content":{"rendered":"<p>Der\u00a0<strong>Zaunpfosten Sommen von Recal<\/strong>\u00a0eignet sich hervorragend als Abgrenzung im Garten und ist\u00a0<strong>aus Aluminium gefertigt und bietet dank seines rostfreien Materials eine lange Lebensdauer.<\/strong><\/p>\n<p>Die Pfosten haben eine Gr\u00f6\u00dfe von 70 x 70 mm und eine St\u00e4rke von bis zu 2 mm. Das macht ihn zu einem\u00a0<strong>stabilen und robusten Zaunpfahl<\/strong>.<\/p>\n<p>Der Sommen ist ideal f\u00fcr die Einrahmung des Gartens geeignet. Mit einer\u00a0<strong>festen H\u00f6he von 74,5 cm<\/strong>\u00a0h\u00e4lt er den Garten offen und rahmt das Haus ein und setzt gleichzeitig klare Grenzen f\u00fcr Ihr Grundst\u00fcck. Verwenden Sie Eck-, Mittel- und Endpfosten, um den Zaun zu bauen, der zu Ihrer Situation passt. Der Zaunpfahl Sommen ist ein solider Zaun, der Ihren Garten aufwertet und Ihre Terrasse gem\u00fctlicher macht.<\/p>\n<p><strong>Sie ben\u00f6tigen zus\u00e4tzlich nur impr\u00e4gniertes Holz mit den Ma\u00dfen 22 x 95 mm.<\/strong>\u00a0Passendes Holz f\u00fcr die Recal Zaunpfosten finden Sie auch in unserem Sortiment.<\/p>\n<p>Die Anzahl der Balken variiert je nach Pfostenh\u00f6he. Der Abstand zwischen dem Boden und dem ersten Holzbrett betr\u00e4gt 24,5 cm. Der Abstand zwischen den Holzbrettern betr\u00e4gt 21 cm. Die L\u00f6cher sind 30 x 147 mm gro\u00df.<\/p>\n<h4><u>Zaunpfosten<\/u><\/h4>\n<p>Achten Sie darauf, die richtigen Pfostenarten f\u00fcr Ihren Zweck zu bestellen (Mittelpfosten, Eckpfosten, Endpfosten (Rechts order links).<\/p>\n<h4>Pfostenfu\u00df<\/h4>\n<div id=\"tw-target-text-container\" class=\"tw-ta-container F0azHf tw-nfl\">\n<pre id=\"tw-target-text\" class=\"tw-data-text tw-text-large tw-ta\" dir=\"ltr\" data-placeholder=\"\u00d6vers\u00e4ttning\" data-ved=\"2ahUKEwjto_e8ttyEAxXiQfEDHWHKDXYQ3ewLegQIBRAU\"><span class=\"Y2IQFc\" lang=\"de\">Bestellen Sie zu jedem Zaunpfosten einen Pfostenfu\u00df zur Montage auf Holz- oder Betonfl\u00e4chen.<\/span>Ben\u00f6tigen Sie Bodenanker, bestellen Sie bitte die Artikelnummer: 109 separat f\u00fcr die Montage in Gras oder Boden. HINWEIS Maximale H\u00f6he des Zaunpfostens bei Montage im Boden 120cm.<\/pre>\n<\/div>\n<p>Holzschraube Artikelnummer 106 oder Betonschraube Artikelnummer 107, montageschraube artikelnummer 108 separat bestellen.<\/p>\n<h4>Pfostenkappe<\/h4>\n<p><span class=\"Y2IQFc\" lang=\"de\">Bestellen Sie zu jedem Zaunpfosten einen<\/span>. Geliefert mit Aluminium pfostenkappe in der gleichen Farbe wie der Zaunpfosten.<\/p>\n<h4>Montage<\/h4>\n<p>Kaufen Sie das impr\u00e4gnierte Holz 2,8 x 14,5 cm bei Ihrem \u00f6rtlichen Baumarkt. Dann malen Sie in jeder Farbe. Achten Sie darauf, dass das Holz nicht zu stark geschwollen ist (dies <u>erschwert<\/u> die Montage). Dann ben\u00f6tigen Sie auch die folgenden Werkzeuge:<br \/>\nMa\u00dfband<br \/>\nSchraubendreher mit Bits und Bohrer<br \/>\n<u>Gummikn\u00fcppel<\/u> (zur Befestigung des Fu\u00dfes an der Stange)<br \/>\nMontieren Sie die Riegel mit Hilfe der Halterung an der R\u00fcckseite der Pfosten und montieren Sie den Zaun immer so, <u>dass<\/u> er stabil bleibt. Wir empfehlen einen Abstand von maximal 150 cm zwischen den Pfosten und stellen Sie die Pfosten immer aus, bevor Sie das Holz verschrauben, um sicherzustellen, dass Ihre Bestellung korrekt war.<\/p>\n<p>&nbsp;<\/p>\n<p>&nbsp;<\/p>\n<p><iframe title=\"Erkl\u00e4rung\/Montageanleitung f\u00fcr Zaunpfosten\" width=\"800\" height=\"450\" src=\"https:\/\/www.youtube.com\/embed\/L5hvM10NM_Q?feature=oembed\" frameborder=\"0\" allow=\"accelerometer; autoplay; clipboard-write; encrypted-media; gyroscope; picture-in-picture; web-share\" allowfullscreen><\/iframe><\/p>\n","protected":false},"excerpt":{"rendered":"<p>Der\u00a0<strong>Zaunpfosten Sommen von Recal<\/strong>\u00a0eignet sich hervorragend als Abgrenzung im Garten und ist\u00a0<strong>aus Aluminium gefertigt und bietet dank seines rostfreien Materials eine lange Lebensdauer.<\/strong><br \/>\nDie Pfosten haben eine Gr\u00f6\u00dfe von 70 x 70 mm und eine St\u00e4rke von bis zu 2 mm. Das macht ihn zu einem\u00a0<strong>stabilen und robusten Zaunpfahl<\/strong>.<\/p>\n","protected":false},"featured_media":5515,"comment_status":"open","ping_status":"closed","template":"","meta":{"_acf_changed":false},"product_cat":[297],"product_tag":[109,72,87],"composite_virtual":false,"composite_layout":"","composite_add_to_cart_form_location":"","composite_editable_in_cart":false,"composite_sold_individually_context":"","composite_shop_price_calc":"","composite_components":[],"composite_scenarios":[],"acf":[],"yoast_head":"<!-- This site is optimized with the Yoast SEO plugin v22.2 - https:\/\/yoast.com\/wordpress\/plugins\/seo\/ -->\n<title>Zaunpfosten Sommen - Recal Deutschland<\/title>\n<meta name=\"description\" content=\"Der\u00a0Zaunpfosten Sommen von Recall\u00a0eignet sich hervorragend als Abgrenzung im Garten und ist\u00a0aus Aluminium gefertigt und bietet dank seines rostfreien Materials eine lange Lebensdauer.\" \/>\n<meta name=\"robots\" content=\"index, follow, max-snippet:-1, max-image-preview:large, max-video-preview:-1\" \/>\n<link rel=\"canonical\" href=\"https:\/\/recal-se.tbwebsite.com\/de\/zaunpfosten\/zaunpfosten-sommen\/\" \/>\n<meta property=\"og:locale\" content=\"de_DE\" \/>\n<meta property=\"og:type\" content=\"article\" \/>\n<meta property=\"og:title\" content=\"Zaunpfosten Sommen - Recal Deutschland\" \/>\n<meta property=\"og:description\" content=\"Der\u00a0Zaunpfosten Sommen von Recall\u00a0eignet sich hervorragend als Abgrenzung im Garten und ist\u00a0aus Aluminium gefertigt und bietet dank seines rostfreien Materials eine lange Lebensdauer.\" \/>\n<meta property=\"og:url\" content=\"https:\/\/recal-se.tbwebsite.com\/de\/zaunpfosten\/zaunpfosten-sommen\/\" \/>\n<meta property=\"og:site_name\" content=\"Recal Deutschland\" \/>\n<meta property=\"article:modified_time\" content=\"2024-03-05T10:28:12+00:00\" \/>\n<meta property=\"og:image\" content=\"https:\/\/recal-se.tbwebsite.com\/de\/wp-content\/uploads\/sites\/4\/2020\/09\/staket-21x95-1-1-1.png\" \/>\n\t<meta property=\"og:image:width\" content=\"1736\" \/>\n\t<meta property=\"og:image:height\" content=\"1736\" \/>\n\t<meta property=\"og:image:type\" content=\"image\/png\" \/>\n<meta name=\"twitter:card\" content=\"summary_large_image\" \/>\n<meta name=\"twitter:label1\" content=\"Gesch\u00e4tzte Lesezeit\" \/>\n\t<meta name=\"twitter:data1\" content=\"3 Minuten\" \/>\n<script type=\"application\/ld+json\" class=\"yoast-schema-graph\">{\"@context\":\"https:\/\/schema.org\",\"@graph\":[{\"@type\":\"WebPage\",\"@id\":\"https:\/\/recal-se.tbwebsite.com\/de\/zaunpfosten\/zaunpfosten-sommen\/\",\"url\":\"https:\/\/recal-se.tbwebsite.com\/de\/zaunpfosten\/zaunpfosten-sommen\/\",\"name\":\"Zaunpfosten Sommen - Recal Deutschland\",\"isPartOf\":{\"@id\":\"https:\/\/recal-se.tbwebsite.com\/de\/#website\"},\"primaryImageOfPage\":{\"@id\":\"https:\/\/recal-se.tbwebsite.com\/de\/zaunpfosten\/zaunpfosten-sommen\/#primaryimage\"},\"image\":{\"@id\":\"https:\/\/recal-se.tbwebsite.com\/de\/zaunpfosten\/zaunpfosten-sommen\/#primaryimage\"},\"thumbnailUrl\":\"https:\/\/recal-se.tbwebsite.com\/de\/wp-content\/uploads\/sites\/4\/2020\/09\/staket-21x95-1-1-1.png\",\"datePublished\":\"2023-12-13T11:52:59+00:00\",\"dateModified\":\"2024-03-05T10:28:12+00:00\",\"description\":\"Der\u00a0Zaunpfosten Sommen von Recall\u00a0eignet sich hervorragend als Abgrenzung im Garten und ist\u00a0aus Aluminium gefertigt und bietet dank seines rostfreien Materials eine lange Lebensdauer.\",\"breadcrumb\":{\"@id\":\"https:\/\/recal-se.tbwebsite.com\/de\/zaunpfosten\/zaunpfosten-sommen\/#breadcrumb\"},\"inLanguage\":\"de-DE\",\"potentialAction\":[{\"@type\":\"ReadAction\",\"target\":[\"https:\/\/recal-se.tbwebsite.com\/de\/zaunpfosten\/zaunpfosten-sommen\/\"]}]},{\"@type\":\"ImageObject\",\"inLanguage\":\"de-DE\",\"@id\":\"https:\/\/recal-se.tbwebsite.com\/de\/zaunpfosten\/zaunpfosten-sommen\/#primaryimage\",\"url\":\"https:\/\/recal-se.tbwebsite.com\/de\/wp-content\/uploads\/sites\/4\/2020\/09\/staket-21x95-1-1-1.png\",\"contentUrl\":\"https:\/\/recal-se.tbwebsite.com\/de\/wp-content\/uploads\/sites\/4\/2020\/09\/staket-21x95-1-1-1.png\",\"width\":1736,\"height\":1736},{\"@type\":\"BreadcrumbList\",\"@id\":\"https:\/\/recal-se.tbwebsite.com\/de\/zaunpfosten\/zaunpfosten-sommen\/#breadcrumb\",\"itemListElement\":[{\"@type\":\"ListItem\",\"position\":1,\"name\":\"Home\",\"item\":\"https:\/\/recal-se.tbwebsite.com\/de\/\"},{\"@type\":\"ListItem\",\"position\":2,\"name\":\"Shop\",\"item\":\"https:\/\/recal-se.tbwebsite.com\/de\/shop\/\"},{\"@type\":\"ListItem\",\"position\":3,\"name\":\"Zaunpfosten Sommen\"}]},{\"@type\":\"WebSite\",\"@id\":\"https:\/\/recal-se.tbwebsite.com\/de\/#website\",\"url\":\"https:\/\/recal-se.tbwebsite.com\/de\/\",\"name\":\"Recal Deutschland\",\"description\":\"Tr\u00e4dg\u00e5rdsprodukter tillverkade i aluminium fr\u00e5n Sm\u00e5land\",\"publisher\":{\"@id\":\"https:\/\/recal-se.tbwebsite.com\/de\/#organization\"},\"potentialAction\":[{\"@type\":\"SearchAction\",\"target\":{\"@type\":\"EntryPoint\",\"urlTemplate\":\"https:\/\/recal-se.tbwebsite.com\/de\/?s={search_term_string}\"},\"query-input\":\"required name=search_term_string\"}],\"inLanguage\":\"de-DE\"},{\"@type\":\"Organization\",\"@id\":\"https:\/\/recal-se.tbwebsite.com\/de\/#organization\",\"name\":\"Recal Deutschland\",\"url\":\"https:\/\/recal-se.tbwebsite.com\/de\/\",\"logo\":{\"@type\":\"ImageObject\",\"inLanguage\":\"de-DE\",\"@id\":\"https:\/\/recal-se.tbwebsite.com\/de\/#\/schema\/logo\/image\/\",\"url\":\"https:\/\/recal-se.tbwebsite.com\/de\/wp-content\/uploads\/sites\/4\/2020\/06\/recal-logotype_svart_1.png\",\"contentUrl\":\"https:\/\/recal-se.tbwebsite.com\/de\/wp-content\/uploads\/sites\/4\/2020\/06\/recal-logotype_svart_1.png\",\"width\":260,\"height\":52,\"caption\":\"Recal Deutschland\"},\"image\":{\"@id\":\"https:\/\/recal-se.tbwebsite.com\/de\/#\/schema\/logo\/image\/\"}}]}<\/script>\n<!-- \/ Yoast SEO plugin. -->","yoast_head_json":{"title":"Zaunpfosten Sommen - Recal Deutschland","description":"Der\u00a0Zaunpfosten Sommen von Recall\u00a0eignet sich hervorragend als Abgrenzung im Garten und ist\u00a0aus Aluminium gefertigt und bietet dank seines rostfreien Materials eine lange Lebensdauer.","robots":{"index":"index","follow":"follow","max-snippet":"max-snippet:-1","max-image-preview":"max-image-preview:large","max-video-preview":"max-video-preview:-1"},"canonical":"https:\/\/recal-se.tbwebsite.com\/de\/zaunpfosten\/zaunpfosten-sommen\/","og_locale":"de_DE","og_type":"article","og_title":"Zaunpfosten Sommen - Recal Deutschland","og_description":"Der\u00a0Zaunpfosten Sommen von Recall\u00a0eignet sich hervorragend als Abgrenzung im Garten und ist\u00a0aus Aluminium gefertigt und bietet dank seines rostfreien Materials eine lange Lebensdauer.","og_url":"https:\/\/recal-se.tbwebsite.com\/de\/zaunpfosten\/zaunpfosten-sommen\/","og_site_name":"Recal Deutschland","article_modified_time":"2024-03-05T10:28:12+00:00","og_image":[{"width":1736,"height":1736,"url":"https:\/\/recal-se.tbwebsite.com\/de\/wp-content\/uploads\/sites\/4\/2020\/09\/staket-21x95-1-1-1.png","type":"image\/png"}],"twitter_card":"summary_large_image","twitter_misc":{"Gesch\u00e4tzte Lesezeit":"3 Minuten"},"schema":{"@context":"https:\/\/schema.org","@graph":[{"@type":"WebPage","@id":"https:\/\/recal-se.tbwebsite.com\/de\/zaunpfosten\/zaunpfosten-sommen\/","url":"https:\/\/recal-se.tbwebsite.com\/de\/zaunpfosten\/zaunpfosten-sommen\/","name":"Zaunpfosten Sommen - Recal Deutschland","isPartOf":{"@id":"https:\/\/recal-se.tbwebsite.com\/de\/#website"},"primaryImageOfPage":{"@id":"https:\/\/recal-se.tbwebsite.com\/de\/zaunpfosten\/zaunpfosten-sommen\/#primaryimage"},"image":{"@id":"https:\/\/recal-se.tbwebsite.com\/de\/zaunpfosten\/zaunpfosten-sommen\/#primaryimage"},"thumbnailUrl":"https:\/\/recal-se.tbwebsite.com\/de\/wp-content\/uploads\/sites\/4\/2020\/09\/staket-21x95-1-1-1.png","datePublished":"2023-12-13T11:52:59+00:00","dateModified":"2024-03-05T10:28:12+00:00","description":"Der\u00a0Zaunpfosten Sommen von Recall\u00a0eignet sich hervorragend als Abgrenzung im Garten und ist\u00a0aus Aluminium gefertigt und bietet dank seines rostfreien Materials eine lange Lebensdauer.","breadcrumb":{"@id":"https:\/\/recal-se.tbwebsite.com\/de\/zaunpfosten\/zaunpfosten-sommen\/#breadcrumb"},"inLanguage":"de-DE","potentialAction":[{"@type":"ReadAction","target":["https:\/\/recal-se.tbwebsite.com\/de\/zaunpfosten\/zaunpfosten-sommen\/"]}]},{"@type":"ImageObject","inLanguage":"de-DE","@id":"https:\/\/recal-se.tbwebsite.com\/de\/zaunpfosten\/zaunpfosten-sommen\/#primaryimage","url":"https:\/\/recal-se.tbwebsite.com\/de\/wp-content\/uploads\/sites\/4\/2020\/09\/staket-21x95-1-1-1.png","contentUrl":"https:\/\/recal-se.tbwebsite.com\/de\/wp-content\/uploads\/sites\/4\/2020\/09\/staket-21x95-1-1-1.png","width":1736,"height":1736},{"@type":"BreadcrumbList","@id":"https:\/\/recal-se.tbwebsite.com\/de\/zaunpfosten\/zaunpfosten-sommen\/#breadcrumb","itemListElement":[{"@type":"ListItem","position":1,"name":"Home","item":"https:\/\/recal-se.tbwebsite.com\/de\/"},{"@type":"ListItem","position":2,"name":"Shop","item":"https:\/\/recal-se.tbwebsite.com\/de\/shop\/"},{"@type":"ListItem","position":3,"name":"Zaunpfosten Sommen"}]},{"@type":"WebSite","@id":"https:\/\/recal-se.tbwebsite.com\/de\/#website","url":"https:\/\/recal-se.tbwebsite.com\/de\/","name":"Recal Deutschland","description":"Tr\u00e4dg\u00e5rdsprodukter tillverkade i aluminium fr\u00e5n Sm\u00e5land","publisher":{"@id":"https:\/\/recal-se.tbwebsite.com\/de\/#organization"},"potentialAction":[{"@type":"SearchAction","target":{"@type":"EntryPoint","urlTemplate":"https:\/\/recal-se.tbwebsite.com\/de\/?s={search_term_string}"},"query-input":"required name=search_term_string"}],"inLanguage":"de-DE"},{"@type":"Organization","@id":"https:\/\/recal-se.tbwebsite.com\/de\/#organization","name":"Recal Deutschland","url":"https:\/\/recal-se.tbwebsite.com\/de\/","logo":{"@type":"ImageObject","inLanguage":"de-DE","@id":"https:\/\/recal-se.tbwebsite.com\/de\/#\/schema\/logo\/image\/","url":"https:\/\/recal-se.tbwebsite.com\/de\/wp-content\/uploads\/sites\/4\/2020\/06\/recal-logotype_svart_1.png","contentUrl":"https:\/\/recal-se.tbwebsite.com\/de\/wp-content\/uploads\/sites\/4\/2020\/06\/recal-logotype_svart_1.png","width":260,"height":52,"caption":"Recal Deutschland"},"image":{"@id":"https:\/\/recal-se.tbwebsite.com\/de\/#\/schema\/logo\/image\/"}}]}},"_links":{"self":[{"href":"https:\/\/recal-se.tbwebsite.com\/de\/wp-json\/wp\/v2\/product\/13718"}],"collection":[{"href":"https:\/\/recal-se.tbwebsite.com\/de\/wp-json\/wp\/v2\/product"}],"about":[{"href":"https:\/\/recal-se.tbwebsite.com\/de\/wp-json\/wp\/v2\/types\/product"}],"replies":[{"embeddable":true,"href":"https:\/\/recal-se.tbwebsite.com\/de\/wp-json\/wp\/v2\/comments?post=13718"}],"version-history":[{"count":7,"href":"https:\/\/recal-se.tbwebsite.com\/de\/wp-json\/wp\/v2\/product\/13718\/revisions"}],"predecessor-version":[{"id":15215,"href":"https:\/\/recal-se.tbwebsite.com\/de\/wp-json\/wp\/v2\/product\/13718\/revisions\/15215"}],"wp:featuredmedia":[{"embeddable":true,"href":"https:\/\/recal-se.tbwebsite.com\/de\/wp-json\/wp\/v2\/media\/5515"}],"wp:attachment":[{"href":"https:\/\/recal-se.tbwebsite.com\/de\/wp-json\/wp\/v2\/media?parent=13718"}],"wp:term":[{"taxonomy":"product_cat","embeddable":true,"href":"https:\/\/recal-se.tbwebsite.com\/de\/wp-json\/wp\/v2\/product_cat?post=13718"},{"taxonomy":"product_tag","embeddable":true,"href":"https:\/\/recal-se.tbwebsite.com\/de\/wp-json\/wp\/v2\/product_tag?post=13718"}],"curies":[{"name":"wp","href":"https:\/\/api.w.org\/{rel}","templated":true}]}}