{"id":13199,"date":"2023-12-13T09:39:26","date_gmt":"2023-12-13T09:39:26","guid":{"rendered":"https:\/\/recal-se.tbwebsite.com\/?post_type=product&#038;p=13199"},"modified":"2023-12-13T09:41:17","modified_gmt":"2023-12-13T09:41:17","slug":"fot-till-sittbank-montering-i-betong-och-asfalt","status":"publish","type":"product","link":"https:\/\/recal-se.tbwebsite.com\/de\/zubehoer\/fot-till-sittbank-montering-i-betong-och-asfalt\/","title":{"rendered":"Fot till sittb\u00e4nk- montering i betong och asfalt."},"content":{"rendered":"<p>Stolpf\u00f6tter i aluminium f\u00f6r montering av Recals sittb\u00e4nk p\u00e5 exempelvis betong eller asfalt.<\/p>\n<p>Inneh\u00e5ll: 4st dolda f\u00f6tter, skruv f\u00f6r montering i b\u00e4nk.<\/p>\n<p>&nbsp;<\/p>\n","protected":false},"excerpt":{"rendered":"<p>Stolpf\u00f6tter i aluminium f\u00f6r montering av Recals sittb\u00e4nkar i exempelvis betong eller p\u00e5 asfalt.<\/p>\n<p>&nbsp;<\/p>\n","protected":false},"featured_media":0,"comment_status":"closed","ping_status":"closed","template":"","meta":{"_acf_changed":false},"product_cat":[244,198,32],"product_tag":[311,312,313],"composite_virtual":false,"composite_layout":"","composite_add_to_cart_form_location":"","composite_editable_in_cart":false,"composite_sold_individually_context":"","composite_shop_price_calc":"","composite_components":[],"composite_scenarios":[],"acf":[],"yoast_head":"<!-- This site is optimized with the Yoast SEO plugin v22.2 - https:\/\/yoast.com\/wordpress\/plugins\/seo\/ -->\n<title>Fot till sittb\u00e4nk- montering i betong och asfalt. i aluminium f\u00f6r montering i betong eller p\u00e5 altand\u00e4ck - Recal Deutschland<\/title>\n<meta name=\"description\" content=\"Stolpfot i aluminium till sittb\u00e4nk f\u00f6r montering i exempelvis betong eller p\u00e5 asfalt.\" \/>\n<meta name=\"robots\" content=\"index, follow, max-snippet:-1, max-image-preview:large, max-video-preview:-1\" \/>\n<link rel=\"canonical\" href=\"https:\/\/recal-se.tbwebsite.com\/de\/zubehoer\/fot-till-sittbank-montering-i-betong-och-asfalt\/\" \/>\n<meta property=\"og:locale\" content=\"de_DE\" \/>\n<meta property=\"og:type\" content=\"article\" \/>\n<meta property=\"og:title\" content=\"Fot till sittb\u00e4nk- montering i betong och asfalt. i aluminium f\u00f6r montering i betong eller p\u00e5 altand\u00e4ck - Recal Deutschland\" \/>\n<meta property=\"og:description\" content=\"Stolpfot i aluminium till sittb\u00e4nk f\u00f6r montering i exempelvis betong eller p\u00e5 asfalt.\" \/>\n<meta property=\"og:url\" content=\"https:\/\/recal-se.tbwebsite.com\/de\/zubehoer\/fot-till-sittbank-montering-i-betong-och-asfalt\/\" \/>\n<meta property=\"og:site_name\" content=\"Recal Deutschland\" \/>\n<meta property=\"article:modified_time\" content=\"2023-12-13T09:41:17+00:00\" \/>\n<meta name=\"twitter:card\" content=\"summary_large_image\" \/>\n<meta name=\"twitter:label1\" content=\"Gesch\u00e4tzte Lesezeit\" \/>\n\t<meta name=\"twitter:data1\" content=\"1 Minute\" \/>\n<script type=\"application\/ld+json\" class=\"yoast-schema-graph\">{\"@context\":\"https:\/\/schema.org\",\"@graph\":[{\"@type\":\"WebPage\",\"@id\":\"https:\/\/recal-se.tbwebsite.com\/de\/zubehoer\/fot-till-sittbank-montering-i-betong-och-asfalt\/\",\"url\":\"https:\/\/recal-se.tbwebsite.com\/de\/zubehoer\/fot-till-sittbank-montering-i-betong-och-asfalt\/\",\"name\":\"Fot till sittb\u00e4nk- montering i betong och asfalt. i aluminium f\u00f6r montering i betong eller p\u00e5 altand\u00e4ck - Recal Deutschland\",\"isPartOf\":{\"@id\":\"https:\/\/recal-se.tbwebsite.com\/de\/#website\"},\"datePublished\":\"2023-12-13T09:39:26+00:00\",\"dateModified\":\"2023-12-13T09:41:17+00:00\",\"description\":\"Stolpfot i aluminium till sittb\u00e4nk f\u00f6r montering i exempelvis betong eller p\u00e5 asfalt.\",\"breadcrumb\":{\"@id\":\"https:\/\/recal-se.tbwebsite.com\/de\/zubehoer\/fot-till-sittbank-montering-i-betong-och-asfalt\/#breadcrumb\"},\"inLanguage\":\"de-DE\",\"potentialAction\":[{\"@type\":\"ReadAction\",\"target\":[\"https:\/\/recal-se.tbwebsite.com\/de\/zubehoer\/fot-till-sittbank-montering-i-betong-och-asfalt\/\"]}]},{\"@type\":\"BreadcrumbList\",\"@id\":\"https:\/\/recal-se.tbwebsite.com\/de\/zubehoer\/fot-till-sittbank-montering-i-betong-och-asfalt\/#breadcrumb\",\"itemListElement\":[{\"@type\":\"ListItem\",\"position\":1,\"name\":\"Home\",\"item\":\"https:\/\/recal-se.tbwebsite.com\/de\/\"},{\"@type\":\"ListItem\",\"position\":2,\"name\":\"Shop\",\"item\":\"https:\/\/recal-se.tbwebsite.com\/de\/shop\/\"},{\"@type\":\"ListItem\",\"position\":3,\"name\":\"Fot till sittb\u00e4nk- montering i betong och asfalt.\"}]},{\"@type\":\"WebSite\",\"@id\":\"https:\/\/recal-se.tbwebsite.com\/de\/#website\",\"url\":\"https:\/\/recal-se.tbwebsite.com\/de\/\",\"name\":\"Recal Deutschland\",\"description\":\"Tr\u00e4dg\u00e5rdsprodukter tillverkade i aluminium fr\u00e5n Sm\u00e5land\",\"publisher\":{\"@id\":\"https:\/\/recal-se.tbwebsite.com\/de\/#organization\"},\"potentialAction\":[{\"@type\":\"SearchAction\",\"target\":{\"@type\":\"EntryPoint\",\"urlTemplate\":\"https:\/\/recal-se.tbwebsite.com\/de\/?s={search_term_string}\"},\"query-input\":\"required name=search_term_string\"}],\"inLanguage\":\"de-DE\"},{\"@type\":\"Organization\",\"@id\":\"https:\/\/recal-se.tbwebsite.com\/de\/#organization\",\"name\":\"Recal Deutschland\",\"url\":\"https:\/\/recal-se.tbwebsite.com\/de\/\",\"logo\":{\"@type\":\"ImageObject\",\"inLanguage\":\"de-DE\",\"@id\":\"https:\/\/recal-se.tbwebsite.com\/de\/#\/schema\/logo\/image\/\",\"url\":\"https:\/\/recal-se.tbwebsite.com\/de\/wp-content\/uploads\/sites\/4\/2020\/06\/recal-logotype_svart_1.png\",\"contentUrl\":\"https:\/\/recal-se.tbwebsite.com\/de\/wp-content\/uploads\/sites\/4\/2020\/06\/recal-logotype_svart_1.png\",\"width\":260,\"height\":52,\"caption\":\"Recal Deutschland\"},\"image\":{\"@id\":\"https:\/\/recal-se.tbwebsite.com\/de\/#\/schema\/logo\/image\/\"}}]}<\/script>\n<!-- \/ Yoast SEO plugin. -->","yoast_head_json":{"title":"Fot till sittb\u00e4nk- montering i betong och asfalt. i aluminium f\u00f6r montering i betong eller p\u00e5 altand\u00e4ck - Recal Deutschland","description":"Stolpfot i aluminium till sittb\u00e4nk f\u00f6r montering i exempelvis betong eller p\u00e5 asfalt.","robots":{"index":"index","follow":"follow","max-snippet":"max-snippet:-1","max-image-preview":"max-image-preview:large","max-video-preview":"max-video-preview:-1"},"canonical":"https:\/\/recal-se.tbwebsite.com\/de\/zubehoer\/fot-till-sittbank-montering-i-betong-och-asfalt\/","og_locale":"de_DE","og_type":"article","og_title":"Fot till sittb\u00e4nk- montering i betong och asfalt. i aluminium f\u00f6r montering i betong eller p\u00e5 altand\u00e4ck - Recal Deutschland","og_description":"Stolpfot i aluminium till sittb\u00e4nk f\u00f6r montering i exempelvis betong eller p\u00e5 asfalt.","og_url":"https:\/\/recal-se.tbwebsite.com\/de\/zubehoer\/fot-till-sittbank-montering-i-betong-och-asfalt\/","og_site_name":"Recal Deutschland","article_modified_time":"2023-12-13T09:41:17+00:00","twitter_card":"summary_large_image","twitter_misc":{"Gesch\u00e4tzte Lesezeit":"1 Minute"},"schema":{"@context":"https:\/\/schema.org","@graph":[{"@type":"WebPage","@id":"https:\/\/recal-se.tbwebsite.com\/de\/zubehoer\/fot-till-sittbank-montering-i-betong-och-asfalt\/","url":"https:\/\/recal-se.tbwebsite.com\/de\/zubehoer\/fot-till-sittbank-montering-i-betong-och-asfalt\/","name":"Fot till sittb\u00e4nk- montering i betong och asfalt. i aluminium f\u00f6r montering i betong eller p\u00e5 altand\u00e4ck - Recal Deutschland","isPartOf":{"@id":"https:\/\/recal-se.tbwebsite.com\/de\/#website"},"datePublished":"2023-12-13T09:39:26+00:00","dateModified":"2023-12-13T09:41:17+00:00","description":"Stolpfot i aluminium till sittb\u00e4nk f\u00f6r montering i exempelvis betong eller p\u00e5 asfalt.","breadcrumb":{"@id":"https:\/\/recal-se.tbwebsite.com\/de\/zubehoer\/fot-till-sittbank-montering-i-betong-och-asfalt\/#breadcrumb"},"inLanguage":"de-DE","potentialAction":[{"@type":"ReadAction","target":["https:\/\/recal-se.tbwebsite.com\/de\/zubehoer\/fot-till-sittbank-montering-i-betong-och-asfalt\/"]}]},{"@type":"BreadcrumbList","@id":"https:\/\/recal-se.tbwebsite.com\/de\/zubehoer\/fot-till-sittbank-montering-i-betong-och-asfalt\/#breadcrumb","itemListElement":[{"@type":"ListItem","position":1,"name":"Home","item":"https:\/\/recal-se.tbwebsite.com\/de\/"},{"@type":"ListItem","position":2,"name":"Shop","item":"https:\/\/recal-se.tbwebsite.com\/de\/shop\/"},{"@type":"ListItem","position":3,"name":"Fot till sittb\u00e4nk- montering i betong och asfalt."}]},{"@type":"WebSite","@id":"https:\/\/recal-se.tbwebsite.com\/de\/#website","url":"https:\/\/recal-se.tbwebsite.com\/de\/","name":"Recal Deutschland","description":"Tr\u00e4dg\u00e5rdsprodukter tillverkade i aluminium fr\u00e5n Sm\u00e5land","publisher":{"@id":"https:\/\/recal-se.tbwebsite.com\/de\/#organization"},"potentialAction":[{"@type":"SearchAction","target":{"@type":"EntryPoint","urlTemplate":"https:\/\/recal-se.tbwebsite.com\/de\/?s={search_term_string}"},"query-input":"required name=search_term_string"}],"inLanguage":"de-DE"},{"@type":"Organization","@id":"https:\/\/recal-se.tbwebsite.com\/de\/#organization","name":"Recal Deutschland","url":"https:\/\/recal-se.tbwebsite.com\/de\/","logo":{"@type":"ImageObject","inLanguage":"de-DE","@id":"https:\/\/recal-se.tbwebsite.com\/de\/#\/schema\/logo\/image\/","url":"https:\/\/recal-se.tbwebsite.com\/de\/wp-content\/uploads\/sites\/4\/2020\/06\/recal-logotype_svart_1.png","contentUrl":"https:\/\/recal-se.tbwebsite.com\/de\/wp-content\/uploads\/sites\/4\/2020\/06\/recal-logotype_svart_1.png","width":260,"height":52,"caption":"Recal Deutschland"},"image":{"@id":"https:\/\/recal-se.tbwebsite.com\/de\/#\/schema\/logo\/image\/"}}]}},"_links":{"self":[{"href":"https:\/\/recal-se.tbwebsite.com\/de\/wp-json\/wp\/v2\/product\/13199"}],"collection":[{"href":"https:\/\/recal-se.tbwebsite.com\/de\/wp-json\/wp\/v2\/product"}],"about":[{"href":"https:\/\/recal-se.tbwebsite.com\/de\/wp-json\/wp\/v2\/types\/product"}],"replies":[{"embeddable":true,"href":"https:\/\/recal-se.tbwebsite.com\/de\/wp-json\/wp\/v2\/comments?post=13199"}],"version-history":[{"count":1,"href":"https:\/\/recal-se.tbwebsite.com\/de\/wp-json\/wp\/v2\/product\/13199\/revisions"}],"predecessor-version":[{"id":13280,"href":"https:\/\/recal-se.tbwebsite.com\/de\/wp-json\/wp\/v2\/product\/13199\/revisions\/13280"}],"wp:attachment":[{"href":"https:\/\/recal-se.tbwebsite.com\/de\/wp-json\/wp\/v2\/media?parent=13199"}],"wp:term":[{"taxonomy":"product_cat","embeddable":true,"href":"https:\/\/recal-se.tbwebsite.com\/de\/wp-json\/wp\/v2\/product_cat?post=13199"},{"taxonomy":"product_tag","embeddable":true,"href":"https:\/\/recal-se.tbwebsite.com\/de\/wp-json\/wp\/v2\/product_tag?post=13199"}],"curies":[{"name":"wp","href":"https:\/\/api.w.org\/{rel}","templated":true}]}}