{"id":650,"date":"2020-06-09T20:53:37","date_gmt":"2020-06-09T20:53:37","guid":{"rendered":"https:\/\/recal-se.tbwebsite.com\/?page_id=650"},"modified":"2024-03-08T06:39:11","modified_gmt":"2024-03-08T06:39:11","slug":"kontakt","status":"publish","type":"page","link":"https:\/\/recal-se.tbwebsite.com\/de\/kontakt\/","title":{"rendered":"Kontakt"},"content":{"rendered":"\t\t<div data-elementor-type=\"wp-page\" data-elementor-id=\"650\" class=\"elementor elementor-650\" data-elementor-post-type=\"page\">\n\t\t\t\t<div class=\"elementor-element elementor-element-6587a54 e-flex e-con-boxed e-con e-parent\" data-id=\"6587a54\" data-element_type=\"container\" data-settings=\"{&quot;background_background&quot;:&quot;classic&quot;,&quot;container_type&quot;:&quot;flex&quot;,&quot;content_width&quot;:&quot;boxed&quot;}\" data-core-v316-plus=\"true\">\n\t\t\t\t\t<div class=\"e-con-inner\">\n\t\t\t\t<div class=\"elementor-element elementor-element-1877480 elementor-widget elementor-widget-heading\" data-id=\"1877480\" data-element_type=\"widget\" data-widget_type=\"heading.default\">\n\t\t\t\t<div class=\"elementor-widget-container\">\n\t\t\t<style>\/*! elementor - v3.19.0 - 28-02-2024 *\/\n.elementor-heading-title{padding:0;margin:0;line-height:1}.elementor-widget-heading .elementor-heading-title[class*=elementor-size-]>a{color:inherit;font-size:inherit;line-height:inherit}.elementor-widget-heading .elementor-heading-title.elementor-size-small{font-size:15px}.elementor-widget-heading .elementor-heading-title.elementor-size-medium{font-size:19px}.elementor-widget-heading .elementor-heading-title.elementor-size-large{font-size:29px}.elementor-widget-heading .elementor-heading-title.elementor-size-xl{font-size:39px}.elementor-widget-heading .elementor-heading-title.elementor-size-xxl{font-size:59px}<\/style><h2 class=\"elementor-heading-title elementor-size-default\">Kontakt<\/h2>\t\t<\/div>\n\t\t\t\t<\/div>\n\t\t\t\t\t<\/div>\n\t\t\t\t<\/div>\n\t\t<div class=\"elementor-element elementor-element-7362063 e-flex e-con-boxed e-con e-parent\" data-id=\"7362063\" data-element_type=\"container\" data-settings=\"{&quot;background_background&quot;:&quot;classic&quot;,&quot;container_type&quot;:&quot;flex&quot;,&quot;content_width&quot;:&quot;boxed&quot;}\" data-core-v316-plus=\"true\">\n\t\t\t\t\t<div class=\"e-con-inner\">\n\t\t\t\t<div class=\"elementor-element elementor-element-2f8032f elementor-widget__width-initial elementor-widget elementor-widget-text-editor\" data-id=\"2f8032f\" data-element_type=\"widget\" data-widget_type=\"text-editor.default\">\n\t\t\t\t<div class=\"elementor-widget-container\">\n\t\t\t<style>\/*! elementor - v3.19.0 - 28-02-2024 *\/\n.elementor-widget-text-editor.elementor-drop-cap-view-stacked .elementor-drop-cap{background-color:#69727d;color:#fff}.elementor-widget-text-editor.elementor-drop-cap-view-framed .elementor-drop-cap{color:#69727d;border:3px solid;background-color:transparent}.elementor-widget-text-editor:not(.elementor-drop-cap-view-default) .elementor-drop-cap{margin-top:8px}.elementor-widget-text-editor:not(.elementor-drop-cap-view-default) .elementor-drop-cap-letter{width:1em;height:1em}.elementor-widget-text-editor .elementor-drop-cap{float:left;text-align:center;line-height:1;font-size:50px}.elementor-widget-text-editor .elementor-drop-cap-letter{display:inline-block}<\/style>\t\t\t\t<h2>Showroom &amp; Besuchsadresse<\/h2><p>Showroom: Bok\u00e5krav\u00e4gen 1, 331 53, V\u00e4rnamo<\/p><p>Fabrik\/Logistik: Nybygget, 331 91 V\u00e4rnamo (\u00c5minne)<\/p><p>Vereinbaren Sie telefonisch einen Termin: <a href=\"tel:0370 \u2013 129 00\">+46 (0) 370 \u2013 129 00<\/a><br \/>oder per E-Mail: <a href=\"mailto:hej@recal.se\"><strong>hej@recal.se<\/strong><\/a><\/p><h2>Allgemeine Anfragen<\/h2><p><a href=\"mailto:hej@recal.se\">hej@recal.se<\/a><\/p><p><a href=\"tel:0370 \u2013 129 00\">+46 (0) 370 \u2013 129 00<\/a><\/p><h2>Wenn Sie Fragen zu unseren Produkten haben, kontaktieren Sie uns bitte<\/h2><h2>Gesch\u00e4ftsf\u00fchrer \/ Vertrieb<strong><br \/><\/strong><\/h2><p><img fetchpriority=\"high\" decoding=\"async\" class=\"alignnone wp-image-7628 size-medium\" src=\"https:\/\/recal-se.tbwebsite.com\/wp-content\/uploads\/2022\/02\/recal-team_member_philip_hurtig-e1709639269323-300x300.jpg\" alt=\"\" width=\"300\" height=\"300\" \/><\/p><p><strong>Philip Andersen<\/strong><\/p><p><a href=\"mailto:philip@recal.se\">philip@recal.se<\/a><\/p><p><a href=\"tel:0760 \u2013 01 29 02\">+46 (0) 760 \u2013 01 29 02<\/a><\/p><h2>H\u00e4ndler<\/h2><p><a href=\"https:\/\/www.bauhaus.info\/suche\/produkte?text=recal\">recal | BAUHAUS<\/a><\/p><p>\u00a0<\/p>\t\t\t\t\t\t<\/div>\n\t\t\t\t<\/div>\n\t\t\t\t\t<\/div>\n\t\t\t\t<\/div>\n\t\t\t\t<\/div>\n\t\t","protected":false},"excerpt":{"rendered":"<p>Kontakt Showroom &amp; Besuchsadresse Showroom: Bok\u00e5krav\u00e4gen 1, 331 53, V\u00e4rnamo Fabrik\/Logistik: Nybygget, 331 91 V\u00e4rnamo (\u00c5minne) Vereinbaren Sie telefonisch einen Termin: +46 (0) 370 \u2013 129 00oder per E-Mail: hej@recal.se Allgemeine Anfragen hej@recal.se +46 (0) 370 \u2013 129 00 Wenn Sie Fragen zu unseren Produkten haben, kontaktieren Sie uns bitte Gesch\u00e4ftsf\u00fchrer \/ Vertrieb Philip Andersen [&hellip;]<\/p>\n","protected":false},"author":2,"featured_media":0,"parent":0,"menu_order":0,"comment_status":"closed","ping_status":"closed","template":"","meta":{"_acf_changed":false,"footnotes":""},"acf":[],"yoast_head":"<!-- This site is optimized with the Yoast SEO plugin v22.2 - https:\/\/yoast.com\/wordpress\/plugins\/seo\/ -->\n<title>Kontakt - Recal Deutschland<\/title>\n<meta name=\"description\" content=\"S\u00f6ka kontakt? Vi finns alltid tillg\u00e4ngliga p\u00e5 telefon. Du kan \u00e4ven h\u00f6ra av dig p\u00e5 n\u00e5gon utav v\u00e5ra sociala medier.\" \/>\n<meta name=\"robots\" content=\"index, follow, max-snippet:-1, max-image-preview:large, max-video-preview:-1\" \/>\n<link rel=\"canonical\" href=\"https:\/\/recal-se.tbwebsite.com\/de\/kontakt\/\" \/>\n<meta property=\"og:locale\" content=\"de_DE\" \/>\n<meta property=\"og:type\" content=\"article\" \/>\n<meta property=\"og:title\" content=\"Kontakt - Recal Deutschland\" \/>\n<meta property=\"og:description\" content=\"S\u00f6ka kontakt? Vi finns alltid tillg\u00e4ngliga p\u00e5 telefon. Du kan \u00e4ven h\u00f6ra av dig p\u00e5 n\u00e5gon utav v\u00e5ra sociala medier.\" \/>\n<meta property=\"og:url\" content=\"https:\/\/recal-se.tbwebsite.com\/de\/kontakt\/\" \/>\n<meta property=\"og:site_name\" content=\"Recal Deutschland\" \/>\n<meta property=\"article:modified_time\" content=\"2024-03-08T06:39:11+00:00\" \/>\n<meta property=\"og:image\" content=\"https:\/\/recal-se.tbwebsite.com\/wp-content\/uploads\/2022\/02\/recal-team_member_philip_hurtig-e1709639269323-300x300.jpg\" \/>\n<meta name=\"twitter:card\" content=\"summary_large_image\" \/>\n<meta name=\"twitter:label1\" content=\"Gesch\u00e4tzte Lesezeit\" \/>\n\t<meta name=\"twitter:data1\" content=\"1 Minute\" \/>\n<script type=\"application\/ld+json\" class=\"yoast-schema-graph\">{\"@context\":\"https:\/\/schema.org\",\"@graph\":[{\"@type\":\"WebPage\",\"@id\":\"https:\/\/recal-se.tbwebsite.com\/de\/kontakt\/\",\"url\":\"https:\/\/recal-se.tbwebsite.com\/de\/kontakt\/\",\"name\":\"Kontakt - Recal Deutschland\",\"isPartOf\":{\"@id\":\"https:\/\/recal-se.tbwebsite.com\/de\/#website\"},\"primaryImageOfPage\":{\"@id\":\"https:\/\/recal-se.tbwebsite.com\/de\/kontakt\/#primaryimage\"},\"image\":{\"@id\":\"https:\/\/recal-se.tbwebsite.com\/de\/kontakt\/#primaryimage\"},\"thumbnailUrl\":\"https:\/\/recal-se.tbwebsite.com\/wp-content\/uploads\/2022\/02\/recal-team_member_philip_hurtig-e1709639269323-300x300.jpg\",\"datePublished\":\"2020-06-09T20:53:37+00:00\",\"dateModified\":\"2024-03-08T06:39:11+00:00\",\"description\":\"S\u00f6ka kontakt? Vi finns alltid tillg\u00e4ngliga p\u00e5 telefon. Du kan \u00e4ven h\u00f6ra av dig p\u00e5 n\u00e5gon utav v\u00e5ra sociala medier.\",\"breadcrumb\":{\"@id\":\"https:\/\/recal-se.tbwebsite.com\/de\/kontakt\/#breadcrumb\"},\"inLanguage\":\"de-DE\",\"potentialAction\":[{\"@type\":\"ReadAction\",\"target\":[\"https:\/\/recal-se.tbwebsite.com\/de\/kontakt\/\"]}]},{\"@type\":\"ImageObject\",\"inLanguage\":\"de-DE\",\"@id\":\"https:\/\/recal-se.tbwebsite.com\/de\/kontakt\/#primaryimage\",\"url\":\"https:\/\/recal-se.tbwebsite.com\/wp-content\/uploads\/2022\/02\/recal-team_member_philip_hurtig-e1709639269323-300x300.jpg\",\"contentUrl\":\"https:\/\/recal-se.tbwebsite.com\/wp-content\/uploads\/2022\/02\/recal-team_member_philip_hurtig-e1709639269323-300x300.jpg\"},{\"@type\":\"BreadcrumbList\",\"@id\":\"https:\/\/recal-se.tbwebsite.com\/de\/kontakt\/#breadcrumb\",\"itemListElement\":[{\"@type\":\"ListItem\",\"position\":1,\"name\":\"Home\",\"item\":\"https:\/\/recal-se.tbwebsite.com\/de\/\"},{\"@type\":\"ListItem\",\"position\":2,\"name\":\"Kontakt\"}]},{\"@type\":\"WebSite\",\"@id\":\"https:\/\/recal-se.tbwebsite.com\/de\/#website\",\"url\":\"https:\/\/recal-se.tbwebsite.com\/de\/\",\"name\":\"Recal Deutschland\",\"description\":\"Tr\u00e4dg\u00e5rdsprodukter tillverkade i aluminium fr\u00e5n Sm\u00e5land\",\"publisher\":{\"@id\":\"https:\/\/recal-se.tbwebsite.com\/de\/#organization\"},\"potentialAction\":[{\"@type\":\"SearchAction\",\"target\":{\"@type\":\"EntryPoint\",\"urlTemplate\":\"https:\/\/recal-se.tbwebsite.com\/de\/?s={search_term_string}\"},\"query-input\":\"required name=search_term_string\"}],\"inLanguage\":\"de-DE\"},{\"@type\":\"Organization\",\"@id\":\"https:\/\/recal-se.tbwebsite.com\/de\/#organization\",\"name\":\"Recal Deutschland\",\"url\":\"https:\/\/recal-se.tbwebsite.com\/de\/\",\"logo\":{\"@type\":\"ImageObject\",\"inLanguage\":\"de-DE\",\"@id\":\"https:\/\/recal-se.tbwebsite.com\/de\/#\/schema\/logo\/image\/\",\"url\":\"https:\/\/recal-se.tbwebsite.com\/de\/wp-content\/uploads\/sites\/4\/2020\/06\/recal-logotype_svart_1.png\",\"contentUrl\":\"https:\/\/recal-se.tbwebsite.com\/de\/wp-content\/uploads\/sites\/4\/2020\/06\/recal-logotype_svart_1.png\",\"width\":260,\"height\":52,\"caption\":\"Recal Deutschland\"},\"image\":{\"@id\":\"https:\/\/recal-se.tbwebsite.com\/de\/#\/schema\/logo\/image\/\"}}]}<\/script>\n<!-- \/ Yoast SEO plugin. -->","yoast_head_json":{"title":"Kontakt - Recal Deutschland","description":"S\u00f6ka kontakt? Vi finns alltid tillg\u00e4ngliga p\u00e5 telefon. Du kan \u00e4ven h\u00f6ra av dig p\u00e5 n\u00e5gon utav v\u00e5ra sociala medier.","robots":{"index":"index","follow":"follow","max-snippet":"max-snippet:-1","max-image-preview":"max-image-preview:large","max-video-preview":"max-video-preview:-1"},"canonical":"https:\/\/recal-se.tbwebsite.com\/de\/kontakt\/","og_locale":"de_DE","og_type":"article","og_title":"Kontakt - Recal Deutschland","og_description":"S\u00f6ka kontakt? Vi finns alltid tillg\u00e4ngliga p\u00e5 telefon. Du kan \u00e4ven h\u00f6ra av dig p\u00e5 n\u00e5gon utav v\u00e5ra sociala medier.","og_url":"https:\/\/recal-se.tbwebsite.com\/de\/kontakt\/","og_site_name":"Recal Deutschland","article_modified_time":"2024-03-08T06:39:11+00:00","og_image":[{"url":"https:\/\/recal-se.tbwebsite.com\/wp-content\/uploads\/2022\/02\/recal-team_member_philip_hurtig-e1709639269323-300x300.jpg"}],"twitter_card":"summary_large_image","twitter_misc":{"Gesch\u00e4tzte Lesezeit":"1 Minute"},"schema":{"@context":"https:\/\/schema.org","@graph":[{"@type":"WebPage","@id":"https:\/\/recal-se.tbwebsite.com\/de\/kontakt\/","url":"https:\/\/recal-se.tbwebsite.com\/de\/kontakt\/","name":"Kontakt - Recal Deutschland","isPartOf":{"@id":"https:\/\/recal-se.tbwebsite.com\/de\/#website"},"primaryImageOfPage":{"@id":"https:\/\/recal-se.tbwebsite.com\/de\/kontakt\/#primaryimage"},"image":{"@id":"https:\/\/recal-se.tbwebsite.com\/de\/kontakt\/#primaryimage"},"thumbnailUrl":"https:\/\/recal-se.tbwebsite.com\/wp-content\/uploads\/2022\/02\/recal-team_member_philip_hurtig-e1709639269323-300x300.jpg","datePublished":"2020-06-09T20:53:37+00:00","dateModified":"2024-03-08T06:39:11+00:00","description":"S\u00f6ka kontakt? Vi finns alltid tillg\u00e4ngliga p\u00e5 telefon. Du kan \u00e4ven h\u00f6ra av dig p\u00e5 n\u00e5gon utav v\u00e5ra sociala medier.","breadcrumb":{"@id":"https:\/\/recal-se.tbwebsite.com\/de\/kontakt\/#breadcrumb"},"inLanguage":"de-DE","potentialAction":[{"@type":"ReadAction","target":["https:\/\/recal-se.tbwebsite.com\/de\/kontakt\/"]}]},{"@type":"ImageObject","inLanguage":"de-DE","@id":"https:\/\/recal-se.tbwebsite.com\/de\/kontakt\/#primaryimage","url":"https:\/\/recal-se.tbwebsite.com\/wp-content\/uploads\/2022\/02\/recal-team_member_philip_hurtig-e1709639269323-300x300.jpg","contentUrl":"https:\/\/recal-se.tbwebsite.com\/wp-content\/uploads\/2022\/02\/recal-team_member_philip_hurtig-e1709639269323-300x300.jpg"},{"@type":"BreadcrumbList","@id":"https:\/\/recal-se.tbwebsite.com\/de\/kontakt\/#breadcrumb","itemListElement":[{"@type":"ListItem","position":1,"name":"Home","item":"https:\/\/recal-se.tbwebsite.com\/de\/"},{"@type":"ListItem","position":2,"name":"Kontakt"}]},{"@type":"WebSite","@id":"https:\/\/recal-se.tbwebsite.com\/de\/#website","url":"https:\/\/recal-se.tbwebsite.com\/de\/","name":"Recal Deutschland","description":"Tr\u00e4dg\u00e5rdsprodukter tillverkade i aluminium fr\u00e5n Sm\u00e5land","publisher":{"@id":"https:\/\/recal-se.tbwebsite.com\/de\/#organization"},"potentialAction":[{"@type":"SearchAction","target":{"@type":"EntryPoint","urlTemplate":"https:\/\/recal-se.tbwebsite.com\/de\/?s={search_term_string}"},"query-input":"required name=search_term_string"}],"inLanguage":"de-DE"},{"@type":"Organization","@id":"https:\/\/recal-se.tbwebsite.com\/de\/#organization","name":"Recal Deutschland","url":"https:\/\/recal-se.tbwebsite.com\/de\/","logo":{"@type":"ImageObject","inLanguage":"de-DE","@id":"https:\/\/recal-se.tbwebsite.com\/de\/#\/schema\/logo\/image\/","url":"https:\/\/recal-se.tbwebsite.com\/de\/wp-content\/uploads\/sites\/4\/2020\/06\/recal-logotype_svart_1.png","contentUrl":"https:\/\/recal-se.tbwebsite.com\/de\/wp-content\/uploads\/sites\/4\/2020\/06\/recal-logotype_svart_1.png","width":260,"height":52,"caption":"Recal Deutschland"},"image":{"@id":"https:\/\/recal-se.tbwebsite.com\/de\/#\/schema\/logo\/image\/"}}]}},"_links":{"self":[{"href":"https:\/\/recal-se.tbwebsite.com\/de\/wp-json\/wp\/v2\/pages\/650"}],"collection":[{"href":"https:\/\/recal-se.tbwebsite.com\/de\/wp-json\/wp\/v2\/pages"}],"about":[{"href":"https:\/\/recal-se.tbwebsite.com\/de\/wp-json\/wp\/v2\/types\/page"}],"author":[{"embeddable":true,"href":"https:\/\/recal-se.tbwebsite.com\/de\/wp-json\/wp\/v2\/users\/2"}],"replies":[{"embeddable":true,"href":"https:\/\/recal-se.tbwebsite.com\/de\/wp-json\/wp\/v2\/comments?post=650"}],"version-history":[{"count":68,"href":"https:\/\/recal-se.tbwebsite.com\/de\/wp-json\/wp\/v2\/pages\/650\/revisions"}],"predecessor-version":[{"id":15257,"href":"https:\/\/recal-se.tbwebsite.com\/de\/wp-json\/wp\/v2\/pages\/650\/revisions\/15257"}],"wp:attachment":[{"href":"https:\/\/recal-se.tbwebsite.com\/de\/wp-json\/wp\/v2\/media?parent=650"}],"curies":[{"name":"wp","href":"https:\/\/api.w.org\/{rel}","templated":true}]}}