{"id":5078,"date":"2023-10-19T17:07:20","date_gmt":"2023-10-19T17:07:20","guid":{"rendered":"https:\/\/recal-se.tbwebsite.com\/?page_id=5078"},"modified":"2024-02-21T12:29:55","modified_gmt":"2024-02-21T12:29:55","slug":"shop-by-room","status":"publish","type":"page","link":"https:\/\/recal-se.tbwebsite.com\/de\/shop-by-room\/","title":{"rendered":"Shop by room"},"content":{"rendered":"\t\t<div data-elementor-type=\"wp-page\" data-elementor-id=\"5078\" class=\"elementor elementor-5078\" data-elementor-post-type=\"page\">\n\t\t\t\t<div class=\"elementor-element elementor-element-ab2761c e-flex e-con-boxed e-con e-parent\" data-id=\"ab2761c\" data-element_type=\"container\" data-settings=\"{&quot;background_background&quot;:&quot;classic&quot;,&quot;container_type&quot;:&quot;flex&quot;,&quot;content_width&quot;:&quot;boxed&quot;}\" data-core-v316-plus=\"true\">\n\t\t\t\t\t<div class=\"e-con-inner\">\n\t\t\t\t<div class=\"elementor-element elementor-element-bce0e37 elementor-widget__width-inherit elementor-widget elementor-widget-heading\" data-id=\"bce0e37\" data-element_type=\"widget\" data-widget_type=\"heading.default\">\n\t\t\t\t<div class=\"elementor-widget-container\">\n\t\t\t<style>\/*! elementor - v3.19.0 - 28-02-2024 *\/\n.elementor-heading-title{padding:0;margin:0;line-height:1}.elementor-widget-heading .elementor-heading-title[class*=elementor-size-]>a{color:inherit;font-size:inherit;line-height:inherit}.elementor-widget-heading .elementor-heading-title.elementor-size-small{font-size:15px}.elementor-widget-heading .elementor-heading-title.elementor-size-medium{font-size:19px}.elementor-widget-heading .elementor-heading-title.elementor-size-large{font-size:29px}.elementor-widget-heading .elementor-heading-title.elementor-size-xl{font-size:39px}.elementor-widget-heading .elementor-heading-title.elementor-size-xxl{font-size:59px}<\/style><h2 class=\"elementor-heading-title elementor-size-default\">Shop by room<\/h2>\t\t<\/div>\n\t\t\t\t<\/div>\n\t\t\t\t<div class=\"elementor-element elementor-element-b3238c2 elementor-widget elementor-widget-button\" data-id=\"b3238c2\" data-element_type=\"widget\" data-widget_type=\"button.default\">\n\t\t\t\t<div class=\"elementor-widget-container\">\n\t\t\t\t\t<div class=\"elementor-button-wrapper\">\n\t\t\t<a class=\"elementor-button elementor-button-link elementor-size-sm\" href=\"https:\/\/recal-se.tbwebsite.com\/de\/shop-by-room\/balkon\/\">\n\t\t\t\t\t\t<span class=\"elementor-button-content-wrapper\">\n\t\t\t\t\t\t<span class=\"elementor-button-text\">Balkon<\/span>\n\t\t<\/span>\n\t\t\t\t\t<\/a>\n\t\t<\/div>\n\t\t\t\t<\/div>\n\t\t\t\t<\/div>\n\t\t\t\t<div class=\"elementor-element elementor-element-f0d2998 elementor-widget elementor-widget-button\" data-id=\"f0d2998\" data-element_type=\"widget\" data-widget_type=\"button.default\">\n\t\t\t\t<div class=\"elementor-widget-container\">\n\t\t\t\t\t<div class=\"elementor-button-wrapper\">\n\t\t\t<a class=\"elementor-button elementor-button-link elementor-size-sm\" href=\"https:\/\/recal-se.tbwebsite.com\/de\/shop-by-room\/zwangsvollstreckung\/\">\n\t\t\t\t\t\t<span class=\"elementor-button-content-wrapper\">\n\t\t\t\t\t\t<span class=\"elementor-button-text\">Zwangsvollstreckung<\/span>\n\t\t<\/span>\n\t\t\t\t\t<\/a>\n\t\t<\/div>\n\t\t\t\t<\/div>\n\t\t\t\t<\/div>\n\t\t\t\t<div class=\"elementor-element elementor-element-9a1707f elementor-widget elementor-widget-button\" data-id=\"9a1707f\" data-element_type=\"widget\" data-widget_type=\"button.default\">\n\t\t\t\t<div class=\"elementor-widget-container\">\n\t\t\t\t\t<div class=\"elementor-button-wrapper\">\n\t\t\t<a class=\"elementor-button elementor-button-link elementor-size-sm\" href=\"https:\/\/recal-se.tbwebsite.com\/de\/shop-by-room\/rahme-es-ein\/\">\n\t\t\t\t\t\t<span class=\"elementor-button-content-wrapper\">\n\t\t\t\t\t\t<span class=\"elementor-button-text\">Rama rein<\/span>\n\t\t<\/span>\n\t\t\t\t\t<\/a>\n\t\t<\/div>\n\t\t\t\t<\/div>\n\t\t\t\t<\/div>\n\t\t\t\t<div class=\"elementor-element elementor-element-c4480ef elementor-widget elementor-widget-button\" data-id=\"c4480ef\" data-element_type=\"widget\" data-widget_type=\"button.default\">\n\t\t\t\t<div class=\"elementor-widget-container\">\n\t\t\t\t\t<div class=\"elementor-button-wrapper\">\n\t\t\t<a class=\"elementor-button elementor-button-link elementor-size-sm\" href=\"https:\/\/recal-se.tbwebsite.com\/de\/shop-by-room\/drinnen\/\">\n\t\t\t\t\t\t<span class=\"elementor-button-content-wrapper\">\n\t\t\t\t\t\t<span class=\"elementor-button-text\">Drinnen<\/span>\n\t\t<\/span>\n\t\t\t\t\t<\/a>\n\t\t<\/div>\n\t\t\t\t<\/div>\n\t\t\t\t<\/div>\n\t\t\t\t\t<\/div>\n\t\t\t\t<\/div>\n\t\t<div class=\"elementor-element elementor-element-b68b063 e-flex e-con-boxed e-con e-parent\" data-id=\"b68b063\" data-element_type=\"container\" data-settings=\"{&quot;background_background&quot;:&quot;classic&quot;,&quot;container_type&quot;:&quot;flex&quot;,&quot;content_width&quot;:&quot;boxed&quot;}\" data-core-v316-plus=\"true\">\n\t\t\t\t\t<div class=\"e-con-inner\">\n\t\t\t\t<div class=\"elementor-element elementor-element-b831afa elementor-widget__width-initial elementor-cta--skin-classic elementor-animated-content elementor-bg-transform elementor-bg-transform-zoom-in elementor-widget elementor-widget-call-to-action\" data-id=\"b831afa\" data-element_type=\"widget\" data-widget_type=\"call-to-action.default\">\n\t\t\t\t<div class=\"elementor-widget-container\">\n\t\t\t<link rel=\"stylesheet\" href=\"https:\/\/recal-se.tbwebsite.com\/de\/wp-content\/plugins\/elementor-pro\/assets\/css\/widget-call-to-action.min.css\">\t\t<div class=\"elementor-cta\">\n\t\t\t\t\t\t\t<div class=\"elementor-cta__content\">\n\t\t\t\t\n\t\t\t\t\t\t\t\t\t<h2 class=\"elementor-cta__title elementor-cta__content-item elementor-content-item\">\n\t\t\t\t\t\tIhre Inspirationsquelle\t\t\t\t\t<\/h2>\n\t\t\t\t\n\t\t\t\t\t\t\t\t\t<div class=\"elementor-cta__description elementor-cta__content-item elementor-content-item\">\n\t\t\t\t\t\tUnsere Seite \"Shop by room\u201c ist Ihre ultimative Anlaufstelle, um inspirierende Ideen und Konzepte zur Versch\u00f6nerung Ihrer Versammlungsr\u00e4ume zu finden. Wir haben eine umfangreiche Galerie mit Fotos vergangener Projekte und m\u00f6blierter R\u00e4ume zusammengestellt und diese nach Standort und Nutzung gruppiert. Egal, ob Sie nach Ideen f\u00fcr die Umgestaltung Ihres Decks, Ihrer Einfahrt, Ihrer Terrasse oder eines anderen Raums suchen, wir haben die perfekten Bilder, um Ihre Kreativit\u00e4t anzuregen.\n\t\t\t\t\t<\/div>\n\t\t\t\t\n\t\t\t\t\t\t\t<\/div>\n\t\t\t\t\t\t<\/div>\n\t\t\t\t<\/div>\n\t\t\t\t<\/div>\n\t\t\t\t\t<\/div>\n\t\t\t\t<\/div>\n\t\t<div class=\"elementor-element elementor-element-e611287 e-con-full e-flex e-con e-parent\" data-id=\"e611287\" data-element_type=\"container\" data-settings=\"{&quot;background_background&quot;:&quot;classic&quot;,&quot;content_width&quot;:&quot;full&quot;,&quot;container_type&quot;:&quot;flex&quot;}\" data-core-v316-plus=\"true\">\n\t\t\t\t<div class=\"elementor-element elementor-element-8778fe2 elementor-widget__width-initial elementor-cta--skin-classic elementor-animated-content elementor-widget elementor-widget-call-to-action\" data-id=\"8778fe2\" data-element_type=\"widget\" data-widget_type=\"call-to-action.default\">\n\t\t\t\t<div class=\"elementor-widget-container\">\n\t\t\t\t\t<div class=\"elementor-cta\">\n\t\t\t\t\t<div class=\"elementor-cta__bg-wrapper\">\n\t\t\t\t<div class=\"elementor-cta__bg elementor-bg\" style=\"background-image: url(https:\/\/recal-se.tbwebsite.com\/de\/wp-content\/uploads\/sites\/4\/2023\/12\/Bolmen-altan-1024x768.jpg);\" role=\"img\" aria-label=\"Bolmen altan\"><\/div>\n\t\t\t\t<div class=\"elementor-cta__bg-overlay\"><\/div>\n\t\t\t<\/div>\n\t\t\t\t\t\t\t<div class=\"elementor-cta__content\">\n\t\t\t\t\n\t\t\t\t\t\t\t\t\t<h2 class=\"elementor-cta__title elementor-cta__content-item elementor-content-item\">\n\t\t\t\t\t\tBalkon\t\t\t\t\t<\/h2>\n\t\t\t\t\n\t\t\t\t\t\t\t\t\t<div class=\"elementor-cta__description elementor-cta__content-item elementor-content-item\">\n\t\t\t\t\t\tGestalten Sie Ihren Traumbalkon mit unserer exklusiven Kollektion eleganter Zaunpfosten, Blumenk\u00e4sten und T\u00f6pfe. Jedes Produkt ist sorgf\u00e4ltig entworfen, um Stil und Funktionalit\u00e4t zu vereinen und Ihre Terrasse zu einer pers\u00f6nlichen Oase der Sch\u00f6nheit und des Komforts zu machen.\t\t\t\t\t<\/div>\n\t\t\t\t\n\t\t\t\t\t\t\t\t\t<div class=\"elementor-cta__button-wrapper elementor-cta__content-item elementor-content-item \">\n\t\t\t\t\t<a class=\"elementor-cta__button elementor-button elementor-size-sm\" href=\"https:\/\/recal-se.tbwebsite.com\/de\/shop-by-room\/balkon\/\">\n\t\t\t\t\t\t.\t\t\t\t\t<\/a>\n\t\t\t\t\t<\/div>\n\t\t\t\t\t\t\t<\/div>\n\t\t\t\t\t\t<\/div>\n\t\t\t\t<\/div>\n\t\t\t\t<\/div>\n\t\t\t\t<div class=\"elementor-element elementor-element-0ebce5e elementor-widget__width-initial elementor-cta--skin-classic elementor-animated-content elementor-widget elementor-widget-call-to-action\" data-id=\"0ebce5e\" data-element_type=\"widget\" data-widget_type=\"call-to-action.default\">\n\t\t\t\t<div class=\"elementor-widget-container\">\n\t\t\t\t\t<div class=\"elementor-cta\">\n\t\t\t\t\t<div class=\"elementor-cta__bg-wrapper\">\n\t\t\t\t<div class=\"elementor-cta__bg elementor-bg\" style=\"background-image: url(https:\/\/recal-se.tbwebsite.com\/de\/wp-content\/uploads\/sites\/4\/2023\/11\/Avskarmning-1024x915.webp);\" role=\"img\" aria-label=\"Avska\u0308rmning\"><\/div>\n\t\t\t\t<div class=\"elementor-cta__bg-overlay\"><\/div>\n\t\t\t<\/div>\n\t\t\t\t\t\t\t<div class=\"elementor-cta__content\">\n\t\t\t\t\n\t\t\t\t\t\t\t\t\t<h2 class=\"elementor-cta__title elementor-cta__content-item elementor-content-item\">\n\t\t\t\t\t\tZwangsvollstreckung\t\t\t\t\t<\/h2>\n\t\t\t\t\n\t\t\t\t\t\t\t\t\t<div class=\"elementor-cta__description elementor-cta__content-item elementor-content-item\">\n\t\t\t\t\t\tEntdecken Sie die Kunst, Privatsph\u00e4re zu schaffen, mit unserer einzigartigen Kollektion an Zaunpfosten, die nicht nur den Wind, sondern auch neugierige Blicke abhalten. Unsere verschiedenen Modelle bieten sowohl Eleganz als auch Funktion.\t\t\t\t\t<\/div>\n\t\t\t\t\n\t\t\t\t\t\t\t\t\t<div class=\"elementor-cta__button-wrapper elementor-cta__content-item elementor-content-item \">\n\t\t\t\t\t<a class=\"elementor-cta__button elementor-button elementor-size-sm\" href=\"https:\/\/recal-se.tbwebsite.com\/de\/shop-by-room\/zwangsvollstreckung\/\">\n\t\t\t\t\t\t.\t\t\t\t\t<\/a>\n\t\t\t\t\t<\/div>\n\t\t\t\t\t\t\t<\/div>\n\t\t\t\t\t\t<\/div>\n\t\t\t\t<\/div>\n\t\t\t\t<\/div>\n\t\t\t\t<div class=\"elementor-element elementor-element-c91a766 elementor-widget__width-initial elementor-cta--skin-classic elementor-animated-content elementor-widget elementor-widget-call-to-action\" data-id=\"c91a766\" data-element_type=\"widget\" data-widget_type=\"call-to-action.default\">\n\t\t\t\t<div class=\"elementor-widget-container\">\n\t\t\t\t\t<div class=\"elementor-cta\">\n\t\t\t\t\t<div class=\"elementor-cta__bg-wrapper\">\n\t\t\t\t<div class=\"elementor-cta__bg elementor-bg\" style=\"background-image: url(https:\/\/recal-se.tbwebsite.com\/de\/wp-content\/uploads\/sites\/4\/2023\/11\/Rama-in-1-987x1024.webp);\" role=\"img\" aria-label=\"Rama in (1)\"><\/div>\n\t\t\t\t<div class=\"elementor-cta__bg-overlay\"><\/div>\n\t\t\t<\/div>\n\t\t\t\t\t\t\t<div class=\"elementor-cta__content\">\n\t\t\t\t\n\t\t\t\t\t\t\t\t\t<h2 class=\"elementor-cta__title elementor-cta__content-item elementor-content-item\">\n\t\t\t\t\t\tRama rein\t\t\t\t\t<\/h2>\n\t\t\t\t\n\t\t\t\t\t\t\t\t\t<div class=\"elementor-cta__description elementor-cta__content-item elementor-content-item\">\n\t\t\t\t\t\tSchaffen Sie Grenzen und definieren Sie Sch\u00f6nheit mit unserem Sortiment an leichten und luftigen Zaunpfosten, die sich perfekt zum Einrahmen und Markieren Ihres Au\u00dfenbereichs eignen. Ganz gleich, ob Sie sie rund um Ihre Grundst\u00fccksgrenze platzieren, bestimmte Bereiche abgrenzen oder einer Wand einen Hauch von Schlichtheit verleihen, unsere Zaunpf\u00e4hle werden Ihre Au\u00dfenumgebung wunderbar umrahmen.\t\t\t\t\t<\/div>\n\t\t\t\t\n\t\t\t\t\t\t\t\t\t<div class=\"elementor-cta__button-wrapper elementor-cta__content-item elementor-content-item \">\n\t\t\t\t\t<a class=\"elementor-cta__button elementor-button elementor-size-sm\" href=\"https:\/\/recal-se.tbwebsite.com\/de\/shop-by-room\/rahme-es-ein\/\">\n\t\t\t\t\t\t.\t\t\t\t\t<\/a>\n\t\t\t\t\t<\/div>\n\t\t\t\t\t\t\t<\/div>\n\t\t\t\t\t\t<\/div>\n\t\t\t\t<\/div>\n\t\t\t\t<\/div>\n\t\t\t\t<div class=\"elementor-element elementor-element-dcabd46 elementor-widget__width-initial elementor-cta--skin-classic elementor-animated-content elementor-widget elementor-widget-call-to-action\" data-id=\"dcabd46\" data-element_type=\"widget\" data-widget_type=\"call-to-action.default\">\n\t\t\t\t<div class=\"elementor-widget-container\">\n\t\t\t\t\t<div class=\"elementor-cta\">\n\t\t\t\t\t<div class=\"elementor-cta__bg-wrapper\">\n\t\t\t\t<div class=\"elementor-cta__bg elementor-bg\" style=\"background-image: url(https:\/\/recal-se.tbwebsite.com\/de\/wp-content\/uploads\/sites\/4\/2023\/11\/Inomhus-1024x710.webp);\" role=\"img\" aria-label=\"Inomhus\"><\/div>\n\t\t\t\t<div class=\"elementor-cta__bg-overlay\"><\/div>\n\t\t\t<\/div>\n\t\t\t\t\t\t\t<div class=\"elementor-cta__content\">\n\t\t\t\t\n\t\t\t\t\t\t\t\t\t<h2 class=\"elementor-cta__title elementor-cta__content-item elementor-content-item\">\n\t\t\t\t\t\tBepflanzung im Innen- und Au\u00dfenbereich\t\t\t\t\t<\/h2>\n\t\t\t\t\n\t\t\t\t\t\t\t\t\t<div class=\"elementor-cta__description elementor-cta__content-item elementor-content-item\">\n\t\t\t\t\t\tMit einer einzigartigen Mischung aus Haltbarkeit und Stil eignen sich diese T\u00f6pfe sowohl f\u00fcr Ihr Wohnzimmer als auch f\u00fcr Ihren Garten. Verleihen Sie Ihrem Interieur einen Hauch von Gr\u00fcn und Charakter, indem Sie unsere kreativen und umweltfreundlichen Blument\u00f6pfe integrieren.\n\t\t\t\t\t<\/div>\n\t\t\t\t\n\t\t\t\t\t\t\t\t\t<div class=\"elementor-cta__button-wrapper elementor-cta__content-item elementor-content-item \">\n\t\t\t\t\t<a class=\"elementor-cta__button elementor-button elementor-size-sm\" href=\"https:\/\/recal-se.tbwebsite.com\/de\/shop-by-room\/drinnen\/\">\n\t\t\t\t\t\t.\t\t\t\t\t<\/a>\n\t\t\t\t\t<\/div>\n\t\t\t\t\t\t\t<\/div>\n\t\t\t\t\t\t<\/div>\n\t\t\t\t<\/div>\n\t\t\t\t<\/div>\n\t\t\t\t<\/div>\n\t\t<div class=\"elementor-element elementor-element-f421018 e-con-full e-flex e-con e-parent\" data-id=\"f421018\" data-element_type=\"container\" data-settings=\"{&quot;content_width&quot;:&quot;full&quot;,&quot;container_type&quot;:&quot;flex&quot;}\" data-core-v316-plus=\"true\">\n\t\t\t\t<div class=\"elementor-element elementor-element-d7d47c3 elementor-widget__width-initial elementor-widget-mobile__width-inherit elementor-widget elementor-widget-heading\" data-id=\"d7d47c3\" data-element_type=\"widget\" data-widget_type=\"heading.default\">\n\t\t\t\t<div class=\"elementor-widget-container\">\n\t\t\t<h2 class=\"elementor-heading-title elementor-size-default\">Unser Ziel ist es, es Ihnen leicht zu machen, Inspiration zu finden und diese Inspiration dann in die Praxis umzusetzen.\n<\/h2>\t\t<\/div>\n\t\t\t\t<\/div>\n\t\t\t\t<div class=\"elementor-element elementor-element-fbb11f1 elementor-widget__width-initial elementor-widget elementor-widget-text-editor\" data-id=\"fbb11f1\" data-element_type=\"widget\" data-widget_type=\"text-editor.default\">\n\t\t\t\t<div class=\"elementor-widget-container\">\n\t\t\t<style>\/*! elementor - v3.19.0 - 28-02-2024 *\/\n.elementor-widget-text-editor.elementor-drop-cap-view-stacked .elementor-drop-cap{background-color:#69727d;color:#fff}.elementor-widget-text-editor.elementor-drop-cap-view-framed .elementor-drop-cap{color:#69727d;border:3px solid;background-color:transparent}.elementor-widget-text-editor:not(.elementor-drop-cap-view-default) .elementor-drop-cap{margin-top:8px}.elementor-widget-text-editor:not(.elementor-drop-cap-view-default) .elementor-drop-cap-letter{width:1em;height:1em}.elementor-widget-text-editor .elementor-drop-cap{float:left;text-align:center;line-height:1;font-size:50px}.elementor-widget-text-editor .elementor-drop-cap-letter{display:inline-block}<\/style>\t\t\t\t<p><strong>Inspirierende Fotos:<\/strong> <span class=\"jCAhz ChMk0b\"><span class=\"ryNqvb\">Entdecken Sie wundersch\u00f6ne und gut gestaltete Orte, die mit unseren Produkten geschaffen wurden.<\/span><\/span> <span class=\"jCAhz ChMk0b\"><span class=\"ryNqvb\">Sehen Sie, wie unsere Produkte eingesetzt wurden, um gew\u00f6hnliche R\u00e4ume in au\u00dfergew\u00f6hnliche Umgebungen zu verwandeln.<\/span><\/span><\/p><p><strong>Direkte Verbindung zu Produkten:<\/strong><\/p><div class=\"lRu31\" dir=\"ltr\"><span class=\"HwtZe\" lang=\"de\"><span class=\"jCAhz ChMk0b\"><span class=\"ryNqvb\">Wenn Sie ein Bild finden, das Ihnen ins Auge f\u00e4llt und Sie inspiriert, k\u00f6nnen Sie ganz einfach zu den in diesem Projekt verwendeten Produkten klicken.<\/span><\/span> <span class=\"jCAhz ChMk0b\"><span class=\"ryNqvb\">Wir haben jedes Produkt sorgf\u00e4ltig mit dem entsprechenden Standort verkn\u00fcpft, damit Sie mit dem Einkaufen beginnen und Ihre Vision Wirklichkeit werden lassen k\u00f6nnen.<\/span><\/span><\/span><div id=\"ow1644\"><strong><br \/>Kundenrezensionen und Ratschl\u00e4ge:<br \/><\/strong><span class=\"jCAhz ChMk0b\"><span class=\"ryNqvb\">Damit Sie fundierte Entscheidungen treffen k\u00f6nnen, haben wir zu jedem Produkt Kundenrezensionen und hilfreiche Ratschl\u00e4ge beigef\u00fcgt.<\/span><\/span> <span class=\"jCAhz ChMk0b\"><span class=\"ryNqvb\">Lernen Sie von den Erfahrungen anderer und gewinnen Sie Einblicke in die Funktionsweise der Produkte in der Praxis.<\/span><\/span><\/div><\/div>\t\t\t\t\t\t<\/div>\n\t\t\t\t<\/div>\n\t\t\t\t<\/div>\n\t\t\t\t<\/div>\n\t\t","protected":false},"excerpt":{"rendered":"<p>Shop by room Balkon Zwangsvollstreckung Rama rein Drinnen Ihre Inspirationsquelle Unsere Seite &#8220;Shop by room\u201c ist Ihre ultimative Anlaufstelle, um inspirierende Ideen und Konzepte zur Versch\u00f6nerung Ihrer Versammlungsr\u00e4ume zu finden. Wir haben eine umfangreiche Galerie mit Fotos vergangener Projekte und m\u00f6blierter R\u00e4ume zusammengestellt und diese nach Standort und Nutzung gruppiert. Egal, ob Sie nach Ideen [&hellip;]<\/p>\n","protected":false},"author":9,"featured_media":0,"parent":0,"menu_order":0,"comment_status":"closed","ping_status":"closed","template":"","meta":{"_acf_changed":false,"footnotes":""},"acf":[],"yoast_head":"<!-- This site is optimized with the Yoast SEO plugin v22.2 - https:\/\/yoast.com\/wordpress\/plugins\/seo\/ -->\n<title>Shop by room - Recal Deutschland<\/title>\n<meta name=\"robots\" content=\"index, follow, max-snippet:-1, max-image-preview:large, max-video-preview:-1\" \/>\n<link rel=\"canonical\" href=\"https:\/\/recal-se.tbwebsite.com\/de\/shop-by-room\/\" \/>\n<meta property=\"og:locale\" content=\"de_DE\" \/>\n<meta property=\"og:type\" content=\"article\" \/>\n<meta property=\"og:title\" content=\"Shop by room - Recal Deutschland\" \/>\n<meta property=\"og:description\" content=\"Shop by room Balkon Zwangsvollstreckung Rama rein Drinnen Ihre Inspirationsquelle Unsere Seite &#8220;Shop by room\u201c ist Ihre ultimative Anlaufstelle, um inspirierende Ideen und Konzepte zur Versch\u00f6nerung Ihrer Versammlungsr\u00e4ume zu finden. Wir haben eine umfangreiche Galerie mit Fotos vergangener Projekte und m\u00f6blierter R\u00e4ume zusammengestellt und diese nach Standort und Nutzung gruppiert. Egal, ob Sie nach Ideen [&hellip;]\" \/>\n<meta property=\"og:url\" content=\"https:\/\/recal-se.tbwebsite.com\/de\/shop-by-room\/\" \/>\n<meta property=\"og:site_name\" content=\"Recal Deutschland\" \/>\n<meta property=\"article:modified_time\" content=\"2024-02-21T12:29:55+00:00\" \/>\n<meta name=\"twitter:card\" content=\"summary_large_image\" \/>\n<meta name=\"twitter:label1\" content=\"Gesch\u00e4tzte Lesezeit\" \/>\n\t<meta name=\"twitter:data1\" content=\"3 Minuten\" \/>\n<script type=\"application\/ld+json\" class=\"yoast-schema-graph\">{\"@context\":\"https:\/\/schema.org\",\"@graph\":[{\"@type\":\"WebPage\",\"@id\":\"https:\/\/recal-se.tbwebsite.com\/de\/shop-by-room\/\",\"url\":\"https:\/\/recal-se.tbwebsite.com\/de\/shop-by-room\/\",\"name\":\"Shop by room - Recal Deutschland\",\"isPartOf\":{\"@id\":\"https:\/\/recal-se.tbwebsite.com\/de\/#website\"},\"datePublished\":\"2023-10-19T17:07:20+00:00\",\"dateModified\":\"2024-02-21T12:29:55+00:00\",\"breadcrumb\":{\"@id\":\"https:\/\/recal-se.tbwebsite.com\/de\/shop-by-room\/#breadcrumb\"},\"inLanguage\":\"de-DE\",\"potentialAction\":[{\"@type\":\"ReadAction\",\"target\":[\"https:\/\/recal-se.tbwebsite.com\/de\/shop-by-room\/\"]}]},{\"@type\":\"BreadcrumbList\",\"@id\":\"https:\/\/recal-se.tbwebsite.com\/de\/shop-by-room\/#breadcrumb\",\"itemListElement\":[{\"@type\":\"ListItem\",\"position\":1,\"name\":\"Home\",\"item\":\"https:\/\/recal-se.tbwebsite.com\/de\/\"},{\"@type\":\"ListItem\",\"position\":2,\"name\":\"Shop by room\"}]},{\"@type\":\"WebSite\",\"@id\":\"https:\/\/recal-se.tbwebsite.com\/de\/#website\",\"url\":\"https:\/\/recal-se.tbwebsite.com\/de\/\",\"name\":\"Recal Deutschland\",\"description\":\"Tr\u00e4dg\u00e5rdsprodukter tillverkade i aluminium fr\u00e5n Sm\u00e5land\",\"publisher\":{\"@id\":\"https:\/\/recal-se.tbwebsite.com\/de\/#organization\"},\"potentialAction\":[{\"@type\":\"SearchAction\",\"target\":{\"@type\":\"EntryPoint\",\"urlTemplate\":\"https:\/\/recal-se.tbwebsite.com\/de\/?s={search_term_string}\"},\"query-input\":\"required name=search_term_string\"}],\"inLanguage\":\"de-DE\"},{\"@type\":\"Organization\",\"@id\":\"https:\/\/recal-se.tbwebsite.com\/de\/#organization\",\"name\":\"Recal Deutschland\",\"url\":\"https:\/\/recal-se.tbwebsite.com\/de\/\",\"logo\":{\"@type\":\"ImageObject\",\"inLanguage\":\"de-DE\",\"@id\":\"https:\/\/recal-se.tbwebsite.com\/de\/#\/schema\/logo\/image\/\",\"url\":\"https:\/\/recal-se.tbwebsite.com\/de\/wp-content\/uploads\/sites\/4\/2020\/06\/recal-logotype_svart_1.png\",\"contentUrl\":\"https:\/\/recal-se.tbwebsite.com\/de\/wp-content\/uploads\/sites\/4\/2020\/06\/recal-logotype_svart_1.png\",\"width\":260,\"height\":52,\"caption\":\"Recal Deutschland\"},\"image\":{\"@id\":\"https:\/\/recal-se.tbwebsite.com\/de\/#\/schema\/logo\/image\/\"}}]}<\/script>\n<!-- \/ Yoast SEO plugin. -->","yoast_head_json":{"title":"Shop by room - Recal Deutschland","robots":{"index":"index","follow":"follow","max-snippet":"max-snippet:-1","max-image-preview":"max-image-preview:large","max-video-preview":"max-video-preview:-1"},"canonical":"https:\/\/recal-se.tbwebsite.com\/de\/shop-by-room\/","og_locale":"de_DE","og_type":"article","og_title":"Shop by room - Recal Deutschland","og_description":"Shop by room Balkon Zwangsvollstreckung Rama rein Drinnen Ihre Inspirationsquelle Unsere Seite &#8220;Shop by room\u201c ist Ihre ultimative Anlaufstelle, um inspirierende Ideen und Konzepte zur Versch\u00f6nerung Ihrer Versammlungsr\u00e4ume zu finden. Wir haben eine umfangreiche Galerie mit Fotos vergangener Projekte und m\u00f6blierter R\u00e4ume zusammengestellt und diese nach Standort und Nutzung gruppiert. Egal, ob Sie nach Ideen [&hellip;]","og_url":"https:\/\/recal-se.tbwebsite.com\/de\/shop-by-room\/","og_site_name":"Recal Deutschland","article_modified_time":"2024-02-21T12:29:55+00:00","twitter_card":"summary_large_image","twitter_misc":{"Gesch\u00e4tzte Lesezeit":"3 Minuten"},"schema":{"@context":"https:\/\/schema.org","@graph":[{"@type":"WebPage","@id":"https:\/\/recal-se.tbwebsite.com\/de\/shop-by-room\/","url":"https:\/\/recal-se.tbwebsite.com\/de\/shop-by-room\/","name":"Shop by room - Recal Deutschland","isPartOf":{"@id":"https:\/\/recal-se.tbwebsite.com\/de\/#website"},"datePublished":"2023-10-19T17:07:20+00:00","dateModified":"2024-02-21T12:29:55+00:00","breadcrumb":{"@id":"https:\/\/recal-se.tbwebsite.com\/de\/shop-by-room\/#breadcrumb"},"inLanguage":"de-DE","potentialAction":[{"@type":"ReadAction","target":["https:\/\/recal-se.tbwebsite.com\/de\/shop-by-room\/"]}]},{"@type":"BreadcrumbList","@id":"https:\/\/recal-se.tbwebsite.com\/de\/shop-by-room\/#breadcrumb","itemListElement":[{"@type":"ListItem","position":1,"name":"Home","item":"https:\/\/recal-se.tbwebsite.com\/de\/"},{"@type":"ListItem","position":2,"name":"Shop by room"}]},{"@type":"WebSite","@id":"https:\/\/recal-se.tbwebsite.com\/de\/#website","url":"https:\/\/recal-se.tbwebsite.com\/de\/","name":"Recal Deutschland","description":"Tr\u00e4dg\u00e5rdsprodukter tillverkade i aluminium fr\u00e5n Sm\u00e5land","publisher":{"@id":"https:\/\/recal-se.tbwebsite.com\/de\/#organization"},"potentialAction":[{"@type":"SearchAction","target":{"@type":"EntryPoint","urlTemplate":"https:\/\/recal-se.tbwebsite.com\/de\/?s={search_term_string}"},"query-input":"required name=search_term_string"}],"inLanguage":"de-DE"},{"@type":"Organization","@id":"https:\/\/recal-se.tbwebsite.com\/de\/#organization","name":"Recal Deutschland","url":"https:\/\/recal-se.tbwebsite.com\/de\/","logo":{"@type":"ImageObject","inLanguage":"de-DE","@id":"https:\/\/recal-se.tbwebsite.com\/de\/#\/schema\/logo\/image\/","url":"https:\/\/recal-se.tbwebsite.com\/de\/wp-content\/uploads\/sites\/4\/2020\/06\/recal-logotype_svart_1.png","contentUrl":"https:\/\/recal-se.tbwebsite.com\/de\/wp-content\/uploads\/sites\/4\/2020\/06\/recal-logotype_svart_1.png","width":260,"height":52,"caption":"Recal Deutschland"},"image":{"@id":"https:\/\/recal-se.tbwebsite.com\/de\/#\/schema\/logo\/image\/"}}]}},"_links":{"self":[{"href":"https:\/\/recal-se.tbwebsite.com\/de\/wp-json\/wp\/v2\/pages\/5078"}],"collection":[{"href":"https:\/\/recal-se.tbwebsite.com\/de\/wp-json\/wp\/v2\/pages"}],"about":[{"href":"https:\/\/recal-se.tbwebsite.com\/de\/wp-json\/wp\/v2\/types\/page"}],"author":[{"embeddable":true,"href":"https:\/\/recal-se.tbwebsite.com\/de\/wp-json\/wp\/v2\/users\/9"}],"replies":[{"embeddable":true,"href":"https:\/\/recal-se.tbwebsite.com\/de\/wp-json\/wp\/v2\/comments?post=5078"}],"version-history":[{"count":70,"href":"https:\/\/recal-se.tbwebsite.com\/de\/wp-json\/wp\/v2\/pages\/5078\/revisions"}],"predecessor-version":[{"id":15132,"href":"https:\/\/recal-se.tbwebsite.com\/de\/wp-json\/wp\/v2\/pages\/5078\/revisions\/15132"}],"wp:attachment":[{"href":"https:\/\/recal-se.tbwebsite.com\/de\/wp-json\/wp\/v2\/media?parent=5078"}],"curies":[{"name":"wp","href":"https:\/\/api.w.org\/{rel}","templated":true}]}}